{"id":20573,"date":"2016-01-25T02:53:27","date_gmt":"2016-01-25T00:53:27","guid":{"rendered":"https:\/\/woodinout.net\/ueber-uns\/"},"modified":"2022-03-12T17:15:49","modified_gmt":"2022-03-12T15:15:49","slug":"ueber-uns","status":"publish","type":"page","link":"https:\/\/woodinout.net\/de\/ueber-uns\/","title":{"rendered":"\u00dcber uns"},"content":{"rendered":"<div id=\"pl-20573\"  class=\"panel-layout\" ><div id=\"pg-20573-0\"  class=\"panel-grid panel-has-style\" ><div class=\"panel-row-style panel-row-style-for-20573-0\" ><div id=\"pgc-20573-0-0\"  class=\"panel-grid-cell\" ><div id=\"panel-20573-0-0-0\" class=\"so-panel widget widget_primrose-sow-heading panel-first-child\" data-index=\"0\" ><div\n\t\t\t\n\t\t\tclass=\"so-widget-primrose-sow-heading so-widget-primrose-sow-heading-default-d75171398898-20573\"\n\t\t\t\n\t\t><h2 class=\"primrose-sow-heading primrose-sow-alignment-left\">Hi, We are Woodinout<\/h2><\/div><\/div><div id=\"panel-20573-0-0-1\" class=\"so-panel widget widget_sow-editor panel-last-child\" data-index=\"1\" ><div\n\t\t\t\n\t\t\tclass=\"so-widget-sow-editor so-widget-sow-editor-base\"\n\t\t\t\n\t\t>\n<div class=\"siteorigin-widget-tinymce textwidget\">\n\t<p>Ihr L\u00e4cheln inspiriert uns, etwas Gro\u00dfartiges zu schaffen, etwas, das Sie gerne ber\u00fchren und spielen w\u00fcrden.<br \/>\nDies ist eine Geschichte ohne Einleitung, denn alle gro\u00dfen Dinge haben keine genaue Startlinie. Es gibt nur Leidenschaft und Freundschaft. Und das ist der Schl\u00fcssel zu unserer Geschichte.<br \/>\nGanz am Anfang waren wir zwei Familien mit vier Kleinkindern. Wenn Sie Eltern werden, beginnen Sie zu verstehen, wie viele Spielsachen das Kind umgeben. Die Menge ist im Allgemeinen nicht schlecht. Wir waren jedoch besorgt \u00fcber den Zweck jedes Spielzeugs. Viele Gegenst\u00e4nde schienen wertlos. Es war der Moment, in dem uns klar wurde, dass wir etwas tun m\u00fcssen.<br \/>\nEine Idee, mit der wir begonnen haben, war personalisiertes Holzspielzeug mit Lernzweck. Wir sind verr\u00fcckt nach umweltfreundlichem Spielzeug und haben versucht, jeden Prozess in unserer Werkstatt zu verbessern, um das beste Ergebnis zu erzielen.<br \/>\nEndlich hatten wir Gl\u00fcck! Unsere Namensr\u00e4tsel wurden weltweit sehr beliebt.<br \/>\nEs war der erste Schritt. Jetzt haben wir unser Portfolio um Spielzeug nach Montessori- und Waldorf-Methoden erweitert. Kinder k\u00f6nnen ihre Feinmotorik verbessern, Z\u00e4hlen, Lesen, Sortieren und Nachzeichnen lernen.<br \/>\nWie oben erw\u00e4hnt, gibt es keine Einf\u00fchrung \u2013 alle unsere Geschichten sind die Spielzeuge, die wir mit Liebe und Leidenschaft produzieren.<br \/>\nHerzlich willkommen!<\/p>\n<\/div>\n<\/div><\/div><\/div><div id=\"pgc-20573-0-1\"  class=\"panel-grid-cell\" ><div id=\"panel-20573-0-1-0\" class=\"so-panel widget widget_sow-image panel-first-child\" data-index=\"2\" ><div\n\t\t\t\n\t\t\tclass=\"so-widget-sow-image so-widget-sow-image-default-dbf295114b96-20573\"\n\t\t\t\n\t\t>\n\n<div class=\"sow-image-container\">\n\t\t<img decoding=\"async\" src=\"https:\/\/woodinout.net\/wp-content\/uploads\/2020\/06\/MG_6204-NXPowerLite-Copy.jpg\" width=\"1706\" height=\"2560\" srcset=\"https:\/\/woodinout.net\/wp-content\/uploads\/2020\/06\/MG_6204-NXPowerLite-Copy.jpg 1706w, https:\/\/woodinout.net\/wp-content\/uploads\/2020\/06\/MG_6204-NXPowerLite-Copy-480x720.jpg 480w, https:\/\/woodinout.net\/wp-content\/uploads\/2020\/06\/MG_6204-NXPowerLite-Copy-1080x1621.jpg 1080w, https:\/\/woodinout.net\/wp-content\/uploads\/2020\/06\/MG_6204-NXPowerLite-Copy-333x500.jpg 333w, https:\/\/woodinout.net\/wp-content\/uploads\/2020\/06\/MG_6204-NXPowerLite-Copy-533x800.jpg 533w, https:\/\/woodinout.net\/wp-content\/uploads\/2020\/06\/MG_6204-NXPowerLite-Copy-1024x1536.jpg 1024w, https:\/\/woodinout.net\/wp-content\/uploads\/2020\/06\/MG_6204-NXPowerLite-Copy-1365x2048.jpg 1365w\" sizes=\"(max-width: 1706px) 100vw, 1706px\" title=\"_MG_6204 (NXPowerLite Copy)\" alt=\"Wooden Rainbow toy - sorting colors game\" loading=\"lazy\" \t\tclass=\"so-widget-image\"\/>\n\t<\/div>\n\n<\/div><\/div><div id=\"panel-20573-0-1-1\" class=\"so-panel widget widget_sow-image\" data-index=\"3\" ><div\n\t\t\t\n\t\t\tclass=\"so-widget-sow-image so-widget-sow-image-default-dbf295114b96-20573\"\n\t\t\t\n\t\t>\n\n<div class=\"sow-image-container\">\n\t\t<img decoding=\"async\" src=\"https:\/\/woodinout.net\/wp-content\/uploads\/2020\/06\/MG_6565-NXPowerLite-Copy.jpg\" width=\"853\" height=\"1280\" srcset=\"https:\/\/woodinout.net\/wp-content\/uploads\/2020\/06\/MG_6565-NXPowerLite-Copy.jpg 853w, https:\/\/woodinout.net\/wp-content\/uploads\/2020\/06\/MG_6565-NXPowerLite-Copy-480x720.jpg 480w, https:\/\/woodinout.net\/wp-content\/uploads\/2020\/06\/MG_6565-NXPowerLite-Copy-800x1200.jpg 800w, https:\/\/woodinout.net\/wp-content\/uploads\/2020\/06\/MG_6565-NXPowerLite-Copy-333x500.jpg 333w, https:\/\/woodinout.net\/wp-content\/uploads\/2020\/06\/MG_6565-NXPowerLite-Copy-533x800.jpg 533w\" sizes=\"(max-width: 853px) 100vw, 853px\" title=\"_MG_6565 (NXPowerLite Copy)\" alt=\"Woodinout Montessori toys team\" loading=\"lazy\" \t\tclass=\"so-widget-image\"\/>\n\t<\/div>\n\n<\/div><\/div><\/div><\/div><\/div><div id=\"pg-20573-1\"  class=\"panel-grid panel-no-style\" ><div id=\"pgc-20573-1-0\"  class=\"panel-grid-cell\" ><div id=\"panel-20573-1-0-0\" class=\"so-panel widget widget_primrose-sow-divider panel-first-child panel-last-child\" data-index=\"5\" ><div\n\t\t\t\n\t\t\tclass=\"so-widget-primrose-sow-divider so-widget-primrose-sow-divider-default-d75171398898-20573\"\n\t\t\t\n\t\t><hr class=\"primrose-sow-divider\"><\/hr><\/div><\/div><\/div><\/div><div id=\"pg-20573-2\"  class=\"panel-grid panel-no-style\" ><div id=\"pgc-20573-2-0\"  class=\"panel-grid-cell\" ><div id=\"panel-20573-2-0-0\" class=\"so-panel widget widget_primrose-sow-counter panel-first-child panel-last-child\" data-index=\"6\" ><div\n\t\t\t\n\t\t\tclass=\"so-widget-primrose-sow-counter so-widget-primrose-sow-counter-default-d75171398898-20573\"\n\t\t\t\n\t\t>\t<div class=\"primrose-sow-counter primrose-sow-alignment-center\" data-duration=\"1000\">\r\n\t\t<div class=\"primrose-sow-counter-number\" style=\"color: #666666\">\r\n\t\t\t<span class=\"counter-up\">24000<\/span>\t\t<\/div><!-- .primrose-sow-counter-number -->\r\n\t\t<div class=\"primrose-sow-counter-caption\">produced more then<\/div>\r\n\t<\/div><!-- .primrose-sow-counter -->\r\n<\/div><\/div><\/div><div id=\"pgc-20573-2-1\"  class=\"panel-grid-cell\" ><div id=\"panel-20573-2-1-0\" class=\"so-panel widget widget_primrose-sow-counter panel-first-child panel-last-child\" data-index=\"7\" ><div\n\t\t\t\n\t\t\tclass=\"so-widget-primrose-sow-counter so-widget-primrose-sow-counter-default-d75171398898-20573\"\n\t\t\t\n\t\t>\t<div class=\"primrose-sow-counter primrose-sow-alignment-center\" data-duration=\"1000\">\r\n\t\t<div class=\"primrose-sow-counter-number\" style=\"color: #666666\">\r\n\t\t\t<span class=\"counter-up\">46.5<\/span>k\t\t<\/div><!-- .primrose-sow-counter-number -->\r\n\t\t<div class=\"primrose-sow-counter-caption\">Facebook followers<\/div>\r\n\t<\/div><!-- .primrose-sow-counter -->\r\n<\/div><\/div><\/div><div id=\"pgc-20573-2-2\"  class=\"panel-grid-cell\" ><div id=\"panel-20573-2-2-0\" class=\"so-panel widget widget_primrose-sow-counter panel-first-child panel-last-child\" data-index=\"8\" ><div\n\t\t\t\n\t\t\tclass=\"so-widget-primrose-sow-counter so-widget-primrose-sow-counter-default-d75171398898-20573\"\n\t\t\t\n\t\t>\t<div class=\"primrose-sow-counter primrose-sow-alignment-center\" data-duration=\"1000\">\r\n\t\t<div class=\"primrose-sow-counter-number\" style=\"color: #666666\">\r\n\t\t\t<span class=\"counter-up\">11000<\/span>\t\t<\/div><!-- .primrose-sow-counter-number -->\r\n\t\t<div class=\"primrose-sow-counter-caption\">subscribers<\/div>\r\n\t<\/div><!-- .primrose-sow-counter -->\r\n<\/div><\/div><\/div><\/div><div id=\"pg-20573-3\"  class=\"panel-grid panel-no-style\" ><div id=\"pgc-20573-3-0\"  class=\"panel-grid-cell\" ><div id=\"panel-20573-3-0-0\" class=\"so-panel widget widget_primrose-sow-divider panel-first-child panel-last-child\" data-index=\"9\" ><div\n\t\t\t\n\t\t\tclass=\"so-widget-primrose-sow-divider so-widget-primrose-sow-divider-default-d75171398898-20573\"\n\t\t\t\n\t\t><hr class=\"primrose-sow-divider\"><\/hr><\/div><\/div><\/div><\/div><div id=\"pg-20573-4\"  class=\"panel-grid panel-no-style\" ><div id=\"pgc-20573-4-0\"  class=\"panel-grid-cell\" ><div id=\"panel-20573-4-0-0\" class=\"so-panel widget widget_primrose-sow-heading panel-first-child panel-last-child\" data-index=\"10\" ><div\n\t\t\t\n\t\t\tclass=\"so-widget-primrose-sow-heading so-widget-primrose-sow-heading-default-d75171398898-20573\"\n\t\t\t\n\t\t><h2 class=\"primrose-sow-heading primrose-sow-alignment-left\">Our Story<\/h2><\/div><\/div><\/div><div id=\"pgc-20573-4-1\"  class=\"panel-grid-cell\" ><div id=\"panel-20573-4-1-0\" class=\"so-panel widget widget_sow-editor panel-first-child panel-last-child\" data-index=\"11\" ><div\n\t\t\t\n\t\t\tclass=\"so-widget-sow-editor so-widget-sow-editor-base\"\n\t\t\t\n\t\t>\n<div class=\"siteorigin-widget-tinymce textwidget\">\n\t<p><strong>Der Anfang (2013)<\/strong><\/p>\n<p>Das Unternehmen wurde 2013 gegr\u00fcndet. Wir spezialisieren uns auf die Herstellung von verschiedenen Holzspielzeugen, Souvenirs, Werbegeschenken, M\u00f6beln und anderen On-Demand-Produkten. Mehr als 60 % unserer Produkte werden in die skandinavischen L\u00e4nder und in die Vereinigten Staaten exportiert.<br \/>\nWir sind stark in der Entwicklung und Realisierung von kleinen Holzprodukten. Wir sind in der Lage, neue konzeptionelle Modelle von einer Idee bis zum Endprodukt zu erstellen.<\/p>\n<\/div>\n<\/div><\/div><\/div><div id=\"pgc-20573-4-2\"  class=\"panel-grid-cell\" ><div id=\"panel-20573-4-2-0\" class=\"so-panel widget widget_sow-editor panel-first-child\" data-index=\"12\" ><div class=\"panel-widget-style panel-widget-style-for-20573-4-2-0\" ><div\n\t\t\t\n\t\t\tclass=\"so-widget-sow-editor so-widget-sow-editor-base\"\n\t\t\t\n\t\t>\n<div class=\"siteorigin-widget-tinymce textwidget\">\n\t<p><strong>Von 2013 bis heute<\/strong><\/p>\n<p>Unser Unternehmen w\u00e4chst jedes Jahr um mehr als 25 %.<\/p>\n<\/div>\n<\/div><\/div><\/div><div id=\"panel-20573-4-2-1\" class=\"so-panel widget widget_primrose-sow-progress-bars panel-last-child\" data-index=\"13\" ><div\n\t\t\t\n\t\t\tclass=\"so-widget-primrose-sow-progress-bars so-widget-primrose-sow-progress-bars-default-d75171398898-20573\"\n\t\t\t\n\t\t>\t<div class=\"primrose-sow-progress-bars \">\r\n\t\t\t\t\t<div class=\"primrose-sow-progress-bar\" data-progress-value=\"100\">\r\n\r\n\t\t\t\t\t\t\t\t\t<div class=\"primrose-sow-progress-bar-title\">2019<\/div>\r\n\t\t\t\t\r\n\t\t\t\t<div class=\"primrose-sow-progress-bar-track\" style=\"background-color: ;\">\r\n\t\t\t\t\t<div class=\"primrose-sow-progress-bar-block\" style=\"width: 0%; background-color: #d2bea0;\">\r\n\t\t\t\t\t\t<div class=\"primrose-sow-progress-bar-percentage\">100<\/div>\r\n\t\t\t\t\t<\/div>\r\n\t\t\t\t<\/div>\r\n\t\t\t<\/div>\r\n\t\t\t\t\t<div class=\"primrose-sow-progress-bar\" data-progress-value=\"67\">\r\n\r\n\t\t\t\t\t\t\t\t\t<div class=\"primrose-sow-progress-bar-title\">2018<\/div>\r\n\t\t\t\t\r\n\t\t\t\t<div class=\"primrose-sow-progress-bar-track\" style=\"background-color: ;\">\r\n\t\t\t\t\t<div class=\"primrose-sow-progress-bar-block\" style=\"width: 0%; background-color: #e5e5e5;\">\r\n\t\t\t\t\t\t<div class=\"primrose-sow-progress-bar-percentage\">67<\/div>\r\n\t\t\t\t\t<\/div>\r\n\t\t\t\t<\/div>\r\n\t\t\t<\/div>\r\n\t\t\t\t\t<div class=\"primrose-sow-progress-bar\" data-progress-value=\"40\">\r\n\r\n\t\t\t\t\t\t\t\t\t<div class=\"primrose-sow-progress-bar-title\">2017<\/div>\r\n\t\t\t\t\r\n\t\t\t\t<div class=\"primrose-sow-progress-bar-track\" style=\"background-color: ;\">\r\n\t\t\t\t\t<div class=\"primrose-sow-progress-bar-block\" style=\"width: 0%; background-color: #e5e5e5;\">\r\n\t\t\t\t\t\t<div class=\"primrose-sow-progress-bar-percentage\">40<\/div>\r\n\t\t\t\t\t<\/div>\r\n\t\t\t\t<\/div>\r\n\t\t\t<\/div>\r\n\t\t\t<\/div>\r\n<\/div><\/div><\/div><\/div><div id=\"pg-20573-5\"  class=\"panel-grid panel-no-style\" ><div id=\"pgc-20573-5-0\"  class=\"panel-grid-cell\" ><div id=\"panel-20573-5-0-0\" class=\"so-panel widget widget_primrose-sow-divider panel-first-child panel-last-child\" data-index=\"14\" ><div\n\t\t\t\n\t\t\tclass=\"so-widget-primrose-sow-divider so-widget-primrose-sow-divider-default-d75171398898-20573\"\n\t\t\t\n\t\t><hr class=\"primrose-sow-divider\"><\/hr><\/div><\/div><\/div><\/div><div id=\"pg-20573-6\"  class=\"panel-grid panel-has-style\" ><div class=\"panel-row-style panel-row-style-for-20573-6\" ><div id=\"pgc-20573-6-0\"  class=\"panel-grid-cell panel-grid-cell-empty\" ><\/div><div id=\"pgc-20573-6-1\"  class=\"panel-grid-cell panel-grid-cell-mobile-last\" ><div id=\"panel-20573-6-1-0\" class=\"so-panel widget widget_primrose-sow-quotes panel-first-child panel-last-child\" data-index=\"15\" ><div\n\t\t\t\n\t\t\tclass=\"so-widget-primrose-sow-quotes so-widget-primrose-sow-quotes-default-d75171398898-20573\"\n\t\t\t\n\t\t>\t<div class=\"primrose-sow-quotes align-center slick\">\r\n\t\t\t\t\t<div class=\"primrose-sow-quote\">\r\n\t\t\t\t<div class=\"primrose-sow-quote-text\">I'm so pleased with how my name puzzles turned out! They are exactly as pictured, and they were so helpful when I asked questions before I placed my order. They're worth more than five stars, can't recommend them as much as they deserve.<\/div>\r\n\t\t\t\t\t\t\t\t\t<div class=\"primrose-sow-quote-name\">Jeanette <\/div>\r\n\t\t\t\t\t\t\t<\/div><!-- .primrose-sow-quotes-item -->\r\n\t\t\t\t\t<div class=\"primrose-sow-quote\">\r\n\t\t\t\t<div class=\"primrose-sow-quote-text\">Beyond my imagination! I absolutely love it. Great communication, beautifully crafted, careful and fast shipping (even internationally). Every detail is flawless. Thank you so so much!!<\/div>\r\n\t\t\t\t\t\t\t\t\t<div class=\"primrose-sow-quote-name\">Meagan<\/div>\r\n\t\t\t\t\t\t\t<\/div><!-- .primrose-sow-quotes-item -->\r\n\t\t\t\t\t<div class=\"primrose-sow-quote\">\r\n\t\t\t\t<div class=\"primrose-sow-quote-text\">Beautifully made! Absolutely gorgeous! The international shipping took a while but that was as expected and we weren't in a hurry to receive it. Would definitely recommend!<\/div>\r\n\t\t\t\t\t\t\t\t\t<div class=\"primrose-sow-quote-name\">Kimberly <\/div>\r\n\t\t\t\t\t\t\t<\/div><!-- .primrose-sow-quotes-item -->\r\n\t\t\t<\/div><!-- .primrose-sow-quotes -->\r\n<\/div><\/div><\/div><div id=\"pgc-20573-6-2\"  class=\"panel-grid-cell panel-grid-cell-empty\" ><\/div><\/div><\/div><\/div>","protected":false},"excerpt":{"rendered":"<p>Ihr L\u00e4cheln inspiriert uns, etwas Gro\u00dfartiges zu schaffen, etwas, das Sie gerne ber\u00fchren und spielen w\u00fcrden. Dies ist eine Geschichte ohne Einleitung, denn alle gro\u00dfen Dinge haben keine genaue Startlinie. Es gibt nur Leidenschaft und Freundschaft. Und das ist der Schl\u00fcssel zu unserer Geschichte. Ganz am Anfang waren wir zwei Familien mit vier Kleinkindern. Wenn [&hellip;]<\/p>\n","protected":false},"author":1,"featured_media":0,"parent":0,"menu_order":0,"comment_status":"closed","ping_status":"closed","template":"page-templates\/blank.php","meta":{"_monsterinsights_skip_tracking":false,"_monsterinsights_sitenote_active":false,"_monsterinsights_sitenote_note":"","_monsterinsights_sitenote_category":0,"footnotes":""},"yoast_head":"<!-- This site is optimized with the Yoast SEO plugin v22.1 - https:\/\/yoast.com\/wordpress\/plugins\/seo\/ -->\n<title>\u00dcber uns - H\u00f6lzernes Montessori Spielzeug Shop Woodinout \u00a9<\/title>\n<meta name=\"description\" content=\"Umweltfreundlich, handgefertigt aus hochwertigem Massivholz-Lernspielzeug. Holen Sie sie sich und schlie\u00dfen Sie sich der gro\u00dfen Familie zufriedener Kunden hier im Woodinout-Shop an.\" \/>\n<meta name=\"robots\" content=\"index, follow, max-snippet:-1, max-image-preview:large, max-video-preview:-1\" \/>\n<link rel=\"canonical\" href=\"https:\/\/woodinout.net\/de\/ueber-uns\/\" \/>\n<meta property=\"og:locale\" content=\"de_DE\" \/>\n<meta property=\"og:type\" content=\"article\" \/>\n<meta property=\"og:title\" content=\"\u00dcber uns - H\u00f6lzernes Montessori Spielzeug Shop Woodinout \u00a9\" \/>\n<meta property=\"og:description\" content=\"Umweltfreundlich, handgefertigt aus hochwertigem Massivholz-Lernspielzeug. Holen Sie sie sich und schlie\u00dfen Sie sich der gro\u00dfen Familie zufriedener Kunden hier im Woodinout-Shop an.\" \/>\n<meta property=\"og:url\" content=\"https:\/\/woodinout.net\/de\/ueber-uns\/\" \/>\n<meta property=\"og:site_name\" content=\"Woodinout \u00a9\" \/>\n<meta property=\"article:modified_time\" content=\"2022-03-12T15:15:49+00:00\" \/>\n<meta name=\"twitter:card\" content=\"summary_large_image\" \/>\n<script type=\"application\/ld+json\" class=\"yoast-schema-graph\">{\"@context\":\"https:\/\/schema.org\",\"@graph\":[{\"@type\":\"WebPage\",\"@id\":\"https:\/\/woodinout.net\/de\/ueber-uns\/\",\"url\":\"https:\/\/woodinout.net\/de\/ueber-uns\/\",\"name\":\"\u00dcber uns - H\u00f6lzernes Montessori Spielzeug Shop Woodinout \u00a9\",\"isPartOf\":{\"@id\":\"https:\/\/woodinout.net\/de\/#website\"},\"datePublished\":\"2016-01-25T00:53:27+00:00\",\"dateModified\":\"2022-03-12T15:15:49+00:00\",\"description\":\"Umweltfreundlich, handgefertigt aus hochwertigem Massivholz-Lernspielzeug. Holen Sie sie sich und schlie\u00dfen Sie sich der gro\u00dfen Familie zufriedener Kunden hier im Woodinout-Shop an.\",\"breadcrumb\":{\"@id\":\"https:\/\/woodinout.net\/de\/ueber-uns\/#breadcrumb\"},\"inLanguage\":\"de\",\"potentialAction\":[{\"@type\":\"ReadAction\",\"target\":[\"https:\/\/woodinout.net\/de\/ueber-uns\/\"]}]},{\"@type\":\"BreadcrumbList\",\"@id\":\"https:\/\/woodinout.net\/de\/ueber-uns\/#breadcrumb\",\"itemListElement\":[{\"@type\":\"ListItem\",\"position\":1,\"name\":\"Home\",\"item\":\"https:\/\/woodinout.net\/de\/\"},{\"@type\":\"ListItem\",\"position\":2,\"name\":\"\u00dcber uns\"}]},{\"@type\":\"WebSite\",\"@id\":\"https:\/\/woodinout.net\/de\/#website\",\"url\":\"https:\/\/woodinout.net\/de\/\",\"name\":\"Woodinout \u00a9\",\"description\":\"Wooden Montessori toys, gifts, home and events decor details\",\"potentialAction\":[{\"@type\":\"SearchAction\",\"target\":{\"@type\":\"EntryPoint\",\"urlTemplate\":\"https:\/\/woodinout.net\/de\/?s={search_term_string}\"},\"query-input\":\"required name=search_term_string\"}],\"inLanguage\":\"de\"}]}<\/script>\n<!-- \/ Yoast SEO plugin. -->","yoast_head_json":{"title":"\u00dcber uns - H\u00f6lzernes Montessori Spielzeug Shop Woodinout \u00a9","description":"Umweltfreundlich, handgefertigt aus hochwertigem Massivholz-Lernspielzeug. Holen Sie sie sich und schlie\u00dfen Sie sich der gro\u00dfen Familie zufriedener Kunden hier im Woodinout-Shop an.","robots":{"index":"index","follow":"follow","max-snippet":"max-snippet:-1","max-image-preview":"max-image-preview:large","max-video-preview":"max-video-preview:-1"},"canonical":"https:\/\/woodinout.net\/de\/ueber-uns\/","og_locale":"de_DE","og_type":"article","og_title":"\u00dcber uns - H\u00f6lzernes Montessori Spielzeug Shop Woodinout \u00a9","og_description":"Umweltfreundlich, handgefertigt aus hochwertigem Massivholz-Lernspielzeug. Holen Sie sie sich und schlie\u00dfen Sie sich der gro\u00dfen Familie zufriedener Kunden hier im Woodinout-Shop an.","og_url":"https:\/\/woodinout.net\/de\/ueber-uns\/","og_site_name":"Woodinout \u00a9","article_modified_time":"2022-03-12T15:15:49+00:00","twitter_card":"summary_large_image","schema":{"@context":"https:\/\/schema.org","@graph":[{"@type":"WebPage","@id":"https:\/\/woodinout.net\/de\/ueber-uns\/","url":"https:\/\/woodinout.net\/de\/ueber-uns\/","name":"\u00dcber uns - H\u00f6lzernes Montessori Spielzeug Shop Woodinout \u00a9","isPartOf":{"@id":"https:\/\/woodinout.net\/de\/#website"},"datePublished":"2016-01-25T00:53:27+00:00","dateModified":"2022-03-12T15:15:49+00:00","description":"Umweltfreundlich, handgefertigt aus hochwertigem Massivholz-Lernspielzeug. Holen Sie sie sich und schlie\u00dfen Sie sich der gro\u00dfen Familie zufriedener Kunden hier im Woodinout-Shop an.","breadcrumb":{"@id":"https:\/\/woodinout.net\/de\/ueber-uns\/#breadcrumb"},"inLanguage":"de","potentialAction":[{"@type":"ReadAction","target":["https:\/\/woodinout.net\/de\/ueber-uns\/"]}]},{"@type":"BreadcrumbList","@id":"https:\/\/woodinout.net\/de\/ueber-uns\/#breadcrumb","itemListElement":[{"@type":"ListItem","position":1,"name":"Home","item":"https:\/\/woodinout.net\/de\/"},{"@type":"ListItem","position":2,"name":"\u00dcber uns"}]},{"@type":"WebSite","@id":"https:\/\/woodinout.net\/de\/#website","url":"https:\/\/woodinout.net\/de\/","name":"Woodinout \u00a9","description":"Wooden Montessori toys, gifts, home and events decor details","potentialAction":[{"@type":"SearchAction","target":{"@type":"EntryPoint","urlTemplate":"https:\/\/woodinout.net\/de\/?s={search_term_string}"},"query-input":"required name=search_term_string"}],"inLanguage":"de"}]}},"_links":{"self":[{"href":"https:\/\/woodinout.net\/de\/wp-json\/wp\/v2\/pages\/20573"}],"collection":[{"href":"https:\/\/woodinout.net\/de\/wp-json\/wp\/v2\/pages"}],"about":[{"href":"https:\/\/woodinout.net\/de\/wp-json\/wp\/v2\/types\/page"}],"author":[{"embeddable":true,"href":"https:\/\/woodinout.net\/de\/wp-json\/wp\/v2\/users\/1"}],"replies":[{"embeddable":true,"href":"https:\/\/woodinout.net\/de\/wp-json\/wp\/v2\/comments?post=20573"}],"version-history":[{"count":1,"href":"https:\/\/woodinout.net\/de\/wp-json\/wp\/v2\/pages\/20573\/revisions"}],"predecessor-version":[{"id":20577,"href":"https:\/\/woodinout.net\/de\/wp-json\/wp\/v2\/pages\/20573\/revisions\/20577"}],"wp:attachment":[{"href":"https:\/\/woodinout.net\/de\/wp-json\/wp\/v2\/media?parent=20573"}],"curies":[{"name":"wp","href":"https:\/\/api.w.org\/{rel}","templated":true}]}}