{"id":21628,"date":"2020-06-20T23:42:07","date_gmt":"2020-06-20T20:42:07","guid":{"rendered":"https:\/\/woodinout.net\/product\/alfabetblokke-af-trae-massivt-trae\/"},"modified":"2022-04-28T10:23:12","modified_gmt":"2022-04-28T07:23:12","slug":"trae-alfabet-blokke","status":"publish","type":"product","link":"https:\/\/woodinout.net\/da\/product\/trae-alfabet-blokke\/","title":{"rendered":"Alfabetblokke af tr\u00e6 (massivt tr\u00e6)"},"content":{"rendered":"<p>Tr\u00e6 alfabet blokke er samlet for at blive tr\u00e6 ord. Magi! Det er, hvad l\u00e6ring leget\u00f8j, s\u00e5som tr\u00e6 abc blokke er. Dette tr\u00e6 Montessori leget\u00f8j er godt v\u00e6rdsat over hele kloden og er en af de mest efters\u00f8gte sm\u00e5b\u00f8rnsgaver. ABC tr\u00e6 blok for blok b\u00f8rn vil l\u00e6re stavning &amp;skrivning p\u00e5 den nemme og sjove m\u00e5de. Alfabet puslespil vil g\u00f8re dig have en god tid fra toddler \u00e5r til voksenalderen. Scrabble fliser er lavet af massivt tr\u00e6 derfor meget flot &#8230; Montessori leget\u00f8j &#8211; L\u00e6ring leget\u00f8j er, hvad vi er bedst til, slutte sig til vores glade kunder familie Nu med denne fantastiske tr\u00e6 bogstaver s\u00e6t.<\/p>\n<p>S\u00e6ttet indeholder:<br \/>\n26 stk. NATUR TR\u00c6 bogstaver blokke<br \/>\ntr\u00e6 blyant<\/p>\n<p>DIMENSIONER<\/p>\n<p>H\u00f8jde: ~1,8 tommer<br \/>\nL\u00e6ngde: ~1,8 tommer<br \/>\nTykkelse: ~0,6 tommer<\/p>\n<p>FARVER OG MATERIALE<br \/>\nFarve: m\u00f8rkebrun eller naturlig olieret.<br \/>\nLeget\u00f8j er lavet af naturligt massivt tr\u00e6 og milj\u00f8venlig maling \/ olier.<br \/>\nBem\u00e6rk, at farverne kan variere p\u00e5 grund af indstillinger for computersk\u00e6rm og lettelse.<\/p>\n","protected":false},"excerpt":{"rendered":"<p>Tr\u00e6 alfabet blokke er samlet for at blive tr\u00e6 ord. Magi! Det er, hvad l\u00e6ring leget\u00f8j, s\u00e5som tr\u00e6 abc blokke er. Dette tr\u00e6 Montessori leget\u00f8j er godt v\u00e6rdsat over hele kloden og er en af de mest efters\u00f8gte sm\u00e5b\u00f8rnsgaver. ABC tr\u00e6 blok for blok b\u00f8rn vil l\u00e6re stavning &amp;skrivning p\u00e5 den nemme og sjove m\u00e5de. [&hellip;]<\/p>\n","protected":false},"featured_media":17405,"template":"","meta":{"_monsterinsights_skip_tracking":false,"_monsterinsights_sitenote_active":false,"_monsterinsights_sitenote_note":"","_monsterinsights_sitenote_category":0},"product_cat":[1577,1431],"product_tag":[1488,1483,1439,1479,1472,1452,1460,1527,1529,2233,2234],"yoast_head":"<!-- This site is optimized with the Yoast SEO plugin v22.1 - https:\/\/yoast.com\/wordpress\/plugins\/seo\/ -->\n<title>Alfabetblokke af tr\u00e6 (massivt tr\u00e6) - Woodinout \u00a9 Learning leget\u00f8j<\/title>\n<meta name=\"description\" content=\"Montessori godkendt - Milj\u00f8venlig - Sikker - H\u00e5ndlavet. Disse alfabet blokke er perfekt l\u00e6ring leget\u00f8j til sm\u00e5b\u00f8rn og f\u00f8rskoleb\u00f8rn.\" \/>\n<meta name=\"robots\" content=\"index, follow, max-snippet:-1, max-image-preview:large, max-video-preview:-1\" \/>\n<link rel=\"canonical\" href=\"https:\/\/woodinout.net\/da\/product\/trae-alfabet-blokke\/\" \/>\n<meta property=\"og:locale\" content=\"da_DK\" \/>\n<meta property=\"og:type\" content=\"article\" \/>\n<meta property=\"og:title\" content=\"Alfabetblokke af tr\u00e6 (massivt tr\u00e6) - Woodinout \u00a9 Learning leget\u00f8j\" \/>\n<meta property=\"og:description\" content=\"Montessori godkendt - Milj\u00f8venlig - Sikker - H\u00e5ndlavet. Disse alfabet blokke er perfekt l\u00e6ring leget\u00f8j til sm\u00e5b\u00f8rn og f\u00f8rskoleb\u00f8rn.\" \/>\n<meta property=\"og:url\" content=\"https:\/\/woodinout.net\/da\/product\/trae-alfabet-blokke\/\" \/>\n<meta property=\"og:site_name\" content=\"Woodinout \u00a9\" \/>\n<meta property=\"article:modified_time\" content=\"2022-04-28T07:23:12+00:00\" \/>\n<meta property=\"og:image\" content=\"https:\/\/woodinout.net\/wp-content\/uploads\/2020\/06\/Wooden-alphabet-blocks.jpg\" \/>\n\t<meta property=\"og:image:width\" content=\"853\" \/>\n\t<meta property=\"og:image:height\" content=\"1280\" \/>\n\t<meta property=\"og:image:type\" content=\"image\/jpeg\" \/>\n<meta name=\"twitter:card\" content=\"summary_large_image\" \/>\n<meta name=\"twitter:label1\" content=\"Estimeret l\u00e6setid\" \/>\n\t<meta name=\"twitter:data1\" content=\"1 minut\" \/>\n<script type=\"application\/ld+json\" class=\"yoast-schema-graph\">{\"@context\":\"https:\/\/schema.org\",\"@graph\":[{\"@type\":\"WebPage\",\"@id\":\"https:\/\/woodinout.net\/da\/product\/trae-alfabet-blokke\/\",\"url\":\"https:\/\/woodinout.net\/da\/product\/trae-alfabet-blokke\/\",\"name\":\"Alfabetblokke af tr\u00e6 (massivt tr\u00e6) - Woodinout \u00a9 Learning leget\u00f8j\",\"isPartOf\":{\"@id\":\"https:\/\/woodinout.net\/da\/#website\"},\"datePublished\":\"2020-06-20T20:42:07+00:00\",\"dateModified\":\"2022-04-28T07:23:12+00:00\",\"description\":\"Montessori godkendt - Milj\u00f8venlig - Sikker - H\u00e5ndlavet. Disse alfabet blokke er perfekt l\u00e6ring leget\u00f8j til sm\u00e5b\u00f8rn og f\u00f8rskoleb\u00f8rn.\",\"breadcrumb\":{\"@id\":\"https:\/\/woodinout.net\/da\/product\/trae-alfabet-blokke\/#breadcrumb\"},\"inLanguage\":\"da-DK\",\"potentialAction\":[{\"@type\":\"ReadAction\",\"target\":[\"https:\/\/woodinout.net\/da\/product\/trae-alfabet-blokke\/\"]}]},{\"@type\":\"BreadcrumbList\",\"@id\":\"https:\/\/woodinout.net\/da\/product\/trae-alfabet-blokke\/#breadcrumb\",\"itemListElement\":[{\"@type\":\"ListItem\",\"position\":1,\"name\":\"Home\",\"item\":\"https:\/\/woodinout.net\/da\/\"},{\"@type\":\"ListItem\",\"position\":2,\"name\":\"Shop\",\"item\":\"https:\/\/woodinout.net\/shop\/\"},{\"@type\":\"ListItem\",\"position\":3,\"name\":\"Alfabetblokke af tr\u00e6 (massivt tr\u00e6)\"}]},{\"@type\":\"WebSite\",\"@id\":\"https:\/\/woodinout.net\/da\/#website\",\"url\":\"https:\/\/woodinout.net\/da\/\",\"name\":\"Woodinout \u00a9\",\"description\":\"Wooden Montessori toys, gifts, home and events decor details\",\"potentialAction\":[{\"@type\":\"SearchAction\",\"target\":{\"@type\":\"EntryPoint\",\"urlTemplate\":\"https:\/\/woodinout.net\/da\/?s={search_term_string}\"},\"query-input\":\"required name=search_term_string\"}],\"inLanguage\":\"da-DK\"}]}<\/script>\n<!-- \/ Yoast SEO plugin. -->","yoast_head_json":{"title":"Alfabetblokke af tr\u00e6 (massivt tr\u00e6) - Woodinout \u00a9 Learning leget\u00f8j","description":"Montessori godkendt - Milj\u00f8venlig - Sikker - H\u00e5ndlavet. Disse alfabet blokke er perfekt l\u00e6ring leget\u00f8j til sm\u00e5b\u00f8rn og f\u00f8rskoleb\u00f8rn.","robots":{"index":"index","follow":"follow","max-snippet":"max-snippet:-1","max-image-preview":"max-image-preview:large","max-video-preview":"max-video-preview:-1"},"canonical":"https:\/\/woodinout.net\/da\/product\/trae-alfabet-blokke\/","og_locale":"da_DK","og_type":"article","og_title":"Alfabetblokke af tr\u00e6 (massivt tr\u00e6) - Woodinout \u00a9 Learning leget\u00f8j","og_description":"Montessori godkendt - Milj\u00f8venlig - Sikker - H\u00e5ndlavet. Disse alfabet blokke er perfekt l\u00e6ring leget\u00f8j til sm\u00e5b\u00f8rn og f\u00f8rskoleb\u00f8rn.","og_url":"https:\/\/woodinout.net\/da\/product\/trae-alfabet-blokke\/","og_site_name":"Woodinout \u00a9","article_modified_time":"2022-04-28T07:23:12+00:00","og_image":[{"width":853,"height":1280,"url":"https:\/\/woodinout.net\/wp-content\/uploads\/2020\/06\/Wooden-alphabet-blocks.jpg","type":"image\/jpeg"}],"twitter_card":"summary_large_image","twitter_misc":{"Estimeret l\u00e6setid":"1 minut"},"schema":{"@context":"https:\/\/schema.org","@graph":[{"@type":"WebPage","@id":"https:\/\/woodinout.net\/da\/product\/trae-alfabet-blokke\/","url":"https:\/\/woodinout.net\/da\/product\/trae-alfabet-blokke\/","name":"Alfabetblokke af tr\u00e6 (massivt tr\u00e6) - Woodinout \u00a9 Learning leget\u00f8j","isPartOf":{"@id":"https:\/\/woodinout.net\/da\/#website"},"datePublished":"2020-06-20T20:42:07+00:00","dateModified":"2022-04-28T07:23:12+00:00","description":"Montessori godkendt - Milj\u00f8venlig - Sikker - H\u00e5ndlavet. Disse alfabet blokke er perfekt l\u00e6ring leget\u00f8j til sm\u00e5b\u00f8rn og f\u00f8rskoleb\u00f8rn.","breadcrumb":{"@id":"https:\/\/woodinout.net\/da\/product\/trae-alfabet-blokke\/#breadcrumb"},"inLanguage":"da-DK","potentialAction":[{"@type":"ReadAction","target":["https:\/\/woodinout.net\/da\/product\/trae-alfabet-blokke\/"]}]},{"@type":"BreadcrumbList","@id":"https:\/\/woodinout.net\/da\/product\/trae-alfabet-blokke\/#breadcrumb","itemListElement":[{"@type":"ListItem","position":1,"name":"Home","item":"https:\/\/woodinout.net\/da\/"},{"@type":"ListItem","position":2,"name":"Shop","item":"https:\/\/woodinout.net\/shop\/"},{"@type":"ListItem","position":3,"name":"Alfabetblokke af tr\u00e6 (massivt tr\u00e6)"}]},{"@type":"WebSite","@id":"https:\/\/woodinout.net\/da\/#website","url":"https:\/\/woodinout.net\/da\/","name":"Woodinout \u00a9","description":"Wooden Montessori toys, gifts, home and events decor details","potentialAction":[{"@type":"SearchAction","target":{"@type":"EntryPoint","urlTemplate":"https:\/\/woodinout.net\/da\/?s={search_term_string}"},"query-input":"required name=search_term_string"}],"inLanguage":"da-DK"}]}},"_links":{"self":[{"href":"https:\/\/woodinout.net\/da\/wp-json\/wp\/v2\/product\/21628"}],"collection":[{"href":"https:\/\/woodinout.net\/da\/wp-json\/wp\/v2\/product"}],"about":[{"href":"https:\/\/woodinout.net\/da\/wp-json\/wp\/v2\/types\/product"}],"wp:featuredmedia":[{"embeddable":true,"href":"https:\/\/woodinout.net\/da\/wp-json\/wp\/v2\/media\/17405"}],"wp:attachment":[{"href":"https:\/\/woodinout.net\/da\/wp-json\/wp\/v2\/media?parent=21628"}],"wp:term":[{"taxonomy":"product_cat","embeddable":true,"href":"https:\/\/woodinout.net\/da\/wp-json\/wp\/v2\/product_cat?post=21628"},{"taxonomy":"product_tag","embeddable":true,"href":"https:\/\/woodinout.net\/da\/wp-json\/wp\/v2\/product_tag?post=21628"}],"curies":[{"name":"wp","href":"https:\/\/api.w.org\/{rel}","templated":true}]}}