{"id":21627,"date":"2020-06-20T23:16:45","date_gmt":"2020-06-20T20:16:45","guid":{"rendered":"https:\/\/woodinout.net\/product\/7x7-trae-geoboard\/"},"modified":"2022-03-13T21:13:59","modified_gmt":"2022-03-13T19:13:59","slug":"forskole-gaver-for-born-7x7-trae-pegboard-geoboard","status":"publish","type":"product","link":"https:\/\/woodinout.net\/da\/product\/forskole-gaver-for-born-7x7-trae-pegboard-geoboard\/","title":{"rendered":"7&#215;7 tr\u00e6 geoboard"},"content":{"rendered":"<p>Tr\u00e6 geoboard er en unik<a href=\"https:\/\/woodinout.net\/product-tag\/kids-gifts\/\"> p\u00e6dagogisk gave<\/a>. Verdensomsp\u00e6ndende kendte Montessori leget\u00f8j er nem og sjov m\u00e5de at l\u00e6re og uddanne b\u00f8rn i sm\u00e5b\u00f8rn \u00e5r eller b\u00f8rnehave. Denne tr\u00e6 peg bord er en af s\u00f8de og sjove m\u00e5der at l\u00e6re former, farver, tal og s\u00e5 videre. Tro mig, b\u00f8rn elsker det. De kan bruge timer p\u00e5 dette vidunderlige aktivitetsbr\u00e6t.<br \/>\nL\u00e6ring leget\u00f8j er stadig LEGET\u00d8J i \u00f8jnene p\u00e5 et lille barn. Vores h\u00e5ndlavede tr\u00e6leget\u00f8j er ikke kun lavet til at v\u00e6re sjovt m\u00e5de at l\u00e6re p\u00e5, men ser ogs\u00e5 meget godt ud. Derfor kan dette naturlige leget\u00f8j v\u00e6re stilfuld b\u00f8rnev\u00e6relse indretning &#8211; bare bruge din fantasi her.<\/p>\n<p>S\u00e6ttet indeholder:<br \/>\nBord med 49 pl\u00f8kker<br \/>\ns\u00e6t farverige elastikker<\/p>\n<p>DIMENSIONER<br \/>\nH\u00f8jde: ~8,3 tommer<br \/>\nL\u00e6ngde: ~8,3 tommer<br \/>\nTykkelse: ~1,6 tommer<\/p>\n<p>FARVER OG MATERIALE<br \/>\nFarve: naturlig eller brun olieret.<br \/>\nLeget\u00f8jet er lavet af naturligt massivt tr\u00e6.<br \/>\nBem\u00e6rk, at farverne kan variere p\u00e5 grund af indstillinger for computersk\u00e6rm og lettelse.<\/p>\n<p>Find flere tr\u00e6id\u00e9er p\u00e5 vores <a href=\"https:\/\/www.pinterest.com\/Woodinoutnet\/_created\/\">PINTEREST.<\/a><\/p>\n","protected":false},"excerpt":{"rendered":"<p>Tr\u00e6 geoboard er en unik p\u00e6dagogisk gave. Verdensomsp\u00e6ndende kendte Montessori leget\u00f8j er nem og sjov m\u00e5de at l\u00e6re og uddanne b\u00f8rn i sm\u00e5b\u00f8rn \u00e5r eller b\u00f8rnehave. Denne tr\u00e6 peg bord er en af s\u00f8de og sjove m\u00e5der at l\u00e6re former, farver, tal og s\u00e5 videre. Tro mig, b\u00f8rn elsker det. De kan bruge timer p\u00e5 [&hellip;]<\/p>\n","protected":false},"featured_media":17261,"template":"","meta":{"_monsterinsights_skip_tracking":false,"_monsterinsights_sitenote_active":false,"_monsterinsights_sitenote_note":"","_monsterinsights_sitenote_category":0},"product_cat":[1463,1431],"product_tag":[1488,1483,1515,1510,1522,1439,1479,1472,1452,1460],"yoast_head":"<!-- This site is optimized with the Yoast SEO plugin v22.1 - https:\/\/yoast.com\/wordpress\/plugins\/seo\/ -->\n<title>7x7 tr\u00e6 geoboard - Woodinout \u00a9 Montessori leget\u00f8j<\/title>\n<meta name=\"description\" content=\"Naturligt tr\u00e6leget\u00f8j er bedst til fantasifuld og kreativ leg. Montessori inspireret Geoboard er netop det! B\u00f8rn l\u00e6rer p\u00e5 en sjov m\u00e5de.\" \/>\n<meta name=\"robots\" content=\"index, follow, max-snippet:-1, max-image-preview:large, max-video-preview:-1\" \/>\n<link rel=\"canonical\" href=\"https:\/\/woodinout.net\/da\/product\/forskole-gaver-for-born-7x7-trae-pegboard-geoboard\/\" \/>\n<meta property=\"og:locale\" content=\"da_DK\" \/>\n<meta property=\"og:type\" content=\"article\" \/>\n<meta property=\"og:title\" content=\"7x7 tr\u00e6 geoboard - Woodinout \u00a9 Montessori leget\u00f8j\" \/>\n<meta property=\"og:description\" content=\"Naturligt tr\u00e6leget\u00f8j er bedst til fantasifuld og kreativ leg. Montessori inspireret Geoboard er netop det! B\u00f8rn l\u00e6rer p\u00e5 en sjov m\u00e5de.\" \/>\n<meta property=\"og:url\" content=\"https:\/\/woodinout.net\/da\/product\/forskole-gaver-for-born-7x7-trae-pegboard-geoboard\/\" \/>\n<meta property=\"og:site_name\" content=\"Woodinout \u00a9\" \/>\n<meta property=\"article:modified_time\" content=\"2022-03-13T19:13:59+00:00\" \/>\n<meta property=\"og:image\" content=\"https:\/\/woodinout.net\/wp-content\/uploads\/2020\/06\/wood-pegboard-7x7-1.jpg\" \/>\n\t<meta property=\"og:image:width\" content=\"853\" \/>\n\t<meta property=\"og:image:height\" content=\"1280\" \/>\n\t<meta property=\"og:image:type\" content=\"image\/jpeg\" \/>\n<meta name=\"twitter:card\" content=\"summary_large_image\" \/>\n<meta name=\"twitter:label1\" content=\"Estimeret l\u00e6setid\" \/>\n\t<meta name=\"twitter:data1\" content=\"1 minut\" \/>\n<script type=\"application\/ld+json\" class=\"yoast-schema-graph\">{\"@context\":\"https:\/\/schema.org\",\"@graph\":[{\"@type\":\"WebPage\",\"@id\":\"https:\/\/woodinout.net\/da\/product\/forskole-gaver-for-born-7x7-trae-pegboard-geoboard\/\",\"url\":\"https:\/\/woodinout.net\/da\/product\/forskole-gaver-for-born-7x7-trae-pegboard-geoboard\/\",\"name\":\"7x7 tr\u00e6 geoboard - Woodinout \u00a9 Montessori leget\u00f8j\",\"isPartOf\":{\"@id\":\"https:\/\/woodinout.net\/da\/#website\"},\"datePublished\":\"2020-06-20T20:16:45+00:00\",\"dateModified\":\"2022-03-13T19:13:59+00:00\",\"description\":\"Naturligt tr\u00e6leget\u00f8j er bedst til fantasifuld og kreativ leg. Montessori inspireret Geoboard er netop det! B\u00f8rn l\u00e6rer p\u00e5 en sjov m\u00e5de.\",\"breadcrumb\":{\"@id\":\"https:\/\/woodinout.net\/da\/product\/forskole-gaver-for-born-7x7-trae-pegboard-geoboard\/#breadcrumb\"},\"inLanguage\":\"da-DK\",\"potentialAction\":[{\"@type\":\"ReadAction\",\"target\":[\"https:\/\/woodinout.net\/da\/product\/forskole-gaver-for-born-7x7-trae-pegboard-geoboard\/\"]}]},{\"@type\":\"BreadcrumbList\",\"@id\":\"https:\/\/woodinout.net\/da\/product\/forskole-gaver-for-born-7x7-trae-pegboard-geoboard\/#breadcrumb\",\"itemListElement\":[{\"@type\":\"ListItem\",\"position\":1,\"name\":\"Home\",\"item\":\"https:\/\/woodinout.net\/da\/\"},{\"@type\":\"ListItem\",\"position\":2,\"name\":\"Shop\",\"item\":\"https:\/\/woodinout.net\/shop\/\"},{\"@type\":\"ListItem\",\"position\":3,\"name\":\"7&#215;7 tr\u00e6 geoboard\"}]},{\"@type\":\"WebSite\",\"@id\":\"https:\/\/woodinout.net\/da\/#website\",\"url\":\"https:\/\/woodinout.net\/da\/\",\"name\":\"Woodinout \u00a9\",\"description\":\"Wooden Montessori toys, gifts, home and events decor details\",\"potentialAction\":[{\"@type\":\"SearchAction\",\"target\":{\"@type\":\"EntryPoint\",\"urlTemplate\":\"https:\/\/woodinout.net\/da\/?s={search_term_string}\"},\"query-input\":\"required name=search_term_string\"}],\"inLanguage\":\"da-DK\"}]}<\/script>\n<!-- \/ Yoast SEO plugin. -->","yoast_head_json":{"title":"7x7 tr\u00e6 geoboard - Woodinout \u00a9 Montessori leget\u00f8j","description":"Naturligt tr\u00e6leget\u00f8j er bedst til fantasifuld og kreativ leg. Montessori inspireret Geoboard er netop det! B\u00f8rn l\u00e6rer p\u00e5 en sjov m\u00e5de.","robots":{"index":"index","follow":"follow","max-snippet":"max-snippet:-1","max-image-preview":"max-image-preview:large","max-video-preview":"max-video-preview:-1"},"canonical":"https:\/\/woodinout.net\/da\/product\/forskole-gaver-for-born-7x7-trae-pegboard-geoboard\/","og_locale":"da_DK","og_type":"article","og_title":"7x7 tr\u00e6 geoboard - Woodinout \u00a9 Montessori leget\u00f8j","og_description":"Naturligt tr\u00e6leget\u00f8j er bedst til fantasifuld og kreativ leg. Montessori inspireret Geoboard er netop det! B\u00f8rn l\u00e6rer p\u00e5 en sjov m\u00e5de.","og_url":"https:\/\/woodinout.net\/da\/product\/forskole-gaver-for-born-7x7-trae-pegboard-geoboard\/","og_site_name":"Woodinout \u00a9","article_modified_time":"2022-03-13T19:13:59+00:00","og_image":[{"width":853,"height":1280,"url":"https:\/\/woodinout.net\/wp-content\/uploads\/2020\/06\/wood-pegboard-7x7-1.jpg","type":"image\/jpeg"}],"twitter_card":"summary_large_image","twitter_misc":{"Estimeret l\u00e6setid":"1 minut"},"schema":{"@context":"https:\/\/schema.org","@graph":[{"@type":"WebPage","@id":"https:\/\/woodinout.net\/da\/product\/forskole-gaver-for-born-7x7-trae-pegboard-geoboard\/","url":"https:\/\/woodinout.net\/da\/product\/forskole-gaver-for-born-7x7-trae-pegboard-geoboard\/","name":"7x7 tr\u00e6 geoboard - Woodinout \u00a9 Montessori leget\u00f8j","isPartOf":{"@id":"https:\/\/woodinout.net\/da\/#website"},"datePublished":"2020-06-20T20:16:45+00:00","dateModified":"2022-03-13T19:13:59+00:00","description":"Naturligt tr\u00e6leget\u00f8j er bedst til fantasifuld og kreativ leg. Montessori inspireret Geoboard er netop det! B\u00f8rn l\u00e6rer p\u00e5 en sjov m\u00e5de.","breadcrumb":{"@id":"https:\/\/woodinout.net\/da\/product\/forskole-gaver-for-born-7x7-trae-pegboard-geoboard\/#breadcrumb"},"inLanguage":"da-DK","potentialAction":[{"@type":"ReadAction","target":["https:\/\/woodinout.net\/da\/product\/forskole-gaver-for-born-7x7-trae-pegboard-geoboard\/"]}]},{"@type":"BreadcrumbList","@id":"https:\/\/woodinout.net\/da\/product\/forskole-gaver-for-born-7x7-trae-pegboard-geoboard\/#breadcrumb","itemListElement":[{"@type":"ListItem","position":1,"name":"Home","item":"https:\/\/woodinout.net\/da\/"},{"@type":"ListItem","position":2,"name":"Shop","item":"https:\/\/woodinout.net\/shop\/"},{"@type":"ListItem","position":3,"name":"7&#215;7 tr\u00e6 geoboard"}]},{"@type":"WebSite","@id":"https:\/\/woodinout.net\/da\/#website","url":"https:\/\/woodinout.net\/da\/","name":"Woodinout \u00a9","description":"Wooden Montessori toys, gifts, home and events decor details","potentialAction":[{"@type":"SearchAction","target":{"@type":"EntryPoint","urlTemplate":"https:\/\/woodinout.net\/da\/?s={search_term_string}"},"query-input":"required name=search_term_string"}],"inLanguage":"da-DK"}]}},"_links":{"self":[{"href":"https:\/\/woodinout.net\/da\/wp-json\/wp\/v2\/product\/21627"}],"collection":[{"href":"https:\/\/woodinout.net\/da\/wp-json\/wp\/v2\/product"}],"about":[{"href":"https:\/\/woodinout.net\/da\/wp-json\/wp\/v2\/types\/product"}],"wp:featuredmedia":[{"embeddable":true,"href":"https:\/\/woodinout.net\/da\/wp-json\/wp\/v2\/media\/17261"}],"wp:attachment":[{"href":"https:\/\/woodinout.net\/da\/wp-json\/wp\/v2\/media?parent=21627"}],"wp:term":[{"taxonomy":"product_cat","embeddable":true,"href":"https:\/\/woodinout.net\/da\/wp-json\/wp\/v2\/product_cat?post=21627"},{"taxonomy":"product_tag","embeddable":true,"href":"https:\/\/woodinout.net\/da\/wp-json\/wp\/v2\/product_tag?post=21627"}],"curies":[{"name":"wp","href":"https:\/\/api.w.org\/{rel}","templated":true}]}}