{"id":21625,"date":"2020-06-20T23:23:11","date_gmt":"2020-06-20T20:23:11","guid":{"rendered":"https:\/\/woodinout.net\/product\/1-10-math-manipulatives-board\/"},"modified":"2022-04-22T14:05:24","modified_gmt":"2022-04-22T11:05:24","slug":"montessori-matematik-manipulatives","status":"publish","type":"product","link":"https:\/\/woodinout.net\/da\/product\/montessori-matematik-manipulatives\/","title":{"rendered":"1-10 Math Manipulatives Board"},"content":{"rendered":"<p>Montessori matematiske manipulatives skabt for at g\u00f8re det lettere for b\u00f8rn at l\u00e6re tal og t\u00e6lle 1 -10. L\u00e6ring leget\u00f8j er stadig LEGET\u00d8J til b\u00f8rn, og Waldorf leget\u00f8j er de bedste homeschool hj\u00e6lpere. Tr\u00e6 numre indgraveret p\u00e5 bunden og oven p\u00e5 dem har vi gode steder at s\u00e6tte tr\u00e6 nummer perler.<br \/>\nS\u00e6ttet indeholder:<br \/>\nTr\u00e6t\u00e6llingsbakke<br \/>\n60 stk. af t\u00e6lle perler (0,05 inches dia)<br \/>\nTr\u00e6blyant<\/p>\n<p>Vi har flere gaver til b\u00f8rn i b\u00f8rnehaven, tjek vores butik p\u00e5 etsy.com\/shop\/woodinout<\/p>\n<p>DIMENSIONER<br \/>\nH\u00f8jde:~7,9 tommer<br \/>\nL\u00e6ngde:~13 tommer<br \/>\nTykkelse: ~0,6 tommer<\/p>\n<p>FARVER OG MATERIALE<br \/>\nFarve: naturlig eller brun olieret.<br \/>\nLeget\u00f8jet er lavet af naturligt massivt tr\u00e6.<br \/>\nBem\u00e6rk, at farverne kan variere p\u00e5 grund af indstillinger for computersk\u00e6rm og lettelse.<\/p>\n","protected":false},"excerpt":{"rendered":"<p>Montessori matematiske manipulatives skabt for at g\u00f8re det lettere for b\u00f8rn at l\u00e6re tal og t\u00e6lle 1 -10. L\u00e6ring leget\u00f8j er stadig LEGET\u00d8J til b\u00f8rn, og Waldorf leget\u00f8j er de bedste homeschool hj\u00e6lpere. Tr\u00e6 numre indgraveret p\u00e5 bunden og oven p\u00e5 dem har vi gode steder at s\u00e6tte tr\u00e6 nummer perler. S\u00e6ttet indeholder: Tr\u00e6t\u00e6llingsbakke 60 [&hellip;]<\/p>\n","protected":false},"featured_media":17285,"template":"","meta":{"_monsterinsights_skip_tracking":false,"_monsterinsights_sitenote_active":false,"_monsterinsights_sitenote_note":"","_monsterinsights_sitenote_category":0},"product_cat":[1431,1647],"product_tag":[1488,1483,1439,1479,1672,1667,1498,1472,1675,1452,1460,2182,1858,2183],"yoast_head":"<!-- This site is optimized with the Yoast SEO plugin v22.1 - https:\/\/yoast.com\/wordpress\/plugins\/seo\/ -->\n<title>1-10 Math Manipulatives Board - Woodinout \u00a9 Montessori leget\u00f8j<\/title>\n<meta name=\"description\" content=\"Ti rammeplader, h\u00e5ndlavet af tr\u00e6, er et svar p\u00e5 sjov matematik l\u00e6ring. Montessori matematik manipulatives skabt som leget\u00f8j til sjov b\u00f8rn uddannelse.\" \/>\n<meta name=\"robots\" content=\"index, follow, max-snippet:-1, max-image-preview:large, max-video-preview:-1\" \/>\n<link rel=\"canonical\" href=\"https:\/\/woodinout.net\/da\/product\/montessori-matematik-manipulatives\/\" \/>\n<meta property=\"og:locale\" content=\"da_DK\" \/>\n<meta property=\"og:type\" content=\"article\" \/>\n<meta property=\"og:title\" content=\"1-10 Math Manipulatives Board - Woodinout \u00a9 Montessori leget\u00f8j\" \/>\n<meta property=\"og:description\" content=\"Ti rammeplader, h\u00e5ndlavet af tr\u00e6, er et svar p\u00e5 sjov matematik l\u00e6ring. Montessori matematik manipulatives skabt som leget\u00f8j til sjov b\u00f8rn uddannelse.\" \/>\n<meta property=\"og:url\" content=\"https:\/\/woodinout.net\/da\/product\/montessori-matematik-manipulatives\/\" \/>\n<meta property=\"og:site_name\" content=\"Woodinout \u00a9\" \/>\n<meta property=\"article:modified_time\" content=\"2022-04-22T11:05:24+00:00\" \/>\n<meta property=\"og:image\" content=\"https:\/\/woodinout.net\/wp-content\/uploads\/2020\/06\/Montessori-math-manipulatives-1.jpg\" \/>\n\t<meta property=\"og:image:width\" content=\"853\" \/>\n\t<meta property=\"og:image:height\" content=\"1280\" \/>\n\t<meta property=\"og:image:type\" content=\"image\/jpeg\" \/>\n<meta name=\"twitter:card\" content=\"summary_large_image\" \/>\n<meta name=\"twitter:label1\" content=\"Estimeret l\u00e6setid\" \/>\n\t<meta name=\"twitter:data1\" content=\"1 minut\" \/>\n<script type=\"application\/ld+json\" class=\"yoast-schema-graph\">{\"@context\":\"https:\/\/schema.org\",\"@graph\":[{\"@type\":\"WebPage\",\"@id\":\"https:\/\/woodinout.net\/da\/product\/montessori-matematik-manipulatives\/\",\"url\":\"https:\/\/woodinout.net\/da\/product\/montessori-matematik-manipulatives\/\",\"name\":\"1-10 Math Manipulatives Board - Woodinout \u00a9 Montessori leget\u00f8j\",\"isPartOf\":{\"@id\":\"https:\/\/woodinout.net\/da\/#website\"},\"datePublished\":\"2020-06-20T20:23:11+00:00\",\"dateModified\":\"2022-04-22T11:05:24+00:00\",\"description\":\"Ti rammeplader, h\u00e5ndlavet af tr\u00e6, er et svar p\u00e5 sjov matematik l\u00e6ring. Montessori matematik manipulatives skabt som leget\u00f8j til sjov b\u00f8rn uddannelse.\",\"breadcrumb\":{\"@id\":\"https:\/\/woodinout.net\/da\/product\/montessori-matematik-manipulatives\/#breadcrumb\"},\"inLanguage\":\"da-DK\",\"potentialAction\":[{\"@type\":\"ReadAction\",\"target\":[\"https:\/\/woodinout.net\/da\/product\/montessori-matematik-manipulatives\/\"]}]},{\"@type\":\"BreadcrumbList\",\"@id\":\"https:\/\/woodinout.net\/da\/product\/montessori-matematik-manipulatives\/#breadcrumb\",\"itemListElement\":[{\"@type\":\"ListItem\",\"position\":1,\"name\":\"Home\",\"item\":\"https:\/\/woodinout.net\/da\/\"},{\"@type\":\"ListItem\",\"position\":2,\"name\":\"Shop\",\"item\":\"https:\/\/woodinout.net\/shop\/\"},{\"@type\":\"ListItem\",\"position\":3,\"name\":\"1-10 Math Manipulatives Board\"}]},{\"@type\":\"WebSite\",\"@id\":\"https:\/\/woodinout.net\/da\/#website\",\"url\":\"https:\/\/woodinout.net\/da\/\",\"name\":\"Woodinout \u00a9\",\"description\":\"Wooden Montessori toys, gifts, home and events decor details\",\"potentialAction\":[{\"@type\":\"SearchAction\",\"target\":{\"@type\":\"EntryPoint\",\"urlTemplate\":\"https:\/\/woodinout.net\/da\/?s={search_term_string}\"},\"query-input\":\"required name=search_term_string\"}],\"inLanguage\":\"da-DK\"}]}<\/script>\n<!-- \/ Yoast SEO plugin. -->","yoast_head_json":{"title":"1-10 Math Manipulatives Board - Woodinout \u00a9 Montessori leget\u00f8j","description":"Ti rammeplader, h\u00e5ndlavet af tr\u00e6, er et svar p\u00e5 sjov matematik l\u00e6ring. Montessori matematik manipulatives skabt som leget\u00f8j til sjov b\u00f8rn uddannelse.","robots":{"index":"index","follow":"follow","max-snippet":"max-snippet:-1","max-image-preview":"max-image-preview:large","max-video-preview":"max-video-preview:-1"},"canonical":"https:\/\/woodinout.net\/da\/product\/montessori-matematik-manipulatives\/","og_locale":"da_DK","og_type":"article","og_title":"1-10 Math Manipulatives Board - Woodinout \u00a9 Montessori leget\u00f8j","og_description":"Ti rammeplader, h\u00e5ndlavet af tr\u00e6, er et svar p\u00e5 sjov matematik l\u00e6ring. Montessori matematik manipulatives skabt som leget\u00f8j til sjov b\u00f8rn uddannelse.","og_url":"https:\/\/woodinout.net\/da\/product\/montessori-matematik-manipulatives\/","og_site_name":"Woodinout \u00a9","article_modified_time":"2022-04-22T11:05:24+00:00","og_image":[{"width":853,"height":1280,"url":"https:\/\/woodinout.net\/wp-content\/uploads\/2020\/06\/Montessori-math-manipulatives-1.jpg","type":"image\/jpeg"}],"twitter_card":"summary_large_image","twitter_misc":{"Estimeret l\u00e6setid":"1 minut"},"schema":{"@context":"https:\/\/schema.org","@graph":[{"@type":"WebPage","@id":"https:\/\/woodinout.net\/da\/product\/montessori-matematik-manipulatives\/","url":"https:\/\/woodinout.net\/da\/product\/montessori-matematik-manipulatives\/","name":"1-10 Math Manipulatives Board - Woodinout \u00a9 Montessori leget\u00f8j","isPartOf":{"@id":"https:\/\/woodinout.net\/da\/#website"},"datePublished":"2020-06-20T20:23:11+00:00","dateModified":"2022-04-22T11:05:24+00:00","description":"Ti rammeplader, h\u00e5ndlavet af tr\u00e6, er et svar p\u00e5 sjov matematik l\u00e6ring. Montessori matematik manipulatives skabt som leget\u00f8j til sjov b\u00f8rn uddannelse.","breadcrumb":{"@id":"https:\/\/woodinout.net\/da\/product\/montessori-matematik-manipulatives\/#breadcrumb"},"inLanguage":"da-DK","potentialAction":[{"@type":"ReadAction","target":["https:\/\/woodinout.net\/da\/product\/montessori-matematik-manipulatives\/"]}]},{"@type":"BreadcrumbList","@id":"https:\/\/woodinout.net\/da\/product\/montessori-matematik-manipulatives\/#breadcrumb","itemListElement":[{"@type":"ListItem","position":1,"name":"Home","item":"https:\/\/woodinout.net\/da\/"},{"@type":"ListItem","position":2,"name":"Shop","item":"https:\/\/woodinout.net\/shop\/"},{"@type":"ListItem","position":3,"name":"1-10 Math Manipulatives Board"}]},{"@type":"WebSite","@id":"https:\/\/woodinout.net\/da\/#website","url":"https:\/\/woodinout.net\/da\/","name":"Woodinout \u00a9","description":"Wooden Montessori toys, gifts, home and events decor details","potentialAction":[{"@type":"SearchAction","target":{"@type":"EntryPoint","urlTemplate":"https:\/\/woodinout.net\/da\/?s={search_term_string}"},"query-input":"required name=search_term_string"}],"inLanguage":"da-DK"}]}},"_links":{"self":[{"href":"https:\/\/woodinout.net\/da\/wp-json\/wp\/v2\/product\/21625"}],"collection":[{"href":"https:\/\/woodinout.net\/da\/wp-json\/wp\/v2\/product"}],"about":[{"href":"https:\/\/woodinout.net\/da\/wp-json\/wp\/v2\/types\/product"}],"wp:featuredmedia":[{"embeddable":true,"href":"https:\/\/woodinout.net\/da\/wp-json\/wp\/v2\/media\/17285"}],"wp:attachment":[{"href":"https:\/\/woodinout.net\/da\/wp-json\/wp\/v2\/media?parent=21625"}],"wp:term":[{"taxonomy":"product_cat","embeddable":true,"href":"https:\/\/woodinout.net\/da\/wp-json\/wp\/v2\/product_cat?post=21625"},{"taxonomy":"product_tag","embeddable":true,"href":"https:\/\/woodinout.net\/da\/wp-json\/wp\/v2\/product_tag?post=21625"}],"curies":[{"name":"wp","href":"https:\/\/api.w.org\/{rel}","templated":true}]}}