{"id":21622,"date":"2020-06-20T23:45:09","date_gmt":"2020-06-20T20:45:09","guid":{"rendered":"https:\/\/woodinout.net\/product\/trae-bueskydning-legetoej-bue-og-pile\/"},"modified":"2022-04-28T10:25:42","modified_gmt":"2022-04-28T07:25:42","slug":"trae-bueskydning-bue-og-pile","status":"publish","type":"product","link":"https:\/\/woodinout.net\/da\/product\/trae-bueskydning-bue-og-pile\/","title":{"rendered":"Tr\u00e6 bueskydning leget\u00f8j, bue og pile"},"content":{"rendered":"<p>Tr\u00e6 bueskydning leget\u00f8j med bue og farverige pile skabt til at v\u00e6re v\u00e6rdifuld personlig toddler gave. Waldorf leget\u00f8j er nummer et kendt for deres foregive spille &amp;udend\u00f8rs spil. Disse tr\u00e6 bue og pile er inspireret af det. Sjov l\u00e6ring er det n\u00f8jagtige form\u00e5l med dette bueskydningss\u00e6t. Tr\u00e6leget\u00f8j er i disse dage svar p\u00e5 unikke drenge og piger gaver. Holdbar, stilfuld og jordvenlig. Tr\u00e6 bueskydning bue og pil er ikke kun en af de mest sjove fantasifulde leg, men ogs\u00e5 stilfulde b\u00f8rn v\u00e6relse indretning tilf\u00f8jelse.<\/p>\n<p>Find flere Gaveid\u00e9er <a href=\"https:\/\/woodinout.net\/product-tag\/gifts-for-18-month-old\/\">til sm\u00e5b\u00f8rn her<\/a>.<\/p>\n<p>S\u00e6ttet indeholder:<br \/>\nTr\u00e6bue<br \/>\n5 stk. af tr\u00e6pile<\/p>\n<p>DIMENSIONER:<\/p>\n<p>H\u00f8jde: ~45 cm<br \/>\nTykkelse: ~1,5 cm<\/p>\n<p>FARVER OG MATERIALER:<br \/>\nFarve: naturlig eller brun olieret.<br \/>\nMateriale: Leget\u00f8jet er lavet af naturligt massivt h\u00e5rdttr\u00e6.<br \/>\nBem\u00e6rk, at farverne kan variere p\u00e5 grund af indstillinger for computersk\u00e6rm og lettelse.<\/p>\n<p>For flere ideer, f\u00f8lg os p\u00e5 <a href=\"https:\/\/www.instagram.com\/woodinout\/\">INSTAGRAM<\/a> &amp; <a href=\"https:\/\/www.facebook.com\/Woodinout.net\">FACEBOOK<\/a><\/p>\n","protected":false},"excerpt":{"rendered":"<p>Tr\u00e6 bueskydning leget\u00f8j med bue og farverige pile skabt til at v\u00e6re v\u00e6rdifuld personlig toddler gave. Waldorf leget\u00f8j er nummer et kendt for deres foregive spille &amp;udend\u00f8rs spil. Disse tr\u00e6 bue og pile er inspireret af det. Sjov l\u00e6ring er det n\u00f8jagtige form\u00e5l med dette bueskydningss\u00e6t. Tr\u00e6leget\u00f8j er i disse dage svar p\u00e5 unikke drenge [&hellip;]<\/p>\n","protected":false},"featured_media":17437,"template":"","meta":{"_monsterinsights_skip_tracking":false,"_monsterinsights_sitenote_active":false,"_monsterinsights_sitenote_note":"","_monsterinsights_sitenote_category":0},"product_cat":[2229,1431],"product_tag":[2231,2232,1488,1483,1515,1522,1439,2230,1479,1472,1452,1460],"yoast_head":"<!-- This site is optimized with the Yoast SEO plugin v22.1 - https:\/\/yoast.com\/wordpress\/plugins\/seo\/ -->\n<title>Tr\u00e6 bueskydning leget\u00f8j, bue og pile - Woodinout \u00a9<\/title>\n<meta name=\"description\" content=\"Tr\u00e6 bue og pile - b\u00f8rn bueskydning leget\u00f8j s\u00e6t til foregive spille. Personlig gave til sm\u00e5b\u00f8rn. Naturligt, holdbart, Waldorf inspireret leget\u00f8j.\" \/>\n<meta name=\"robots\" content=\"index, follow, max-snippet:-1, max-image-preview:large, max-video-preview:-1\" \/>\n<link rel=\"canonical\" href=\"https:\/\/woodinout.net\/da\/product\/trae-bueskydning-bue-og-pile\/\" \/>\n<meta property=\"og:locale\" content=\"da_DK\" \/>\n<meta property=\"og:type\" content=\"article\" \/>\n<meta property=\"og:title\" content=\"Tr\u00e6 bueskydning leget\u00f8j, bue og pile - Woodinout \u00a9\" \/>\n<meta property=\"og:description\" content=\"Tr\u00e6 bue og pile - b\u00f8rn bueskydning leget\u00f8j s\u00e6t til foregive spille. Personlig gave til sm\u00e5b\u00f8rn. Naturligt, holdbart, Waldorf inspireret leget\u00f8j.\" \/>\n<meta property=\"og:url\" content=\"https:\/\/woodinout.net\/da\/product\/trae-bueskydning-bue-og-pile\/\" \/>\n<meta property=\"og:site_name\" content=\"Woodinout \u00a9\" \/>\n<meta property=\"article:modified_time\" content=\"2022-04-28T07:25:42+00:00\" \/>\n<meta property=\"og:image\" content=\"https:\/\/woodinout.net\/wp-content\/uploads\/2020\/06\/Wooden-archery-bow-and-arrows-3.jpg\" \/>\n\t<meta property=\"og:image:width\" content=\"853\" \/>\n\t<meta property=\"og:image:height\" content=\"1280\" \/>\n\t<meta property=\"og:image:type\" content=\"image\/jpeg\" \/>\n<meta name=\"twitter:card\" content=\"summary_large_image\" \/>\n<meta name=\"twitter:label1\" content=\"Estimeret l\u00e6setid\" \/>\n\t<meta name=\"twitter:data1\" content=\"1 minut\" \/>\n<script type=\"application\/ld+json\" class=\"yoast-schema-graph\">{\"@context\":\"https:\/\/schema.org\",\"@graph\":[{\"@type\":\"WebPage\",\"@id\":\"https:\/\/woodinout.net\/da\/product\/trae-bueskydning-bue-og-pile\/\",\"url\":\"https:\/\/woodinout.net\/da\/product\/trae-bueskydning-bue-og-pile\/\",\"name\":\"Tr\u00e6 bueskydning leget\u00f8j, bue og pile - Woodinout \u00a9\",\"isPartOf\":{\"@id\":\"https:\/\/woodinout.net\/da\/#website\"},\"datePublished\":\"2020-06-20T20:45:09+00:00\",\"dateModified\":\"2022-04-28T07:25:42+00:00\",\"description\":\"Tr\u00e6 bue og pile - b\u00f8rn bueskydning leget\u00f8j s\u00e6t til foregive spille. Personlig gave til sm\u00e5b\u00f8rn. Naturligt, holdbart, Waldorf inspireret leget\u00f8j.\",\"breadcrumb\":{\"@id\":\"https:\/\/woodinout.net\/da\/product\/trae-bueskydning-bue-og-pile\/#breadcrumb\"},\"inLanguage\":\"da-DK\",\"potentialAction\":[{\"@type\":\"ReadAction\",\"target\":[\"https:\/\/woodinout.net\/da\/product\/trae-bueskydning-bue-og-pile\/\"]}]},{\"@type\":\"BreadcrumbList\",\"@id\":\"https:\/\/woodinout.net\/da\/product\/trae-bueskydning-bue-og-pile\/#breadcrumb\",\"itemListElement\":[{\"@type\":\"ListItem\",\"position\":1,\"name\":\"Home\",\"item\":\"https:\/\/woodinout.net\/da\/\"},{\"@type\":\"ListItem\",\"position\":2,\"name\":\"Shop\",\"item\":\"https:\/\/woodinout.net\/shop\/\"},{\"@type\":\"ListItem\",\"position\":3,\"name\":\"Tr\u00e6 bueskydning leget\u00f8j, bue og pile\"}]},{\"@type\":\"WebSite\",\"@id\":\"https:\/\/woodinout.net\/da\/#website\",\"url\":\"https:\/\/woodinout.net\/da\/\",\"name\":\"Woodinout \u00a9\",\"description\":\"Wooden Montessori toys, gifts, home and events decor details\",\"potentialAction\":[{\"@type\":\"SearchAction\",\"target\":{\"@type\":\"EntryPoint\",\"urlTemplate\":\"https:\/\/woodinout.net\/da\/?s={search_term_string}\"},\"query-input\":\"required name=search_term_string\"}],\"inLanguage\":\"da-DK\"}]}<\/script>\n<!-- \/ Yoast SEO plugin. -->","yoast_head_json":{"title":"Tr\u00e6 bueskydning leget\u00f8j, bue og pile - Woodinout \u00a9","description":"Tr\u00e6 bue og pile - b\u00f8rn bueskydning leget\u00f8j s\u00e6t til foregive spille. Personlig gave til sm\u00e5b\u00f8rn. Naturligt, holdbart, Waldorf inspireret leget\u00f8j.","robots":{"index":"index","follow":"follow","max-snippet":"max-snippet:-1","max-image-preview":"max-image-preview:large","max-video-preview":"max-video-preview:-1"},"canonical":"https:\/\/woodinout.net\/da\/product\/trae-bueskydning-bue-og-pile\/","og_locale":"da_DK","og_type":"article","og_title":"Tr\u00e6 bueskydning leget\u00f8j, bue og pile - Woodinout \u00a9","og_description":"Tr\u00e6 bue og pile - b\u00f8rn bueskydning leget\u00f8j s\u00e6t til foregive spille. Personlig gave til sm\u00e5b\u00f8rn. Naturligt, holdbart, Waldorf inspireret leget\u00f8j.","og_url":"https:\/\/woodinout.net\/da\/product\/trae-bueskydning-bue-og-pile\/","og_site_name":"Woodinout \u00a9","article_modified_time":"2022-04-28T07:25:42+00:00","og_image":[{"width":853,"height":1280,"url":"https:\/\/woodinout.net\/wp-content\/uploads\/2020\/06\/Wooden-archery-bow-and-arrows-3.jpg","type":"image\/jpeg"}],"twitter_card":"summary_large_image","twitter_misc":{"Estimeret l\u00e6setid":"1 minut"},"schema":{"@context":"https:\/\/schema.org","@graph":[{"@type":"WebPage","@id":"https:\/\/woodinout.net\/da\/product\/trae-bueskydning-bue-og-pile\/","url":"https:\/\/woodinout.net\/da\/product\/trae-bueskydning-bue-og-pile\/","name":"Tr\u00e6 bueskydning leget\u00f8j, bue og pile - Woodinout \u00a9","isPartOf":{"@id":"https:\/\/woodinout.net\/da\/#website"},"datePublished":"2020-06-20T20:45:09+00:00","dateModified":"2022-04-28T07:25:42+00:00","description":"Tr\u00e6 bue og pile - b\u00f8rn bueskydning leget\u00f8j s\u00e6t til foregive spille. Personlig gave til sm\u00e5b\u00f8rn. Naturligt, holdbart, Waldorf inspireret leget\u00f8j.","breadcrumb":{"@id":"https:\/\/woodinout.net\/da\/product\/trae-bueskydning-bue-og-pile\/#breadcrumb"},"inLanguage":"da-DK","potentialAction":[{"@type":"ReadAction","target":["https:\/\/woodinout.net\/da\/product\/trae-bueskydning-bue-og-pile\/"]}]},{"@type":"BreadcrumbList","@id":"https:\/\/woodinout.net\/da\/product\/trae-bueskydning-bue-og-pile\/#breadcrumb","itemListElement":[{"@type":"ListItem","position":1,"name":"Home","item":"https:\/\/woodinout.net\/da\/"},{"@type":"ListItem","position":2,"name":"Shop","item":"https:\/\/woodinout.net\/shop\/"},{"@type":"ListItem","position":3,"name":"Tr\u00e6 bueskydning leget\u00f8j, bue og pile"}]},{"@type":"WebSite","@id":"https:\/\/woodinout.net\/da\/#website","url":"https:\/\/woodinout.net\/da\/","name":"Woodinout \u00a9","description":"Wooden Montessori toys, gifts, home and events decor details","potentialAction":[{"@type":"SearchAction","target":{"@type":"EntryPoint","urlTemplate":"https:\/\/woodinout.net\/da\/?s={search_term_string}"},"query-input":"required name=search_term_string"}],"inLanguage":"da-DK"}]}},"_links":{"self":[{"href":"https:\/\/woodinout.net\/da\/wp-json\/wp\/v2\/product\/21622"}],"collection":[{"href":"https:\/\/woodinout.net\/da\/wp-json\/wp\/v2\/product"}],"about":[{"href":"https:\/\/woodinout.net\/da\/wp-json\/wp\/v2\/types\/product"}],"wp:featuredmedia":[{"embeddable":true,"href":"https:\/\/woodinout.net\/da\/wp-json\/wp\/v2\/media\/17437"}],"wp:attachment":[{"href":"https:\/\/woodinout.net\/da\/wp-json\/wp\/v2\/media?parent=21622"}],"wp:term":[{"taxonomy":"product_cat","embeddable":true,"href":"https:\/\/woodinout.net\/da\/wp-json\/wp\/v2\/product_cat?post=21622"},{"taxonomy":"product_tag","embeddable":true,"href":"https:\/\/woodinout.net\/da\/wp-json\/wp\/v2\/product_tag?post=21622"}],"curies":[{"name":"wp","href":"https:\/\/api.w.org\/{rel}","templated":true}]}}