{"id":21621,"date":"2020-06-20T23:32:45","date_gmt":"2020-06-20T20:32:45","guid":{"rendered":"https:\/\/woodinout.net\/product\/1x5-tal-og-taellebakke\/"},"modified":"2022-04-25T09:54:28","modified_gmt":"2022-04-25T06:54:28","slug":"tal-og-taelle-bakke","status":"publish","type":"product","link":"https:\/\/woodinout.net\/da\/product\/tal-og-taelle-bakke\/","title":{"rendered":"1&#215;5 Tal og t\u00e6llebakke"},"content":{"rendered":"<p>Denne Tal og t\u00e6lle bakke er skabt til at blive brugt p\u00e5 mange m\u00e5der: Lad det v\u00e6re unikke Montessori matematikl\u00e6rer gaver, bare tilf\u00f8je indgraveret tekst p\u00e5 bagsiden og her du g\u00e5r &#8211; det bliver personlig gave.<br \/>\nL\u00e6ring leget\u00f8j er stadig LEGET\u00d8J til b\u00f8rn, og Waldorf leget\u00f8j som disse matematiske manipulatives er de bedste homeschool hj\u00e6lpere. T\u00e6lle bakke har et sted at s\u00e6tte t\u00e6lle perler i og p\u00e5 toppen har vi tr\u00e6 numre indgraveret p\u00e5 blokke. Multiplikationsperler er tr\u00e6, derfor milj\u00f8venlig og ikke giftig. Dette tr\u00e6leget\u00f8j er ikke kun flot (det kan v\u00e6re perfekt matematik klassev\u00e6relse indretning), men ogs\u00e5 meget v\u00e6rdifuld i b\u00f8rnehave eller b\u00f8rnehave, n\u00e5r de anvendes som en af ith b\u00f8rn aktiviteter. L\u00e6ring er sjovt og stilfuldt med Woodinout.<\/p>\n<p>S\u00e6ttet indeholder:<br \/>\nT\u00e6llebakke<br \/>\n60 stk. af t\u00e6lle perler (0,05 inches dia)<\/p>\n<p>Du kan v\u00e6lge mellem 2 INDSTILLINGER:<br \/>\nA: 20 stk. tr\u00e6 krydsfiner talkort og 3 symboler (-+=), dimension: ~ 1,8 x 1,8 inches, tykkelse ~ 0,12 inches<br \/>\nB: 20 stk. NATURLIGE TR\u00c6 tal blokke og 3 symboler (-+=), dimension: ~ 1,8 x 1,8 inches, tykkelse ~ 0,6 inches<\/p>\n<p>BOARD DIMENSIONER<br \/>\nL\u00e6ngde: ~11,4 tommer<br \/>\nH\u00f8jde: ~6,7 tommer<br \/>\nTykkelse: ~0,6 tommer<\/p>\n<p>FARVER OG MATERIALE<br \/>\nFarve: naturlig eller brun olieret.<br \/>\nLeget\u00f8jet er lavet af naturligt massivt tr\u00e6.<br \/>\nBem\u00e6rk, at farverne kan variere p\u00e5 grund af indstillinger for computersk\u00e6rm og lettelse.<\/p>\n","protected":false},"excerpt":{"rendered":"<p>Denne Tal og t\u00e6lle bakke er skabt til at blive brugt p\u00e5 mange m\u00e5der: Lad det v\u00e6re unikke Montessori matematikl\u00e6rer gaver, bare tilf\u00f8je indgraveret tekst p\u00e5 bagsiden og her du g\u00e5r &#8211; det bliver personlig gave. L\u00e6ring leget\u00f8j er stadig LEGET\u00d8J til b\u00f8rn, og Waldorf leget\u00f8j som disse matematiske manipulatives er de bedste homeschool hj\u00e6lpere. [&hellip;]<\/p>\n","protected":false},"featured_media":17373,"template":"","meta":{"_monsterinsights_skip_tracking":false,"_monsterinsights_sitenote_active":false,"_monsterinsights_sitenote_note":"","_monsterinsights_sitenote_category":0},"product_cat":[1431,1647],"product_tag":[1488,1483,1439,1479,1672,1667,1498,1472,1675,1452,1460,1858],"yoast_head":"<!-- This site is optimized with the Yoast SEO plugin v22.1 - https:\/\/yoast.com\/wordpress\/plugins\/seo\/ -->\n<title>1x5 Tal og t\u00e6llebakke - Woodinout \u00a9 Tr\u00e6leget\u00f8j<\/title>\n<meta name=\"description\" content=\"L\u00e6r, Spil, Sort, Count - Montessori matematik materiale Tr\u00e6t\u00e6lling bakke - Langvarig, Naturlig, Personlig - perfekt b\u00f8rn gaver.\" \/>\n<meta name=\"robots\" content=\"index, follow, max-snippet:-1, max-image-preview:large, max-video-preview:-1\" \/>\n<link rel=\"canonical\" href=\"https:\/\/woodinout.net\/da\/product\/tal-og-taelle-bakke\/\" \/>\n<meta property=\"og:locale\" content=\"da_DK\" \/>\n<meta property=\"og:type\" content=\"article\" \/>\n<meta property=\"og:title\" content=\"1x5 Tal og t\u00e6llebakke - Woodinout \u00a9 Tr\u00e6leget\u00f8j\" \/>\n<meta property=\"og:description\" content=\"L\u00e6r, Spil, Sort, Count - Montessori matematik materiale Tr\u00e6t\u00e6lling bakke - Langvarig, Naturlig, Personlig - perfekt b\u00f8rn gaver.\" \/>\n<meta property=\"og:url\" content=\"https:\/\/woodinout.net\/da\/product\/tal-og-taelle-bakke\/\" \/>\n<meta property=\"og:site_name\" content=\"Woodinout \u00a9\" \/>\n<meta property=\"article:modified_time\" content=\"2022-04-25T06:54:28+00:00\" \/>\n<meta property=\"og:image\" content=\"https:\/\/woodinout.net\/wp-content\/uploads\/2020\/06\/Numbers-and-Counting-tray-3.jpg\" \/>\n\t<meta property=\"og:image:width\" content=\"853\" \/>\n\t<meta property=\"og:image:height\" content=\"1280\" \/>\n\t<meta property=\"og:image:type\" content=\"image\/jpeg\" \/>\n<meta name=\"twitter:card\" content=\"summary_large_image\" \/>\n<meta name=\"twitter:label1\" content=\"Estimeret l\u00e6setid\" \/>\n\t<meta name=\"twitter:data1\" content=\"1 minut\" \/>\n<script type=\"application\/ld+json\" class=\"yoast-schema-graph\">{\"@context\":\"https:\/\/schema.org\",\"@graph\":[{\"@type\":\"WebPage\",\"@id\":\"https:\/\/woodinout.net\/da\/product\/tal-og-taelle-bakke\/\",\"url\":\"https:\/\/woodinout.net\/da\/product\/tal-og-taelle-bakke\/\",\"name\":\"1x5 Tal og t\u00e6llebakke - Woodinout \u00a9 Tr\u00e6leget\u00f8j\",\"isPartOf\":{\"@id\":\"https:\/\/woodinout.net\/da\/#website\"},\"datePublished\":\"2020-06-20T20:32:45+00:00\",\"dateModified\":\"2022-04-25T06:54:28+00:00\",\"description\":\"L\u00e6r, Spil, Sort, Count - Montessori matematik materiale Tr\u00e6t\u00e6lling bakke - Langvarig, Naturlig, Personlig - perfekt b\u00f8rn gaver.\",\"breadcrumb\":{\"@id\":\"https:\/\/woodinout.net\/da\/product\/tal-og-taelle-bakke\/#breadcrumb\"},\"inLanguage\":\"da-DK\",\"potentialAction\":[{\"@type\":\"ReadAction\",\"target\":[\"https:\/\/woodinout.net\/da\/product\/tal-og-taelle-bakke\/\"]}]},{\"@type\":\"BreadcrumbList\",\"@id\":\"https:\/\/woodinout.net\/da\/product\/tal-og-taelle-bakke\/#breadcrumb\",\"itemListElement\":[{\"@type\":\"ListItem\",\"position\":1,\"name\":\"Home\",\"item\":\"https:\/\/woodinout.net\/da\/\"},{\"@type\":\"ListItem\",\"position\":2,\"name\":\"Shop\",\"item\":\"https:\/\/woodinout.net\/shop\/\"},{\"@type\":\"ListItem\",\"position\":3,\"name\":\"1&#215;5 Tal og t\u00e6llebakke\"}]},{\"@type\":\"WebSite\",\"@id\":\"https:\/\/woodinout.net\/da\/#website\",\"url\":\"https:\/\/woodinout.net\/da\/\",\"name\":\"Woodinout \u00a9\",\"description\":\"Wooden Montessori toys, gifts, home and events decor details\",\"potentialAction\":[{\"@type\":\"SearchAction\",\"target\":{\"@type\":\"EntryPoint\",\"urlTemplate\":\"https:\/\/woodinout.net\/da\/?s={search_term_string}\"},\"query-input\":\"required name=search_term_string\"}],\"inLanguage\":\"da-DK\"}]}<\/script>\n<!-- \/ Yoast SEO plugin. -->","yoast_head_json":{"title":"1x5 Tal og t\u00e6llebakke - Woodinout \u00a9 Tr\u00e6leget\u00f8j","description":"L\u00e6r, Spil, Sort, Count - Montessori matematik materiale Tr\u00e6t\u00e6lling bakke - Langvarig, Naturlig, Personlig - perfekt b\u00f8rn gaver.","robots":{"index":"index","follow":"follow","max-snippet":"max-snippet:-1","max-image-preview":"max-image-preview:large","max-video-preview":"max-video-preview:-1"},"canonical":"https:\/\/woodinout.net\/da\/product\/tal-og-taelle-bakke\/","og_locale":"da_DK","og_type":"article","og_title":"1x5 Tal og t\u00e6llebakke - Woodinout \u00a9 Tr\u00e6leget\u00f8j","og_description":"L\u00e6r, Spil, Sort, Count - Montessori matematik materiale Tr\u00e6t\u00e6lling bakke - Langvarig, Naturlig, Personlig - perfekt b\u00f8rn gaver.","og_url":"https:\/\/woodinout.net\/da\/product\/tal-og-taelle-bakke\/","og_site_name":"Woodinout \u00a9","article_modified_time":"2022-04-25T06:54:28+00:00","og_image":[{"width":853,"height":1280,"url":"https:\/\/woodinout.net\/wp-content\/uploads\/2020\/06\/Numbers-and-Counting-tray-3.jpg","type":"image\/jpeg"}],"twitter_card":"summary_large_image","twitter_misc":{"Estimeret l\u00e6setid":"1 minut"},"schema":{"@context":"https:\/\/schema.org","@graph":[{"@type":"WebPage","@id":"https:\/\/woodinout.net\/da\/product\/tal-og-taelle-bakke\/","url":"https:\/\/woodinout.net\/da\/product\/tal-og-taelle-bakke\/","name":"1x5 Tal og t\u00e6llebakke - Woodinout \u00a9 Tr\u00e6leget\u00f8j","isPartOf":{"@id":"https:\/\/woodinout.net\/da\/#website"},"datePublished":"2020-06-20T20:32:45+00:00","dateModified":"2022-04-25T06:54:28+00:00","description":"L\u00e6r, Spil, Sort, Count - Montessori matematik materiale Tr\u00e6t\u00e6lling bakke - Langvarig, Naturlig, Personlig - perfekt b\u00f8rn gaver.","breadcrumb":{"@id":"https:\/\/woodinout.net\/da\/product\/tal-og-taelle-bakke\/#breadcrumb"},"inLanguage":"da-DK","potentialAction":[{"@type":"ReadAction","target":["https:\/\/woodinout.net\/da\/product\/tal-og-taelle-bakke\/"]}]},{"@type":"BreadcrumbList","@id":"https:\/\/woodinout.net\/da\/product\/tal-og-taelle-bakke\/#breadcrumb","itemListElement":[{"@type":"ListItem","position":1,"name":"Home","item":"https:\/\/woodinout.net\/da\/"},{"@type":"ListItem","position":2,"name":"Shop","item":"https:\/\/woodinout.net\/shop\/"},{"@type":"ListItem","position":3,"name":"1&#215;5 Tal og t\u00e6llebakke"}]},{"@type":"WebSite","@id":"https:\/\/woodinout.net\/da\/#website","url":"https:\/\/woodinout.net\/da\/","name":"Woodinout \u00a9","description":"Wooden Montessori toys, gifts, home and events decor details","potentialAction":[{"@type":"SearchAction","target":{"@type":"EntryPoint","urlTemplate":"https:\/\/woodinout.net\/da\/?s={search_term_string}"},"query-input":"required name=search_term_string"}],"inLanguage":"da-DK"}]}},"_links":{"self":[{"href":"https:\/\/woodinout.net\/da\/wp-json\/wp\/v2\/product\/21621"}],"collection":[{"href":"https:\/\/woodinout.net\/da\/wp-json\/wp\/v2\/product"}],"about":[{"href":"https:\/\/woodinout.net\/da\/wp-json\/wp\/v2\/types\/product"}],"wp:featuredmedia":[{"embeddable":true,"href":"https:\/\/woodinout.net\/da\/wp-json\/wp\/v2\/media\/17373"}],"wp:attachment":[{"href":"https:\/\/woodinout.net\/da\/wp-json\/wp\/v2\/media?parent=21621"}],"wp:term":[{"taxonomy":"product_cat","embeddable":true,"href":"https:\/\/woodinout.net\/da\/wp-json\/wp\/v2\/product_cat?post=21621"},{"taxonomy":"product_tag","embeddable":true,"href":"https:\/\/woodinout.net\/da\/wp-json\/wp\/v2\/product_tag?post=21621"}],"curies":[{"name":"wp","href":"https:\/\/api.w.org\/{rel}","templated":true}]}}