{"id":21617,"date":"2020-06-20T23:52:42","date_gmt":"2020-06-20T20:52:42","guid":{"rendered":"https:\/\/woodinout.net\/product\/junior-scrabble-bord-familieord\/"},"modified":"2022-04-28T09:40:15","modified_gmt":"2022-04-28T06:40:15","slug":"scrabble-board-med-trae-bogstaver","status":"publish","type":"product","link":"https:\/\/woodinout.net\/da\/product\/scrabble-board-med-trae-bogstaver\/","title":{"rendered":"Junior scrabble bord. Familieord"},"content":{"rendered":"<p>Vi pr\u00e6senterer dig en Scrabble bord med tr\u00e6 bogstaver. Dette scrabble spil er perfekt familie gave til v\u00e6rdifuld familie tid sammen. Tilf\u00f8j brugerdefineret tekst p\u00e5 bagsiden, og her g\u00e5r du en personlig gave. Scrabble fliser spil er en af de mest popul\u00e6re ord l\u00e6ring leget\u00f8j i verden. V\u00e6r kreativ p\u00e5 scrabble bord og deltag alfabet blokke i tr\u00e6 ord. Tr\u00e6 bogstaver abc tr\u00e6 blok vil tage dig til en verden af ord, lad os g\u00e5 sammen nu! Deltag i familien af glade kunder p\u00e5 Woodinout! At l\u00e6re leget\u00f8j er, hvad vi g\u00f8r!<\/p>\n<p><strong>S\u00e6ttet indeholder:<\/strong><br \/>\nWord familie scrabble bord<br \/>\nTr\u00e6blyant<\/p>\n<p><strong>Du kan v\u00e6lge mellem 2 INDSTILLINGER:<\/strong><\/p>\n<ul>\n<li>A: 35 stk. krydsfiner bogstaver kort (26 stk. + ekstra b,d,g,m,n,p,r,s,t) , dimension: ~ 1,8 x 1,8 inches, tykkelse ~ 0,12 inches<\/li>\n<li>B: 35 stk. NATURTR\u00c6 bogstaver blokke (26 stk. + ekstra b,d,g,m,n,p,r,s,t), dimension: ~ 1,8 x 1,8 inches, tykkelse ~ 0,6 inches<\/li>\n<\/ul>\n<p>BOARD DIMENSIONER<br \/>\nL\u00e6ngde: ~6 tommer<br \/>\nH\u00f8jde: ~11,4 tommer<br \/>\nTykkelse: ~0,6 tommer<\/p>\n<p>FARVER OG MATERIALE<br \/>\nFarve: naturlig eller brun olieret.<br \/>\nBoard er lavet af naturligt massivt tr\u00e6.<br \/>\nBem\u00e6rk, at farverne kan variere p\u00e5 grund af indstillinger for computersk\u00e6rm og lettelse.<\/p>\n","protected":false},"excerpt":{"rendered":"<p>Vi pr\u00e6senterer dig en Scrabble bord med tr\u00e6 bogstaver. Dette scrabble spil er perfekt familie gave til v\u00e6rdifuld familie tid sammen. Tilf\u00f8j brugerdefineret tekst p\u00e5 bagsiden, og her g\u00e5r du en personlig gave. Scrabble fliser spil er en af de mest popul\u00e6re ord l\u00e6ring leget\u00f8j i verden. V\u00e6r kreativ p\u00e5 scrabble bord og deltag alfabet [&hellip;]<\/p>\n","protected":false},"featured_media":17461,"template":"","meta":{"_monsterinsights_skip_tracking":false,"_monsterinsights_sitenote_active":false,"_monsterinsights_sitenote_note":"","_monsterinsights_sitenote_category":0},"product_cat":[1577,1431],"product_tag":[1488,1483,2171,1439,1479,1472,1452,1460,2170,1527,1529],"yoast_head":"<!-- This site is optimized with the Yoast SEO plugin v22.1 - https:\/\/yoast.com\/wordpress\/plugins\/seo\/ -->\n<title>Junior scrabble bord. Familieord - Woodinout \u00a9 Stavespil<\/title>\n<meta name=\"description\" content=\"Junior scrabble bord stavning spil - for v\u00e6rdifuld familie tid med dine b\u00f8rn. H\u00e5ndlavet og milj\u00f8venligt l\u00e6ringsleget\u00f8j af Woodinout.\" \/>\n<meta name=\"robots\" content=\"index, follow, max-snippet:-1, max-image-preview:large, max-video-preview:-1\" \/>\n<link rel=\"canonical\" href=\"https:\/\/woodinout.net\/da\/product\/scrabble-board-med-trae-bogstaver\/\" \/>\n<meta property=\"og:locale\" content=\"da_DK\" \/>\n<meta property=\"og:type\" content=\"article\" \/>\n<meta property=\"og:title\" content=\"Junior scrabble bord. Familieord - Woodinout \u00a9 Stavespil\" \/>\n<meta property=\"og:description\" content=\"Junior scrabble bord stavning spil - for v\u00e6rdifuld familie tid med dine b\u00f8rn. H\u00e5ndlavet og milj\u00f8venligt l\u00e6ringsleget\u00f8j af Woodinout.\" \/>\n<meta property=\"og:url\" content=\"https:\/\/woodinout.net\/da\/product\/scrabble-board-med-trae-bogstaver\/\" \/>\n<meta property=\"og:site_name\" content=\"Woodinout \u00a9\" \/>\n<meta property=\"article:modified_time\" content=\"2022-04-28T06:40:15+00:00\" \/>\n<meta property=\"og:image\" content=\"https:\/\/woodinout.net\/wp-content\/uploads\/2020\/06\/Scrabble-board-with-wooden-letters-1.jpg\" \/>\n\t<meta property=\"og:image:width\" content=\"853\" \/>\n\t<meta property=\"og:image:height\" content=\"1280\" \/>\n\t<meta property=\"og:image:type\" content=\"image\/jpeg\" \/>\n<meta name=\"twitter:card\" content=\"summary_large_image\" \/>\n<meta name=\"twitter:label1\" content=\"Estimeret l\u00e6setid\" \/>\n\t<meta name=\"twitter:data1\" content=\"1 minut\" \/>\n<script type=\"application\/ld+json\" class=\"yoast-schema-graph\">{\"@context\":\"https:\/\/schema.org\",\"@graph\":[{\"@type\":\"WebPage\",\"@id\":\"https:\/\/woodinout.net\/da\/product\/scrabble-board-med-trae-bogstaver\/\",\"url\":\"https:\/\/woodinout.net\/da\/product\/scrabble-board-med-trae-bogstaver\/\",\"name\":\"Junior scrabble bord. Familieord - Woodinout \u00a9 Stavespil\",\"isPartOf\":{\"@id\":\"https:\/\/woodinout.net\/da\/#website\"},\"datePublished\":\"2020-06-20T20:52:42+00:00\",\"dateModified\":\"2022-04-28T06:40:15+00:00\",\"description\":\"Junior scrabble bord stavning spil - for v\u00e6rdifuld familie tid med dine b\u00f8rn. H\u00e5ndlavet og milj\u00f8venligt l\u00e6ringsleget\u00f8j af Woodinout.\",\"breadcrumb\":{\"@id\":\"https:\/\/woodinout.net\/da\/product\/scrabble-board-med-trae-bogstaver\/#breadcrumb\"},\"inLanguage\":\"da-DK\",\"potentialAction\":[{\"@type\":\"ReadAction\",\"target\":[\"https:\/\/woodinout.net\/da\/product\/scrabble-board-med-trae-bogstaver\/\"]}]},{\"@type\":\"BreadcrumbList\",\"@id\":\"https:\/\/woodinout.net\/da\/product\/scrabble-board-med-trae-bogstaver\/#breadcrumb\",\"itemListElement\":[{\"@type\":\"ListItem\",\"position\":1,\"name\":\"Home\",\"item\":\"https:\/\/woodinout.net\/da\/\"},{\"@type\":\"ListItem\",\"position\":2,\"name\":\"Shop\",\"item\":\"https:\/\/woodinout.net\/shop\/\"},{\"@type\":\"ListItem\",\"position\":3,\"name\":\"Junior scrabble bord. Familieord\"}]},{\"@type\":\"WebSite\",\"@id\":\"https:\/\/woodinout.net\/da\/#website\",\"url\":\"https:\/\/woodinout.net\/da\/\",\"name\":\"Woodinout \u00a9\",\"description\":\"Wooden Montessori toys, gifts, home and events decor details\",\"potentialAction\":[{\"@type\":\"SearchAction\",\"target\":{\"@type\":\"EntryPoint\",\"urlTemplate\":\"https:\/\/woodinout.net\/da\/?s={search_term_string}\"},\"query-input\":\"required name=search_term_string\"}],\"inLanguage\":\"da-DK\"}]}<\/script>\n<!-- \/ Yoast SEO plugin. -->","yoast_head_json":{"title":"Junior scrabble bord. Familieord - Woodinout \u00a9 Stavespil","description":"Junior scrabble bord stavning spil - for v\u00e6rdifuld familie tid med dine b\u00f8rn. H\u00e5ndlavet og milj\u00f8venligt l\u00e6ringsleget\u00f8j af Woodinout.","robots":{"index":"index","follow":"follow","max-snippet":"max-snippet:-1","max-image-preview":"max-image-preview:large","max-video-preview":"max-video-preview:-1"},"canonical":"https:\/\/woodinout.net\/da\/product\/scrabble-board-med-trae-bogstaver\/","og_locale":"da_DK","og_type":"article","og_title":"Junior scrabble bord. Familieord - Woodinout \u00a9 Stavespil","og_description":"Junior scrabble bord stavning spil - for v\u00e6rdifuld familie tid med dine b\u00f8rn. H\u00e5ndlavet og milj\u00f8venligt l\u00e6ringsleget\u00f8j af Woodinout.","og_url":"https:\/\/woodinout.net\/da\/product\/scrabble-board-med-trae-bogstaver\/","og_site_name":"Woodinout \u00a9","article_modified_time":"2022-04-28T06:40:15+00:00","og_image":[{"width":853,"height":1280,"url":"https:\/\/woodinout.net\/wp-content\/uploads\/2020\/06\/Scrabble-board-with-wooden-letters-1.jpg","type":"image\/jpeg"}],"twitter_card":"summary_large_image","twitter_misc":{"Estimeret l\u00e6setid":"1 minut"},"schema":{"@context":"https:\/\/schema.org","@graph":[{"@type":"WebPage","@id":"https:\/\/woodinout.net\/da\/product\/scrabble-board-med-trae-bogstaver\/","url":"https:\/\/woodinout.net\/da\/product\/scrabble-board-med-trae-bogstaver\/","name":"Junior scrabble bord. Familieord - Woodinout \u00a9 Stavespil","isPartOf":{"@id":"https:\/\/woodinout.net\/da\/#website"},"datePublished":"2020-06-20T20:52:42+00:00","dateModified":"2022-04-28T06:40:15+00:00","description":"Junior scrabble bord stavning spil - for v\u00e6rdifuld familie tid med dine b\u00f8rn. H\u00e5ndlavet og milj\u00f8venligt l\u00e6ringsleget\u00f8j af Woodinout.","breadcrumb":{"@id":"https:\/\/woodinout.net\/da\/product\/scrabble-board-med-trae-bogstaver\/#breadcrumb"},"inLanguage":"da-DK","potentialAction":[{"@type":"ReadAction","target":["https:\/\/woodinout.net\/da\/product\/scrabble-board-med-trae-bogstaver\/"]}]},{"@type":"BreadcrumbList","@id":"https:\/\/woodinout.net\/da\/product\/scrabble-board-med-trae-bogstaver\/#breadcrumb","itemListElement":[{"@type":"ListItem","position":1,"name":"Home","item":"https:\/\/woodinout.net\/da\/"},{"@type":"ListItem","position":2,"name":"Shop","item":"https:\/\/woodinout.net\/shop\/"},{"@type":"ListItem","position":3,"name":"Junior scrabble bord. Familieord"}]},{"@type":"WebSite","@id":"https:\/\/woodinout.net\/da\/#website","url":"https:\/\/woodinout.net\/da\/","name":"Woodinout \u00a9","description":"Wooden Montessori toys, gifts, home and events decor details","potentialAction":[{"@type":"SearchAction","target":{"@type":"EntryPoint","urlTemplate":"https:\/\/woodinout.net\/da\/?s={search_term_string}"},"query-input":"required name=search_term_string"}],"inLanguage":"da-DK"}]}},"_links":{"self":[{"href":"https:\/\/woodinout.net\/da\/wp-json\/wp\/v2\/product\/21617"}],"collection":[{"href":"https:\/\/woodinout.net\/da\/wp-json\/wp\/v2\/product"}],"about":[{"href":"https:\/\/woodinout.net\/da\/wp-json\/wp\/v2\/types\/product"}],"wp:featuredmedia":[{"embeddable":true,"href":"https:\/\/woodinout.net\/da\/wp-json\/wp\/v2\/media\/17461"}],"wp:attachment":[{"href":"https:\/\/woodinout.net\/da\/wp-json\/wp\/v2\/media?parent=21617"}],"wp:term":[{"taxonomy":"product_cat","embeddable":true,"href":"https:\/\/woodinout.net\/da\/wp-json\/wp\/v2\/product_cat?post=21617"},{"taxonomy":"product_tag","embeddable":true,"href":"https:\/\/woodinout.net\/da\/wp-json\/wp\/v2\/product_tag?post=21617"}],"curies":[{"name":"wp","href":"https:\/\/api.w.org\/{rel}","templated":true}]}}