{"id":21616,"date":"2020-06-20T23:39:42","date_gmt":"2020-06-20T20:39:42","guid":{"rendered":"https:\/\/woodinout.net\/product\/traenummerblokke\/"},"modified":"2022-04-22T12:36:38","modified_gmt":"2022-04-22T09:36:38","slug":"trae-tal-blokke","status":"publish","type":"product","link":"https:\/\/woodinout.net\/da\/product\/trae-tal-blokke\/","title":{"rendered":"Tr\u00e6nummerblokke"},"content":{"rendered":"<h1>Tr\u00e6nummerblokke<\/h1>\n<p>Leder du efter unikke b\u00f8rnegaver? Tr\u00e6 nummer blokke er begge &#8211; uddannelsesm\u00e6ssige og stilfulde. Verdensomsp\u00e6ndende kendte Waldorf &amp;Montessori leget\u00f8j er nem og sjov m\u00e5de at l\u00e6re tal og t\u00e6lle og ogs\u00e5 kunne bruges til mange andre b\u00f8rn aktiviteter. Montessori tr\u00e6leget\u00f8j g\u00f8r homeschool LET. Tro mig, b\u00f8rn elsker det.<\/p>\n<p>T\u00e6lle med tr\u00e6 nummer blokke er meget mere sp\u00e6ndende. Kompatibel med vores l\u00e6ringsspil, som vi foretr\u00e6kker at bruge som <a href=\"http:\/\/woodinout.net\/product-tag\/math-manipulatives\/\">matematiske manipulatives<\/a> som ti ramme 2&#215;5 eller 3&#215;5.<\/p>\n<p>L\u00c6RING spil er stadig leget\u00f8j i \u00f8jnene af et barn. Vores h\u00e5ndlavede tr\u00e6 f\u00f8rskole leget\u00f8j er ikke kun perfekte gaver til b\u00f8rn, men ogs\u00e5 meget flot. Derfor er det ogs\u00e5 godt v\u00e6rdsat af for\u00e6ldrene.<\/p>\n<p>S\u00e6ttet indeholder:<br \/>\n20 stk. Krydsfiner antal blokke<br \/>\n3 symboler (-+=)<\/p>\n<p>DIMENSIONER<\/p>\n<p>H\u00f8jde: ~1,8 tommer<br \/>\nL\u00e6ngde: ~1,8 tommer<br \/>\nTykkelse: ~0,12 tommer<\/p>\n<p>FARVER OG MATERIALE<br \/>\nFarve: naturlig.<br \/>\nLeget\u00f8jet er lavet af krydsfiner.<br \/>\nBem\u00e6rk, at farverne kan variere p\u00e5 grund af indstillinger for computersk\u00e6rm og lettelse.<\/p>\n","protected":false},"excerpt":{"rendered":"<p>Tr\u00e6nummerblokke Leder du efter unikke b\u00f8rnegaver? Tr\u00e6 nummer blokke er begge &#8211; uddannelsesm\u00e6ssige og stilfulde. Verdensomsp\u00e6ndende kendte Waldorf &amp;Montessori leget\u00f8j er nem og sjov m\u00e5de at l\u00e6re tal og t\u00e6lle og ogs\u00e5 kunne bruges til mange andre b\u00f8rn aktiviteter. Montessori tr\u00e6leget\u00f8j g\u00f8r homeschool LET. Tro mig, b\u00f8rn elsker det. T\u00e6lle med tr\u00e6 nummer blokke er [&hellip;]<\/p>\n","protected":false},"featured_media":17397,"template":"","meta":{"_monsterinsights_skip_tracking":false,"_monsterinsights_sitenote_active":false,"_monsterinsights_sitenote_note":"","_monsterinsights_sitenote_category":0},"product_cat":[1431,1647],"product_tag":[1488,1483,1439,1479,1672,1667,1498,1472,1675,1452,1460,1504,2147],"yoast_head":"<!-- This site is optimized with the Yoast SEO plugin v22.1 - https:\/\/yoast.com\/wordpress\/plugins\/seo\/ -->\n<title>Tr\u00e6nummerblokke - Woodinout \u00a9 Montessori leget\u00f8j<\/title>\n<meta name=\"description\" content=\"L\u00e6r b\u00f8rn matematik, tal og t\u00e6lle p\u00e5 en sjov m\u00e5de. Ogs\u00e5 udvikle sm\u00e5b\u00f8rn motoriske f\u00e6rdigheder og lege med stilfulde h\u00e5ndlavede tr\u00e6blokke.\" \/>\n<meta name=\"robots\" content=\"index, follow, max-snippet:-1, max-image-preview:large, max-video-preview:-1\" \/>\n<link rel=\"canonical\" href=\"https:\/\/woodinout.net\/da\/product\/trae-tal-blokke\/\" \/>\n<meta property=\"og:locale\" content=\"da_DK\" \/>\n<meta property=\"og:type\" content=\"article\" \/>\n<meta property=\"og:title\" content=\"Tr\u00e6nummerblokke - Woodinout \u00a9 Montessori leget\u00f8j\" \/>\n<meta property=\"og:description\" content=\"L\u00e6r b\u00f8rn matematik, tal og t\u00e6lle p\u00e5 en sjov m\u00e5de. Ogs\u00e5 udvikle sm\u00e5b\u00f8rn motoriske f\u00e6rdigheder og lege med stilfulde h\u00e5ndlavede tr\u00e6blokke.\" \/>\n<meta property=\"og:url\" content=\"https:\/\/woodinout.net\/da\/product\/trae-tal-blokke\/\" \/>\n<meta property=\"og:site_name\" content=\"Woodinout \u00a9\" \/>\n<meta property=\"article:modified_time\" content=\"2022-04-22T09:36:38+00:00\" \/>\n<meta property=\"og:image\" content=\"https:\/\/woodinout.net\/wp-content\/uploads\/2020\/06\/Wood-numbers-and-counting-wood-blocks-plywood.jpg\" \/>\n\t<meta property=\"og:image:width\" content=\"853\" \/>\n\t<meta property=\"og:image:height\" content=\"1280\" \/>\n\t<meta property=\"og:image:type\" content=\"image\/jpeg\" \/>\n<meta name=\"twitter:card\" content=\"summary_large_image\" \/>\n<meta name=\"twitter:label1\" content=\"Estimeret l\u00e6setid\" \/>\n\t<meta name=\"twitter:data1\" content=\"1 minut\" \/>\n<script type=\"application\/ld+json\" class=\"yoast-schema-graph\">{\"@context\":\"https:\/\/schema.org\",\"@graph\":[{\"@type\":\"WebPage\",\"@id\":\"https:\/\/woodinout.net\/da\/product\/trae-tal-blokke\/\",\"url\":\"https:\/\/woodinout.net\/da\/product\/trae-tal-blokke\/\",\"name\":\"Tr\u00e6nummerblokke - Woodinout \u00a9 Montessori leget\u00f8j\",\"isPartOf\":{\"@id\":\"https:\/\/woodinout.net\/da\/#website\"},\"datePublished\":\"2020-06-20T20:39:42+00:00\",\"dateModified\":\"2022-04-22T09:36:38+00:00\",\"description\":\"L\u00e6r b\u00f8rn matematik, tal og t\u00e6lle p\u00e5 en sjov m\u00e5de. Ogs\u00e5 udvikle sm\u00e5b\u00f8rn motoriske f\u00e6rdigheder og lege med stilfulde h\u00e5ndlavede tr\u00e6blokke.\",\"breadcrumb\":{\"@id\":\"https:\/\/woodinout.net\/da\/product\/trae-tal-blokke\/#breadcrumb\"},\"inLanguage\":\"da-DK\",\"potentialAction\":[{\"@type\":\"ReadAction\",\"target\":[\"https:\/\/woodinout.net\/da\/product\/trae-tal-blokke\/\"]}]},{\"@type\":\"BreadcrumbList\",\"@id\":\"https:\/\/woodinout.net\/da\/product\/trae-tal-blokke\/#breadcrumb\",\"itemListElement\":[{\"@type\":\"ListItem\",\"position\":1,\"name\":\"Home\",\"item\":\"https:\/\/woodinout.net\/da\/\"},{\"@type\":\"ListItem\",\"position\":2,\"name\":\"Shop\",\"item\":\"https:\/\/woodinout.net\/shop\/\"},{\"@type\":\"ListItem\",\"position\":3,\"name\":\"Tr\u00e6nummerblokke\"}]},{\"@type\":\"WebSite\",\"@id\":\"https:\/\/woodinout.net\/da\/#website\",\"url\":\"https:\/\/woodinout.net\/da\/\",\"name\":\"Woodinout \u00a9\",\"description\":\"Wooden Montessori toys, gifts, home and events decor details\",\"potentialAction\":[{\"@type\":\"SearchAction\",\"target\":{\"@type\":\"EntryPoint\",\"urlTemplate\":\"https:\/\/woodinout.net\/da\/?s={search_term_string}\"},\"query-input\":\"required name=search_term_string\"}],\"inLanguage\":\"da-DK\"}]}<\/script>\n<!-- \/ Yoast SEO plugin. -->","yoast_head_json":{"title":"Tr\u00e6nummerblokke - Woodinout \u00a9 Montessori leget\u00f8j","description":"L\u00e6r b\u00f8rn matematik, tal og t\u00e6lle p\u00e5 en sjov m\u00e5de. Ogs\u00e5 udvikle sm\u00e5b\u00f8rn motoriske f\u00e6rdigheder og lege med stilfulde h\u00e5ndlavede tr\u00e6blokke.","robots":{"index":"index","follow":"follow","max-snippet":"max-snippet:-1","max-image-preview":"max-image-preview:large","max-video-preview":"max-video-preview:-1"},"canonical":"https:\/\/woodinout.net\/da\/product\/trae-tal-blokke\/","og_locale":"da_DK","og_type":"article","og_title":"Tr\u00e6nummerblokke - Woodinout \u00a9 Montessori leget\u00f8j","og_description":"L\u00e6r b\u00f8rn matematik, tal og t\u00e6lle p\u00e5 en sjov m\u00e5de. Ogs\u00e5 udvikle sm\u00e5b\u00f8rn motoriske f\u00e6rdigheder og lege med stilfulde h\u00e5ndlavede tr\u00e6blokke.","og_url":"https:\/\/woodinout.net\/da\/product\/trae-tal-blokke\/","og_site_name":"Woodinout \u00a9","article_modified_time":"2022-04-22T09:36:38+00:00","og_image":[{"width":853,"height":1280,"url":"https:\/\/woodinout.net\/wp-content\/uploads\/2020\/06\/Wood-numbers-and-counting-wood-blocks-plywood.jpg","type":"image\/jpeg"}],"twitter_card":"summary_large_image","twitter_misc":{"Estimeret l\u00e6setid":"1 minut"},"schema":{"@context":"https:\/\/schema.org","@graph":[{"@type":"WebPage","@id":"https:\/\/woodinout.net\/da\/product\/trae-tal-blokke\/","url":"https:\/\/woodinout.net\/da\/product\/trae-tal-blokke\/","name":"Tr\u00e6nummerblokke - Woodinout \u00a9 Montessori leget\u00f8j","isPartOf":{"@id":"https:\/\/woodinout.net\/da\/#website"},"datePublished":"2020-06-20T20:39:42+00:00","dateModified":"2022-04-22T09:36:38+00:00","description":"L\u00e6r b\u00f8rn matematik, tal og t\u00e6lle p\u00e5 en sjov m\u00e5de. Ogs\u00e5 udvikle sm\u00e5b\u00f8rn motoriske f\u00e6rdigheder og lege med stilfulde h\u00e5ndlavede tr\u00e6blokke.","breadcrumb":{"@id":"https:\/\/woodinout.net\/da\/product\/trae-tal-blokke\/#breadcrumb"},"inLanguage":"da-DK","potentialAction":[{"@type":"ReadAction","target":["https:\/\/woodinout.net\/da\/product\/trae-tal-blokke\/"]}]},{"@type":"BreadcrumbList","@id":"https:\/\/woodinout.net\/da\/product\/trae-tal-blokke\/#breadcrumb","itemListElement":[{"@type":"ListItem","position":1,"name":"Home","item":"https:\/\/woodinout.net\/da\/"},{"@type":"ListItem","position":2,"name":"Shop","item":"https:\/\/woodinout.net\/shop\/"},{"@type":"ListItem","position":3,"name":"Tr\u00e6nummerblokke"}]},{"@type":"WebSite","@id":"https:\/\/woodinout.net\/da\/#website","url":"https:\/\/woodinout.net\/da\/","name":"Woodinout \u00a9","description":"Wooden Montessori toys, gifts, home and events decor details","potentialAction":[{"@type":"SearchAction","target":{"@type":"EntryPoint","urlTemplate":"https:\/\/woodinout.net\/da\/?s={search_term_string}"},"query-input":"required name=search_term_string"}],"inLanguage":"da-DK"}]}},"_links":{"self":[{"href":"https:\/\/woodinout.net\/da\/wp-json\/wp\/v2\/product\/21616"}],"collection":[{"href":"https:\/\/woodinout.net\/da\/wp-json\/wp\/v2\/product"}],"about":[{"href":"https:\/\/woodinout.net\/da\/wp-json\/wp\/v2\/types\/product"}],"wp:featuredmedia":[{"embeddable":true,"href":"https:\/\/woodinout.net\/da\/wp-json\/wp\/v2\/media\/17397"}],"wp:attachment":[{"href":"https:\/\/woodinout.net\/da\/wp-json\/wp\/v2\/media?parent=21616"}],"wp:term":[{"taxonomy":"product_cat","embeddable":true,"href":"https:\/\/woodinout.net\/da\/wp-json\/wp\/v2\/product_cat?post=21616"},{"taxonomy":"product_tag","embeddable":true,"href":"https:\/\/woodinout.net\/da\/wp-json\/wp\/v2\/product_tag?post=21616"}],"curies":[{"name":"wp","href":"https:\/\/api.w.org\/{rel}","templated":true}]}}