{"id":21615,"date":"2020-06-23T20:48:29","date_gmt":"2020-06-23T17:48:29","guid":{"rendered":"https:\/\/woodinout.net\/product\/trae-ur\/"},"modified":"2022-04-28T11:21:03","modified_gmt":"2022-04-28T08:21:03","slug":"trae-ur-fortaelle-tid","status":"publish","type":"product","link":"https:\/\/woodinout.net\/da\/product\/trae-ur-fortaelle-tid\/","title":{"rendered":"Tr\u00e6 ur"},"content":{"rendered":"<p>Tr\u00e6 ur til at fort\u00e6lle tid til b\u00f8rn er en af de mest interessante l\u00e6ring leget\u00f8j blandt vores sm\u00e5b\u00f8rn. Verdensomsp\u00e6ndende kendte Montessori inspireret b\u00f8rn pendul ur er en nem og sjov m\u00e5de at l\u00e6re ur numre, fraktioner, minutter og timer, s\u00e6t tid med pile og simpelthen har en masse sjov. Tr\u00e6leget\u00f8j og spil er det, vi er bedst til woodinout, omhyggeligt h\u00e5ndlavet og dejligt udseende &#8211; kunne v\u00e6re perfekte sm\u00e5b\u00f8rnsgaver. Waldorf <a href=\"https:\/\/woodinout.net\/product-tag\/educational-toys\/\">f\u00f8rskole leget\u00f8j<\/a> og spil er godt v\u00e6rdsat over hele verden for deres l\u00e6re ved play system. L\u00e6ring leget\u00f8j er stadig LEGET\u00d8J i b\u00f8rns \u00f8jne. Nyd din tid sammen med dette Tr\u00e6 ur NU og slutte sig til familien af glade kunder her p\u00e5 Woodinout.<\/p>\n<p>S\u00e6ttet indeholder:<br \/>\nTr\u00e6 ur bord<br \/>\n12 blokke med urnumre 1-12<br \/>\nTr\u00e6 trekant blokke: 2 stk. &#8211; 30 min., 4 stk. &#8211; 15 min., 12 stk. &#8211; 5 min.<br \/>\n2 pile<\/p>\n<p>DIMENSIONER<\/p>\n<p>Urplade<br \/>\nDiameter: ~6. Inches<br \/>\nTykkelse: ~0,6 tommer<\/p>\n<p>FARVER OG MATERIALE<br \/>\nFarve: m\u00f8rkebrun og naturlig olieret.<br \/>\nLeget\u00f8jet er lavet af naturligt massivt tr\u00e6 og krydsfiner.<br \/>\nBem\u00e6rk, at farverne kan variere p\u00e5 grund af indstillinger for computersk\u00e6rm og lettelse.<\/p>\n<p>For flere ideer, f\u00f8lg os p\u00e5 <a href=\"https:\/\/www.instagram.com\/woodinout\/\">INSTAGRAM<\/a> &amp; <a href=\"https:\/\/www.facebook.com\/Woodinout.net\">FACEBOOK<\/a><\/p>\n","protected":false},"excerpt":{"rendered":"<p>Tr\u00e6 ur til at fort\u00e6lle tid til b\u00f8rn er en af de mest interessante l\u00e6ring leget\u00f8j blandt vores sm\u00e5b\u00f8rn. Verdensomsp\u00e6ndende kendte Montessori inspireret b\u00f8rn pendul ur er en nem og sjov m\u00e5de at l\u00e6re ur numre, fraktioner, minutter og timer, s\u00e6t tid med pile og simpelthen har en masse sjov. Tr\u00e6leget\u00f8j og spil er det, [&hellip;]<\/p>\n","protected":false},"featured_media":17653,"template":"","meta":{"_monsterinsights_skip_tracking":false,"_monsterinsights_sitenote_active":false,"_monsterinsights_sitenote_note":"","_monsterinsights_sitenote_category":0},"product_cat":[1431,1435],"product_tag":[1488,2157,1483,2209,1439,1479,1672,1667,1472,1675,1452,1460,2211,1517],"yoast_head":"<!-- This site is optimized with the Yoast SEO plugin v22.1 - https:\/\/yoast.com\/wordpress\/plugins\/seo\/ -->\n<title>Tr\u00e6 ur - Woodinout \u00a9 Montessori l\u00e6ring leget\u00f8j<\/title>\n<meta name=\"description\" content=\"L\u00e6r at fort\u00e6lle tiden for b\u00f8rn med dette super seje tr\u00e6ur. Naturlige materilas, h\u00e5ndlavede og uddannelsesm\u00e6ssige - Inspireret Montessori leget\u00f8j.\" \/>\n<meta name=\"robots\" content=\"index, follow, max-snippet:-1, max-image-preview:large, max-video-preview:-1\" \/>\n<link rel=\"canonical\" href=\"https:\/\/woodinout.net\/da\/product\/trae-ur-fortaelle-tid\/\" \/>\n<meta property=\"og:locale\" content=\"da_DK\" \/>\n<meta property=\"og:type\" content=\"article\" \/>\n<meta property=\"og:title\" content=\"Tr\u00e6 ur - Woodinout \u00a9 Montessori l\u00e6ring leget\u00f8j\" \/>\n<meta property=\"og:description\" content=\"L\u00e6r at fort\u00e6lle tiden for b\u00f8rn med dette super seje tr\u00e6ur. Naturlige materilas, h\u00e5ndlavede og uddannelsesm\u00e6ssige - Inspireret Montessori leget\u00f8j.\" \/>\n<meta property=\"og:url\" content=\"https:\/\/woodinout.net\/da\/product\/trae-ur-fortaelle-tid\/\" \/>\n<meta property=\"og:site_name\" content=\"Woodinout \u00a9\" \/>\n<meta property=\"article:modified_time\" content=\"2022-04-28T08:21:03+00:00\" \/>\n<meta property=\"og:image\" content=\"https:\/\/woodinout.net\/wp-content\/uploads\/2020\/06\/Wood-clock-telling-time-4.jpg\" \/>\n\t<meta property=\"og:image:width\" content=\"853\" \/>\n\t<meta property=\"og:image:height\" content=\"1280\" \/>\n\t<meta property=\"og:image:type\" content=\"image\/jpeg\" \/>\n<meta name=\"twitter:card\" content=\"summary_large_image\" \/>\n<meta name=\"twitter:label1\" content=\"Estimeret l\u00e6setid\" \/>\n\t<meta name=\"twitter:data1\" content=\"1 minut\" \/>\n<script type=\"application\/ld+json\" class=\"yoast-schema-graph\">{\"@context\":\"https:\/\/schema.org\",\"@graph\":[{\"@type\":\"WebPage\",\"@id\":\"https:\/\/woodinout.net\/da\/product\/trae-ur-fortaelle-tid\/\",\"url\":\"https:\/\/woodinout.net\/da\/product\/trae-ur-fortaelle-tid\/\",\"name\":\"Tr\u00e6 ur - Woodinout \u00a9 Montessori l\u00e6ring leget\u00f8j\",\"isPartOf\":{\"@id\":\"https:\/\/woodinout.net\/da\/#website\"},\"datePublished\":\"2020-06-23T17:48:29+00:00\",\"dateModified\":\"2022-04-28T08:21:03+00:00\",\"description\":\"L\u00e6r at fort\u00e6lle tiden for b\u00f8rn med dette super seje tr\u00e6ur. Naturlige materilas, h\u00e5ndlavede og uddannelsesm\u00e6ssige - Inspireret Montessori leget\u00f8j.\",\"breadcrumb\":{\"@id\":\"https:\/\/woodinout.net\/da\/product\/trae-ur-fortaelle-tid\/#breadcrumb\"},\"inLanguage\":\"da-DK\",\"potentialAction\":[{\"@type\":\"ReadAction\",\"target\":[\"https:\/\/woodinout.net\/da\/product\/trae-ur-fortaelle-tid\/\"]}]},{\"@type\":\"BreadcrumbList\",\"@id\":\"https:\/\/woodinout.net\/da\/product\/trae-ur-fortaelle-tid\/#breadcrumb\",\"itemListElement\":[{\"@type\":\"ListItem\",\"position\":1,\"name\":\"Home\",\"item\":\"https:\/\/woodinout.net\/da\/\"},{\"@type\":\"ListItem\",\"position\":2,\"name\":\"Shop\",\"item\":\"https:\/\/woodinout.net\/shop\/\"},{\"@type\":\"ListItem\",\"position\":3,\"name\":\"Tr\u00e6 ur\"}]},{\"@type\":\"WebSite\",\"@id\":\"https:\/\/woodinout.net\/da\/#website\",\"url\":\"https:\/\/woodinout.net\/da\/\",\"name\":\"Woodinout \u00a9\",\"description\":\"Wooden Montessori toys, gifts, home and events decor details\",\"potentialAction\":[{\"@type\":\"SearchAction\",\"target\":{\"@type\":\"EntryPoint\",\"urlTemplate\":\"https:\/\/woodinout.net\/da\/?s={search_term_string}\"},\"query-input\":\"required name=search_term_string\"}],\"inLanguage\":\"da-DK\"}]}<\/script>\n<!-- \/ Yoast SEO plugin. -->","yoast_head_json":{"title":"Tr\u00e6 ur - Woodinout \u00a9 Montessori l\u00e6ring leget\u00f8j","description":"L\u00e6r at fort\u00e6lle tiden for b\u00f8rn med dette super seje tr\u00e6ur. Naturlige materilas, h\u00e5ndlavede og uddannelsesm\u00e6ssige - Inspireret Montessori leget\u00f8j.","robots":{"index":"index","follow":"follow","max-snippet":"max-snippet:-1","max-image-preview":"max-image-preview:large","max-video-preview":"max-video-preview:-1"},"canonical":"https:\/\/woodinout.net\/da\/product\/trae-ur-fortaelle-tid\/","og_locale":"da_DK","og_type":"article","og_title":"Tr\u00e6 ur - Woodinout \u00a9 Montessori l\u00e6ring leget\u00f8j","og_description":"L\u00e6r at fort\u00e6lle tiden for b\u00f8rn med dette super seje tr\u00e6ur. Naturlige materilas, h\u00e5ndlavede og uddannelsesm\u00e6ssige - Inspireret Montessori leget\u00f8j.","og_url":"https:\/\/woodinout.net\/da\/product\/trae-ur-fortaelle-tid\/","og_site_name":"Woodinout \u00a9","article_modified_time":"2022-04-28T08:21:03+00:00","og_image":[{"width":853,"height":1280,"url":"https:\/\/woodinout.net\/wp-content\/uploads\/2020\/06\/Wood-clock-telling-time-4.jpg","type":"image\/jpeg"}],"twitter_card":"summary_large_image","twitter_misc":{"Estimeret l\u00e6setid":"1 minut"},"schema":{"@context":"https:\/\/schema.org","@graph":[{"@type":"WebPage","@id":"https:\/\/woodinout.net\/da\/product\/trae-ur-fortaelle-tid\/","url":"https:\/\/woodinout.net\/da\/product\/trae-ur-fortaelle-tid\/","name":"Tr\u00e6 ur - Woodinout \u00a9 Montessori l\u00e6ring leget\u00f8j","isPartOf":{"@id":"https:\/\/woodinout.net\/da\/#website"},"datePublished":"2020-06-23T17:48:29+00:00","dateModified":"2022-04-28T08:21:03+00:00","description":"L\u00e6r at fort\u00e6lle tiden for b\u00f8rn med dette super seje tr\u00e6ur. Naturlige materilas, h\u00e5ndlavede og uddannelsesm\u00e6ssige - Inspireret Montessori leget\u00f8j.","breadcrumb":{"@id":"https:\/\/woodinout.net\/da\/product\/trae-ur-fortaelle-tid\/#breadcrumb"},"inLanguage":"da-DK","potentialAction":[{"@type":"ReadAction","target":["https:\/\/woodinout.net\/da\/product\/trae-ur-fortaelle-tid\/"]}]},{"@type":"BreadcrumbList","@id":"https:\/\/woodinout.net\/da\/product\/trae-ur-fortaelle-tid\/#breadcrumb","itemListElement":[{"@type":"ListItem","position":1,"name":"Home","item":"https:\/\/woodinout.net\/da\/"},{"@type":"ListItem","position":2,"name":"Shop","item":"https:\/\/woodinout.net\/shop\/"},{"@type":"ListItem","position":3,"name":"Tr\u00e6 ur"}]},{"@type":"WebSite","@id":"https:\/\/woodinout.net\/da\/#website","url":"https:\/\/woodinout.net\/da\/","name":"Woodinout \u00a9","description":"Wooden Montessori toys, gifts, home and events decor details","potentialAction":[{"@type":"SearchAction","target":{"@type":"EntryPoint","urlTemplate":"https:\/\/woodinout.net\/da\/?s={search_term_string}"},"query-input":"required name=search_term_string"}],"inLanguage":"da-DK"}]}},"_links":{"self":[{"href":"https:\/\/woodinout.net\/da\/wp-json\/wp\/v2\/product\/21615"}],"collection":[{"href":"https:\/\/woodinout.net\/da\/wp-json\/wp\/v2\/product"}],"about":[{"href":"https:\/\/woodinout.net\/da\/wp-json\/wp\/v2\/types\/product"}],"wp:featuredmedia":[{"embeddable":true,"href":"https:\/\/woodinout.net\/da\/wp-json\/wp\/v2\/media\/17653"}],"wp:attachment":[{"href":"https:\/\/woodinout.net\/da\/wp-json\/wp\/v2\/media?parent=21615"}],"wp:term":[{"taxonomy":"product_cat","embeddable":true,"href":"https:\/\/woodinout.net\/da\/wp-json\/wp\/v2\/product_cat?post=21615"},{"taxonomy":"product_tag","embeddable":true,"href":"https:\/\/woodinout.net\/da\/wp-json\/wp\/v2\/product_tag?post=21615"}],"curies":[{"name":"wp","href":"https:\/\/api.w.org\/{rel}","templated":true}]}}