{"id":21613,"date":"2020-06-23T20:56:14","date_gmt":"2020-06-23T17:56:14","guid":{"rendered":"https:\/\/woodinout.net\/product\/traetaellingspinde-sorteringslegetoej\/"},"modified":"2022-04-28T11:40:18","modified_gmt":"2022-04-28T08:40:18","slug":"traesortering-legetoj-for-smaborn-forskole-laering","status":"publish","type":"product","link":"https:\/\/woodinout.net\/da\/product\/traesortering-legetoj-for-smaborn-forskole-laering\/","title":{"rendered":"Tr\u00e6t\u00e6llingspinde Sorteringsleget\u00f8j"},"content":{"rendered":"<p>Leder du efter unik udviklende gave til sm\u00e5b\u00f8rn? Tr\u00e6t\u00e6llingspinde Sorteringsleget\u00f8j er b\u00e5de &#8211; l\u00e6rerigt og stilfuldt. Verdensomsp\u00e6ndende kendte Waldorf &amp;Montessori matematik leget\u00f8j er nem og sjov m\u00e5de at l\u00e6re tal og t\u00e6lle i b\u00f8rnehaven. Denne tr\u00e6 Montessori ti sorteringsramme er en af s\u00f8de og sjove m\u00e5der at g\u00f8re homeschool let. L\u00c6R TAL OG T\u00c6LLE. Tro mig, b\u00f8rn elsker det.<br \/>\nL\u00c6RING leget\u00f8j er stadig leget\u00f8j i \u00f8jnene af et barn. Vores h\u00e5ndlavede tr\u00e6leget\u00f8j er ikke kun perfekte gaver til b\u00f8rn, men ogs\u00e5 meget flot. Derfor kan denne personlige gave v\u00e6re stilfuld b\u00f8rnev\u00e6relse indretning &#8211; brug din fantasi her.<\/p>\n<p>S\u00e6ttet indeholder:<br \/>\nSorteringsbakke<br \/>\n60 stk. Sticks<\/p>\n<p>DIMENSIONER<br \/>\nL\u00e6ngde: ~17,7 tommer<br \/>\nH\u00f8jde: ~2 tommer<br \/>\nTykkelse: ~1,6 tommer<\/p>\n<p>FARVER OG MATERIALE<br \/>\nFarve: naturlig olieret.<br \/>\nLeget\u00f8jet er lavet af naturligt massivt tr\u00e6 og krydsfiner.<br \/>\nBem\u00e6rk, at farverne kan variere p\u00e5 grund af indstillinger for computersk\u00e6rm og lettelse.<\/p>\n<p>For flere ideer, f\u00f8lg os p\u00e5 <a href=\"https:\/\/www.instagram.com\/woodinout\/\">INSTAGRAM<\/a> &amp; <a href=\"https:\/\/www.facebook.com\/Woodinout.net\">FACEBOOK<\/a><\/p>\n","protected":false},"excerpt":{"rendered":"<p>Leder du efter unik udviklende gave til sm\u00e5b\u00f8rn? Tr\u00e6t\u00e6llingspinde Sorteringsleget\u00f8j er b\u00e5de &#8211; l\u00e6rerigt og stilfuldt. Verdensomsp\u00e6ndende kendte Waldorf &amp;Montessori matematik leget\u00f8j er nem og sjov m\u00e5de at l\u00e6re tal og t\u00e6lle i b\u00f8rnehaven. Denne tr\u00e6 Montessori ti sorteringsramme er en af s\u00f8de og sjove m\u00e5der at g\u00f8re homeschool let. L\u00c6R TAL OG T\u00c6LLE. Tro [&hellip;]<\/p>\n","protected":false},"featured_media":17677,"template":"","meta":{"_monsterinsights_skip_tracking":false,"_monsterinsights_sitenote_active":false,"_monsterinsights_sitenote_note":"","_monsterinsights_sitenote_category":0},"product_cat":[1651,1431],"product_tag":[1488,1483,1439,1479,1672,1667,1498,1472,1675,1452,1460,2225,2226],"yoast_head":"<!-- This site is optimized with the Yoast SEO plugin v22.1 - https:\/\/yoast.com\/wordpress\/plugins\/seo\/ -->\n<title>Tr\u00e6t\u00e6llingspinde Sorteringsleget\u00f8j - Woodinout \u00a9 Montessori leget\u00f8j<\/title>\n<meta name=\"description\" content=\"Sortering af leget\u00f8j til opt\u00e6lling af pinde. Montessori leget\u00f8j er naturlig m\u00e5de at fun l\u00e6ring. Math manipualtives h\u00e5ndlavet af tr\u00e6 af Woodinout.\" \/>\n<meta name=\"robots\" content=\"index, follow, max-snippet:-1, max-image-preview:large, max-video-preview:-1\" \/>\n<link rel=\"canonical\" href=\"https:\/\/woodinout.net\/da\/product\/traesortering-legetoj-for-smaborn-forskole-laering\/\" \/>\n<meta property=\"og:locale\" content=\"da_DK\" \/>\n<meta property=\"og:type\" content=\"article\" \/>\n<meta property=\"og:title\" content=\"Tr\u00e6t\u00e6llingspinde Sorteringsleget\u00f8j - Woodinout \u00a9 Montessori leget\u00f8j\" \/>\n<meta property=\"og:description\" content=\"Sortering af leget\u00f8j til opt\u00e6lling af pinde. Montessori leget\u00f8j er naturlig m\u00e5de at fun l\u00e6ring. Math manipualtives h\u00e5ndlavet af tr\u00e6 af Woodinout.\" \/>\n<meta property=\"og:url\" content=\"https:\/\/woodinout.net\/da\/product\/traesortering-legetoj-for-smaborn-forskole-laering\/\" \/>\n<meta property=\"og:site_name\" content=\"Woodinout \u00a9\" \/>\n<meta property=\"article:modified_time\" content=\"2022-04-28T08:40:18+00:00\" \/>\n<meta property=\"og:image\" content=\"https:\/\/woodinout.net\/wp-content\/uploads\/2020\/06\/Wooden-sorting-toys-for-toddler-preschool-learning-2.jpg\" \/>\n\t<meta property=\"og:image:width\" content=\"853\" \/>\n\t<meta property=\"og:image:height\" content=\"1280\" \/>\n\t<meta property=\"og:image:type\" content=\"image\/jpeg\" \/>\n<meta name=\"twitter:card\" content=\"summary_large_image\" \/>\n<meta name=\"twitter:label1\" content=\"Estimeret l\u00e6setid\" \/>\n\t<meta name=\"twitter:data1\" content=\"1 minut\" \/>\n<script type=\"application\/ld+json\" class=\"yoast-schema-graph\">{\"@context\":\"https:\/\/schema.org\",\"@graph\":[{\"@type\":\"WebPage\",\"@id\":\"https:\/\/woodinout.net\/da\/product\/traesortering-legetoj-for-smaborn-forskole-laering\/\",\"url\":\"https:\/\/woodinout.net\/da\/product\/traesortering-legetoj-for-smaborn-forskole-laering\/\",\"name\":\"Tr\u00e6t\u00e6llingspinde Sorteringsleget\u00f8j - Woodinout \u00a9 Montessori leget\u00f8j\",\"isPartOf\":{\"@id\":\"https:\/\/woodinout.net\/da\/#website\"},\"datePublished\":\"2020-06-23T17:56:14+00:00\",\"dateModified\":\"2022-04-28T08:40:18+00:00\",\"description\":\"Sortering af leget\u00f8j til opt\u00e6lling af pinde. Montessori leget\u00f8j er naturlig m\u00e5de at fun l\u00e6ring. Math manipualtives h\u00e5ndlavet af tr\u00e6 af Woodinout.\",\"breadcrumb\":{\"@id\":\"https:\/\/woodinout.net\/da\/product\/traesortering-legetoj-for-smaborn-forskole-laering\/#breadcrumb\"},\"inLanguage\":\"da-DK\",\"potentialAction\":[{\"@type\":\"ReadAction\",\"target\":[\"https:\/\/woodinout.net\/da\/product\/traesortering-legetoj-for-smaborn-forskole-laering\/\"]}]},{\"@type\":\"BreadcrumbList\",\"@id\":\"https:\/\/woodinout.net\/da\/product\/traesortering-legetoj-for-smaborn-forskole-laering\/#breadcrumb\",\"itemListElement\":[{\"@type\":\"ListItem\",\"position\":1,\"name\":\"Home\",\"item\":\"https:\/\/woodinout.net\/da\/\"},{\"@type\":\"ListItem\",\"position\":2,\"name\":\"Shop\",\"item\":\"https:\/\/woodinout.net\/shop\/\"},{\"@type\":\"ListItem\",\"position\":3,\"name\":\"Tr\u00e6t\u00e6llingspinde Sorteringsleget\u00f8j\"}]},{\"@type\":\"WebSite\",\"@id\":\"https:\/\/woodinout.net\/da\/#website\",\"url\":\"https:\/\/woodinout.net\/da\/\",\"name\":\"Woodinout \u00a9\",\"description\":\"Wooden Montessori toys, gifts, home and events decor details\",\"potentialAction\":[{\"@type\":\"SearchAction\",\"target\":{\"@type\":\"EntryPoint\",\"urlTemplate\":\"https:\/\/woodinout.net\/da\/?s={search_term_string}\"},\"query-input\":\"required name=search_term_string\"}],\"inLanguage\":\"da-DK\"}]}<\/script>\n<!-- \/ Yoast SEO plugin. -->","yoast_head_json":{"title":"Tr\u00e6t\u00e6llingspinde Sorteringsleget\u00f8j - Woodinout \u00a9 Montessori leget\u00f8j","description":"Sortering af leget\u00f8j til opt\u00e6lling af pinde. Montessori leget\u00f8j er naturlig m\u00e5de at fun l\u00e6ring. Math manipualtives h\u00e5ndlavet af tr\u00e6 af Woodinout.","robots":{"index":"index","follow":"follow","max-snippet":"max-snippet:-1","max-image-preview":"max-image-preview:large","max-video-preview":"max-video-preview:-1"},"canonical":"https:\/\/woodinout.net\/da\/product\/traesortering-legetoj-for-smaborn-forskole-laering\/","og_locale":"da_DK","og_type":"article","og_title":"Tr\u00e6t\u00e6llingspinde Sorteringsleget\u00f8j - Woodinout \u00a9 Montessori leget\u00f8j","og_description":"Sortering af leget\u00f8j til opt\u00e6lling af pinde. Montessori leget\u00f8j er naturlig m\u00e5de at fun l\u00e6ring. Math manipualtives h\u00e5ndlavet af tr\u00e6 af Woodinout.","og_url":"https:\/\/woodinout.net\/da\/product\/traesortering-legetoj-for-smaborn-forskole-laering\/","og_site_name":"Woodinout \u00a9","article_modified_time":"2022-04-28T08:40:18+00:00","og_image":[{"width":853,"height":1280,"url":"https:\/\/woodinout.net\/wp-content\/uploads\/2020\/06\/Wooden-sorting-toys-for-toddler-preschool-learning-2.jpg","type":"image\/jpeg"}],"twitter_card":"summary_large_image","twitter_misc":{"Estimeret l\u00e6setid":"1 minut"},"schema":{"@context":"https:\/\/schema.org","@graph":[{"@type":"WebPage","@id":"https:\/\/woodinout.net\/da\/product\/traesortering-legetoj-for-smaborn-forskole-laering\/","url":"https:\/\/woodinout.net\/da\/product\/traesortering-legetoj-for-smaborn-forskole-laering\/","name":"Tr\u00e6t\u00e6llingspinde Sorteringsleget\u00f8j - Woodinout \u00a9 Montessori leget\u00f8j","isPartOf":{"@id":"https:\/\/woodinout.net\/da\/#website"},"datePublished":"2020-06-23T17:56:14+00:00","dateModified":"2022-04-28T08:40:18+00:00","description":"Sortering af leget\u00f8j til opt\u00e6lling af pinde. Montessori leget\u00f8j er naturlig m\u00e5de at fun l\u00e6ring. Math manipualtives h\u00e5ndlavet af tr\u00e6 af Woodinout.","breadcrumb":{"@id":"https:\/\/woodinout.net\/da\/product\/traesortering-legetoj-for-smaborn-forskole-laering\/#breadcrumb"},"inLanguage":"da-DK","potentialAction":[{"@type":"ReadAction","target":["https:\/\/woodinout.net\/da\/product\/traesortering-legetoj-for-smaborn-forskole-laering\/"]}]},{"@type":"BreadcrumbList","@id":"https:\/\/woodinout.net\/da\/product\/traesortering-legetoj-for-smaborn-forskole-laering\/#breadcrumb","itemListElement":[{"@type":"ListItem","position":1,"name":"Home","item":"https:\/\/woodinout.net\/da\/"},{"@type":"ListItem","position":2,"name":"Shop","item":"https:\/\/woodinout.net\/shop\/"},{"@type":"ListItem","position":3,"name":"Tr\u00e6t\u00e6llingspinde Sorteringsleget\u00f8j"}]},{"@type":"WebSite","@id":"https:\/\/woodinout.net\/da\/#website","url":"https:\/\/woodinout.net\/da\/","name":"Woodinout \u00a9","description":"Wooden Montessori toys, gifts, home and events decor details","potentialAction":[{"@type":"SearchAction","target":{"@type":"EntryPoint","urlTemplate":"https:\/\/woodinout.net\/da\/?s={search_term_string}"},"query-input":"required name=search_term_string"}],"inLanguage":"da-DK"}]}},"_links":{"self":[{"href":"https:\/\/woodinout.net\/da\/wp-json\/wp\/v2\/product\/21613"}],"collection":[{"href":"https:\/\/woodinout.net\/da\/wp-json\/wp\/v2\/product"}],"about":[{"href":"https:\/\/woodinout.net\/da\/wp-json\/wp\/v2\/types\/product"}],"wp:featuredmedia":[{"embeddable":true,"href":"https:\/\/woodinout.net\/da\/wp-json\/wp\/v2\/media\/17677"}],"wp:attachment":[{"href":"https:\/\/woodinout.net\/da\/wp-json\/wp\/v2\/media?parent=21613"}],"wp:term":[{"taxonomy":"product_cat","embeddable":true,"href":"https:\/\/woodinout.net\/da\/wp-json\/wp\/v2\/product_cat?post=21613"},{"taxonomy":"product_tag","embeddable":true,"href":"https:\/\/woodinout.net\/da\/wp-json\/wp\/v2\/product_tag?post=21613"}],"curies":[{"name":"wp","href":"https:\/\/api.w.org\/{rel}","templated":true}]}}