{"id":21612,"date":"2020-06-23T23:22:33","date_gmt":"2020-06-23T20:22:33","guid":{"rendered":"https:\/\/woodinout.net\/product\/naturlige-trae-bogstaver\/"},"modified":"2022-04-28T11:37:44","modified_gmt":"2022-04-28T08:37:44","slug":"trae-breve-toddler-gaver","status":"publish","type":"product","link":"https:\/\/woodinout.net\/da\/product\/trae-breve-toddler-gaver\/","title":{"rendered":"Naturlige tr\u00e6 bogstaver"},"content":{"rendered":"<p>Tr\u00e6breve er de bedste sm\u00e5b\u00f8rnsgaver. Vi pr\u00e6senterer dig laser cut bogstaver, der ikke kun ser stilfuld, men er kendt over hele verden som Montessori leget\u00f8j. Tilf\u00f8j tr\u00e6 bogstaver til tr\u00e6 ord og l\u00e6re stavning p\u00e5 den mest sjove m\u00e5de. Dette alfabet b\u00f8rnehave kunst g\u00f8re homeschool let! Jeg kan ikke forestille mig bedre gaver til b\u00f8rn. Waldorf leget\u00f8j &#8211; L\u00e6ring leget\u00f8j &#8211; F\u00f8rskole leget\u00f8j &#8211; Det er det, vi er bedst til Woodinout! Deltag i familien af glade kunder NU ved at f\u00e5 dette tr\u00e6 breve s\u00e6t.<\/p>\n<p>S\u00e6ttet indeholder:<br \/>\n26 ABC tr\u00e6bogstaver lavet af massivt tr\u00e6<\/p>\n<p>DIMENSIONER<\/p>\n<p>Bogstaver<br \/>\nH\u00f8jde: ~2,7 tommer<br \/>\nTykkelse: ~0,6 tommer<\/p>\n<p>FARVER OG MATERIALE<br \/>\nFarve: m\u00f8rkebrun eller naturlig olieret.<br \/>\nLeget\u00f8j er lavet af naturligt massivt tr\u00e6 og milj\u00f8venlig maling \/ olier.<br \/>\nBem\u00e6rk, at farverne kan variere p\u00e5 grund af indstillinger for computersk\u00e6rm og lettelse.<\/p>\n<div style=\"width: 1080px;\" class=\"wp-video\"><!--[if lt IE 9]><script>document.createElement('video');<\/script><![endif]-->\n<video class=\"wp-video-shortcode\" id=\"video-21612-1\" width=\"1080\" height=\"810\" preload=\"metadata\" controls=\"controls\"><source type=\"video\/mp4\" src=\"http:\/\/woodinout.net\/wp-content\/uploads\/2020\/06\/MEDINIS_17.mp4?_=1\" \/><a href=\"http:\/\/woodinout.net\/wp-content\/uploads\/2020\/06\/MEDINIS_17.mp4\">http:\/\/woodinout.net\/wp-content\/uploads\/2020\/06\/MEDINIS_17.mp4<\/a><\/video><\/div>\n","protected":false},"excerpt":{"rendered":"<p>Tr\u00e6breve er de bedste sm\u00e5b\u00f8rnsgaver. Vi pr\u00e6senterer dig laser cut bogstaver, der ikke kun ser stilfuld, men er kendt over hele verden som Montessori leget\u00f8j. Tilf\u00f8j tr\u00e6 bogstaver til tr\u00e6 ord og l\u00e6re stavning p\u00e5 den mest sjove m\u00e5de. Dette alfabet b\u00f8rnehave kunst g\u00f8re homeschool let! Jeg kan ikke forestille mig bedre gaver til b\u00f8rn. [&hellip;]<\/p>\n","protected":false},"featured_media":18061,"template":"","meta":{"_monsterinsights_skip_tracking":false,"_monsterinsights_sitenote_active":false,"_monsterinsights_sitenote_note":"","_monsterinsights_sitenote_category":0},"product_cat":[1577,1431],"product_tag":[2224,1488,1483,1439,1479,1472,1452,1460,1527,1529,2223],"yoast_head":"<!-- This site is optimized with the Yoast SEO plugin v22.1 - https:\/\/yoast.com\/wordpress\/plugins\/seo\/ -->\n<title>Naturlige tr\u00e6 bogstaver - Woodinout \u00a9 Learning leget\u00f8j<\/title>\n<meta name=\"description\" content=\"Montessori godkendt - Milj\u00f8venlig - Sikker - H\u00e5ndlavet. Dette alfabet bogstaver kit er perfekt l\u00e6ring leget\u00f8j til sm\u00e5b\u00f8rn og f\u00f8rskoleb\u00f8rn.\" \/>\n<meta name=\"robots\" content=\"index, follow, max-snippet:-1, max-image-preview:large, max-video-preview:-1\" \/>\n<link rel=\"canonical\" href=\"https:\/\/woodinout.net\/da\/product\/trae-breve-toddler-gaver\/\" \/>\n<meta property=\"og:locale\" content=\"da_DK\" \/>\n<meta property=\"og:type\" content=\"article\" \/>\n<meta property=\"og:title\" content=\"Naturlige tr\u00e6 bogstaver - Woodinout \u00a9 Learning leget\u00f8j\" \/>\n<meta property=\"og:description\" content=\"Montessori godkendt - Milj\u00f8venlig - Sikker - H\u00e5ndlavet. Dette alfabet bogstaver kit er perfekt l\u00e6ring leget\u00f8j til sm\u00e5b\u00f8rn og f\u00f8rskoleb\u00f8rn.\" \/>\n<meta property=\"og:url\" content=\"https:\/\/woodinout.net\/da\/product\/trae-breve-toddler-gaver\/\" \/>\n<meta property=\"og:site_name\" content=\"Woodinout \u00a9\" \/>\n<meta property=\"article:modified_time\" content=\"2022-04-28T08:37:44+00:00\" \/>\n<meta property=\"og:image\" content=\"https:\/\/woodinout.net\/wp-content\/uploads\/2020\/06\/Wooden-letters-1.jpg\" \/>\n\t<meta property=\"og:image:width\" content=\"853\" \/>\n\t<meta property=\"og:image:height\" content=\"1280\" \/>\n\t<meta property=\"og:image:type\" content=\"image\/jpeg\" \/>\n<meta name=\"twitter:card\" content=\"summary_large_image\" \/>\n<meta name=\"twitter:label1\" content=\"Estimeret l\u00e6setid\" \/>\n\t<meta name=\"twitter:data1\" content=\"1 minut\" \/>\n<script type=\"application\/ld+json\" class=\"yoast-schema-graph\">{\"@context\":\"https:\/\/schema.org\",\"@graph\":[{\"@type\":\"WebPage\",\"@id\":\"https:\/\/woodinout.net\/da\/product\/trae-breve-toddler-gaver\/\",\"url\":\"https:\/\/woodinout.net\/da\/product\/trae-breve-toddler-gaver\/\",\"name\":\"Naturlige tr\u00e6 bogstaver - Woodinout \u00a9 Learning leget\u00f8j\",\"isPartOf\":{\"@id\":\"https:\/\/woodinout.net\/da\/#website\"},\"datePublished\":\"2020-06-23T20:22:33+00:00\",\"dateModified\":\"2022-04-28T08:37:44+00:00\",\"description\":\"Montessori godkendt - Milj\u00f8venlig - Sikker - H\u00e5ndlavet. Dette alfabet bogstaver kit er perfekt l\u00e6ring leget\u00f8j til sm\u00e5b\u00f8rn og f\u00f8rskoleb\u00f8rn.\",\"breadcrumb\":{\"@id\":\"https:\/\/woodinout.net\/da\/product\/trae-breve-toddler-gaver\/#breadcrumb\"},\"inLanguage\":\"da-DK\",\"potentialAction\":[{\"@type\":\"ReadAction\",\"target\":[\"https:\/\/woodinout.net\/da\/product\/trae-breve-toddler-gaver\/\"]}]},{\"@type\":\"BreadcrumbList\",\"@id\":\"https:\/\/woodinout.net\/da\/product\/trae-breve-toddler-gaver\/#breadcrumb\",\"itemListElement\":[{\"@type\":\"ListItem\",\"position\":1,\"name\":\"Home\",\"item\":\"https:\/\/woodinout.net\/da\/\"},{\"@type\":\"ListItem\",\"position\":2,\"name\":\"Shop\",\"item\":\"https:\/\/woodinout.net\/shop\/\"},{\"@type\":\"ListItem\",\"position\":3,\"name\":\"Naturlige tr\u00e6 bogstaver\"}]},{\"@type\":\"WebSite\",\"@id\":\"https:\/\/woodinout.net\/da\/#website\",\"url\":\"https:\/\/woodinout.net\/da\/\",\"name\":\"Woodinout \u00a9\",\"description\":\"Wooden Montessori toys, gifts, home and events decor details\",\"potentialAction\":[{\"@type\":\"SearchAction\",\"target\":{\"@type\":\"EntryPoint\",\"urlTemplate\":\"https:\/\/woodinout.net\/da\/?s={search_term_string}\"},\"query-input\":\"required name=search_term_string\"}],\"inLanguage\":\"da-DK\"}]}<\/script>\n<!-- \/ Yoast SEO plugin. -->","yoast_head_json":{"title":"Naturlige tr\u00e6 bogstaver - Woodinout \u00a9 Learning leget\u00f8j","description":"Montessori godkendt - Milj\u00f8venlig - Sikker - H\u00e5ndlavet. Dette alfabet bogstaver kit er perfekt l\u00e6ring leget\u00f8j til sm\u00e5b\u00f8rn og f\u00f8rskoleb\u00f8rn.","robots":{"index":"index","follow":"follow","max-snippet":"max-snippet:-1","max-image-preview":"max-image-preview:large","max-video-preview":"max-video-preview:-1"},"canonical":"https:\/\/woodinout.net\/da\/product\/trae-breve-toddler-gaver\/","og_locale":"da_DK","og_type":"article","og_title":"Naturlige tr\u00e6 bogstaver - Woodinout \u00a9 Learning leget\u00f8j","og_description":"Montessori godkendt - Milj\u00f8venlig - Sikker - H\u00e5ndlavet. Dette alfabet bogstaver kit er perfekt l\u00e6ring leget\u00f8j til sm\u00e5b\u00f8rn og f\u00f8rskoleb\u00f8rn.","og_url":"https:\/\/woodinout.net\/da\/product\/trae-breve-toddler-gaver\/","og_site_name":"Woodinout \u00a9","article_modified_time":"2022-04-28T08:37:44+00:00","og_image":[{"width":853,"height":1280,"url":"https:\/\/woodinout.net\/wp-content\/uploads\/2020\/06\/Wooden-letters-1.jpg","type":"image\/jpeg"}],"twitter_card":"summary_large_image","twitter_misc":{"Estimeret l\u00e6setid":"1 minut"},"schema":{"@context":"https:\/\/schema.org","@graph":[{"@type":"WebPage","@id":"https:\/\/woodinout.net\/da\/product\/trae-breve-toddler-gaver\/","url":"https:\/\/woodinout.net\/da\/product\/trae-breve-toddler-gaver\/","name":"Naturlige tr\u00e6 bogstaver - Woodinout \u00a9 Learning leget\u00f8j","isPartOf":{"@id":"https:\/\/woodinout.net\/da\/#website"},"datePublished":"2020-06-23T20:22:33+00:00","dateModified":"2022-04-28T08:37:44+00:00","description":"Montessori godkendt - Milj\u00f8venlig - Sikker - H\u00e5ndlavet. Dette alfabet bogstaver kit er perfekt l\u00e6ring leget\u00f8j til sm\u00e5b\u00f8rn og f\u00f8rskoleb\u00f8rn.","breadcrumb":{"@id":"https:\/\/woodinout.net\/da\/product\/trae-breve-toddler-gaver\/#breadcrumb"},"inLanguage":"da-DK","potentialAction":[{"@type":"ReadAction","target":["https:\/\/woodinout.net\/da\/product\/trae-breve-toddler-gaver\/"]}]},{"@type":"BreadcrumbList","@id":"https:\/\/woodinout.net\/da\/product\/trae-breve-toddler-gaver\/#breadcrumb","itemListElement":[{"@type":"ListItem","position":1,"name":"Home","item":"https:\/\/woodinout.net\/da\/"},{"@type":"ListItem","position":2,"name":"Shop","item":"https:\/\/woodinout.net\/shop\/"},{"@type":"ListItem","position":3,"name":"Naturlige tr\u00e6 bogstaver"}]},{"@type":"WebSite","@id":"https:\/\/woodinout.net\/da\/#website","url":"https:\/\/woodinout.net\/da\/","name":"Woodinout \u00a9","description":"Wooden Montessori toys, gifts, home and events decor details","potentialAction":[{"@type":"SearchAction","target":{"@type":"EntryPoint","urlTemplate":"https:\/\/woodinout.net\/da\/?s={search_term_string}"},"query-input":"required name=search_term_string"}],"inLanguage":"da-DK"}]}},"_links":{"self":[{"href":"https:\/\/woodinout.net\/da\/wp-json\/wp\/v2\/product\/21612"}],"collection":[{"href":"https:\/\/woodinout.net\/da\/wp-json\/wp\/v2\/product"}],"about":[{"href":"https:\/\/woodinout.net\/da\/wp-json\/wp\/v2\/types\/product"}],"wp:featuredmedia":[{"embeddable":true,"href":"https:\/\/woodinout.net\/da\/wp-json\/wp\/v2\/media\/18061"}],"wp:attachment":[{"href":"https:\/\/woodinout.net\/da\/wp-json\/wp\/v2\/media?parent=21612"}],"wp:term":[{"taxonomy":"product_cat","embeddable":true,"href":"https:\/\/woodinout.net\/da\/wp-json\/wp\/v2\/product_cat?post=21612"},{"taxonomy":"product_tag","embeddable":true,"href":"https:\/\/woodinout.net\/da\/wp-json\/wp\/v2\/product_tag?post=21612"}],"curies":[{"name":"wp","href":"https:\/\/api.w.org\/{rel}","templated":true}]}}