{"id":21606,"date":"2021-03-17T22:05:03","date_gmt":"2021-03-17T20:05:03","guid":{"rendered":"https:\/\/woodinout.net\/product\/vejrcirkel\/"},"modified":"2022-04-28T11:47:12","modified_gmt":"2022-04-28T08:47:12","slug":"vejrcirkel","status":"publish","type":"product","link":"https:\/\/woodinout.net\/da\/product\/vejrcirkel\/","title":{"rendered":"Vejrcirkel"},"content":{"rendered":"<p>Vejrstation for b\u00f8rn er et MUST i alle <a href=\"https:\/\/woodinout.net\/product-category\/wooden-toys\/science-nature-toys\/\">f\u00f8rskolevidenskabslokaler<\/a> . Undervisning vejr ur inspireret af Montessori leget\u00f8j er tr\u00e6, derfor b\u00e6redygtig, milj\u00f8venlig og sikker for b\u00f8rn i alle aldre. B\u00f8rn l\u00e6rer for det meste gennem leg &#8211; dette tr\u00e6vejrhjul er her for at g\u00f8re det sjovt og nemt. Pre-k l\u00e6ring vil aldrig v\u00e6re kedeligt igen med Woodinout lavet leget\u00f8j.<\/p>\n<p>DIMENSIONER<br \/>\nDiameter: ~17,5 cm<br \/>\nTykkelse: ~1,5 cm<\/p>\n<p>FARVER OG MATERIALE<br \/>\nFarve: naturlig og brun olieret.<br \/>\nLeget\u00f8jet er lavet af naturligt massivt tr\u00e6.<br \/>\nBem\u00e6rk, at farverne kan variere p\u00e5 grund af indstillinger for computersk\u00e6rm og lettelse.<\/p>\n<p>For flere ideer, f\u00f8lg os p\u00e5 <a href=\"https:\/\/www.instagram.com\/woodinout\/\">INSTAGRAM<\/a> &amp; <a href=\"https:\/\/www.facebook.com\/Woodinout.net\">FACEBOOK<\/a><\/p>\n","protected":false},"excerpt":{"rendered":"<p>Vejrstation for b\u00f8rn er et MUST i alle f\u00f8rskolevidenskabslokaler . Undervisning vejr ur inspireret af Montessori leget\u00f8j er tr\u00e6, derfor b\u00e6redygtig, milj\u00f8venlig og sikker for b\u00f8rn i alle aldre. B\u00f8rn l\u00e6rer for det meste gennem leg &#8211; dette tr\u00e6vejrhjul er her for at g\u00f8re det sjovt og nemt. Pre-k l\u00e6ring vil aldrig v\u00e6re kedeligt igen [&hellip;]<\/p>\n","protected":false},"featured_media":19029,"template":"","meta":{"_monsterinsights_skip_tracking":false,"_monsterinsights_sitenote_active":false,"_monsterinsights_sitenote_note":"","_monsterinsights_sitenote_category":0},"product_cat":[1431,1435],"product_tag":[1488,2157,1483,1439,1479,1472,1452,1460,2158],"yoast_head":"<!-- This site is optimized with the Yoast SEO plugin v22.1 - https:\/\/yoast.com\/wordpress\/plugins\/seo\/ -->\n<title>Vejrcirkel - Woodinout \u00a9 Montessori l\u00e6ring leget\u00f8j<\/title>\n<meta name=\"description\" content=\"L\u00e6r at fort\u00e6lle vejr for b\u00f8rn med dette super k\u00f8lige vejrur. Naturlige materialer, h\u00e5ndlavede og uddannelsesm\u00e6ssige. Verdensomsp\u00e6ndende forsendelse.\" \/>\n<meta name=\"robots\" content=\"index, follow, max-snippet:-1, max-image-preview:large, max-video-preview:-1\" \/>\n<link rel=\"canonical\" href=\"https:\/\/woodinout.net\/da\/product\/vejrcirkel\/\" \/>\n<meta property=\"og:locale\" content=\"da_DK\" \/>\n<meta property=\"og:type\" content=\"article\" \/>\n<meta property=\"og:title\" content=\"Vejrcirkel - Woodinout \u00a9 Montessori l\u00e6ring leget\u00f8j\" \/>\n<meta property=\"og:description\" content=\"L\u00e6r at fort\u00e6lle vejr for b\u00f8rn med dette super k\u00f8lige vejrur. Naturlige materialer, h\u00e5ndlavede og uddannelsesm\u00e6ssige. Verdensomsp\u00e6ndende forsendelse.\" \/>\n<meta property=\"og:url\" content=\"https:\/\/woodinout.net\/da\/product\/vejrcirkel\/\" \/>\n<meta property=\"og:site_name\" content=\"Woodinout \u00a9\" \/>\n<meta property=\"article:modified_time\" content=\"2022-04-28T08:47:12+00:00\" \/>\n<meta property=\"og:image\" content=\"https:\/\/woodinout.net\/wp-content\/uploads\/2021\/03\/Weather_circle_1.jpg\" \/>\n\t<meta property=\"og:image:width\" content=\"1706\" \/>\n\t<meta property=\"og:image:height\" content=\"2560\" \/>\n\t<meta property=\"og:image:type\" content=\"image\/jpeg\" \/>\n<meta name=\"twitter:card\" content=\"summary_large_image\" \/>\n<meta name=\"twitter:label1\" content=\"Estimeret l\u00e6setid\" \/>\n\t<meta name=\"twitter:data1\" content=\"1 minut\" \/>\n<script type=\"application\/ld+json\" class=\"yoast-schema-graph\">{\"@context\":\"https:\/\/schema.org\",\"@graph\":[{\"@type\":\"WebPage\",\"@id\":\"https:\/\/woodinout.net\/da\/product\/vejrcirkel\/\",\"url\":\"https:\/\/woodinout.net\/da\/product\/vejrcirkel\/\",\"name\":\"Vejrcirkel - Woodinout \u00a9 Montessori l\u00e6ring leget\u00f8j\",\"isPartOf\":{\"@id\":\"https:\/\/woodinout.net\/da\/#website\"},\"datePublished\":\"2021-03-17T20:05:03+00:00\",\"dateModified\":\"2022-04-28T08:47:12+00:00\",\"description\":\"L\u00e6r at fort\u00e6lle vejr for b\u00f8rn med dette super k\u00f8lige vejrur. Naturlige materialer, h\u00e5ndlavede og uddannelsesm\u00e6ssige. Verdensomsp\u00e6ndende forsendelse.\",\"breadcrumb\":{\"@id\":\"https:\/\/woodinout.net\/da\/product\/vejrcirkel\/#breadcrumb\"},\"inLanguage\":\"da-DK\",\"potentialAction\":[{\"@type\":\"ReadAction\",\"target\":[\"https:\/\/woodinout.net\/da\/product\/vejrcirkel\/\"]}]},{\"@type\":\"BreadcrumbList\",\"@id\":\"https:\/\/woodinout.net\/da\/product\/vejrcirkel\/#breadcrumb\",\"itemListElement\":[{\"@type\":\"ListItem\",\"position\":1,\"name\":\"Home\",\"item\":\"https:\/\/woodinout.net\/da\/\"},{\"@type\":\"ListItem\",\"position\":2,\"name\":\"Shop\",\"item\":\"https:\/\/woodinout.net\/shop\/\"},{\"@type\":\"ListItem\",\"position\":3,\"name\":\"Vejrcirkel\"}]},{\"@type\":\"WebSite\",\"@id\":\"https:\/\/woodinout.net\/da\/#website\",\"url\":\"https:\/\/woodinout.net\/da\/\",\"name\":\"Woodinout \u00a9\",\"description\":\"Wooden Montessori toys, gifts, home and events decor details\",\"potentialAction\":[{\"@type\":\"SearchAction\",\"target\":{\"@type\":\"EntryPoint\",\"urlTemplate\":\"https:\/\/woodinout.net\/da\/?s={search_term_string}\"},\"query-input\":\"required name=search_term_string\"}],\"inLanguage\":\"da-DK\"}]}<\/script>\n<!-- \/ Yoast SEO plugin. -->","yoast_head_json":{"title":"Vejrcirkel - Woodinout \u00a9 Montessori l\u00e6ring leget\u00f8j","description":"L\u00e6r at fort\u00e6lle vejr for b\u00f8rn med dette super k\u00f8lige vejrur. Naturlige materialer, h\u00e5ndlavede og uddannelsesm\u00e6ssige. Verdensomsp\u00e6ndende forsendelse.","robots":{"index":"index","follow":"follow","max-snippet":"max-snippet:-1","max-image-preview":"max-image-preview:large","max-video-preview":"max-video-preview:-1"},"canonical":"https:\/\/woodinout.net\/da\/product\/vejrcirkel\/","og_locale":"da_DK","og_type":"article","og_title":"Vejrcirkel - Woodinout \u00a9 Montessori l\u00e6ring leget\u00f8j","og_description":"L\u00e6r at fort\u00e6lle vejr for b\u00f8rn med dette super k\u00f8lige vejrur. Naturlige materialer, h\u00e5ndlavede og uddannelsesm\u00e6ssige. Verdensomsp\u00e6ndende forsendelse.","og_url":"https:\/\/woodinout.net\/da\/product\/vejrcirkel\/","og_site_name":"Woodinout \u00a9","article_modified_time":"2022-04-28T08:47:12+00:00","og_image":[{"width":1706,"height":2560,"url":"https:\/\/woodinout.net\/wp-content\/uploads\/2021\/03\/Weather_circle_1.jpg","type":"image\/jpeg"}],"twitter_card":"summary_large_image","twitter_misc":{"Estimeret l\u00e6setid":"1 minut"},"schema":{"@context":"https:\/\/schema.org","@graph":[{"@type":"WebPage","@id":"https:\/\/woodinout.net\/da\/product\/vejrcirkel\/","url":"https:\/\/woodinout.net\/da\/product\/vejrcirkel\/","name":"Vejrcirkel - Woodinout \u00a9 Montessori l\u00e6ring leget\u00f8j","isPartOf":{"@id":"https:\/\/woodinout.net\/da\/#website"},"datePublished":"2021-03-17T20:05:03+00:00","dateModified":"2022-04-28T08:47:12+00:00","description":"L\u00e6r at fort\u00e6lle vejr for b\u00f8rn med dette super k\u00f8lige vejrur. Naturlige materialer, h\u00e5ndlavede og uddannelsesm\u00e6ssige. Verdensomsp\u00e6ndende forsendelse.","breadcrumb":{"@id":"https:\/\/woodinout.net\/da\/product\/vejrcirkel\/#breadcrumb"},"inLanguage":"da-DK","potentialAction":[{"@type":"ReadAction","target":["https:\/\/woodinout.net\/da\/product\/vejrcirkel\/"]}]},{"@type":"BreadcrumbList","@id":"https:\/\/woodinout.net\/da\/product\/vejrcirkel\/#breadcrumb","itemListElement":[{"@type":"ListItem","position":1,"name":"Home","item":"https:\/\/woodinout.net\/da\/"},{"@type":"ListItem","position":2,"name":"Shop","item":"https:\/\/woodinout.net\/shop\/"},{"@type":"ListItem","position":3,"name":"Vejrcirkel"}]},{"@type":"WebSite","@id":"https:\/\/woodinout.net\/da\/#website","url":"https:\/\/woodinout.net\/da\/","name":"Woodinout \u00a9","description":"Wooden Montessori toys, gifts, home and events decor details","potentialAction":[{"@type":"SearchAction","target":{"@type":"EntryPoint","urlTemplate":"https:\/\/woodinout.net\/da\/?s={search_term_string}"},"query-input":"required name=search_term_string"}],"inLanguage":"da-DK"}]}},"_links":{"self":[{"href":"https:\/\/woodinout.net\/da\/wp-json\/wp\/v2\/product\/21606"}],"collection":[{"href":"https:\/\/woodinout.net\/da\/wp-json\/wp\/v2\/product"}],"about":[{"href":"https:\/\/woodinout.net\/da\/wp-json\/wp\/v2\/types\/product"}],"wp:featuredmedia":[{"embeddable":true,"href":"https:\/\/woodinout.net\/da\/wp-json\/wp\/v2\/media\/19029"}],"wp:attachment":[{"href":"https:\/\/woodinout.net\/da\/wp-json\/wp\/v2\/media?parent=21606"}],"wp:term":[{"taxonomy":"product_cat","embeddable":true,"href":"https:\/\/woodinout.net\/da\/wp-json\/wp\/v2\/product_cat?post=21606"},{"taxonomy":"product_tag","embeddable":true,"href":"https:\/\/woodinout.net\/da\/wp-json\/wp\/v2\/product_tag?post=21606"}],"curies":[{"name":"wp","href":"https:\/\/api.w.org\/{rel}","templated":true}]}}