{"id":21599,"date":"2020-06-23T21:09:58","date_gmt":"2020-06-23T18:09:58","guid":{"rendered":"https:\/\/woodinout.net\/product\/trae-regnbue-sortering-legetoej\/"},"modified":"2022-04-28T11:11:20","modified_gmt":"2022-04-28T08:11:20","slug":"regnbue-trae-sortering-legetoj","status":"publish","type":"product","link":"https:\/\/woodinout.net\/da\/product\/regnbue-trae-sortering-legetoj\/","title":{"rendered":"Tr\u00e6 regnbue sortering leget\u00f8j"},"content":{"rendered":"<p>Leder du efter unikke b\u00f8rnegaver? Tr\u00e6 regnbue leget\u00f8j er b\u00e5de &#8211; uddannelsesm\u00e6ssige og stilfulde. Verdensomsp\u00e6ndende kendte Waldorf &amp;Montessori leget\u00f8j inspirerede os til at kremere en nem og sjov m\u00e5de at l\u00e6re farver og t\u00e6lle p\u00e5. Regnbue farve sortering leget\u00f8j maling homeschool i glade farver. Tro mig, b\u00f8rn elsker de farverige regnbueperler.<br \/>\nL\u00c6RING leget\u00f8j er stadig leget\u00f8j i \u00f8jnene af et barn. Vores h\u00e5ndlavede tr\u00e6leget\u00f8j (f\u00f8rskoleleget\u00f8j) er ikke kun perfekt p\u00e6dagogisk regnbuegave, men ogs\u00e5 meget flot. Derfor er det ogs\u00e5 godt at for\u00e6ldrene s\u00e6tter pris p\u00e5. Alle nyder flot b\u00f8rnev\u00e6relse indretning.<\/p>\n<p>S\u00e6ttet indeholder:<br \/>\nTr\u00e6 regnbue bord<br \/>\n125 stk. af farverige tr\u00e6kugler (0,05 tommer dia)<\/p>\n<p>DIMENSIONER<br \/>\nH\u00f8jde:~11 tommer<br \/>\nL\u00e6ngde:~13,4 tommer<br \/>\nTykkelse: ~0,6 tommer<\/p>\n<p>FARVER OG MATERIALE<br \/>\nFarve: naturlig eller brun olieret.<br \/>\nLeget\u00f8jet er lavet af naturligt massivt tr\u00e6.<br \/>\nBem\u00e6rk, at farverne kan variere p\u00e5 grund af indstillinger for computersk\u00e6rm og lettelse.<\/p>\n<p>For flere ideer, f\u00f8lg os p\u00e5 <a href=\"https:\/\/www.instagram.com\/woodinout\/\">INSTAGRAM<\/a> &amp; <a href=\"https:\/\/www.facebook.com\/Woodinout.net\">FACEBOOK<\/a><\/p>\n","protected":false},"excerpt":{"rendered":"<p>Leder du efter unikke b\u00f8rnegaver? Tr\u00e6 regnbue leget\u00f8j er b\u00e5de &#8211; uddannelsesm\u00e6ssige og stilfulde. Verdensomsp\u00e6ndende kendte Waldorf &amp;Montessori leget\u00f8j inspirerede os til at kremere en nem og sjov m\u00e5de at l\u00e6re farver og t\u00e6lle p\u00e5. Regnbue farve sortering leget\u00f8j maling homeschool i glade farver. Tro mig, b\u00f8rn elsker de farverige regnbueperler. L\u00c6RING leget\u00f8j er stadig [&hellip;]<\/p>\n","protected":false},"featured_media":17749,"template":"","meta":{"_monsterinsights_skip_tracking":false,"_monsterinsights_sitenote_active":false,"_monsterinsights_sitenote_note":"","_monsterinsights_sitenote_category":0},"product_cat":[1651,1431],"product_tag":[1488,1483,2220,1439,2175,1479,1472,1452,1460,2221,2222],"yoast_head":"<!-- This site is optimized with the Yoast SEO plugin v22.1 - https:\/\/yoast.com\/wordpress\/plugins\/seo\/ -->\n<title>Tr\u00e6 regnbue sortering leget\u00f8j - Woodinout \u00a9 Montessori leget\u00f8j<\/title>\n<meta name=\"description\" content=\"Tr\u00e6 regnbue leget\u00f8j - Farve sortering spil. Naturligt tr\u00e6 Personlige b\u00f8rn gaver - for\u00e6lder elsker p\u00e6dagogiske spil som gaver.\" \/>\n<meta name=\"robots\" content=\"index, follow, max-snippet:-1, max-image-preview:large, max-video-preview:-1\" \/>\n<link rel=\"canonical\" href=\"https:\/\/woodinout.net\/da\/product\/regnbue-trae-sortering-legetoj\/\" \/>\n<meta property=\"og:locale\" content=\"da_DK\" \/>\n<meta property=\"og:type\" content=\"article\" \/>\n<meta property=\"og:title\" content=\"Tr\u00e6 regnbue sortering leget\u00f8j - Woodinout \u00a9 Montessori leget\u00f8j\" \/>\n<meta property=\"og:description\" content=\"Tr\u00e6 regnbue leget\u00f8j - Farve sortering spil. Naturligt tr\u00e6 Personlige b\u00f8rn gaver - for\u00e6lder elsker p\u00e6dagogiske spil som gaver.\" \/>\n<meta property=\"og:url\" content=\"https:\/\/woodinout.net\/da\/product\/regnbue-trae-sortering-legetoj\/\" \/>\n<meta property=\"og:site_name\" content=\"Woodinout \u00a9\" \/>\n<meta property=\"article:modified_time\" content=\"2022-04-28T08:11:20+00:00\" \/>\n<meta property=\"og:image\" content=\"https:\/\/woodinout.net\/wp-content\/uploads\/2020\/06\/Rainbow-Wooden-sorting-toy-3.jpg\" \/>\n\t<meta property=\"og:image:width\" content=\"853\" \/>\n\t<meta property=\"og:image:height\" content=\"1280\" \/>\n\t<meta property=\"og:image:type\" content=\"image\/jpeg\" \/>\n<meta name=\"twitter:card\" content=\"summary_large_image\" \/>\n<meta name=\"twitter:label1\" content=\"Estimeret l\u00e6setid\" \/>\n\t<meta name=\"twitter:data1\" content=\"1 minut\" \/>\n<script type=\"application\/ld+json\" class=\"yoast-schema-graph\">{\"@context\":\"https:\/\/schema.org\",\"@graph\":[{\"@type\":\"WebPage\",\"@id\":\"https:\/\/woodinout.net\/da\/product\/regnbue-trae-sortering-legetoj\/\",\"url\":\"https:\/\/woodinout.net\/da\/product\/regnbue-trae-sortering-legetoj\/\",\"name\":\"Tr\u00e6 regnbue sortering leget\u00f8j - Woodinout \u00a9 Montessori leget\u00f8j\",\"isPartOf\":{\"@id\":\"https:\/\/woodinout.net\/da\/#website\"},\"datePublished\":\"2020-06-23T18:09:58+00:00\",\"dateModified\":\"2022-04-28T08:11:20+00:00\",\"description\":\"Tr\u00e6 regnbue leget\u00f8j - Farve sortering spil. Naturligt tr\u00e6 Personlige b\u00f8rn gaver - for\u00e6lder elsker p\u00e6dagogiske spil som gaver.\",\"breadcrumb\":{\"@id\":\"https:\/\/woodinout.net\/da\/product\/regnbue-trae-sortering-legetoj\/#breadcrumb\"},\"inLanguage\":\"da-DK\",\"potentialAction\":[{\"@type\":\"ReadAction\",\"target\":[\"https:\/\/woodinout.net\/da\/product\/regnbue-trae-sortering-legetoj\/\"]}]},{\"@type\":\"BreadcrumbList\",\"@id\":\"https:\/\/woodinout.net\/da\/product\/regnbue-trae-sortering-legetoj\/#breadcrumb\",\"itemListElement\":[{\"@type\":\"ListItem\",\"position\":1,\"name\":\"Home\",\"item\":\"https:\/\/woodinout.net\/da\/\"},{\"@type\":\"ListItem\",\"position\":2,\"name\":\"Shop\",\"item\":\"https:\/\/woodinout.net\/shop\/\"},{\"@type\":\"ListItem\",\"position\":3,\"name\":\"Tr\u00e6 regnbue sortering leget\u00f8j\"}]},{\"@type\":\"WebSite\",\"@id\":\"https:\/\/woodinout.net\/da\/#website\",\"url\":\"https:\/\/woodinout.net\/da\/\",\"name\":\"Woodinout \u00a9\",\"description\":\"Wooden Montessori toys, gifts, home and events decor details\",\"potentialAction\":[{\"@type\":\"SearchAction\",\"target\":{\"@type\":\"EntryPoint\",\"urlTemplate\":\"https:\/\/woodinout.net\/da\/?s={search_term_string}\"},\"query-input\":\"required name=search_term_string\"}],\"inLanguage\":\"da-DK\"}]}<\/script>\n<!-- \/ Yoast SEO plugin. -->","yoast_head_json":{"title":"Tr\u00e6 regnbue sortering leget\u00f8j - Woodinout \u00a9 Montessori leget\u00f8j","description":"Tr\u00e6 regnbue leget\u00f8j - Farve sortering spil. Naturligt tr\u00e6 Personlige b\u00f8rn gaver - for\u00e6lder elsker p\u00e6dagogiske spil som gaver.","robots":{"index":"index","follow":"follow","max-snippet":"max-snippet:-1","max-image-preview":"max-image-preview:large","max-video-preview":"max-video-preview:-1"},"canonical":"https:\/\/woodinout.net\/da\/product\/regnbue-trae-sortering-legetoj\/","og_locale":"da_DK","og_type":"article","og_title":"Tr\u00e6 regnbue sortering leget\u00f8j - Woodinout \u00a9 Montessori leget\u00f8j","og_description":"Tr\u00e6 regnbue leget\u00f8j - Farve sortering spil. Naturligt tr\u00e6 Personlige b\u00f8rn gaver - for\u00e6lder elsker p\u00e6dagogiske spil som gaver.","og_url":"https:\/\/woodinout.net\/da\/product\/regnbue-trae-sortering-legetoj\/","og_site_name":"Woodinout \u00a9","article_modified_time":"2022-04-28T08:11:20+00:00","og_image":[{"width":853,"height":1280,"url":"https:\/\/woodinout.net\/wp-content\/uploads\/2020\/06\/Rainbow-Wooden-sorting-toy-3.jpg","type":"image\/jpeg"}],"twitter_card":"summary_large_image","twitter_misc":{"Estimeret l\u00e6setid":"1 minut"},"schema":{"@context":"https:\/\/schema.org","@graph":[{"@type":"WebPage","@id":"https:\/\/woodinout.net\/da\/product\/regnbue-trae-sortering-legetoj\/","url":"https:\/\/woodinout.net\/da\/product\/regnbue-trae-sortering-legetoj\/","name":"Tr\u00e6 regnbue sortering leget\u00f8j - Woodinout \u00a9 Montessori leget\u00f8j","isPartOf":{"@id":"https:\/\/woodinout.net\/da\/#website"},"datePublished":"2020-06-23T18:09:58+00:00","dateModified":"2022-04-28T08:11:20+00:00","description":"Tr\u00e6 regnbue leget\u00f8j - Farve sortering spil. Naturligt tr\u00e6 Personlige b\u00f8rn gaver - for\u00e6lder elsker p\u00e6dagogiske spil som gaver.","breadcrumb":{"@id":"https:\/\/woodinout.net\/da\/product\/regnbue-trae-sortering-legetoj\/#breadcrumb"},"inLanguage":"da-DK","potentialAction":[{"@type":"ReadAction","target":["https:\/\/woodinout.net\/da\/product\/regnbue-trae-sortering-legetoj\/"]}]},{"@type":"BreadcrumbList","@id":"https:\/\/woodinout.net\/da\/product\/regnbue-trae-sortering-legetoj\/#breadcrumb","itemListElement":[{"@type":"ListItem","position":1,"name":"Home","item":"https:\/\/woodinout.net\/da\/"},{"@type":"ListItem","position":2,"name":"Shop","item":"https:\/\/woodinout.net\/shop\/"},{"@type":"ListItem","position":3,"name":"Tr\u00e6 regnbue sortering leget\u00f8j"}]},{"@type":"WebSite","@id":"https:\/\/woodinout.net\/da\/#website","url":"https:\/\/woodinout.net\/da\/","name":"Woodinout \u00a9","description":"Wooden Montessori toys, gifts, home and events decor details","potentialAction":[{"@type":"SearchAction","target":{"@type":"EntryPoint","urlTemplate":"https:\/\/woodinout.net\/da\/?s={search_term_string}"},"query-input":"required name=search_term_string"}],"inLanguage":"da-DK"}]}},"_links":{"self":[{"href":"https:\/\/woodinout.net\/da\/wp-json\/wp\/v2\/product\/21599"}],"collection":[{"href":"https:\/\/woodinout.net\/da\/wp-json\/wp\/v2\/product"}],"about":[{"href":"https:\/\/woodinout.net\/da\/wp-json\/wp\/v2\/types\/product"}],"wp:featuredmedia":[{"embeddable":true,"href":"https:\/\/woodinout.net\/da\/wp-json\/wp\/v2\/media\/17749"}],"wp:attachment":[{"href":"https:\/\/woodinout.net\/da\/wp-json\/wp\/v2\/media?parent=21599"}],"wp:term":[{"taxonomy":"product_cat","embeddable":true,"href":"https:\/\/woodinout.net\/da\/wp-json\/wp\/v2\/product_cat?post=21599"},{"taxonomy":"product_tag","embeddable":true,"href":"https:\/\/woodinout.net\/da\/wp-json\/wp\/v2\/product_tag?post=21599"}],"curies":[{"name":"wp","href":"https:\/\/api.w.org\/{rel}","templated":true}]}}