{"id":21588,"date":"2021-03-19T13:06:23","date_gmt":"2021-03-19T11:06:23","guid":{"rendered":"https:\/\/woodinout.net\/product\/kalender\/"},"modified":"2022-04-28T11:47:55","modified_gmt":"2022-04-28T08:47:55","slug":"kalender","status":"publish","type":"product","link":"https:\/\/woodinout.net\/da\/product\/kalender\/","title":{"rendered":"Kalender"},"content":{"rendered":"<p>Tr\u00e6kalender til b\u00f8rn &#8211; b\u00e6redygtige Montessori materialer skabt til l\u00e6ring og leg. Perfekt jakkes\u00e6t til enten Homeschool eller B\u00f8rnehave eller B\u00f8rnehave. Lavet af tr\u00e6, det er et naturligt l\u00e6ringsv\u00e6rkt\u00f8j i \u00e5revis, \u00e5rstider, hverdage. Sjov m\u00e5de at l\u00e6re dit barn at forst\u00e5 dato betydning og varighed af uge, m\u00e5ned og hele s\u00e6sonen.<\/p>\n<p>Morgen bord s\u00e6t indeholder:<br \/>\nHovedkalenderkort<br \/>\n31 dages m\u00f8nter (31 stk.) (~ 1,6 i \/ 4cm)<br \/>\n\u00c5r m\u00f8nter 5cm (20 stk.) (~ 2 i \/ 5cm)<br \/>\nM\u00e5nedskort (12 stk.) (~8.4&#215;2 i \/ 21.5x5cm)<br \/>\nS\u00e6soner m\u00f8nter (4 stk.) (~3,1 i \/ 8cm)<br \/>\nHverdagskort (7 stk.) (~3,3&#215;1.2 i \/ 8,5x3cm)<\/p>\n<p>Dimensioner af bord:<br \/>\nL\u00e6ngde: ~37 cm<br \/>\nH\u00f8jde: ~46 cm<br \/>\nTykkelse: ~1,5 cm<\/p>\n<p>FARVER OG MATERIALE<br \/>\nFarve: naturligt tr\u00e6.<br \/>\nLeget\u00f8jet er lavet af naturligt massivt tr\u00e6 og krydsfiner.<br \/>\nBem\u00e6rk, at farverne kan variere p\u00e5 grund af indstillinger for computersk\u00e6rm og lettelse.<\/p>\n<p>For flere ideer, f\u00f8lg os p\u00e5 <a href=\"https:\/\/www.instagram.com\/woodinout\/\">INSTAGRAM<\/a> &amp; <a href=\"https:\/\/www.facebook.com\/Woodinout.net\">FACEBOOK<\/a><\/p>\n","protected":false},"excerpt":{"rendered":"<p>Tr\u00e6kalender til b\u00f8rn &#8211; b\u00e6redygtige Montessori materialer skabt til l\u00e6ring og leg. Perfekt jakkes\u00e6t til enten Homeschool eller B\u00f8rnehave eller B\u00f8rnehave. Lavet af tr\u00e6, det er et naturligt l\u00e6ringsv\u00e6rkt\u00f8j i \u00e5revis, \u00e5rstider, hverdage. Sjov m\u00e5de at l\u00e6re dit barn at forst\u00e5 dato betydning og varighed af uge, m\u00e5ned og hele s\u00e6sonen. Morgen bord s\u00e6t indeholder: [&hellip;]<\/p>\n","protected":false},"featured_media":19453,"template":"","meta":{"_monsterinsights_skip_tracking":false,"_monsterinsights_sitenote_active":false,"_monsterinsights_sitenote_note":"","_monsterinsights_sitenote_category":0},"product_cat":[1431,1435],"product_tag":[1488,1483,1439,1479,1672,1667,1498,1472,1675,1452,1460,1861],"yoast_head":"<!-- This site is optimized with the Yoast SEO plugin v22.1 - https:\/\/yoast.com\/wordpress\/plugins\/seo\/ -->\n<title>Kalender - Woodinout \u00a9 uddannelsesm\u00e6ssige Montessori leget\u00f8j<\/title>\n<meta name=\"description\" content=\"L\u00e6ring er nu sjovt og nemt - Naturligt tr\u00e6leget\u00f8j til v\u00e6rdifuld familietid. Hjemmeskole eller b\u00f8rnehave skal have. Verdensomsp\u00e6ndende forsendelse.\" \/>\n<meta name=\"robots\" content=\"index, follow, max-snippet:-1, max-image-preview:large, max-video-preview:-1\" \/>\n<link rel=\"canonical\" href=\"https:\/\/woodinout.net\/da\/product\/kalender\/\" \/>\n<meta property=\"og:locale\" content=\"da_DK\" \/>\n<meta property=\"og:type\" content=\"article\" \/>\n<meta property=\"og:title\" content=\"Kalender - Woodinout \u00a9 uddannelsesm\u00e6ssige Montessori leget\u00f8j\" \/>\n<meta property=\"og:description\" content=\"L\u00e6ring er nu sjovt og nemt - Naturligt tr\u00e6leget\u00f8j til v\u00e6rdifuld familietid. Hjemmeskole eller b\u00f8rnehave skal have. Verdensomsp\u00e6ndende forsendelse.\" \/>\n<meta property=\"og:url\" content=\"https:\/\/woodinout.net\/da\/product\/kalender\/\" \/>\n<meta property=\"og:site_name\" content=\"Woodinout \u00a9\" \/>\n<meta property=\"article:modified_time\" content=\"2022-04-28T08:47:55+00:00\" \/>\n<meta property=\"og:image\" content=\"https:\/\/woodinout.net\/wp-content\/uploads\/2021\/03\/Calendar_1.jpg\" \/>\n\t<meta property=\"og:image:width\" content=\"1706\" \/>\n\t<meta property=\"og:image:height\" content=\"2560\" \/>\n\t<meta property=\"og:image:type\" content=\"image\/jpeg\" \/>\n<meta name=\"twitter:card\" content=\"summary_large_image\" \/>\n<meta name=\"twitter:label1\" content=\"Estimeret l\u00e6setid\" \/>\n\t<meta name=\"twitter:data1\" content=\"1 minut\" \/>\n<script type=\"application\/ld+json\" class=\"yoast-schema-graph\">{\"@context\":\"https:\/\/schema.org\",\"@graph\":[{\"@type\":\"WebPage\",\"@id\":\"https:\/\/woodinout.net\/da\/product\/kalender\/\",\"url\":\"https:\/\/woodinout.net\/da\/product\/kalender\/\",\"name\":\"Kalender - Woodinout \u00a9 uddannelsesm\u00e6ssige Montessori leget\u00f8j\",\"isPartOf\":{\"@id\":\"https:\/\/woodinout.net\/da\/#website\"},\"datePublished\":\"2021-03-19T11:06:23+00:00\",\"dateModified\":\"2022-04-28T08:47:55+00:00\",\"description\":\"L\u00e6ring er nu sjovt og nemt - Naturligt tr\u00e6leget\u00f8j til v\u00e6rdifuld familietid. Hjemmeskole eller b\u00f8rnehave skal have. Verdensomsp\u00e6ndende forsendelse.\",\"breadcrumb\":{\"@id\":\"https:\/\/woodinout.net\/da\/product\/kalender\/#breadcrumb\"},\"inLanguage\":\"da-DK\",\"potentialAction\":[{\"@type\":\"ReadAction\",\"target\":[\"https:\/\/woodinout.net\/da\/product\/kalender\/\"]}]},{\"@type\":\"BreadcrumbList\",\"@id\":\"https:\/\/woodinout.net\/da\/product\/kalender\/#breadcrumb\",\"itemListElement\":[{\"@type\":\"ListItem\",\"position\":1,\"name\":\"Home\",\"item\":\"https:\/\/woodinout.net\/da\/\"},{\"@type\":\"ListItem\",\"position\":2,\"name\":\"Shop\",\"item\":\"https:\/\/woodinout.net\/shop\/\"},{\"@type\":\"ListItem\",\"position\":3,\"name\":\"Kalender\"}]},{\"@type\":\"WebSite\",\"@id\":\"https:\/\/woodinout.net\/da\/#website\",\"url\":\"https:\/\/woodinout.net\/da\/\",\"name\":\"Woodinout \u00a9\",\"description\":\"Wooden Montessori toys, gifts, home and events decor details\",\"potentialAction\":[{\"@type\":\"SearchAction\",\"target\":{\"@type\":\"EntryPoint\",\"urlTemplate\":\"https:\/\/woodinout.net\/da\/?s={search_term_string}\"},\"query-input\":\"required name=search_term_string\"}],\"inLanguage\":\"da-DK\"}]}<\/script>\n<!-- \/ Yoast SEO plugin. -->","yoast_head_json":{"title":"Kalender - Woodinout \u00a9 uddannelsesm\u00e6ssige Montessori leget\u00f8j","description":"L\u00e6ring er nu sjovt og nemt - Naturligt tr\u00e6leget\u00f8j til v\u00e6rdifuld familietid. Hjemmeskole eller b\u00f8rnehave skal have. Verdensomsp\u00e6ndende forsendelse.","robots":{"index":"index","follow":"follow","max-snippet":"max-snippet:-1","max-image-preview":"max-image-preview:large","max-video-preview":"max-video-preview:-1"},"canonical":"https:\/\/woodinout.net\/da\/product\/kalender\/","og_locale":"da_DK","og_type":"article","og_title":"Kalender - Woodinout \u00a9 uddannelsesm\u00e6ssige Montessori leget\u00f8j","og_description":"L\u00e6ring er nu sjovt og nemt - Naturligt tr\u00e6leget\u00f8j til v\u00e6rdifuld familietid. Hjemmeskole eller b\u00f8rnehave skal have. Verdensomsp\u00e6ndende forsendelse.","og_url":"https:\/\/woodinout.net\/da\/product\/kalender\/","og_site_name":"Woodinout \u00a9","article_modified_time":"2022-04-28T08:47:55+00:00","og_image":[{"width":1706,"height":2560,"url":"https:\/\/woodinout.net\/wp-content\/uploads\/2021\/03\/Calendar_1.jpg","type":"image\/jpeg"}],"twitter_card":"summary_large_image","twitter_misc":{"Estimeret l\u00e6setid":"1 minut"},"schema":{"@context":"https:\/\/schema.org","@graph":[{"@type":"WebPage","@id":"https:\/\/woodinout.net\/da\/product\/kalender\/","url":"https:\/\/woodinout.net\/da\/product\/kalender\/","name":"Kalender - Woodinout \u00a9 uddannelsesm\u00e6ssige Montessori leget\u00f8j","isPartOf":{"@id":"https:\/\/woodinout.net\/da\/#website"},"datePublished":"2021-03-19T11:06:23+00:00","dateModified":"2022-04-28T08:47:55+00:00","description":"L\u00e6ring er nu sjovt og nemt - Naturligt tr\u00e6leget\u00f8j til v\u00e6rdifuld familietid. Hjemmeskole eller b\u00f8rnehave skal have. Verdensomsp\u00e6ndende forsendelse.","breadcrumb":{"@id":"https:\/\/woodinout.net\/da\/product\/kalender\/#breadcrumb"},"inLanguage":"da-DK","potentialAction":[{"@type":"ReadAction","target":["https:\/\/woodinout.net\/da\/product\/kalender\/"]}]},{"@type":"BreadcrumbList","@id":"https:\/\/woodinout.net\/da\/product\/kalender\/#breadcrumb","itemListElement":[{"@type":"ListItem","position":1,"name":"Home","item":"https:\/\/woodinout.net\/da\/"},{"@type":"ListItem","position":2,"name":"Shop","item":"https:\/\/woodinout.net\/shop\/"},{"@type":"ListItem","position":3,"name":"Kalender"}]},{"@type":"WebSite","@id":"https:\/\/woodinout.net\/da\/#website","url":"https:\/\/woodinout.net\/da\/","name":"Woodinout \u00a9","description":"Wooden Montessori toys, gifts, home and events decor details","potentialAction":[{"@type":"SearchAction","target":{"@type":"EntryPoint","urlTemplate":"https:\/\/woodinout.net\/da\/?s={search_term_string}"},"query-input":"required name=search_term_string"}],"inLanguage":"da-DK"}]}},"_links":{"self":[{"href":"https:\/\/woodinout.net\/da\/wp-json\/wp\/v2\/product\/21588"}],"collection":[{"href":"https:\/\/woodinout.net\/da\/wp-json\/wp\/v2\/product"}],"about":[{"href":"https:\/\/woodinout.net\/da\/wp-json\/wp\/v2\/types\/product"}],"wp:featuredmedia":[{"embeddable":true,"href":"https:\/\/woodinout.net\/da\/wp-json\/wp\/v2\/media\/19453"}],"wp:attachment":[{"href":"https:\/\/woodinout.net\/da\/wp-json\/wp\/v2\/media?parent=21588"}],"wp:term":[{"taxonomy":"product_cat","embeddable":true,"href":"https:\/\/woodinout.net\/da\/wp-json\/wp\/v2\/product_cat?post=21588"},{"taxonomy":"product_tag","embeddable":true,"href":"https:\/\/woodinout.net\/da\/wp-json\/wp\/v2\/product_tag?post=21588"}],"curies":[{"name":"wp","href":"https:\/\/api.w.org\/{rel}","templated":true}]}}