{"id":21583,"date":"2020-06-30T23:33:45","date_gmt":"2020-06-30T20:33:45","guid":{"rendered":"https:\/\/woodinout.net\/product\/traefarvede-bolde\/"},"modified":"2022-03-13T21:13:53","modified_gmt":"2022-03-13T19:13:53","slug":"farvede-traekugler","status":"publish","type":"product","link":"https:\/\/woodinout.net\/da\/product\/farvede-traekugler\/","title":{"rendered":"Tr\u00e6farvede bolde"},"content":{"rendered":"<p>Tr\u00e6farvede bolde er h\u00e5ndlavede, omhyggeligt malet med ikke giftig, milj\u00f8venlig maling. Bedst bruges til Montessori l\u00e6ring spil &amp;leget\u00f8j, s\u00e5som <a href=\"http:\/\/woodinout.net\/product-category\/wooden-toys\/counting-and-math-toys\/\">matematik manipulatives<\/a> eller <a href=\"http:\/\/woodinout.net\/product-tag\/color-sorting-toys\/\">farve sortering leget\u00f8j<\/a>. Disse farvede bolde er perfekte tr\u00e6 sensoriske leget\u00f8j &#8211; sm\u00e5, i\u00f8jnefaldende farver hj\u00e6lpe med at udvikle: MOTOR F\u00c6RDIGHEDER, tal &amp; t\u00e6lle evne, farve sortering f\u00e6rdigheder. Det vigtigste punkt i vores naturlige tr\u00e6 Montessori leget\u00f8j er at uddanne p\u00e5 den mest venlige og naturlige m\u00e5de. Vi er inspireret af verdenskendte Waldorf &amp;Montessori leget\u00f8j. Lavet af tr\u00e6, farvede perler er langvarige og sikkert at r\u00f8re ved, f\u00f8ler, selv smag! Pr\u00f8v selv, og vi garanterer dig den bedste oplevelse.<\/p>\n<p>Vi skaber vores p\u00e6dagogiske spil &amp;leget\u00f8j med k\u00e6rlighed og lidenskab. Vi holder lige s\u00e5 meget af dem som for vores kunder, v\u00e6re velkommen til at sende os en besked. Bliv en del af vores familie og realisere din egen milj\u00f8venlige dr\u00f8m.<\/p>\n<div style=\"width: 1080px;\" class=\"wp-video\"><!--[if lt IE 9]><script>document.createElement('video');<\/script><![endif]-->\n<video class=\"wp-video-shortcode\" id=\"video-21583-1\" width=\"1080\" height=\"810\" preload=\"metadata\" controls=\"controls\"><source type=\"video\/mp4\" src=\"http:\/\/woodinout.net\/wp-content\/uploads\/2020\/06\/MEDINIS_7.mp4?_=1\" \/><a href=\"http:\/\/woodinout.net\/wp-content\/uploads\/2020\/06\/MEDINIS_7.mp4\">http:\/\/woodinout.net\/wp-content\/uploads\/2020\/06\/MEDINIS_7.mp4<\/a><\/video><\/div>\n<h3>DIMENSIONER:<\/h3>\n<ul>\n<li>0,05 tommer dia<\/li>\n<\/ul>\n<h3>FARVER OG MATERIALE:<\/h3>\n<ul>\n<li>Farve: 10 forskellige farver<\/li>\n<li>Leget\u00f8jet er lavet af naturligt TR\u00c6.<\/li>\n<\/ul>\n<p>Bem\u00e6rk, at farverne kan variere p\u00e5 grund af indstillinger for computersk\u00e6rm og lettelse.<\/p>\n<p>For flere ideer, f\u00f8lg os p\u00e5 <a href=\"https:\/\/www.instagram.com\/woodinout\/\">INSTAGRAM<\/a> &amp; <a href=\"https:\/\/www.facebook.com\/Woodinout.net\">FACEBOOK<\/a><\/p>\n<p>\u00a9 Woodinout. Alle rettigheder forbeholdes.<\/p>\n","protected":false},"excerpt":{"rendered":"<p>Tr\u00e6farvede bolde er h\u00e5ndlavede, omhyggeligt malet med ikke giftig, milj\u00f8venlig maling. Bedst bruges til Montessori l\u00e6ring spil &amp;leget\u00f8j, s\u00e5som matematik manipulatives eller farve sortering leget\u00f8j. Disse farvede bolde er perfekte tr\u00e6 sensoriske leget\u00f8j &#8211; sm\u00e5, i\u00f8jnefaldende farver hj\u00e6lpe med at udvikle: MOTOR F\u00c6RDIGHEDER, tal &amp; t\u00e6lle evne, farve sortering f\u00e6rdigheder. Det vigtigste punkt i vores [&hellip;]<\/p>\n","protected":false},"featured_media":17773,"template":"","meta":{"_monsterinsights_skip_tracking":false,"_monsterinsights_sitenote_active":false,"_monsterinsights_sitenote_note":"","_monsterinsights_sitenote_category":0},"product_cat":[1651,1431,1647],"product_tag":[1488,1483,2210,2212,1439,2175,1479,1472,1452,1460,2187],"yoast_head":"<!-- This site is optimized with the Yoast SEO plugin v22.1 - https:\/\/yoast.com\/wordpress\/plugins\/seo\/ -->\n<title>Tr\u00e6farvede bolde - Woodinout \u00a9 Montessori leget\u00f8j<\/title>\n<meta name=\"description\" content=\"Tr\u00e6farvede bolde malet med ikke giftig maling. Bruges til p\u00e6dagogiske spil &amp;leget\u00f8j. Tr\u00e6farvede perler er sikre at r\u00f8re ved, f\u00f8le, selv smag!\" \/>\n<meta name=\"robots\" content=\"index, follow, max-snippet:-1, max-image-preview:large, max-video-preview:-1\" \/>\n<link rel=\"canonical\" href=\"https:\/\/woodinout.net\/da\/product\/farvede-traekugler\/\" \/>\n<meta property=\"og:locale\" content=\"da_DK\" \/>\n<meta property=\"og:type\" content=\"article\" \/>\n<meta property=\"og:title\" content=\"Tr\u00e6farvede bolde - Woodinout \u00a9 Montessori leget\u00f8j\" \/>\n<meta property=\"og:description\" content=\"Tr\u00e6farvede bolde malet med ikke giftig maling. Bruges til p\u00e6dagogiske spil &amp;leget\u00f8j. Tr\u00e6farvede perler er sikre at r\u00f8re ved, f\u00f8le, selv smag!\" \/>\n<meta property=\"og:url\" content=\"https:\/\/woodinout.net\/da\/product\/farvede-traekugler\/\" \/>\n<meta property=\"og:site_name\" content=\"Woodinout \u00a9\" \/>\n<meta property=\"article:modified_time\" content=\"2022-03-13T19:13:53+00:00\" \/>\n<meta property=\"og:image\" content=\"https:\/\/woodinout.net\/wp-content\/uploads\/2020\/06\/colourful_wooden_balls.jpg\" \/>\n\t<meta property=\"og:image:width\" content=\"853\" \/>\n\t<meta property=\"og:image:height\" content=\"1280\" \/>\n\t<meta property=\"og:image:type\" content=\"image\/jpeg\" \/>\n<meta name=\"twitter:card\" content=\"summary_large_image\" \/>\n<meta name=\"twitter:label1\" content=\"Estimeret l\u00e6setid\" \/>\n\t<meta name=\"twitter:data1\" content=\"1 minut\" \/>\n<script type=\"application\/ld+json\" class=\"yoast-schema-graph\">{\"@context\":\"https:\/\/schema.org\",\"@graph\":[{\"@type\":\"WebPage\",\"@id\":\"https:\/\/woodinout.net\/da\/product\/farvede-traekugler\/\",\"url\":\"https:\/\/woodinout.net\/da\/product\/farvede-traekugler\/\",\"name\":\"Tr\u00e6farvede bolde - Woodinout \u00a9 Montessori leget\u00f8j\",\"isPartOf\":{\"@id\":\"https:\/\/woodinout.net\/da\/#website\"},\"datePublished\":\"2020-06-30T20:33:45+00:00\",\"dateModified\":\"2022-03-13T19:13:53+00:00\",\"description\":\"Tr\u00e6farvede bolde malet med ikke giftig maling. Bruges til p\u00e6dagogiske spil &leget\u00f8j. Tr\u00e6farvede perler er sikre at r\u00f8re ved, f\u00f8le, selv smag!\",\"breadcrumb\":{\"@id\":\"https:\/\/woodinout.net\/da\/product\/farvede-traekugler\/#breadcrumb\"},\"inLanguage\":\"da-DK\",\"potentialAction\":[{\"@type\":\"ReadAction\",\"target\":[\"https:\/\/woodinout.net\/da\/product\/farvede-traekugler\/\"]}]},{\"@type\":\"BreadcrumbList\",\"@id\":\"https:\/\/woodinout.net\/da\/product\/farvede-traekugler\/#breadcrumb\",\"itemListElement\":[{\"@type\":\"ListItem\",\"position\":1,\"name\":\"Home\",\"item\":\"https:\/\/woodinout.net\/da\/\"},{\"@type\":\"ListItem\",\"position\":2,\"name\":\"Shop\",\"item\":\"https:\/\/woodinout.net\/shop\/\"},{\"@type\":\"ListItem\",\"position\":3,\"name\":\"Tr\u00e6farvede bolde\"}]},{\"@type\":\"WebSite\",\"@id\":\"https:\/\/woodinout.net\/da\/#website\",\"url\":\"https:\/\/woodinout.net\/da\/\",\"name\":\"Woodinout \u00a9\",\"description\":\"Wooden Montessori toys, gifts, home and events decor details\",\"potentialAction\":[{\"@type\":\"SearchAction\",\"target\":{\"@type\":\"EntryPoint\",\"urlTemplate\":\"https:\/\/woodinout.net\/da\/?s={search_term_string}\"},\"query-input\":\"required name=search_term_string\"}],\"inLanguage\":\"da-DK\"}]}<\/script>\n<!-- \/ Yoast SEO plugin. -->","yoast_head_json":{"title":"Tr\u00e6farvede bolde - Woodinout \u00a9 Montessori leget\u00f8j","description":"Tr\u00e6farvede bolde malet med ikke giftig maling. Bruges til p\u00e6dagogiske spil &leget\u00f8j. Tr\u00e6farvede perler er sikre at r\u00f8re ved, f\u00f8le, selv smag!","robots":{"index":"index","follow":"follow","max-snippet":"max-snippet:-1","max-image-preview":"max-image-preview:large","max-video-preview":"max-video-preview:-1"},"canonical":"https:\/\/woodinout.net\/da\/product\/farvede-traekugler\/","og_locale":"da_DK","og_type":"article","og_title":"Tr\u00e6farvede bolde - Woodinout \u00a9 Montessori leget\u00f8j","og_description":"Tr\u00e6farvede bolde malet med ikke giftig maling. Bruges til p\u00e6dagogiske spil &leget\u00f8j. Tr\u00e6farvede perler er sikre at r\u00f8re ved, f\u00f8le, selv smag!","og_url":"https:\/\/woodinout.net\/da\/product\/farvede-traekugler\/","og_site_name":"Woodinout \u00a9","article_modified_time":"2022-03-13T19:13:53+00:00","og_image":[{"width":853,"height":1280,"url":"https:\/\/woodinout.net\/wp-content\/uploads\/2020\/06\/colourful_wooden_balls.jpg","type":"image\/jpeg"}],"twitter_card":"summary_large_image","twitter_misc":{"Estimeret l\u00e6setid":"1 minut"},"schema":{"@context":"https:\/\/schema.org","@graph":[{"@type":"WebPage","@id":"https:\/\/woodinout.net\/da\/product\/farvede-traekugler\/","url":"https:\/\/woodinout.net\/da\/product\/farvede-traekugler\/","name":"Tr\u00e6farvede bolde - Woodinout \u00a9 Montessori leget\u00f8j","isPartOf":{"@id":"https:\/\/woodinout.net\/da\/#website"},"datePublished":"2020-06-30T20:33:45+00:00","dateModified":"2022-03-13T19:13:53+00:00","description":"Tr\u00e6farvede bolde malet med ikke giftig maling. Bruges til p\u00e6dagogiske spil &leget\u00f8j. Tr\u00e6farvede perler er sikre at r\u00f8re ved, f\u00f8le, selv smag!","breadcrumb":{"@id":"https:\/\/woodinout.net\/da\/product\/farvede-traekugler\/#breadcrumb"},"inLanguage":"da-DK","potentialAction":[{"@type":"ReadAction","target":["https:\/\/woodinout.net\/da\/product\/farvede-traekugler\/"]}]},{"@type":"BreadcrumbList","@id":"https:\/\/woodinout.net\/da\/product\/farvede-traekugler\/#breadcrumb","itemListElement":[{"@type":"ListItem","position":1,"name":"Home","item":"https:\/\/woodinout.net\/da\/"},{"@type":"ListItem","position":2,"name":"Shop","item":"https:\/\/woodinout.net\/shop\/"},{"@type":"ListItem","position":3,"name":"Tr\u00e6farvede bolde"}]},{"@type":"WebSite","@id":"https:\/\/woodinout.net\/da\/#website","url":"https:\/\/woodinout.net\/da\/","name":"Woodinout \u00a9","description":"Wooden Montessori toys, gifts, home and events decor details","potentialAction":[{"@type":"SearchAction","target":{"@type":"EntryPoint","urlTemplate":"https:\/\/woodinout.net\/da\/?s={search_term_string}"},"query-input":"required name=search_term_string"}],"inLanguage":"da-DK"}]}},"_links":{"self":[{"href":"https:\/\/woodinout.net\/da\/wp-json\/wp\/v2\/product\/21583"}],"collection":[{"href":"https:\/\/woodinout.net\/da\/wp-json\/wp\/v2\/product"}],"about":[{"href":"https:\/\/woodinout.net\/da\/wp-json\/wp\/v2\/types\/product"}],"wp:featuredmedia":[{"embeddable":true,"href":"https:\/\/woodinout.net\/da\/wp-json\/wp\/v2\/media\/17773"}],"wp:attachment":[{"href":"https:\/\/woodinout.net\/da\/wp-json\/wp\/v2\/media?parent=21583"}],"wp:term":[{"taxonomy":"product_cat","embeddable":true,"href":"https:\/\/woodinout.net\/da\/wp-json\/wp\/v2\/product_cat?post=21583"},{"taxonomy":"product_tag","embeddable":true,"href":"https:\/\/woodinout.net\/da\/wp-json\/wp\/v2\/product_tag?post=21583"}],"curies":[{"name":"wp","href":"https:\/\/api.w.org\/{rel}","templated":true}]}}