{"id":21576,"date":"2021-03-17T22:12:51","date_gmt":"2021-03-17T20:12:51","guid":{"rendered":"https:\/\/woodinout.net\/product\/trae-ur\/"},"modified":"2022-04-28T11:19:47","modified_gmt":"2022-04-28T08:19:47","slug":"traeur","status":"publish","type":"product","link":"https:\/\/woodinout.net\/da\/product\/traeur\/","title":{"rendered":"Tr\u00e6 ur"},"content":{"rendered":"<p>Dette tr\u00e6 ur leget\u00f8j er den perfekte tilf\u00f8jelse til din Montessori materialer samling. En sjov m\u00e5de for dit barn at l\u00e6re at fort\u00e6lle tid og arbejde p\u00e5 tidlige matematiske f\u00e6rdigheder. Brug det p\u00e5 Homeschool, B\u00f8rnehave eller B\u00f8rnehave!<\/p>\n<p>H\u00e5ndlavet af massivt tr\u00e6.<\/p>\n<p>Her er en helt naturlig, enkel tr\u00e6 ur leget\u00f8j, at dit barn kan manipulere for at l\u00e6re funktionerne i at fort\u00e6lle tid. B\u00e5de time- og minuth\u00e6nder bev\u00e6ger sig. Tallene er indgraveret i basen.<\/p>\n<p>DIMENSIONER<br \/>\nDiameter: ~17,5 cm<br \/>\nTykkelse: ~1,5 cm<\/p>\n<p>FARVER OG MATERIALE<br \/>\nFarve: naturlig og brun olieret.<br \/>\nLeget\u00f8jet er lavet af naturligt massivt tr\u00e6 og krydsfiner.<br \/>\nBem\u00e6rk, at farverne kan variere p\u00e5 grund af indstillinger for computersk\u00e6rm og lettelse.<\/p>\n<p>For flere ideer, f\u00f8lg os p\u00e5 <a href=\"https:\/\/www.instagram.com\/woodinout\/\">INSTAGRAM<\/a> &amp; <a href=\"https:\/\/www.facebook.com\/Woodinout.net\">FACEBOOK<\/a><\/p>\n","protected":false},"excerpt":{"rendered":"<p>Dette tr\u00e6 ur leget\u00f8j er den perfekte tilf\u00f8jelse til din Montessori materialer samling. En sjov m\u00e5de for dit barn at l\u00e6re at fort\u00e6lle tid og arbejde p\u00e5 tidlige matematiske f\u00e6rdigheder. Brug det p\u00e5 Homeschool, B\u00f8rnehave eller B\u00f8rnehave! H\u00e5ndlavet af massivt tr\u00e6. Her er en helt naturlig, enkel tr\u00e6 ur leget\u00f8j, at dit barn kan manipulere [&hellip;]<\/p>\n","protected":false},"featured_media":19077,"template":"","meta":{"_monsterinsights_skip_tracking":false,"_monsterinsights_sitenote_active":false,"_monsterinsights_sitenote_note":"","_monsterinsights_sitenote_category":0},"product_cat":[1431,1435],"product_tag":[1488,2157,1483,2209,1439,1479,1672,1667,1472,1675,1452,1460,2211,1517],"yoast_head":"<!-- This site is optimized with the Yoast SEO plugin v22.1 - https:\/\/yoast.com\/wordpress\/plugins\/seo\/ -->\n<title>Tr\u00e6 ur - Woodinout \u00a9 Montessori l\u00e6ring leget\u00f8j<\/title>\n<meta name=\"description\" content=\"L\u00e6r at fort\u00e6lle tiden for b\u00f8rn med dette super seje tr\u00e6ur. Naturlige materilas, h\u00e5ndlavede og uddannelsesm\u00e6ssige - Inspireret Montessori leget\u00f8j.\" \/>\n<meta name=\"robots\" content=\"index, follow, max-snippet:-1, max-image-preview:large, max-video-preview:-1\" \/>\n<link rel=\"canonical\" href=\"https:\/\/woodinout.net\/da\/product\/traeur\/\" \/>\n<meta property=\"og:locale\" content=\"da_DK\" \/>\n<meta property=\"og:type\" content=\"article\" \/>\n<meta property=\"og:title\" content=\"Tr\u00e6 ur - Woodinout \u00a9 Montessori l\u00e6ring leget\u00f8j\" \/>\n<meta property=\"og:description\" content=\"L\u00e6r at fort\u00e6lle tiden for b\u00f8rn med dette super seje tr\u00e6ur. Naturlige materilas, h\u00e5ndlavede og uddannelsesm\u00e6ssige - Inspireret Montessori leget\u00f8j.\" \/>\n<meta property=\"og:url\" content=\"https:\/\/woodinout.net\/da\/product\/traeur\/\" \/>\n<meta property=\"og:site_name\" content=\"Woodinout \u00a9\" \/>\n<meta property=\"article:modified_time\" content=\"2022-04-28T08:19:47+00:00\" \/>\n<meta property=\"og:image\" content=\"https:\/\/woodinout.net\/wp-content\/uploads\/2021\/03\/Wooden_clock_3.jpg\" \/>\n\t<meta property=\"og:image:width\" content=\"1706\" \/>\n\t<meta property=\"og:image:height\" content=\"2560\" \/>\n\t<meta property=\"og:image:type\" content=\"image\/jpeg\" \/>\n<meta name=\"twitter:card\" content=\"summary_large_image\" \/>\n<meta name=\"twitter:label1\" content=\"Estimeret l\u00e6setid\" \/>\n\t<meta name=\"twitter:data1\" content=\"1 minut\" \/>\n<script type=\"application\/ld+json\" class=\"yoast-schema-graph\">{\"@context\":\"https:\/\/schema.org\",\"@graph\":[{\"@type\":\"WebPage\",\"@id\":\"https:\/\/woodinout.net\/da\/product\/traeur\/\",\"url\":\"https:\/\/woodinout.net\/da\/product\/traeur\/\",\"name\":\"Tr\u00e6 ur - Woodinout \u00a9 Montessori l\u00e6ring leget\u00f8j\",\"isPartOf\":{\"@id\":\"https:\/\/woodinout.net\/da\/#website\"},\"datePublished\":\"2021-03-17T20:12:51+00:00\",\"dateModified\":\"2022-04-28T08:19:47+00:00\",\"description\":\"L\u00e6r at fort\u00e6lle tiden for b\u00f8rn med dette super seje tr\u00e6ur. Naturlige materilas, h\u00e5ndlavede og uddannelsesm\u00e6ssige - Inspireret Montessori leget\u00f8j.\",\"breadcrumb\":{\"@id\":\"https:\/\/woodinout.net\/da\/product\/traeur\/#breadcrumb\"},\"inLanguage\":\"da-DK\",\"potentialAction\":[{\"@type\":\"ReadAction\",\"target\":[\"https:\/\/woodinout.net\/da\/product\/traeur\/\"]}]},{\"@type\":\"BreadcrumbList\",\"@id\":\"https:\/\/woodinout.net\/da\/product\/traeur\/#breadcrumb\",\"itemListElement\":[{\"@type\":\"ListItem\",\"position\":1,\"name\":\"Home\",\"item\":\"https:\/\/woodinout.net\/da\/\"},{\"@type\":\"ListItem\",\"position\":2,\"name\":\"Shop\",\"item\":\"https:\/\/woodinout.net\/shop\/\"},{\"@type\":\"ListItem\",\"position\":3,\"name\":\"Tr\u00e6 ur\"}]},{\"@type\":\"WebSite\",\"@id\":\"https:\/\/woodinout.net\/da\/#website\",\"url\":\"https:\/\/woodinout.net\/da\/\",\"name\":\"Woodinout \u00a9\",\"description\":\"Wooden Montessori toys, gifts, home and events decor details\",\"potentialAction\":[{\"@type\":\"SearchAction\",\"target\":{\"@type\":\"EntryPoint\",\"urlTemplate\":\"https:\/\/woodinout.net\/da\/?s={search_term_string}\"},\"query-input\":\"required name=search_term_string\"}],\"inLanguage\":\"da-DK\"}]}<\/script>\n<!-- \/ Yoast SEO plugin. -->","yoast_head_json":{"title":"Tr\u00e6 ur - Woodinout \u00a9 Montessori l\u00e6ring leget\u00f8j","description":"L\u00e6r at fort\u00e6lle tiden for b\u00f8rn med dette super seje tr\u00e6ur. Naturlige materilas, h\u00e5ndlavede og uddannelsesm\u00e6ssige - Inspireret Montessori leget\u00f8j.","robots":{"index":"index","follow":"follow","max-snippet":"max-snippet:-1","max-image-preview":"max-image-preview:large","max-video-preview":"max-video-preview:-1"},"canonical":"https:\/\/woodinout.net\/da\/product\/traeur\/","og_locale":"da_DK","og_type":"article","og_title":"Tr\u00e6 ur - Woodinout \u00a9 Montessori l\u00e6ring leget\u00f8j","og_description":"L\u00e6r at fort\u00e6lle tiden for b\u00f8rn med dette super seje tr\u00e6ur. Naturlige materilas, h\u00e5ndlavede og uddannelsesm\u00e6ssige - Inspireret Montessori leget\u00f8j.","og_url":"https:\/\/woodinout.net\/da\/product\/traeur\/","og_site_name":"Woodinout \u00a9","article_modified_time":"2022-04-28T08:19:47+00:00","og_image":[{"width":1706,"height":2560,"url":"https:\/\/woodinout.net\/wp-content\/uploads\/2021\/03\/Wooden_clock_3.jpg","type":"image\/jpeg"}],"twitter_card":"summary_large_image","twitter_misc":{"Estimeret l\u00e6setid":"1 minut"},"schema":{"@context":"https:\/\/schema.org","@graph":[{"@type":"WebPage","@id":"https:\/\/woodinout.net\/da\/product\/traeur\/","url":"https:\/\/woodinout.net\/da\/product\/traeur\/","name":"Tr\u00e6 ur - Woodinout \u00a9 Montessori l\u00e6ring leget\u00f8j","isPartOf":{"@id":"https:\/\/woodinout.net\/da\/#website"},"datePublished":"2021-03-17T20:12:51+00:00","dateModified":"2022-04-28T08:19:47+00:00","description":"L\u00e6r at fort\u00e6lle tiden for b\u00f8rn med dette super seje tr\u00e6ur. Naturlige materilas, h\u00e5ndlavede og uddannelsesm\u00e6ssige - Inspireret Montessori leget\u00f8j.","breadcrumb":{"@id":"https:\/\/woodinout.net\/da\/product\/traeur\/#breadcrumb"},"inLanguage":"da-DK","potentialAction":[{"@type":"ReadAction","target":["https:\/\/woodinout.net\/da\/product\/traeur\/"]}]},{"@type":"BreadcrumbList","@id":"https:\/\/woodinout.net\/da\/product\/traeur\/#breadcrumb","itemListElement":[{"@type":"ListItem","position":1,"name":"Home","item":"https:\/\/woodinout.net\/da\/"},{"@type":"ListItem","position":2,"name":"Shop","item":"https:\/\/woodinout.net\/shop\/"},{"@type":"ListItem","position":3,"name":"Tr\u00e6 ur"}]},{"@type":"WebSite","@id":"https:\/\/woodinout.net\/da\/#website","url":"https:\/\/woodinout.net\/da\/","name":"Woodinout \u00a9","description":"Wooden Montessori toys, gifts, home and events decor details","potentialAction":[{"@type":"SearchAction","target":{"@type":"EntryPoint","urlTemplate":"https:\/\/woodinout.net\/da\/?s={search_term_string}"},"query-input":"required name=search_term_string"}],"inLanguage":"da-DK"}]}},"_links":{"self":[{"href":"https:\/\/woodinout.net\/da\/wp-json\/wp\/v2\/product\/21576"}],"collection":[{"href":"https:\/\/woodinout.net\/da\/wp-json\/wp\/v2\/product"}],"about":[{"href":"https:\/\/woodinout.net\/da\/wp-json\/wp\/v2\/types\/product"}],"wp:featuredmedia":[{"embeddable":true,"href":"https:\/\/woodinout.net\/da\/wp-json\/wp\/v2\/media\/19077"}],"wp:attachment":[{"href":"https:\/\/woodinout.net\/da\/wp-json\/wp\/v2\/media?parent=21576"}],"wp:term":[{"taxonomy":"product_cat","embeddable":true,"href":"https:\/\/woodinout.net\/da\/wp-json\/wp\/v2\/product_cat?post=21576"},{"taxonomy":"product_tag","embeddable":true,"href":"https:\/\/woodinout.net\/da\/wp-json\/wp\/v2\/product_tag?post=21576"}],"curies":[{"name":"wp","href":"https:\/\/api.w.org\/{rel}","templated":true}]}}