{"id":21574,"date":"2020-06-30T22:51:44","date_gmt":"2020-06-30T19:51:44","guid":{"rendered":"https:\/\/woodinout.net\/product\/matematik-cirkel-trae-matematik-manipulatives\/"},"modified":"2022-04-22T12:29:58","modified_gmt":"2022-04-22T09:29:58","slug":"matematik-ring-for-tal-og-optaelling","status":"publish","type":"product","link":"https:\/\/woodinout.net\/da\/product\/matematik-ring-for-tal-og-optaelling\/","title":{"rendered":"Matematik cirkel (tr\u00e6 matematik manipulatives)"},"content":{"rendered":"<p>Montessori matematik manipulatives inspirerede os til at skabe denne tr\u00e6 matematik ring \/ cirkel. L\u00e6ring leget\u00f8j er altid de bedste h\u00e5ndlavede gaver til b\u00f8rn. Leder du efter Math gaver &#8211; f\u00e5 denne multiplikation bord og sjov leger med tal og opt\u00e6lling er garanteret! En.. To.. TI t\u00e6ller med JOY! Tils\u00e6t, subtraher, multiplicer &#8211; alt p\u00e5 et tr\u00e6hjul. H\u00e5ndlavet og omhyggeligt malet med milj\u00f8venlig maling &#8211; sikkert at spille. Montessori l\u00e6ring leget\u00f8j er vores passion &#8211; det er hvad vi g\u00f8r bedst. Deltag i familien af glade kunder p\u00e5 Woodinout.<\/p>\n<p>S\u00e6ttet indeholder:<br \/>\nTr\u00e6 multiplikation bord<br \/>\nTr\u00e6cirkel med matematiske symboler<br \/>\n12 Tr\u00e6 cirkel blokke med tal fra 1 til 12<br \/>\n144 enheder af tr\u00e6m\u00f8nter med tal fra 1 til 144<\/p>\n<p>DIMENSIONER<\/p>\n<p>Hovedbestyrelse<br \/>\nDiameter: ~6,7 tommer<br \/>\nTykkelse: ~0,6 tommer<\/p>\n<p>FARVER OG MATERIALE<br \/>\nFarve: m\u00f8rkebrun og naturlig olieret.<br \/>\nLeget\u00f8jet er lavet af naturligt massivt tr\u00e6 og krydsfiner.<br \/>\nBem\u00e6rk, at farverne kan variere p\u00e5 grund af indstillinger for computersk\u00e6rm og lettelse.<\/p>\n<div style=\"width: 1080px;\" class=\"wp-video\"><!--[if lt IE 9]><script>document.createElement('video');<\/script><![endif]-->\n<video class=\"wp-video-shortcode\" id=\"video-21574-1\" width=\"1080\" height=\"810\" preload=\"metadata\" controls=\"controls\"><source type=\"video\/mp4\" src=\"http:\/\/woodinout.net\/wp-content\/uploads\/2020\/06\/MEDINIS_19.mp4?_=1\" \/><a href=\"http:\/\/woodinout.net\/wp-content\/uploads\/2020\/06\/MEDINIS_19.mp4\">http:\/\/woodinout.net\/wp-content\/uploads\/2020\/06\/MEDINIS_19.mp4<\/a><\/video><\/div>\n","protected":false},"excerpt":{"rendered":"<p>Montessori matematik manipulatives inspirerede os til at skabe denne tr\u00e6 matematik ring \/ cirkel. L\u00e6ring leget\u00f8j er altid de bedste h\u00e5ndlavede gaver til b\u00f8rn. Leder du efter Math gaver &#8211; f\u00e5 denne multiplikation bord og sjov leger med tal og opt\u00e6lling er garanteret! En.. To.. TI t\u00e6ller med JOY! Tils\u00e6t, subtraher, multiplicer &#8211; alt p\u00e5 [&hellip;]<\/p>\n","protected":false},"featured_media":18269,"template":"","meta":{"_monsterinsights_skip_tracking":false,"_monsterinsights_sitenote_active":false,"_monsterinsights_sitenote_note":"","_monsterinsights_sitenote_category":0},"product_cat":[1431,1647],"product_tag":[1488,1483,1439,1479,1672,1667,2217,2218,1498,1472,1675,1452,1460],"yoast_head":"<!-- This site is optimized with the Yoast SEO plugin v22.1 - https:\/\/yoast.com\/wordpress\/plugins\/seo\/ -->\n<title>Matematik cirkel (tr\u00e6 matematik manipulatives) - Woodinout \u00a9<\/title>\n<meta name=\"description\" content=\"Matematik cirkel h\u00e5ndlavet af massivt tr\u00e6 til Joyfull matematik l\u00e6ring. Tilf\u00f8j, substract, formere sig, divider - alt i \u00e9t Montessori inspireret leget\u00f8j.\" \/>\n<meta name=\"robots\" content=\"index, follow, max-snippet:-1, max-image-preview:large, max-video-preview:-1\" \/>\n<link rel=\"canonical\" href=\"https:\/\/woodinout.net\/da\/product\/matematik-ring-for-tal-og-optaelling\/\" \/>\n<meta property=\"og:locale\" content=\"da_DK\" \/>\n<meta property=\"og:type\" content=\"article\" \/>\n<meta property=\"og:title\" content=\"Matematik cirkel (tr\u00e6 matematik manipulatives) - Woodinout \u00a9\" \/>\n<meta property=\"og:description\" content=\"Matematik cirkel h\u00e5ndlavet af massivt tr\u00e6 til Joyfull matematik l\u00e6ring. Tilf\u00f8j, substract, formere sig, divider - alt i \u00e9t Montessori inspireret leget\u00f8j.\" \/>\n<meta property=\"og:url\" content=\"https:\/\/woodinout.net\/da\/product\/matematik-ring-for-tal-og-optaelling\/\" \/>\n<meta property=\"og:site_name\" content=\"Woodinout \u00a9\" \/>\n<meta property=\"article:modified_time\" content=\"2022-04-22T09:29:58+00:00\" \/>\n<meta property=\"og:image\" content=\"https:\/\/woodinout.net\/wp-content\/uploads\/2020\/06\/Math-ring-for-numbers-and-counting-1.jpg\" \/>\n\t<meta property=\"og:image:width\" content=\"853\" \/>\n\t<meta property=\"og:image:height\" content=\"1280\" \/>\n\t<meta property=\"og:image:type\" content=\"image\/jpeg\" \/>\n<meta name=\"twitter:card\" content=\"summary_large_image\" \/>\n<meta name=\"twitter:label1\" content=\"Estimeret l\u00e6setid\" \/>\n\t<meta name=\"twitter:data1\" content=\"1 minut\" \/>\n<script type=\"application\/ld+json\" class=\"yoast-schema-graph\">{\"@context\":\"https:\/\/schema.org\",\"@graph\":[{\"@type\":\"WebPage\",\"@id\":\"https:\/\/woodinout.net\/da\/product\/matematik-ring-for-tal-og-optaelling\/\",\"url\":\"https:\/\/woodinout.net\/da\/product\/matematik-ring-for-tal-og-optaelling\/\",\"name\":\"Matematik cirkel (tr\u00e6 matematik manipulatives) - Woodinout \u00a9\",\"isPartOf\":{\"@id\":\"https:\/\/woodinout.net\/da\/#website\"},\"datePublished\":\"2020-06-30T19:51:44+00:00\",\"dateModified\":\"2022-04-22T09:29:58+00:00\",\"description\":\"Matematik cirkel h\u00e5ndlavet af massivt tr\u00e6 til Joyfull matematik l\u00e6ring. Tilf\u00f8j, substract, formere sig, divider - alt i \u00e9t Montessori inspireret leget\u00f8j.\",\"breadcrumb\":{\"@id\":\"https:\/\/woodinout.net\/da\/product\/matematik-ring-for-tal-og-optaelling\/#breadcrumb\"},\"inLanguage\":\"da-DK\",\"potentialAction\":[{\"@type\":\"ReadAction\",\"target\":[\"https:\/\/woodinout.net\/da\/product\/matematik-ring-for-tal-og-optaelling\/\"]}]},{\"@type\":\"BreadcrumbList\",\"@id\":\"https:\/\/woodinout.net\/da\/product\/matematik-ring-for-tal-og-optaelling\/#breadcrumb\",\"itemListElement\":[{\"@type\":\"ListItem\",\"position\":1,\"name\":\"Home\",\"item\":\"https:\/\/woodinout.net\/da\/\"},{\"@type\":\"ListItem\",\"position\":2,\"name\":\"Shop\",\"item\":\"https:\/\/woodinout.net\/shop\/\"},{\"@type\":\"ListItem\",\"position\":3,\"name\":\"Matematik cirkel (tr\u00e6 matematik manipulatives)\"}]},{\"@type\":\"WebSite\",\"@id\":\"https:\/\/woodinout.net\/da\/#website\",\"url\":\"https:\/\/woodinout.net\/da\/\",\"name\":\"Woodinout \u00a9\",\"description\":\"Wooden Montessori toys, gifts, home and events decor details\",\"potentialAction\":[{\"@type\":\"SearchAction\",\"target\":{\"@type\":\"EntryPoint\",\"urlTemplate\":\"https:\/\/woodinout.net\/da\/?s={search_term_string}\"},\"query-input\":\"required name=search_term_string\"}],\"inLanguage\":\"da-DK\"}]}<\/script>\n<!-- \/ Yoast SEO plugin. -->","yoast_head_json":{"title":"Matematik cirkel (tr\u00e6 matematik manipulatives) - Woodinout \u00a9","description":"Matematik cirkel h\u00e5ndlavet af massivt tr\u00e6 til Joyfull matematik l\u00e6ring. Tilf\u00f8j, substract, formere sig, divider - alt i \u00e9t Montessori inspireret leget\u00f8j.","robots":{"index":"index","follow":"follow","max-snippet":"max-snippet:-1","max-image-preview":"max-image-preview:large","max-video-preview":"max-video-preview:-1"},"canonical":"https:\/\/woodinout.net\/da\/product\/matematik-ring-for-tal-og-optaelling\/","og_locale":"da_DK","og_type":"article","og_title":"Matematik cirkel (tr\u00e6 matematik manipulatives) - Woodinout \u00a9","og_description":"Matematik cirkel h\u00e5ndlavet af massivt tr\u00e6 til Joyfull matematik l\u00e6ring. Tilf\u00f8j, substract, formere sig, divider - alt i \u00e9t Montessori inspireret leget\u00f8j.","og_url":"https:\/\/woodinout.net\/da\/product\/matematik-ring-for-tal-og-optaelling\/","og_site_name":"Woodinout \u00a9","article_modified_time":"2022-04-22T09:29:58+00:00","og_image":[{"width":853,"height":1280,"url":"https:\/\/woodinout.net\/wp-content\/uploads\/2020\/06\/Math-ring-for-numbers-and-counting-1.jpg","type":"image\/jpeg"}],"twitter_card":"summary_large_image","twitter_misc":{"Estimeret l\u00e6setid":"1 minut"},"schema":{"@context":"https:\/\/schema.org","@graph":[{"@type":"WebPage","@id":"https:\/\/woodinout.net\/da\/product\/matematik-ring-for-tal-og-optaelling\/","url":"https:\/\/woodinout.net\/da\/product\/matematik-ring-for-tal-og-optaelling\/","name":"Matematik cirkel (tr\u00e6 matematik manipulatives) - Woodinout \u00a9","isPartOf":{"@id":"https:\/\/woodinout.net\/da\/#website"},"datePublished":"2020-06-30T19:51:44+00:00","dateModified":"2022-04-22T09:29:58+00:00","description":"Matematik cirkel h\u00e5ndlavet af massivt tr\u00e6 til Joyfull matematik l\u00e6ring. Tilf\u00f8j, substract, formere sig, divider - alt i \u00e9t Montessori inspireret leget\u00f8j.","breadcrumb":{"@id":"https:\/\/woodinout.net\/da\/product\/matematik-ring-for-tal-og-optaelling\/#breadcrumb"},"inLanguage":"da-DK","potentialAction":[{"@type":"ReadAction","target":["https:\/\/woodinout.net\/da\/product\/matematik-ring-for-tal-og-optaelling\/"]}]},{"@type":"BreadcrumbList","@id":"https:\/\/woodinout.net\/da\/product\/matematik-ring-for-tal-og-optaelling\/#breadcrumb","itemListElement":[{"@type":"ListItem","position":1,"name":"Home","item":"https:\/\/woodinout.net\/da\/"},{"@type":"ListItem","position":2,"name":"Shop","item":"https:\/\/woodinout.net\/shop\/"},{"@type":"ListItem","position":3,"name":"Matematik cirkel (tr\u00e6 matematik manipulatives)"}]},{"@type":"WebSite","@id":"https:\/\/woodinout.net\/da\/#website","url":"https:\/\/woodinout.net\/da\/","name":"Woodinout \u00a9","description":"Wooden Montessori toys, gifts, home and events decor details","potentialAction":[{"@type":"SearchAction","target":{"@type":"EntryPoint","urlTemplate":"https:\/\/woodinout.net\/da\/?s={search_term_string}"},"query-input":"required name=search_term_string"}],"inLanguage":"da-DK"}]}},"_links":{"self":[{"href":"https:\/\/woodinout.net\/da\/wp-json\/wp\/v2\/product\/21574"}],"collection":[{"href":"https:\/\/woodinout.net\/da\/wp-json\/wp\/v2\/product"}],"about":[{"href":"https:\/\/woodinout.net\/da\/wp-json\/wp\/v2\/types\/product"}],"wp:featuredmedia":[{"embeddable":true,"href":"https:\/\/woodinout.net\/da\/wp-json\/wp\/v2\/media\/18269"}],"wp:attachment":[{"href":"https:\/\/woodinout.net\/da\/wp-json\/wp\/v2\/media?parent=21574"}],"wp:term":[{"taxonomy":"product_cat","embeddable":true,"href":"https:\/\/woodinout.net\/da\/wp-json\/wp\/v2\/product_cat?post=21574"},{"taxonomy":"product_tag","embeddable":true,"href":"https:\/\/woodinout.net\/da\/wp-json\/wp\/v2\/product_tag?post=21574"}],"curies":[{"name":"wp","href":"https:\/\/api.w.org\/{rel}","templated":true}]}}