{"id":21569,"date":"2021-03-21T21:02:14","date_gmt":"2021-03-21T19:02:14","guid":{"rendered":"https:\/\/woodinout.net\/product\/farvekort\/"},"modified":"2022-04-19T16:36:58","modified_gmt":"2022-04-19T13:36:58","slug":"farvekort","status":"publish","type":"product","link":"https:\/\/woodinout.net\/da\/product\/farvekort\/","title":{"rendered":"Farvekort"},"content":{"rendered":"<p>B\u00f8rn l\u00e6rer farvenavne med Montessori alle farvekort. Woodinout h\u00e5ndlavede tr\u00e6 l\u00e6ring leget\u00f8j og ressourcer er b\u00e6redygtige, milj\u00f8venlige og sikre for b\u00f8rn. Disse Montessori kort er skabt til at l\u00e6re farve ord i b\u00f8rnehaven, men du kan bruge dem i dine egne kreative spil med dit lille barn eller barn. Malet med sikker, certificeret maling.<\/p>\n<p>S\u00e6ttet indeholder:<br \/>\n11psc. forskellige farvekort<\/p>\n<p>DIMENSIONER<br \/>\nH\u00f8jde: ~4.8cm<br \/>\nL\u00e6ngde: ~4.8cm<\/p>\n<p>FARVER OG MATERIALE<br \/>\nFarve: Naturlig vandbaseret maling.<br \/>\nLeget\u00f8jet er lavet af naturligt tr\u00e6 krydsfiner.<br \/>\nBem\u00e6rk, at farverne kan variere p\u00e5 grund af indstillinger for computersk\u00e6rm og lettelse.<\/p>\n","protected":false},"excerpt":{"rendered":"<p>B\u00f8rn l\u00e6rer farvenavne med Montessori alle farvekort. Woodinout h\u00e5ndlavede tr\u00e6 l\u00e6ring leget\u00f8j og ressourcer er b\u00e6redygtige, milj\u00f8venlige og sikre for b\u00f8rn. Disse Montessori kort er skabt til at l\u00e6re farve ord i b\u00f8rnehaven, men du kan bruge dem i dine egne kreative spil med dit lille barn eller barn. Malet med sikker, certificeret maling. S\u00e6ttet [&hellip;]<\/p>\n","protected":false},"featured_media":22766,"template":"","meta":{"_monsterinsights_skip_tracking":false,"_monsterinsights_sitenote_active":false,"_monsterinsights_sitenote_note":"","_monsterinsights_sitenote_category":0},"product_cat":[1651,1431,1647],"product_tag":[1488,1483,2197,1439,2175,1479,1472,1452,1460],"yoast_head":"<!-- This site is optimized with the Yoast SEO plugin v22.1 - https:\/\/yoast.com\/wordpress\/plugins\/seo\/ -->\n<title>Farvekort - undervisningsmaterialer - Shop Woodinout \u00a9 Montessori leget\u00f8j<\/title>\n<meta name=\"description\" content=\"L\u00e6r b\u00f8rn farver og sortering p\u00e5 en sjov m\u00e5de. Ogs\u00e5 udvikle sm\u00e5b\u00f8rn ordforr\u00e5d og lege med stilfulde h\u00e5ndlavede tr\u00e6 farvekort.\" \/>\n<meta name=\"robots\" content=\"index, follow, max-snippet:-1, max-image-preview:large, max-video-preview:-1\" \/>\n<link rel=\"canonical\" href=\"https:\/\/woodinout.net\/da\/product\/farvekort\/\" \/>\n<meta property=\"og:locale\" content=\"da_DK\" \/>\n<meta property=\"og:type\" content=\"article\" \/>\n<meta property=\"og:title\" content=\"Farvekort - undervisningsmaterialer - Shop Woodinout \u00a9 Montessori leget\u00f8j\" \/>\n<meta property=\"og:description\" content=\"L\u00e6r b\u00f8rn farver og sortering p\u00e5 en sjov m\u00e5de. Ogs\u00e5 udvikle sm\u00e5b\u00f8rn ordforr\u00e5d og lege med stilfulde h\u00e5ndlavede tr\u00e6 farvekort.\" \/>\n<meta property=\"og:url\" content=\"https:\/\/woodinout.net\/da\/product\/farvekort\/\" \/>\n<meta property=\"og:site_name\" content=\"Woodinout \u00a9\" \/>\n<meta property=\"article:modified_time\" content=\"2022-04-19T13:36:58+00:00\" \/>\n<meta property=\"og:image\" content=\"https:\/\/woodinout.net\/wp-content\/uploads\/2021\/03\/Colors_cards_2.jpg\" \/>\n\t<meta property=\"og:image:width\" content=\"2560\" \/>\n\t<meta property=\"og:image:height\" content=\"1706\" \/>\n\t<meta property=\"og:image:type\" content=\"image\/jpeg\" \/>\n<meta name=\"twitter:card\" content=\"summary_large_image\" \/>\n<meta name=\"twitter:label1\" content=\"Estimeret l\u00e6setid\" \/>\n\t<meta name=\"twitter:data1\" content=\"1 minut\" \/>\n<script type=\"application\/ld+json\" class=\"yoast-schema-graph\">{\"@context\":\"https:\/\/schema.org\",\"@graph\":[{\"@type\":\"WebPage\",\"@id\":\"https:\/\/woodinout.net\/da\/product\/farvekort\/\",\"url\":\"https:\/\/woodinout.net\/da\/product\/farvekort\/\",\"name\":\"Farvekort - undervisningsmaterialer - Shop Woodinout \u00a9 Montessori leget\u00f8j\",\"isPartOf\":{\"@id\":\"https:\/\/woodinout.net\/da\/#website\"},\"datePublished\":\"2021-03-21T19:02:14+00:00\",\"dateModified\":\"2022-04-19T13:36:58+00:00\",\"description\":\"L\u00e6r b\u00f8rn farver og sortering p\u00e5 en sjov m\u00e5de. Ogs\u00e5 udvikle sm\u00e5b\u00f8rn ordforr\u00e5d og lege med stilfulde h\u00e5ndlavede tr\u00e6 farvekort.\",\"breadcrumb\":{\"@id\":\"https:\/\/woodinout.net\/da\/product\/farvekort\/#breadcrumb\"},\"inLanguage\":\"da-DK\",\"potentialAction\":[{\"@type\":\"ReadAction\",\"target\":[\"https:\/\/woodinout.net\/da\/product\/farvekort\/\"]}]},{\"@type\":\"BreadcrumbList\",\"@id\":\"https:\/\/woodinout.net\/da\/product\/farvekort\/#breadcrumb\",\"itemListElement\":[{\"@type\":\"ListItem\",\"position\":1,\"name\":\"Home\",\"item\":\"https:\/\/woodinout.net\/da\/\"},{\"@type\":\"ListItem\",\"position\":2,\"name\":\"Shop\",\"item\":\"https:\/\/woodinout.net\/shop\/\"},{\"@type\":\"ListItem\",\"position\":3,\"name\":\"Farvekort\"}]},{\"@type\":\"WebSite\",\"@id\":\"https:\/\/woodinout.net\/da\/#website\",\"url\":\"https:\/\/woodinout.net\/da\/\",\"name\":\"Woodinout \u00a9\",\"description\":\"Wooden Montessori toys, gifts, home and events decor details\",\"potentialAction\":[{\"@type\":\"SearchAction\",\"target\":{\"@type\":\"EntryPoint\",\"urlTemplate\":\"https:\/\/woodinout.net\/da\/?s={search_term_string}\"},\"query-input\":\"required name=search_term_string\"}],\"inLanguage\":\"da-DK\"}]}<\/script>\n<!-- \/ Yoast SEO plugin. -->","yoast_head_json":{"title":"Farvekort - undervisningsmaterialer - Shop Woodinout \u00a9 Montessori leget\u00f8j","description":"L\u00e6r b\u00f8rn farver og sortering p\u00e5 en sjov m\u00e5de. Ogs\u00e5 udvikle sm\u00e5b\u00f8rn ordforr\u00e5d og lege med stilfulde h\u00e5ndlavede tr\u00e6 farvekort.","robots":{"index":"index","follow":"follow","max-snippet":"max-snippet:-1","max-image-preview":"max-image-preview:large","max-video-preview":"max-video-preview:-1"},"canonical":"https:\/\/woodinout.net\/da\/product\/farvekort\/","og_locale":"da_DK","og_type":"article","og_title":"Farvekort - undervisningsmaterialer - Shop Woodinout \u00a9 Montessori leget\u00f8j","og_description":"L\u00e6r b\u00f8rn farver og sortering p\u00e5 en sjov m\u00e5de. Ogs\u00e5 udvikle sm\u00e5b\u00f8rn ordforr\u00e5d og lege med stilfulde h\u00e5ndlavede tr\u00e6 farvekort.","og_url":"https:\/\/woodinout.net\/da\/product\/farvekort\/","og_site_name":"Woodinout \u00a9","article_modified_time":"2022-04-19T13:36:58+00:00","og_image":[{"width":2560,"height":1706,"url":"https:\/\/woodinout.net\/wp-content\/uploads\/2021\/03\/Colors_cards_2.jpg","type":"image\/jpeg"}],"twitter_card":"summary_large_image","twitter_misc":{"Estimeret l\u00e6setid":"1 minut"},"schema":{"@context":"https:\/\/schema.org","@graph":[{"@type":"WebPage","@id":"https:\/\/woodinout.net\/da\/product\/farvekort\/","url":"https:\/\/woodinout.net\/da\/product\/farvekort\/","name":"Farvekort - undervisningsmaterialer - Shop Woodinout \u00a9 Montessori leget\u00f8j","isPartOf":{"@id":"https:\/\/woodinout.net\/da\/#website"},"datePublished":"2021-03-21T19:02:14+00:00","dateModified":"2022-04-19T13:36:58+00:00","description":"L\u00e6r b\u00f8rn farver og sortering p\u00e5 en sjov m\u00e5de. Ogs\u00e5 udvikle sm\u00e5b\u00f8rn ordforr\u00e5d og lege med stilfulde h\u00e5ndlavede tr\u00e6 farvekort.","breadcrumb":{"@id":"https:\/\/woodinout.net\/da\/product\/farvekort\/#breadcrumb"},"inLanguage":"da-DK","potentialAction":[{"@type":"ReadAction","target":["https:\/\/woodinout.net\/da\/product\/farvekort\/"]}]},{"@type":"BreadcrumbList","@id":"https:\/\/woodinout.net\/da\/product\/farvekort\/#breadcrumb","itemListElement":[{"@type":"ListItem","position":1,"name":"Home","item":"https:\/\/woodinout.net\/da\/"},{"@type":"ListItem","position":2,"name":"Shop","item":"https:\/\/woodinout.net\/shop\/"},{"@type":"ListItem","position":3,"name":"Farvekort"}]},{"@type":"WebSite","@id":"https:\/\/woodinout.net\/da\/#website","url":"https:\/\/woodinout.net\/da\/","name":"Woodinout \u00a9","description":"Wooden Montessori toys, gifts, home and events decor details","potentialAction":[{"@type":"SearchAction","target":{"@type":"EntryPoint","urlTemplate":"https:\/\/woodinout.net\/da\/?s={search_term_string}"},"query-input":"required name=search_term_string"}],"inLanguage":"da-DK"}]}},"_links":{"self":[{"href":"https:\/\/woodinout.net\/da\/wp-json\/wp\/v2\/product\/21569"}],"collection":[{"href":"https:\/\/woodinout.net\/da\/wp-json\/wp\/v2\/product"}],"about":[{"href":"https:\/\/woodinout.net\/da\/wp-json\/wp\/v2\/types\/product"}],"wp:featuredmedia":[{"embeddable":true,"href":"https:\/\/woodinout.net\/da\/wp-json\/wp\/v2\/media\/22766"}],"wp:attachment":[{"href":"https:\/\/woodinout.net\/da\/wp-json\/wp\/v2\/media?parent=21569"}],"wp:term":[{"taxonomy":"product_cat","embeddable":true,"href":"https:\/\/woodinout.net\/da\/wp-json\/wp\/v2\/product_cat?post=21569"},{"taxonomy":"product_tag","embeddable":true,"href":"https:\/\/woodinout.net\/da\/wp-json\/wp\/v2\/product_tag?post=21569"}],"curies":[{"name":"wp","href":"https:\/\/api.w.org\/{rel}","templated":true}]}}