{"id":21567,"date":"2021-03-21T14:43:45","date_gmt":"2021-03-21T12:43:45","guid":{"rendered":"https:\/\/woodinout.net\/product\/farveblyanter-holder\/"},"modified":"2022-04-28T11:02:52","modified_gmt":"2022-04-28T08:02:52","slug":"farveblyanter","status":"publish","type":"product","link":"https:\/\/woodinout.net\/da\/product\/farveblyanter\/","title":{"rendered":"Farveblyanter holder"},"content":{"rendered":"<p>Montessori materialer &#8211; Tr\u00e6 farveblyant indehaveren er et must have i din Homeschool klassev\u00e6relse eller p\u00e5 Montessori skrivebord. Stilfuld og behagelig l\u00f8sning til opbevaring af blok- eller stavblyanter. Denne farveblyanter indehaveren er en homeschool v\u00e6rkt\u00f8j for dem, der er p\u00e5 udkig efter enkle design, b\u00e6redygtige og milj\u00f8venlige produkter.<\/p>\n<p>Indstillinger:<br \/>\nPinde 16;<br \/>\nBlok 16;<br \/>\nSticks 8 +Blokke 8;<br \/>\nSticks 16 +Blokke 16;<\/p>\n<p>DIMENSIONER<br \/>\nPinde 16<br \/>\nH\u00f8jde: 5 cm<br \/>\nL\u00e6ngde: 20 cm<\/p>\n<p>Blokke 16<br \/>\nH\u00f8jde: 7 cm<br \/>\nL\u00e6ngde: 20 cm<\/p>\n<p>Pinde 8 +blokke 8<br \/>\nH\u00f8jde: 6 cm<br \/>\nL\u00e6ngde: 20 cm<\/p>\n<p>Pinde 16 +blokke 16<br \/>\nH\u00f8jde: 11,5 cm<br \/>\nL\u00e6ngde: 20 cm<\/p>\n<p>Tykkelse: 1,7 cm<\/p>\n<p>FARVER OG MATERIALE<br \/>\nFarve: naturligt tr\u00e6 eller brun olieret.<br \/>\nLeget\u00f8jet er lavet af naturligt massivt tr\u00e6.<br \/>\nBem\u00e6rk, at farverne kan variere p\u00e5 grund af indstillinger for computersk\u00e6rm og lettelse.<\/p>\n","protected":false},"excerpt":{"rendered":"<p>Montessori materialer &#8211; Tr\u00e6 farveblyant indehaveren er et must have i din Homeschool klassev\u00e6relse eller p\u00e5 Montessori skrivebord. Stilfuld og behagelig l\u00f8sning til opbevaring af blok- eller stavblyanter. Denne farveblyanter indehaveren er en homeschool v\u00e6rkt\u00f8j for dem, der er p\u00e5 udkig efter enkle design, b\u00e6redygtige og milj\u00f8venlige produkter. Indstillinger: Pinde 16; Blok 16; Sticks 8 [&hellip;]<\/p>\n","protected":false},"featured_media":19997,"template":"","meta":{"_monsterinsights_skip_tracking":false,"_monsterinsights_sitenote_active":false,"_monsterinsights_sitenote_note":"","_monsterinsights_sitenote_category":0},"product_cat":[1577,1431],"product_tag":[1488,1483,1439,1472],"yoast_head":"<!-- This site is optimized with the Yoast SEO plugin v22.1 - https:\/\/yoast.com\/wordpress\/plugins\/seo\/ -->\n<title>Farveblyanter holder - Woodinout \u00a9 Montessori leget\u00f8j butik<\/title>\n<meta name=\"description\" content=\"Tr\u00e6 farveblyant indehaveren er et must have i din Homeschool klassev\u00e6relset. Stilfuld og behagelig l\u00f8sning til opbevaring af blok- eller stavblyanter.\" \/>\n<meta name=\"robots\" content=\"index, follow, max-snippet:-1, max-image-preview:large, max-video-preview:-1\" \/>\n<link rel=\"canonical\" href=\"https:\/\/woodinout.net\/da\/product\/farveblyanter\/\" \/>\n<meta property=\"og:locale\" content=\"da_DK\" \/>\n<meta property=\"og:type\" content=\"article\" \/>\n<meta property=\"og:title\" content=\"Farveblyanter holder - Woodinout \u00a9 Montessori leget\u00f8j butik\" \/>\n<meta property=\"og:description\" content=\"Tr\u00e6 farveblyant indehaveren er et must have i din Homeschool klassev\u00e6relset. Stilfuld og behagelig l\u00f8sning til opbevaring af blok- eller stavblyanter.\" \/>\n<meta property=\"og:url\" content=\"https:\/\/woodinout.net\/da\/product\/farveblyanter\/\" \/>\n<meta property=\"og:site_name\" content=\"Woodinout \u00a9\" \/>\n<meta property=\"article:modified_time\" content=\"2022-04-28T08:02:52+00:00\" \/>\n<meta property=\"og:image\" content=\"https:\/\/woodinout.net\/wp-content\/uploads\/2021\/03\/Crayons_holder_Blocks_16_and_sticks_16_1.jpg\" \/>\n\t<meta property=\"og:image:width\" content=\"1706\" \/>\n\t<meta property=\"og:image:height\" content=\"2560\" \/>\n\t<meta property=\"og:image:type\" content=\"image\/jpeg\" \/>\n<meta name=\"twitter:card\" content=\"summary_large_image\" \/>\n<meta name=\"twitter:label1\" content=\"Estimeret l\u00e6setid\" \/>\n\t<meta name=\"twitter:data1\" content=\"1 minut\" \/>\n<script type=\"application\/ld+json\" class=\"yoast-schema-graph\">{\"@context\":\"https:\/\/schema.org\",\"@graph\":[{\"@type\":\"WebPage\",\"@id\":\"https:\/\/woodinout.net\/da\/product\/farveblyanter\/\",\"url\":\"https:\/\/woodinout.net\/da\/product\/farveblyanter\/\",\"name\":\"Farveblyanter holder - Woodinout \u00a9 Montessori leget\u00f8j butik\",\"isPartOf\":{\"@id\":\"https:\/\/woodinout.net\/da\/#website\"},\"datePublished\":\"2021-03-21T12:43:45+00:00\",\"dateModified\":\"2022-04-28T08:02:52+00:00\",\"description\":\"Tr\u00e6 farveblyant indehaveren er et must have i din Homeschool klassev\u00e6relset. Stilfuld og behagelig l\u00f8sning til opbevaring af blok- eller stavblyanter.\",\"breadcrumb\":{\"@id\":\"https:\/\/woodinout.net\/da\/product\/farveblyanter\/#breadcrumb\"},\"inLanguage\":\"da-DK\",\"potentialAction\":[{\"@type\":\"ReadAction\",\"target\":[\"https:\/\/woodinout.net\/da\/product\/farveblyanter\/\"]}]},{\"@type\":\"BreadcrumbList\",\"@id\":\"https:\/\/woodinout.net\/da\/product\/farveblyanter\/#breadcrumb\",\"itemListElement\":[{\"@type\":\"ListItem\",\"position\":1,\"name\":\"Home\",\"item\":\"https:\/\/woodinout.net\/da\/\"},{\"@type\":\"ListItem\",\"position\":2,\"name\":\"Shop\",\"item\":\"https:\/\/woodinout.net\/shop\/\"},{\"@type\":\"ListItem\",\"position\":3,\"name\":\"Farveblyanter holder\"}]},{\"@type\":\"WebSite\",\"@id\":\"https:\/\/woodinout.net\/da\/#website\",\"url\":\"https:\/\/woodinout.net\/da\/\",\"name\":\"Woodinout \u00a9\",\"description\":\"Wooden Montessori toys, gifts, home and events decor details\",\"potentialAction\":[{\"@type\":\"SearchAction\",\"target\":{\"@type\":\"EntryPoint\",\"urlTemplate\":\"https:\/\/woodinout.net\/da\/?s={search_term_string}\"},\"query-input\":\"required name=search_term_string\"}],\"inLanguage\":\"da-DK\"}]}<\/script>\n<!-- \/ Yoast SEO plugin. -->","yoast_head_json":{"title":"Farveblyanter holder - Woodinout \u00a9 Montessori leget\u00f8j butik","description":"Tr\u00e6 farveblyant indehaveren er et must have i din Homeschool klassev\u00e6relset. Stilfuld og behagelig l\u00f8sning til opbevaring af blok- eller stavblyanter.","robots":{"index":"index","follow":"follow","max-snippet":"max-snippet:-1","max-image-preview":"max-image-preview:large","max-video-preview":"max-video-preview:-1"},"canonical":"https:\/\/woodinout.net\/da\/product\/farveblyanter\/","og_locale":"da_DK","og_type":"article","og_title":"Farveblyanter holder - Woodinout \u00a9 Montessori leget\u00f8j butik","og_description":"Tr\u00e6 farveblyant indehaveren er et must have i din Homeschool klassev\u00e6relset. Stilfuld og behagelig l\u00f8sning til opbevaring af blok- eller stavblyanter.","og_url":"https:\/\/woodinout.net\/da\/product\/farveblyanter\/","og_site_name":"Woodinout \u00a9","article_modified_time":"2022-04-28T08:02:52+00:00","og_image":[{"width":1706,"height":2560,"url":"https:\/\/woodinout.net\/wp-content\/uploads\/2021\/03\/Crayons_holder_Blocks_16_and_sticks_16_1.jpg","type":"image\/jpeg"}],"twitter_card":"summary_large_image","twitter_misc":{"Estimeret l\u00e6setid":"1 minut"},"schema":{"@context":"https:\/\/schema.org","@graph":[{"@type":"WebPage","@id":"https:\/\/woodinout.net\/da\/product\/farveblyanter\/","url":"https:\/\/woodinout.net\/da\/product\/farveblyanter\/","name":"Farveblyanter holder - Woodinout \u00a9 Montessori leget\u00f8j butik","isPartOf":{"@id":"https:\/\/woodinout.net\/da\/#website"},"datePublished":"2021-03-21T12:43:45+00:00","dateModified":"2022-04-28T08:02:52+00:00","description":"Tr\u00e6 farveblyant indehaveren er et must have i din Homeschool klassev\u00e6relset. Stilfuld og behagelig l\u00f8sning til opbevaring af blok- eller stavblyanter.","breadcrumb":{"@id":"https:\/\/woodinout.net\/da\/product\/farveblyanter\/#breadcrumb"},"inLanguage":"da-DK","potentialAction":[{"@type":"ReadAction","target":["https:\/\/woodinout.net\/da\/product\/farveblyanter\/"]}]},{"@type":"BreadcrumbList","@id":"https:\/\/woodinout.net\/da\/product\/farveblyanter\/#breadcrumb","itemListElement":[{"@type":"ListItem","position":1,"name":"Home","item":"https:\/\/woodinout.net\/da\/"},{"@type":"ListItem","position":2,"name":"Shop","item":"https:\/\/woodinout.net\/shop\/"},{"@type":"ListItem","position":3,"name":"Farveblyanter holder"}]},{"@type":"WebSite","@id":"https:\/\/woodinout.net\/da\/#website","url":"https:\/\/woodinout.net\/da\/","name":"Woodinout \u00a9","description":"Wooden Montessori toys, gifts, home and events decor details","potentialAction":[{"@type":"SearchAction","target":{"@type":"EntryPoint","urlTemplate":"https:\/\/woodinout.net\/da\/?s={search_term_string}"},"query-input":"required name=search_term_string"}],"inLanguage":"da-DK"}]}},"_links":{"self":[{"href":"https:\/\/woodinout.net\/da\/wp-json\/wp\/v2\/product\/21567"}],"collection":[{"href":"https:\/\/woodinout.net\/da\/wp-json\/wp\/v2\/product"}],"about":[{"href":"https:\/\/woodinout.net\/da\/wp-json\/wp\/v2\/types\/product"}],"wp:featuredmedia":[{"embeddable":true,"href":"https:\/\/woodinout.net\/da\/wp-json\/wp\/v2\/media\/19997"}],"wp:attachment":[{"href":"https:\/\/woodinout.net\/da\/wp-json\/wp\/v2\/media?parent=21567"}],"wp:term":[{"taxonomy":"product_cat","embeddable":true,"href":"https:\/\/woodinout.net\/da\/wp-json\/wp\/v2\/product_cat?post=21567"},{"taxonomy":"product_tag","embeddable":true,"href":"https:\/\/woodinout.net\/da\/wp-json\/wp\/v2\/product_tag?post=21567"}],"curies":[{"name":"wp","href":"https:\/\/api.w.org\/{rel}","templated":true}]}}