{"id":21546,"date":"2021-03-19T11:27:35","date_gmt":"2021-03-19T09:27:35","guid":{"rendered":"https:\/\/woodinout.net\/product\/traeplader-firkanter\/"},"modified":"2022-04-28T10:52:20","modified_gmt":"2022-04-28T07:52:20","slug":"traeplader-firkanter","status":"publish","type":"product","link":"https:\/\/woodinout.net\/da\/product\/traeplader-firkanter\/","title":{"rendered":"Tr\u00e6plader &#8220;Firkanter&#8221;"},"content":{"rendered":"<p>Firkantet tr\u00e6 dekorativ bakke passer til alle dine anmodninger fra smykker bakke i Kommode til stearinlys bakke i stuen. H\u00e5ndlavet af massivt tr\u00e6, tr\u00e6bakkerne har unikt tr\u00e6m\u00f8nster, er meget b\u00e6redygtige og milj\u00f8venlige (kun naturlige materialer, der anvendes). Tr\u00e6plader ser meget dekorative ud p\u00e5 kystn\u00e6re, boho eller rustikke temainteri\u00f8r eller p\u00e5 ferie. Du kan s\u00e6tte hver tr\u00e6bakke i st\u00f8rre en for komfortabel opbevaring.<\/p>\n<p>DIMENSIONER<br \/>\nL\u00e6ngde: ~12 cm<br \/>\nH\u00f8jde: ~12 cm<\/p>\n<p>L\u00e6ngde: ~14 cm<br \/>\nH\u00f8jde: ~14 cm<\/p>\n<p>L\u00e6ngde: ~16 cm<br \/>\nH\u00f8jde: ~16 cm<\/p>\n<p>L\u00e6ngde: ~18 cm<br \/>\nH\u00f8jde: ~18 cm<\/p>\n<p>Tykkelse: ~1,7 cm<\/p>\n<p>FARVER OG MATERIALER<br \/>\nFarve: naturlig og brun olieret.<br \/>\nLeget\u00f8jet er lavet af naturligt massivt tr\u00e6.<br \/>\nBem\u00e6rk, at farverne kan variere p\u00e5 grund af indstillinger for computersk\u00e6rm og lettelse.<\/p>\n<p>Tilf\u00f8j bolde:<\/p>\n<p>Farvet: https:\/\/woodinout.net\/product\/colored-wooden-balls\/<\/p>\n<p>Naturligt: https:\/\/woodinout.net\/product\/natural-wooden-balls\/<\/p>\n<p>&nbsp;<\/p>\n","protected":false},"excerpt":{"rendered":"<p>Firkantet tr\u00e6 dekorativ bakke passer til alle dine anmodninger fra smykker bakke i Kommode til stearinlys bakke i stuen. H\u00e5ndlavet af massivt tr\u00e6, tr\u00e6bakkerne har unikt tr\u00e6m\u00f8nster, er meget b\u00e6redygtige og milj\u00f8venlige (kun naturlige materialer, der anvendes). Tr\u00e6plader ser meget dekorative ud p\u00e5 kystn\u00e6re, boho eller rustikke temainteri\u00f8r eller p\u00e5 ferie. Du kan s\u00e6tte hver [&hellip;]<\/p>\n","protected":false},"featured_media":19293,"template":"","meta":{"_monsterinsights_skip_tracking":false,"_monsterinsights_sitenote_active":false,"_monsterinsights_sitenote_note":"","_monsterinsights_sitenote_category":0},"product_cat":[1651,1431,1647],"product_tag":[1488,1483,1439,1479,1672,1667,1498,1472,1675,1452,1460,1858,1861],"yoast_head":"<!-- This site is optimized with the Yoast SEO plugin v22.1 - https:\/\/yoast.com\/wordpress\/plugins\/seo\/ -->\n<title>Tr\u00e6plader &quot;Firkanter&quot; - Woodinout \u00a9 Montessori leget\u00f8j<\/title>\n<meta name=\"description\" content=\"L\u00e6ring er nu sjovt og nemt - Naturligt tr\u00e6 Matematik leget\u00f8j til v\u00e6rdifuld familie tid. 10 sortering og opt\u00e6lling plader - mere L\u00e6r &amp; Spil m\u00e5der.\" \/>\n<meta name=\"robots\" content=\"index, follow, max-snippet:-1, max-image-preview:large, max-video-preview:-1\" \/>\n<link rel=\"canonical\" href=\"https:\/\/woodinout.net\/da\/product\/traeplader-firkanter\/\" \/>\n<meta property=\"og:locale\" content=\"da_DK\" \/>\n<meta property=\"og:type\" content=\"article\" \/>\n<meta property=\"og:title\" content=\"Tr\u00e6plader &quot;Firkanter&quot; - Woodinout \u00a9 Montessori leget\u00f8j\" \/>\n<meta property=\"og:description\" content=\"L\u00e6ring er nu sjovt og nemt - Naturligt tr\u00e6 Matematik leget\u00f8j til v\u00e6rdifuld familie tid. 10 sortering og opt\u00e6lling plader - mere L\u00e6r &amp; Spil m\u00e5der.\" \/>\n<meta property=\"og:url\" content=\"https:\/\/woodinout.net\/da\/product\/traeplader-firkanter\/\" \/>\n<meta property=\"og:site_name\" content=\"Woodinout \u00a9\" \/>\n<meta property=\"article:modified_time\" content=\"2022-04-28T07:52:20+00:00\" \/>\n<meta property=\"og:image\" content=\"https:\/\/woodinout.net\/wp-content\/uploads\/2021\/03\/Wooden_plates_squares_4.jpg\" \/>\n\t<meta property=\"og:image:width\" content=\"1706\" \/>\n\t<meta property=\"og:image:height\" content=\"2560\" \/>\n\t<meta property=\"og:image:type\" content=\"image\/jpeg\" \/>\n<meta name=\"twitter:card\" content=\"summary_large_image\" \/>\n<meta name=\"twitter:label1\" content=\"Estimeret l\u00e6setid\" \/>\n\t<meta name=\"twitter:data1\" content=\"1 minut\" \/>\n<script type=\"application\/ld+json\" class=\"yoast-schema-graph\">{\"@context\":\"https:\/\/schema.org\",\"@graph\":[{\"@type\":\"WebPage\",\"@id\":\"https:\/\/woodinout.net\/da\/product\/traeplader-firkanter\/\",\"url\":\"https:\/\/woodinout.net\/da\/product\/traeplader-firkanter\/\",\"name\":\"Tr\u00e6plader \\\"Firkanter\\\" - Woodinout \u00a9 Montessori leget\u00f8j\",\"isPartOf\":{\"@id\":\"https:\/\/woodinout.net\/da\/#website\"},\"datePublished\":\"2021-03-19T09:27:35+00:00\",\"dateModified\":\"2022-04-28T07:52:20+00:00\",\"description\":\"L\u00e6ring er nu sjovt og nemt - Naturligt tr\u00e6 Matematik leget\u00f8j til v\u00e6rdifuld familie tid. 10 sortering og opt\u00e6lling plader - mere L\u00e6r & Spil m\u00e5der.\",\"breadcrumb\":{\"@id\":\"https:\/\/woodinout.net\/da\/product\/traeplader-firkanter\/#breadcrumb\"},\"inLanguage\":\"da-DK\",\"potentialAction\":[{\"@type\":\"ReadAction\",\"target\":[\"https:\/\/woodinout.net\/da\/product\/traeplader-firkanter\/\"]}]},{\"@type\":\"BreadcrumbList\",\"@id\":\"https:\/\/woodinout.net\/da\/product\/traeplader-firkanter\/#breadcrumb\",\"itemListElement\":[{\"@type\":\"ListItem\",\"position\":1,\"name\":\"Home\",\"item\":\"https:\/\/woodinout.net\/da\/\"},{\"@type\":\"ListItem\",\"position\":2,\"name\":\"Shop\",\"item\":\"https:\/\/woodinout.net\/shop\/\"},{\"@type\":\"ListItem\",\"position\":3,\"name\":\"Tr\u00e6plader &#8220;Firkanter&#8221;\"}]},{\"@type\":\"WebSite\",\"@id\":\"https:\/\/woodinout.net\/da\/#website\",\"url\":\"https:\/\/woodinout.net\/da\/\",\"name\":\"Woodinout \u00a9\",\"description\":\"Wooden Montessori toys, gifts, home and events decor details\",\"potentialAction\":[{\"@type\":\"SearchAction\",\"target\":{\"@type\":\"EntryPoint\",\"urlTemplate\":\"https:\/\/woodinout.net\/da\/?s={search_term_string}\"},\"query-input\":\"required name=search_term_string\"}],\"inLanguage\":\"da-DK\"}]}<\/script>\n<!-- \/ Yoast SEO plugin. -->","yoast_head_json":{"title":"Tr\u00e6plader \"Firkanter\" - Woodinout \u00a9 Montessori leget\u00f8j","description":"L\u00e6ring er nu sjovt og nemt - Naturligt tr\u00e6 Matematik leget\u00f8j til v\u00e6rdifuld familie tid. 10 sortering og opt\u00e6lling plader - mere L\u00e6r & Spil m\u00e5der.","robots":{"index":"index","follow":"follow","max-snippet":"max-snippet:-1","max-image-preview":"max-image-preview:large","max-video-preview":"max-video-preview:-1"},"canonical":"https:\/\/woodinout.net\/da\/product\/traeplader-firkanter\/","og_locale":"da_DK","og_type":"article","og_title":"Tr\u00e6plader \"Firkanter\" - Woodinout \u00a9 Montessori leget\u00f8j","og_description":"L\u00e6ring er nu sjovt og nemt - Naturligt tr\u00e6 Matematik leget\u00f8j til v\u00e6rdifuld familie tid. 10 sortering og opt\u00e6lling plader - mere L\u00e6r & Spil m\u00e5der.","og_url":"https:\/\/woodinout.net\/da\/product\/traeplader-firkanter\/","og_site_name":"Woodinout \u00a9","article_modified_time":"2022-04-28T07:52:20+00:00","og_image":[{"width":1706,"height":2560,"url":"https:\/\/woodinout.net\/wp-content\/uploads\/2021\/03\/Wooden_plates_squares_4.jpg","type":"image\/jpeg"}],"twitter_card":"summary_large_image","twitter_misc":{"Estimeret l\u00e6setid":"1 minut"},"schema":{"@context":"https:\/\/schema.org","@graph":[{"@type":"WebPage","@id":"https:\/\/woodinout.net\/da\/product\/traeplader-firkanter\/","url":"https:\/\/woodinout.net\/da\/product\/traeplader-firkanter\/","name":"Tr\u00e6plader \"Firkanter\" - Woodinout \u00a9 Montessori leget\u00f8j","isPartOf":{"@id":"https:\/\/woodinout.net\/da\/#website"},"datePublished":"2021-03-19T09:27:35+00:00","dateModified":"2022-04-28T07:52:20+00:00","description":"L\u00e6ring er nu sjovt og nemt - Naturligt tr\u00e6 Matematik leget\u00f8j til v\u00e6rdifuld familie tid. 10 sortering og opt\u00e6lling plader - mere L\u00e6r & Spil m\u00e5der.","breadcrumb":{"@id":"https:\/\/woodinout.net\/da\/product\/traeplader-firkanter\/#breadcrumb"},"inLanguage":"da-DK","potentialAction":[{"@type":"ReadAction","target":["https:\/\/woodinout.net\/da\/product\/traeplader-firkanter\/"]}]},{"@type":"BreadcrumbList","@id":"https:\/\/woodinout.net\/da\/product\/traeplader-firkanter\/#breadcrumb","itemListElement":[{"@type":"ListItem","position":1,"name":"Home","item":"https:\/\/woodinout.net\/da\/"},{"@type":"ListItem","position":2,"name":"Shop","item":"https:\/\/woodinout.net\/shop\/"},{"@type":"ListItem","position":3,"name":"Tr\u00e6plader &#8220;Firkanter&#8221;"}]},{"@type":"WebSite","@id":"https:\/\/woodinout.net\/da\/#website","url":"https:\/\/woodinout.net\/da\/","name":"Woodinout \u00a9","description":"Wooden Montessori toys, gifts, home and events decor details","potentialAction":[{"@type":"SearchAction","target":{"@type":"EntryPoint","urlTemplate":"https:\/\/woodinout.net\/da\/?s={search_term_string}"},"query-input":"required name=search_term_string"}],"inLanguage":"da-DK"}]}},"_links":{"self":[{"href":"https:\/\/woodinout.net\/da\/wp-json\/wp\/v2\/product\/21546"}],"collection":[{"href":"https:\/\/woodinout.net\/da\/wp-json\/wp\/v2\/product"}],"about":[{"href":"https:\/\/woodinout.net\/da\/wp-json\/wp\/v2\/types\/product"}],"wp:featuredmedia":[{"embeddable":true,"href":"https:\/\/woodinout.net\/da\/wp-json\/wp\/v2\/media\/19293"}],"wp:attachment":[{"href":"https:\/\/woodinout.net\/da\/wp-json\/wp\/v2\/media?parent=21546"}],"wp:term":[{"taxonomy":"product_cat","embeddable":true,"href":"https:\/\/woodinout.net\/da\/wp-json\/wp\/v2\/product_cat?post=21546"},{"taxonomy":"product_tag","embeddable":true,"href":"https:\/\/woodinout.net\/da\/wp-json\/wp\/v2\/product_tag?post=21546"}],"curies":[{"name":"wp","href":"https:\/\/api.w.org\/{rel}","templated":true}]}}