{"id":21545,"date":"2020-06-23T23:45:12","date_gmt":"2020-06-23T20:45:12","guid":{"rendered":"https:\/\/woodinout.net\/product\/trae-navn-puslespil\/"},"modified":"2022-04-28T11:36:13","modified_gmt":"2022-04-28T08:36:13","slug":"trae-navn-puslespil","status":"publish","type":"product","link":"https:\/\/woodinout.net\/da\/product\/trae-navn-puslespil\/","title":{"rendered":"Tr\u00e6 navn puslespil"},"content":{"rendered":"<p>Custom navn puslespil er en perfekt gave til din baby eller lille barn. Denne genstand er kun lavet af naturligt h\u00e5rdttr\u00e6. Personlig puslespil vil lade dit barn g\u00f8re de f\u00f8rste skridt i retning af at l\u00e6re at l\u00e6se. Montessori inspireret leget\u00f8j vil vare i \u00e5revis og vil bringe masser af gode minder.<br \/>\nDenne tr\u00e6 baby gave kunne v\u00e6re smuk b\u00f8rnehave indretning element.<\/p>\n<p>Vil forbedre motoriske f\u00e6rdigheder ved at gribe hvert bogstav og s\u00e6tte til et passende hul.<br \/>\nVil fors\u00f8ge at l\u00e6se og stave hans \/ hendes navn. Selvf\u00f8lgelig med din hj\u00e6lp.<\/p>\n<p>MERE PERSONLIGE ELEMENTER FINDE <a href=\"https:\/\/woodinout.net\/product-tag\/kids-presents\/\">HER.<\/a><\/p>\n<p>DIMENSIONER<\/p>\n<p>Br\u00e6t:<br \/>\nH\u00f8jde &#8211; ~4 tommer<br \/>\nL\u00e6ngde &#8211; afh\u00e6nger af m\u00e6ngden af bogstaver, tykkelse ~ 0,6 inches<br \/>\nDybde af en lomme &#8211; ~ 0,4 inches<\/p>\n<p>Bogstaver:<br \/>\nH\u00f8jde: ~ 2,7 inches (Hvis puslespillet ikke passer til 21,6 inches, vil alle bogstaver blive reduceret proportionalt)<br \/>\nTykkelse: ~0,6 tommer<br \/>\nBredden afh\u00e6nger af bogstavets form<\/p>\n<p>FARVER OG MATERIALE<\/p>\n<p>&#x1f3a8; Baggrund: naturlig<br \/>\n&#x1f3a8; Bogstaver: brun olieret<br \/>\n&#x1f331; Tr\u00e6 puslespil er lavet af naturligt massivt tr\u00e6 og milj\u00f8venlig maling.<br \/>\n&#x1f3a8; Bem\u00e6rk, at farverne kan variere p\u00e5 grund af indstillinger for computersk\u00e6rm og lettelse.<\/p>\n<p>For flere ideer, f\u00f8lg os p\u00e5 <a href=\"https:\/\/www.instagram.com\/woodinout\/\">INSTAGRAM<\/a> &amp; <a href=\"https:\/\/www.facebook.com\/Woodinout.net\">FACEBOOK<\/a><\/p>\n<div style=\"width: 1080px;\" class=\"wp-video\"><!--[if lt IE 9]><script>document.createElement('video');<\/script><![endif]-->\n<video class=\"wp-video-shortcode\" id=\"video-21545-1\" width=\"1080\" height=\"810\" preload=\"metadata\" controls=\"controls\"><source type=\"video\/mp4\" src=\"http:\/\/woodinout.net\/wp-content\/uploads\/2020\/06\/MEDINIS_7-1.mp4?_=1\" \/><a href=\"http:\/\/woodinout.net\/wp-content\/uploads\/2020\/06\/MEDINIS_7-1.mp4\">http:\/\/woodinout.net\/wp-content\/uploads\/2020\/06\/MEDINIS_7-1.mp4<\/a><\/video><\/div>\n","protected":false},"excerpt":{"rendered":"<p>Custom navn puslespil er en perfekt gave til din baby eller lille barn. Denne genstand er kun lavet af naturligt h\u00e5rdttr\u00e6. Personlig puslespil vil lade dit barn g\u00f8re de f\u00f8rste skridt i retning af at l\u00e6re at l\u00e6se. Montessori inspireret leget\u00f8j vil vare i \u00e5revis og vil bringe masser af gode minder. Denne tr\u00e6 baby [&hellip;]<\/p>\n","protected":false},"featured_media":18093,"template":"","meta":{"_monsterinsights_skip_tracking":false,"_monsterinsights_sitenote_active":false,"_monsterinsights_sitenote_note":"","_monsterinsights_sitenote_category":0},"product_cat":[1448,1443,1431],"product_tag":[1534,1488,1483,1537,1439,1535,1479,1472,1531,1452,1460,1527,1529,1499,2184],"yoast_head":"<!-- This site is optimized with the Yoast SEO plugin v22.1 - https:\/\/yoast.com\/wordpress\/plugins\/seo\/ -->\n<title>Tr\u00e6 navn puslespil - Woodinout \u00a9 Montessori leget\u00f8j butik<\/title>\n<meta name=\"description\" content=\"Perfekt b\u00f8rn gave - Montessori inspireret Custom navn puslespil. H\u00e5ndlavet, milj\u00f8venlig, sikker til baby og sm\u00e5b\u00f8rn. Lavet af massivt tr\u00e6.\" \/>\n<meta name=\"robots\" content=\"index, follow, max-snippet:-1, max-image-preview:large, max-video-preview:-1\" \/>\n<link rel=\"canonical\" href=\"https:\/\/woodinout.net\/da\/product\/trae-navn-puslespil\/\" \/>\n<meta property=\"og:locale\" content=\"da_DK\" \/>\n<meta property=\"og:type\" content=\"article\" \/>\n<meta property=\"og:title\" content=\"Tr\u00e6 navn puslespil - Woodinout \u00a9 Montessori leget\u00f8j butik\" \/>\n<meta property=\"og:description\" content=\"Perfekt b\u00f8rn gave - Montessori inspireret Custom navn puslespil. H\u00e5ndlavet, milj\u00f8venlig, sikker til baby og sm\u00e5b\u00f8rn. Lavet af massivt tr\u00e6.\" \/>\n<meta property=\"og:url\" content=\"https:\/\/woodinout.net\/da\/product\/trae-navn-puslespil\/\" \/>\n<meta property=\"og:site_name\" content=\"Woodinout \u00a9\" \/>\n<meta property=\"article:modified_time\" content=\"2022-04-28T08:36:13+00:00\" \/>\n<meta property=\"og:image\" content=\"https:\/\/woodinout.net\/wp-content\/uploads\/2020\/06\/wooden-puzzle-1.jpg\" \/>\n\t<meta property=\"og:image:width\" content=\"853\" \/>\n\t<meta property=\"og:image:height\" content=\"1280\" \/>\n\t<meta property=\"og:image:type\" content=\"image\/jpeg\" \/>\n<meta name=\"twitter:card\" content=\"summary_large_image\" \/>\n<meta name=\"twitter:label1\" content=\"Estimeret l\u00e6setid\" \/>\n\t<meta name=\"twitter:data1\" content=\"1 minut\" \/>\n<script type=\"application\/ld+json\" class=\"yoast-schema-graph\">{\"@context\":\"https:\/\/schema.org\",\"@graph\":[{\"@type\":\"WebPage\",\"@id\":\"https:\/\/woodinout.net\/da\/product\/trae-navn-puslespil\/\",\"url\":\"https:\/\/woodinout.net\/da\/product\/trae-navn-puslespil\/\",\"name\":\"Tr\u00e6 navn puslespil - Woodinout \u00a9 Montessori leget\u00f8j butik\",\"isPartOf\":{\"@id\":\"https:\/\/woodinout.net\/da\/#website\"},\"datePublished\":\"2020-06-23T20:45:12+00:00\",\"dateModified\":\"2022-04-28T08:36:13+00:00\",\"description\":\"Perfekt b\u00f8rn gave - Montessori inspireret Custom navn puslespil. H\u00e5ndlavet, milj\u00f8venlig, sikker til baby og sm\u00e5b\u00f8rn. Lavet af massivt tr\u00e6.\",\"breadcrumb\":{\"@id\":\"https:\/\/woodinout.net\/da\/product\/trae-navn-puslespil\/#breadcrumb\"},\"inLanguage\":\"da-DK\",\"potentialAction\":[{\"@type\":\"ReadAction\",\"target\":[\"https:\/\/woodinout.net\/da\/product\/trae-navn-puslespil\/\"]}]},{\"@type\":\"BreadcrumbList\",\"@id\":\"https:\/\/woodinout.net\/da\/product\/trae-navn-puslespil\/#breadcrumb\",\"itemListElement\":[{\"@type\":\"ListItem\",\"position\":1,\"name\":\"Home\",\"item\":\"https:\/\/woodinout.net\/da\/\"},{\"@type\":\"ListItem\",\"position\":2,\"name\":\"Shop\",\"item\":\"https:\/\/woodinout.net\/shop\/\"},{\"@type\":\"ListItem\",\"position\":3,\"name\":\"Tr\u00e6 navn puslespil\"}]},{\"@type\":\"WebSite\",\"@id\":\"https:\/\/woodinout.net\/da\/#website\",\"url\":\"https:\/\/woodinout.net\/da\/\",\"name\":\"Woodinout \u00a9\",\"description\":\"Wooden Montessori toys, gifts, home and events decor details\",\"potentialAction\":[{\"@type\":\"SearchAction\",\"target\":{\"@type\":\"EntryPoint\",\"urlTemplate\":\"https:\/\/woodinout.net\/da\/?s={search_term_string}\"},\"query-input\":\"required name=search_term_string\"}],\"inLanguage\":\"da-DK\"}]}<\/script>\n<!-- \/ Yoast SEO plugin. -->","yoast_head_json":{"title":"Tr\u00e6 navn puslespil - Woodinout \u00a9 Montessori leget\u00f8j butik","description":"Perfekt b\u00f8rn gave - Montessori inspireret Custom navn puslespil. H\u00e5ndlavet, milj\u00f8venlig, sikker til baby og sm\u00e5b\u00f8rn. Lavet af massivt tr\u00e6.","robots":{"index":"index","follow":"follow","max-snippet":"max-snippet:-1","max-image-preview":"max-image-preview:large","max-video-preview":"max-video-preview:-1"},"canonical":"https:\/\/woodinout.net\/da\/product\/trae-navn-puslespil\/","og_locale":"da_DK","og_type":"article","og_title":"Tr\u00e6 navn puslespil - Woodinout \u00a9 Montessori leget\u00f8j butik","og_description":"Perfekt b\u00f8rn gave - Montessori inspireret Custom navn puslespil. H\u00e5ndlavet, milj\u00f8venlig, sikker til baby og sm\u00e5b\u00f8rn. Lavet af massivt tr\u00e6.","og_url":"https:\/\/woodinout.net\/da\/product\/trae-navn-puslespil\/","og_site_name":"Woodinout \u00a9","article_modified_time":"2022-04-28T08:36:13+00:00","og_image":[{"width":853,"height":1280,"url":"https:\/\/woodinout.net\/wp-content\/uploads\/2020\/06\/wooden-puzzle-1.jpg","type":"image\/jpeg"}],"twitter_card":"summary_large_image","twitter_misc":{"Estimeret l\u00e6setid":"1 minut"},"schema":{"@context":"https:\/\/schema.org","@graph":[{"@type":"WebPage","@id":"https:\/\/woodinout.net\/da\/product\/trae-navn-puslespil\/","url":"https:\/\/woodinout.net\/da\/product\/trae-navn-puslespil\/","name":"Tr\u00e6 navn puslespil - Woodinout \u00a9 Montessori leget\u00f8j butik","isPartOf":{"@id":"https:\/\/woodinout.net\/da\/#website"},"datePublished":"2020-06-23T20:45:12+00:00","dateModified":"2022-04-28T08:36:13+00:00","description":"Perfekt b\u00f8rn gave - Montessori inspireret Custom navn puslespil. H\u00e5ndlavet, milj\u00f8venlig, sikker til baby og sm\u00e5b\u00f8rn. Lavet af massivt tr\u00e6.","breadcrumb":{"@id":"https:\/\/woodinout.net\/da\/product\/trae-navn-puslespil\/#breadcrumb"},"inLanguage":"da-DK","potentialAction":[{"@type":"ReadAction","target":["https:\/\/woodinout.net\/da\/product\/trae-navn-puslespil\/"]}]},{"@type":"BreadcrumbList","@id":"https:\/\/woodinout.net\/da\/product\/trae-navn-puslespil\/#breadcrumb","itemListElement":[{"@type":"ListItem","position":1,"name":"Home","item":"https:\/\/woodinout.net\/da\/"},{"@type":"ListItem","position":2,"name":"Shop","item":"https:\/\/woodinout.net\/shop\/"},{"@type":"ListItem","position":3,"name":"Tr\u00e6 navn puslespil"}]},{"@type":"WebSite","@id":"https:\/\/woodinout.net\/da\/#website","url":"https:\/\/woodinout.net\/da\/","name":"Woodinout \u00a9","description":"Wooden Montessori toys, gifts, home and events decor details","potentialAction":[{"@type":"SearchAction","target":{"@type":"EntryPoint","urlTemplate":"https:\/\/woodinout.net\/da\/?s={search_term_string}"},"query-input":"required name=search_term_string"}],"inLanguage":"da-DK"}]}},"_links":{"self":[{"href":"https:\/\/woodinout.net\/da\/wp-json\/wp\/v2\/product\/21545"}],"collection":[{"href":"https:\/\/woodinout.net\/da\/wp-json\/wp\/v2\/product"}],"about":[{"href":"https:\/\/woodinout.net\/da\/wp-json\/wp\/v2\/types\/product"}],"wp:featuredmedia":[{"embeddable":true,"href":"https:\/\/woodinout.net\/da\/wp-json\/wp\/v2\/media\/18093"}],"wp:attachment":[{"href":"https:\/\/woodinout.net\/da\/wp-json\/wp\/v2\/media?parent=21545"}],"wp:term":[{"taxonomy":"product_cat","embeddable":true,"href":"https:\/\/woodinout.net\/da\/wp-json\/wp\/v2\/product_cat?post=21545"},{"taxonomy":"product_tag","embeddable":true,"href":"https:\/\/woodinout.net\/da\/wp-json\/wp\/v2\/product_tag?post=21545"}],"curies":[{"name":"wp","href":"https:\/\/api.w.org\/{rel}","templated":true}]}}