{"id":21541,"date":"2020-06-23T21:12:55","date_gmt":"2020-06-23T18:12:55","guid":{"rendered":"https:\/\/woodinout.net\/product\/montessori-100-ramme-hundred-board\/"},"modified":"2022-04-28T11:09:12","modified_gmt":"2022-04-28T08:09:12","slug":"personlig-gave-montessori-100-frame-trae-numre-og-optaelling","status":"publish","type":"product","link":"https:\/\/woodinout.net\/da\/product\/personlig-gave-montessori-100-frame-trae-numre-og-optaelling\/","title":{"rendered":"Montessori 100 Ramme \/ Hundred Board"},"content":{"rendered":"<p>Personlig gave Montessori 100 ramme &#8211; jeg kan ikke forestille mig en bedre m\u00e5de at l\u00e6re tal og t\u00e6lle. HVORFOR? 1. Montessori matematik manipulatives er velkendte og v\u00e6rdsat over hele verden. 2. Dette tr\u00e6nummerbr\u00e6t har mange anvendelser &#8211; multiplikationsperler med sm\u00e5 tal indgraveret undervise i matematik; Farverige tr\u00e6nummer perler er ogs\u00e5 perfekt tr\u00e6 sortering leget\u00f8j; og du kan ikke argumentere for det gode udseende af dette Montessori 100 bord &#8211; fantastisk b\u00f8rnev\u00e6relse indretning.<\/p>\n<p>S\u00e6ttet indeholder:<br \/>\nhundrede t\u00e6lle bord<\/p>\n<p>Du kan v\u00e6lge mellem 7 INDSTILLINGER:<br \/>\nA: Kun bord<br \/>\nB: Board + 120 stk. af naturlige tr\u00e6kugler (0,05 tommer dia)<br \/>\nC: Board + 120 stk. af farverige tr\u00e6kugler (0,05 tommer dia)<br \/>\nD: Board + 100 stk. naturlige m\u00f8nter med tal fra 1 til 100<br \/>\nE: Board + 100 stk. farverige m\u00f8nter med tal fra 1 til 100<br \/>\nF: Board + 100 stk. naturlige m\u00f8nter med tal fra 1 til 100 + 120 stk. af naturlige tr\u00e6kugler (0,05 tommer dia)<br \/>\nG: Board + 100 stk. farverige m\u00f8nter med tal fra 1 til 100 + 120 stk. af farverige tr\u00e6kugler (0,05 tommer dia)<\/p>\n<p>BOARD DIMENSIONER<br \/>\nL\u00e6ngde: ~10 tommer<br \/>\nH\u00f8jde: ~10 tommer<br \/>\nTykkelse: ~0,6 tommer<\/p>\n<p>FARVER OG MATERIALE<br \/>\nFarve: naturlig eller brun olieret.<br \/>\nBoard er lavet af naturligt massivt tr\u00e6.<br \/>\nBem\u00e6rk, at farverne kan variere p\u00e5 grund af indstillinger for computersk\u00e6rm og lettelse.<\/p>\n","protected":false},"excerpt":{"rendered":"<p>Personlig gave Montessori 100 ramme &#8211; jeg kan ikke forestille mig en bedre m\u00e5de at l\u00e6re tal og t\u00e6lle. HVORFOR? 1. Montessori matematik manipulatives er velkendte og v\u00e6rdsat over hele verden. 2. Dette tr\u00e6nummerbr\u00e6t har mange anvendelser &#8211; multiplikationsperler med sm\u00e5 tal indgraveret undervise i matematik; Farverige tr\u00e6nummer perler er ogs\u00e5 perfekt tr\u00e6 sortering leget\u00f8j; [&hellip;]<\/p>\n","protected":false},"featured_media":17813,"template":"","meta":{"_monsterinsights_skip_tracking":false,"_monsterinsights_sitenote_active":false,"_monsterinsights_sitenote_note":"","_monsterinsights_sitenote_category":0},"product_cat":[1431,1647],"product_tag":[2203,2204,1488,1483,2202,1439,1479,1672,1667,1498,1472,1675,1452,1460,2183],"yoast_head":"<!-- This site is optimized with the Yoast SEO plugin v22.1 - https:\/\/yoast.com\/wordpress\/plugins\/seo\/ -->\n<title>Montessori 100 Ramme \/ Hundred Board - Woodinout \u00a9 tr\u00e6leget\u00f8j<\/title>\n<meta name=\"description\" content=\"Montessori matematik materiale 100 ramme for FUN Learning spil. T\u00e6l - Sort - L\u00e6r - Play - Naturlige h\u00e5ndlavede tr\u00e6leget\u00f8j.\" \/>\n<meta name=\"robots\" content=\"index, follow, max-snippet:-1, max-image-preview:large, max-video-preview:-1\" \/>\n<link rel=\"canonical\" href=\"https:\/\/woodinout.net\/da\/product\/personlig-gave-montessori-100-frame-trae-numre-og-optaelling\/\" \/>\n<meta property=\"og:locale\" content=\"da_DK\" \/>\n<meta property=\"og:type\" content=\"article\" \/>\n<meta property=\"og:title\" content=\"Montessori 100 Ramme \/ Hundred Board - Woodinout \u00a9 tr\u00e6leget\u00f8j\" \/>\n<meta property=\"og:description\" content=\"Montessori matematik materiale 100 ramme for FUN Learning spil. T\u00e6l - Sort - L\u00e6r - Play - Naturlige h\u00e5ndlavede tr\u00e6leget\u00f8j.\" \/>\n<meta property=\"og:url\" content=\"https:\/\/woodinout.net\/da\/product\/personlig-gave-montessori-100-frame-trae-numre-og-optaelling\/\" \/>\n<meta property=\"og:site_name\" content=\"Woodinout \u00a9\" \/>\n<meta property=\"article:modified_time\" content=\"2022-04-28T08:09:12+00:00\" \/>\n<meta property=\"og:image\" content=\"https:\/\/woodinout.net\/wp-content\/uploads\/2020\/06\/Montessori-100-frame-5.jpg\" \/>\n\t<meta property=\"og:image:width\" content=\"853\" \/>\n\t<meta property=\"og:image:height\" content=\"1280\" \/>\n\t<meta property=\"og:image:type\" content=\"image\/jpeg\" \/>\n<meta name=\"twitter:card\" content=\"summary_large_image\" \/>\n<meta name=\"twitter:label1\" content=\"Estimeret l\u00e6setid\" \/>\n\t<meta name=\"twitter:data1\" content=\"1 minut\" \/>\n<script type=\"application\/ld+json\" class=\"yoast-schema-graph\">{\"@context\":\"https:\/\/schema.org\",\"@graph\":[{\"@type\":\"WebPage\",\"@id\":\"https:\/\/woodinout.net\/da\/product\/personlig-gave-montessori-100-frame-trae-numre-og-optaelling\/\",\"url\":\"https:\/\/woodinout.net\/da\/product\/personlig-gave-montessori-100-frame-trae-numre-og-optaelling\/\",\"name\":\"Montessori 100 Ramme \/ Hundred Board - Woodinout \u00a9 tr\u00e6leget\u00f8j\",\"isPartOf\":{\"@id\":\"https:\/\/woodinout.net\/da\/#website\"},\"datePublished\":\"2020-06-23T18:12:55+00:00\",\"dateModified\":\"2022-04-28T08:09:12+00:00\",\"description\":\"Montessori matematik materiale 100 ramme for FUN Learning spil. T\u00e6l - Sort - L\u00e6r - Play - Naturlige h\u00e5ndlavede tr\u00e6leget\u00f8j.\",\"breadcrumb\":{\"@id\":\"https:\/\/woodinout.net\/da\/product\/personlig-gave-montessori-100-frame-trae-numre-og-optaelling\/#breadcrumb\"},\"inLanguage\":\"da-DK\",\"potentialAction\":[{\"@type\":\"ReadAction\",\"target\":[\"https:\/\/woodinout.net\/da\/product\/personlig-gave-montessori-100-frame-trae-numre-og-optaelling\/\"]}]},{\"@type\":\"BreadcrumbList\",\"@id\":\"https:\/\/woodinout.net\/da\/product\/personlig-gave-montessori-100-frame-trae-numre-og-optaelling\/#breadcrumb\",\"itemListElement\":[{\"@type\":\"ListItem\",\"position\":1,\"name\":\"Home\",\"item\":\"https:\/\/woodinout.net\/da\/\"},{\"@type\":\"ListItem\",\"position\":2,\"name\":\"Shop\",\"item\":\"https:\/\/woodinout.net\/shop\/\"},{\"@type\":\"ListItem\",\"position\":3,\"name\":\"Montessori 100 Ramme \/ Hundred Board\"}]},{\"@type\":\"WebSite\",\"@id\":\"https:\/\/woodinout.net\/da\/#website\",\"url\":\"https:\/\/woodinout.net\/da\/\",\"name\":\"Woodinout \u00a9\",\"description\":\"Wooden Montessori toys, gifts, home and events decor details\",\"potentialAction\":[{\"@type\":\"SearchAction\",\"target\":{\"@type\":\"EntryPoint\",\"urlTemplate\":\"https:\/\/woodinout.net\/da\/?s={search_term_string}\"},\"query-input\":\"required name=search_term_string\"}],\"inLanguage\":\"da-DK\"}]}<\/script>\n<!-- \/ Yoast SEO plugin. -->","yoast_head_json":{"title":"Montessori 100 Ramme \/ Hundred Board - Woodinout \u00a9 tr\u00e6leget\u00f8j","description":"Montessori matematik materiale 100 ramme for FUN Learning spil. T\u00e6l - Sort - L\u00e6r - Play - Naturlige h\u00e5ndlavede tr\u00e6leget\u00f8j.","robots":{"index":"index","follow":"follow","max-snippet":"max-snippet:-1","max-image-preview":"max-image-preview:large","max-video-preview":"max-video-preview:-1"},"canonical":"https:\/\/woodinout.net\/da\/product\/personlig-gave-montessori-100-frame-trae-numre-og-optaelling\/","og_locale":"da_DK","og_type":"article","og_title":"Montessori 100 Ramme \/ Hundred Board - Woodinout \u00a9 tr\u00e6leget\u00f8j","og_description":"Montessori matematik materiale 100 ramme for FUN Learning spil. T\u00e6l - Sort - L\u00e6r - Play - Naturlige h\u00e5ndlavede tr\u00e6leget\u00f8j.","og_url":"https:\/\/woodinout.net\/da\/product\/personlig-gave-montessori-100-frame-trae-numre-og-optaelling\/","og_site_name":"Woodinout \u00a9","article_modified_time":"2022-04-28T08:09:12+00:00","og_image":[{"width":853,"height":1280,"url":"https:\/\/woodinout.net\/wp-content\/uploads\/2020\/06\/Montessori-100-frame-5.jpg","type":"image\/jpeg"}],"twitter_card":"summary_large_image","twitter_misc":{"Estimeret l\u00e6setid":"1 minut"},"schema":{"@context":"https:\/\/schema.org","@graph":[{"@type":"WebPage","@id":"https:\/\/woodinout.net\/da\/product\/personlig-gave-montessori-100-frame-trae-numre-og-optaelling\/","url":"https:\/\/woodinout.net\/da\/product\/personlig-gave-montessori-100-frame-trae-numre-og-optaelling\/","name":"Montessori 100 Ramme \/ Hundred Board - Woodinout \u00a9 tr\u00e6leget\u00f8j","isPartOf":{"@id":"https:\/\/woodinout.net\/da\/#website"},"datePublished":"2020-06-23T18:12:55+00:00","dateModified":"2022-04-28T08:09:12+00:00","description":"Montessori matematik materiale 100 ramme for FUN Learning spil. T\u00e6l - Sort - L\u00e6r - Play - Naturlige h\u00e5ndlavede tr\u00e6leget\u00f8j.","breadcrumb":{"@id":"https:\/\/woodinout.net\/da\/product\/personlig-gave-montessori-100-frame-trae-numre-og-optaelling\/#breadcrumb"},"inLanguage":"da-DK","potentialAction":[{"@type":"ReadAction","target":["https:\/\/woodinout.net\/da\/product\/personlig-gave-montessori-100-frame-trae-numre-og-optaelling\/"]}]},{"@type":"BreadcrumbList","@id":"https:\/\/woodinout.net\/da\/product\/personlig-gave-montessori-100-frame-trae-numre-og-optaelling\/#breadcrumb","itemListElement":[{"@type":"ListItem","position":1,"name":"Home","item":"https:\/\/woodinout.net\/da\/"},{"@type":"ListItem","position":2,"name":"Shop","item":"https:\/\/woodinout.net\/shop\/"},{"@type":"ListItem","position":3,"name":"Montessori 100 Ramme \/ Hundred Board"}]},{"@type":"WebSite","@id":"https:\/\/woodinout.net\/da\/#website","url":"https:\/\/woodinout.net\/da\/","name":"Woodinout \u00a9","description":"Wooden Montessori toys, gifts, home and events decor details","potentialAction":[{"@type":"SearchAction","target":{"@type":"EntryPoint","urlTemplate":"https:\/\/woodinout.net\/da\/?s={search_term_string}"},"query-input":"required name=search_term_string"}],"inLanguage":"da-DK"}]}},"_links":{"self":[{"href":"https:\/\/woodinout.net\/da\/wp-json\/wp\/v2\/product\/21541"}],"collection":[{"href":"https:\/\/woodinout.net\/da\/wp-json\/wp\/v2\/product"}],"about":[{"href":"https:\/\/woodinout.net\/da\/wp-json\/wp\/v2\/types\/product"}],"wp:featuredmedia":[{"embeddable":true,"href":"https:\/\/woodinout.net\/da\/wp-json\/wp\/v2\/media\/17813"}],"wp:attachment":[{"href":"https:\/\/woodinout.net\/da\/wp-json\/wp\/v2\/media?parent=21541"}],"wp:term":[{"taxonomy":"product_cat","embeddable":true,"href":"https:\/\/woodinout.net\/da\/wp-json\/wp\/v2\/product_cat?post=21541"},{"taxonomy":"product_tag","embeddable":true,"href":"https:\/\/woodinout.net\/da\/wp-json\/wp\/v2\/product_tag?post=21541"}],"curies":[{"name":"wp","href":"https:\/\/api.w.org\/{rel}","templated":true}]}}