{"id":21539,"date":"2021-03-19T13:15:22","date_gmt":"2021-03-19T11:15:22","guid":{"rendered":"https:\/\/woodinout.net\/product\/abc-sporing-bord-firkantet\/"},"modified":"2022-04-19T16:06:55","modified_gmt":"2022-04-19T13:06:55","slug":"abc-tracing-board-square","status":"publish","type":"product","link":"https:\/\/woodinout.net\/da\/product\/abc-tracing-board-square\/","title":{"rendered":"ABC sporing bord (firkantet)"},"content":{"rendered":"<p>Alphabet Montessori sporing bord er en smart m\u00e5de at l\u00e6re b\u00f8rn at skrive. L\u00e6ring leget\u00f8j er stadig leget\u00f8j derfor b\u00f8rn har en masse sjov, og de ved ikke engang, at de er ved at l\u00e6re. Waldorf leget\u00f8j er en af de mest popul\u00e6re p\u00e6dagogiske b\u00f8rn gaver til en grund. Regneark med sm\u00e5 sporingsbreve g\u00f8r det nemt og nemt at l\u00e6re at skrive og stave. I stedet for et v\u00e6ld af f\u00f8rskole regneark f\u00e5 en stilfuld alfabet sporing bord af vores. Omhyggeligt h\u00e5ndlavet af massivt tr\u00e6, disse tr\u00e6 bogstaver er ikke kun perfekt l\u00e6ring leget\u00f8j, men ogs\u00e5 stilfulde b\u00f8rn v\u00e6relse indretning. G\u00f8r dette til en personlig gave ved at efterlade en besked til at gravere p\u00e5 bagsiden.<\/p>\n<p>S\u00e6ttet indeholder:<br \/>\nABC brev sporing bord<br \/>\nTr\u00e6pen<\/p>\n<p>Vil forbedre motoriske f\u00e6rdigheder<\/p>\n<p>DIMENSIONER<br \/>\nH\u00f8jde: ~28 cm<br \/>\nL\u00e6ngde: ~24 cm<br \/>\nBoard tykkelse: ~ 0,6 inches (1,5cm)<\/p>\n<p>FARVER OG MATERIALE<br \/>\nBaggrund: brun eller naturlig olieret.<br \/>\nLeget\u00f8j er lavet af naturligt massivt tr\u00e6 og milj\u00f8venlig maling \/ olier.<br \/>\nBem\u00e6rk, at farverne kan variere p\u00e5 grund af indstillinger for computersk\u00e6rm og lettelse.<\/p>\n<p>For flere ideer, f\u00f8lg os p\u00e5 <a href=\"https:\/\/www.instagram.com\/woodinout\/\">INSTAGRAM<\/a> &amp; <a href=\"https:\/\/www.facebook.com\/Woodinout.net\">FACEBOOK<\/a><\/p>\n","protected":false},"excerpt":{"rendered":"<p>Alphabet Montessori sporing bord er en smart m\u00e5de at l\u00e6re b\u00f8rn at skrive. L\u00e6ring leget\u00f8j er stadig leget\u00f8j derfor b\u00f8rn har en masse sjov, og de ved ikke engang, at de er ved at l\u00e6re. Waldorf leget\u00f8j er en af de mest popul\u00e6re p\u00e6dagogiske b\u00f8rn gaver til en grund. Regneark med sm\u00e5 sporingsbreve g\u00f8r det [&hellip;]<\/p>\n","protected":false},"featured_media":19509,"template":"","meta":{"_monsterinsights_skip_tracking":false,"_monsterinsights_sitenote_active":false,"_monsterinsights_sitenote_note":"","_monsterinsights_sitenote_category":0},"product_cat":[1577,1431],"product_tag":[1488,1483,1439,1629,1479,1472,1627,1452,1460,1527,1529,1581],"yoast_head":"<!-- This site is optimized with the Yoast SEO plugin v22.1 - https:\/\/yoast.com\/wordpress\/plugins\/seo\/ -->\n<title>ABC sporing bord (firkantet) - Woodinout \u00a9 Learning leget\u00f8j<\/title>\n<meta name=\"description\" content=\"Sporing alfabet bord - ikke flere papirark. Brug dette tr\u00e6br\u00e6t s\u00e5 mange gange, du vil. Verdensomsp\u00e6ndende forsendelse. H\u00f8jeste premium kvalitet.\" \/>\n<meta name=\"robots\" content=\"index, follow, max-snippet:-1, max-image-preview:large, max-video-preview:-1\" \/>\n<link rel=\"canonical\" href=\"https:\/\/woodinout.net\/da\/product\/abc-tracing-board-square\/\" \/>\n<meta property=\"og:locale\" content=\"da_DK\" \/>\n<meta property=\"og:type\" content=\"article\" \/>\n<meta property=\"og:title\" content=\"ABC sporing bord (firkantet) - Woodinout \u00a9 Learning leget\u00f8j\" \/>\n<meta property=\"og:description\" content=\"Sporing alfabet bord - ikke flere papirark. Brug dette tr\u00e6br\u00e6t s\u00e5 mange gange, du vil. Verdensomsp\u00e6ndende forsendelse. H\u00f8jeste premium kvalitet.\" \/>\n<meta property=\"og:url\" content=\"https:\/\/woodinout.net\/da\/product\/abc-tracing-board-square\/\" \/>\n<meta property=\"og:site_name\" content=\"Woodinout \u00a9\" \/>\n<meta property=\"article:modified_time\" content=\"2022-04-19T13:06:55+00:00\" \/>\n<meta property=\"og:image\" content=\"https:\/\/woodinout.net\/wp-content\/uploads\/2021\/03\/ABC_tracing_board_1-\u2013-kopija.jpg\" \/>\n\t<meta property=\"og:image:width\" content=\"1706\" \/>\n\t<meta property=\"og:image:height\" content=\"2560\" \/>\n\t<meta property=\"og:image:type\" content=\"image\/jpeg\" \/>\n<meta name=\"twitter:card\" content=\"summary_large_image\" \/>\n<meta name=\"twitter:label1\" content=\"Estimeret l\u00e6setid\" \/>\n\t<meta name=\"twitter:data1\" content=\"1 minut\" \/>\n<script type=\"application\/ld+json\" class=\"yoast-schema-graph\">{\"@context\":\"https:\/\/schema.org\",\"@graph\":[{\"@type\":\"WebPage\",\"@id\":\"https:\/\/woodinout.net\/da\/product\/abc-tracing-board-square\/\",\"url\":\"https:\/\/woodinout.net\/da\/product\/abc-tracing-board-square\/\",\"name\":\"ABC sporing bord (firkantet) - Woodinout \u00a9 Learning leget\u00f8j\",\"isPartOf\":{\"@id\":\"https:\/\/woodinout.net\/da\/#website\"},\"datePublished\":\"2021-03-19T11:15:22+00:00\",\"dateModified\":\"2022-04-19T13:06:55+00:00\",\"description\":\"Sporing alfabet bord - ikke flere papirark. Brug dette tr\u00e6br\u00e6t s\u00e5 mange gange, du vil. Verdensomsp\u00e6ndende forsendelse. H\u00f8jeste premium kvalitet.\",\"breadcrumb\":{\"@id\":\"https:\/\/woodinout.net\/da\/product\/abc-tracing-board-square\/#breadcrumb\"},\"inLanguage\":\"da-DK\",\"potentialAction\":[{\"@type\":\"ReadAction\",\"target\":[\"https:\/\/woodinout.net\/da\/product\/abc-tracing-board-square\/\"]}]},{\"@type\":\"BreadcrumbList\",\"@id\":\"https:\/\/woodinout.net\/da\/product\/abc-tracing-board-square\/#breadcrumb\",\"itemListElement\":[{\"@type\":\"ListItem\",\"position\":1,\"name\":\"Home\",\"item\":\"https:\/\/woodinout.net\/da\/\"},{\"@type\":\"ListItem\",\"position\":2,\"name\":\"Shop\",\"item\":\"https:\/\/woodinout.net\/shop\/\"},{\"@type\":\"ListItem\",\"position\":3,\"name\":\"ABC sporing bord (firkantet)\"}]},{\"@type\":\"WebSite\",\"@id\":\"https:\/\/woodinout.net\/da\/#website\",\"url\":\"https:\/\/woodinout.net\/da\/\",\"name\":\"Woodinout \u00a9\",\"description\":\"Wooden Montessori toys, gifts, home and events decor details\",\"potentialAction\":[{\"@type\":\"SearchAction\",\"target\":{\"@type\":\"EntryPoint\",\"urlTemplate\":\"https:\/\/woodinout.net\/da\/?s={search_term_string}\"},\"query-input\":\"required name=search_term_string\"}],\"inLanguage\":\"da-DK\"}]}<\/script>\n<!-- \/ Yoast SEO plugin. -->","yoast_head_json":{"title":"ABC sporing bord (firkantet) - Woodinout \u00a9 Learning leget\u00f8j","description":"Sporing alfabet bord - ikke flere papirark. Brug dette tr\u00e6br\u00e6t s\u00e5 mange gange, du vil. Verdensomsp\u00e6ndende forsendelse. H\u00f8jeste premium kvalitet.","robots":{"index":"index","follow":"follow","max-snippet":"max-snippet:-1","max-image-preview":"max-image-preview:large","max-video-preview":"max-video-preview:-1"},"canonical":"https:\/\/woodinout.net\/da\/product\/abc-tracing-board-square\/","og_locale":"da_DK","og_type":"article","og_title":"ABC sporing bord (firkantet) - Woodinout \u00a9 Learning leget\u00f8j","og_description":"Sporing alfabet bord - ikke flere papirark. Brug dette tr\u00e6br\u00e6t s\u00e5 mange gange, du vil. Verdensomsp\u00e6ndende forsendelse. H\u00f8jeste premium kvalitet.","og_url":"https:\/\/woodinout.net\/da\/product\/abc-tracing-board-square\/","og_site_name":"Woodinout \u00a9","article_modified_time":"2022-04-19T13:06:55+00:00","og_image":[{"width":1706,"height":2560,"url":"https:\/\/woodinout.net\/wp-content\/uploads\/2021\/03\/ABC_tracing_board_1-\u2013-kopija.jpg","type":"image\/jpeg"}],"twitter_card":"summary_large_image","twitter_misc":{"Estimeret l\u00e6setid":"1 minut"},"schema":{"@context":"https:\/\/schema.org","@graph":[{"@type":"WebPage","@id":"https:\/\/woodinout.net\/da\/product\/abc-tracing-board-square\/","url":"https:\/\/woodinout.net\/da\/product\/abc-tracing-board-square\/","name":"ABC sporing bord (firkantet) - Woodinout \u00a9 Learning leget\u00f8j","isPartOf":{"@id":"https:\/\/woodinout.net\/da\/#website"},"datePublished":"2021-03-19T11:15:22+00:00","dateModified":"2022-04-19T13:06:55+00:00","description":"Sporing alfabet bord - ikke flere papirark. Brug dette tr\u00e6br\u00e6t s\u00e5 mange gange, du vil. Verdensomsp\u00e6ndende forsendelse. H\u00f8jeste premium kvalitet.","breadcrumb":{"@id":"https:\/\/woodinout.net\/da\/product\/abc-tracing-board-square\/#breadcrumb"},"inLanguage":"da-DK","potentialAction":[{"@type":"ReadAction","target":["https:\/\/woodinout.net\/da\/product\/abc-tracing-board-square\/"]}]},{"@type":"BreadcrumbList","@id":"https:\/\/woodinout.net\/da\/product\/abc-tracing-board-square\/#breadcrumb","itemListElement":[{"@type":"ListItem","position":1,"name":"Home","item":"https:\/\/woodinout.net\/da\/"},{"@type":"ListItem","position":2,"name":"Shop","item":"https:\/\/woodinout.net\/shop\/"},{"@type":"ListItem","position":3,"name":"ABC sporing bord (firkantet)"}]},{"@type":"WebSite","@id":"https:\/\/woodinout.net\/da\/#website","url":"https:\/\/woodinout.net\/da\/","name":"Woodinout \u00a9","description":"Wooden Montessori toys, gifts, home and events decor details","potentialAction":[{"@type":"SearchAction","target":{"@type":"EntryPoint","urlTemplate":"https:\/\/woodinout.net\/da\/?s={search_term_string}"},"query-input":"required name=search_term_string"}],"inLanguage":"da-DK"}]}},"_links":{"self":[{"href":"https:\/\/woodinout.net\/da\/wp-json\/wp\/v2\/product\/21539"}],"collection":[{"href":"https:\/\/woodinout.net\/da\/wp-json\/wp\/v2\/product"}],"about":[{"href":"https:\/\/woodinout.net\/da\/wp-json\/wp\/v2\/types\/product"}],"wp:featuredmedia":[{"embeddable":true,"href":"https:\/\/woodinout.net\/da\/wp-json\/wp\/v2\/media\/19509"}],"wp:attachment":[{"href":"https:\/\/woodinout.net\/da\/wp-json\/wp\/v2\/media?parent=21539"}],"wp:term":[{"taxonomy":"product_cat","embeddable":true,"href":"https:\/\/woodinout.net\/da\/wp-json\/wp\/v2\/product_cat?post=21539"},{"taxonomy":"product_tag","embeddable":true,"href":"https:\/\/woodinout.net\/da\/wp-json\/wp\/v2\/product_tag?post=21539"}],"curies":[{"name":"wp","href":"https:\/\/api.w.org\/{rel}","templated":true}]}}