{"id":21532,"date":"2020-06-30T23:00:01","date_gmt":"2020-06-30T20:00:01","guid":{"rendered":"https:\/\/woodinout.net\/product\/trae-hammer-legetoej-med-dej-numre\/"},"modified":"2022-04-22T12:28:54","modified_gmt":"2022-04-22T09:28:54","slug":"indgraveret-hammer-med-navn-trae-numre-waldorf-trae-saet","status":"publish","type":"product","link":"https:\/\/woodinout.net\/da\/product\/indgraveret-hammer-med-navn-trae-numre-waldorf-trae-saet\/","title":{"rendered":"Tr\u00e6 hammer leget\u00f8j med dej &amp; numre"},"content":{"rendered":"<p>Dette Waldorf tr\u00e6s\u00e6t, herunder tr\u00e6hammerleget\u00f8j med indgraveret navn &amp; sm\u00e5 tal p\u00e5 stjerner er uden tvivl vores bestseller, n\u00e5r vi taler om drengleget\u00f8j. Sjov m\u00e5de at starte at l\u00e6re tal og t\u00e6lle. L\u00e6ring leget\u00f8j er stadig LEGET\u00d8J til b\u00f8rn. Matematik gaver til b\u00f8rn er altid v\u00e6rdsat af for\u00e6ldre og med personlig hammer vil du vinde hjertet af hver lille dreng! Montessori leget\u00f8j er, hvad vi elsker at g\u00f8re, og vi garanterer dig den bedste oplevelse.<\/p>\n<p>S\u00e6ttet indeholder:<br \/>\nHovedbr\u00e6t med playdough<br \/>\n10 tr\u00e6stjerner med sm\u00e5 tal<br \/>\n12 tr\u00e6propper<br \/>\n1 tr\u00e6hammer<\/p>\n<p>BOARD DIMENSIONER<br \/>\nL\u00e6ngde: ~9 tommer<br \/>\nH\u00f8jde: ~2,4 tommer<br \/>\nTykkelse: ~1,6 tommer<\/p>\n<p>FARVER OG MATERIALE<br \/>\nFarve: naturlig eller brun olieret.<br \/>\nBoard er lavet af naturligt massivt tr\u00e6.<br \/>\nBem\u00e6rk, at farverne kan variere p\u00e5 grund af indstillinger for computersk\u00e6rm og lettelse.<\/p>\n","protected":false},"excerpt":{"rendered":"<p>Dette Waldorf tr\u00e6s\u00e6t, herunder tr\u00e6hammerleget\u00f8j med indgraveret navn &amp; sm\u00e5 tal p\u00e5 stjerner er uden tvivl vores bestseller, n\u00e5r vi taler om drengleget\u00f8j. Sjov m\u00e5de at starte at l\u00e6re tal og t\u00e6lle. L\u00e6ring leget\u00f8j er stadig LEGET\u00d8J til b\u00f8rn. Matematik gaver til b\u00f8rn er altid v\u00e6rdsat af for\u00e6ldre og med personlig hammer vil du vinde [&hellip;]<\/p>\n","protected":false},"featured_media":18301,"template":"","meta":{"_monsterinsights_skip_tracking":false,"_monsterinsights_sitenote_active":false,"_monsterinsights_sitenote_note":"","_monsterinsights_sitenote_category":0},"product_cat":[1431,1647],"product_tag":[1488,1483,2196,2194,1439,1479,1472,1452,1460,2195],"yoast_head":"<!-- This site is optimized with the Yoast SEO plugin v22.1 - https:\/\/yoast.com\/wordpress\/plugins\/seo\/ -->\n<title>Tr\u00e6 hammer leget\u00f8j med dej &amp; numre - Woodinout \u00a9<\/title>\n<meta name=\"description\" content=\"Tr\u00e6 hammer leget\u00f8j med indgraveret navn &amp; bittesm\u00e5 tal p\u00e5 stjerner er uden tvivl vores bestseller, n\u00e5r vi taler om dreng leget\u00f8j.\" \/>\n<meta name=\"robots\" content=\"index, follow, max-snippet:-1, max-image-preview:large, max-video-preview:-1\" \/>\n<link rel=\"canonical\" href=\"https:\/\/woodinout.net\/da\/product\/indgraveret-hammer-med-navn-trae-numre-waldorf-trae-saet\/\" \/>\n<meta property=\"og:locale\" content=\"da_DK\" \/>\n<meta property=\"og:type\" content=\"article\" \/>\n<meta property=\"og:title\" content=\"Tr\u00e6 hammer leget\u00f8j med dej &amp; numre - Woodinout \u00a9\" \/>\n<meta property=\"og:description\" content=\"Tr\u00e6 hammer leget\u00f8j med indgraveret navn &amp; bittesm\u00e5 tal p\u00e5 stjerner er uden tvivl vores bestseller, n\u00e5r vi taler om dreng leget\u00f8j.\" \/>\n<meta property=\"og:url\" content=\"https:\/\/woodinout.net\/da\/product\/indgraveret-hammer-med-navn-trae-numre-waldorf-trae-saet\/\" \/>\n<meta property=\"og:site_name\" content=\"Woodinout \u00a9\" \/>\n<meta property=\"article:modified_time\" content=\"2022-04-22T09:28:54+00:00\" \/>\n<meta property=\"og:image\" content=\"https:\/\/woodinout.net\/wp-content\/uploads\/2020\/06\/Engraved-hammer-with-name-wood-numbers-Waldorf-wood-set-1.jpg\" \/>\n\t<meta property=\"og:image:width\" content=\"853\" \/>\n\t<meta property=\"og:image:height\" content=\"1280\" \/>\n\t<meta property=\"og:image:type\" content=\"image\/jpeg\" \/>\n<meta name=\"twitter:card\" content=\"summary_large_image\" \/>\n<meta name=\"twitter:label1\" content=\"Estimeret l\u00e6setid\" \/>\n\t<meta name=\"twitter:data1\" content=\"1 minut\" \/>\n<script type=\"application\/ld+json\" class=\"yoast-schema-graph\">{\"@context\":\"https:\/\/schema.org\",\"@graph\":[{\"@type\":\"WebPage\",\"@id\":\"https:\/\/woodinout.net\/da\/product\/indgraveret-hammer-med-navn-trae-numre-waldorf-trae-saet\/\",\"url\":\"https:\/\/woodinout.net\/da\/product\/indgraveret-hammer-med-navn-trae-numre-waldorf-trae-saet\/\",\"name\":\"Tr\u00e6 hammer leget\u00f8j med dej &amp; numre - Woodinout \u00a9\",\"isPartOf\":{\"@id\":\"https:\/\/woodinout.net\/da\/#website\"},\"datePublished\":\"2020-06-30T20:00:01+00:00\",\"dateModified\":\"2022-04-22T09:28:54+00:00\",\"description\":\"Tr\u00e6 hammer leget\u00f8j med indgraveret navn & bittesm\u00e5 tal p\u00e5 stjerner er uden tvivl vores bestseller, n\u00e5r vi taler om dreng leget\u00f8j.\",\"breadcrumb\":{\"@id\":\"https:\/\/woodinout.net\/da\/product\/indgraveret-hammer-med-navn-trae-numre-waldorf-trae-saet\/#breadcrumb\"},\"inLanguage\":\"da-DK\",\"potentialAction\":[{\"@type\":\"ReadAction\",\"target\":[\"https:\/\/woodinout.net\/da\/product\/indgraveret-hammer-med-navn-trae-numre-waldorf-trae-saet\/\"]}]},{\"@type\":\"BreadcrumbList\",\"@id\":\"https:\/\/woodinout.net\/da\/product\/indgraveret-hammer-med-navn-trae-numre-waldorf-trae-saet\/#breadcrumb\",\"itemListElement\":[{\"@type\":\"ListItem\",\"position\":1,\"name\":\"Home\",\"item\":\"https:\/\/woodinout.net\/da\/\"},{\"@type\":\"ListItem\",\"position\":2,\"name\":\"Shop\",\"item\":\"https:\/\/woodinout.net\/shop\/\"},{\"@type\":\"ListItem\",\"position\":3,\"name\":\"Tr\u00e6 hammer leget\u00f8j med dej &amp; numre\"}]},{\"@type\":\"WebSite\",\"@id\":\"https:\/\/woodinout.net\/da\/#website\",\"url\":\"https:\/\/woodinout.net\/da\/\",\"name\":\"Woodinout \u00a9\",\"description\":\"Wooden Montessori toys, gifts, home and events decor details\",\"potentialAction\":[{\"@type\":\"SearchAction\",\"target\":{\"@type\":\"EntryPoint\",\"urlTemplate\":\"https:\/\/woodinout.net\/da\/?s={search_term_string}\"},\"query-input\":\"required name=search_term_string\"}],\"inLanguage\":\"da-DK\"}]}<\/script>\n<!-- \/ Yoast SEO plugin. -->","yoast_head_json":{"title":"Tr\u00e6 hammer leget\u00f8j med dej &amp; numre - Woodinout \u00a9","description":"Tr\u00e6 hammer leget\u00f8j med indgraveret navn & bittesm\u00e5 tal p\u00e5 stjerner er uden tvivl vores bestseller, n\u00e5r vi taler om dreng leget\u00f8j.","robots":{"index":"index","follow":"follow","max-snippet":"max-snippet:-1","max-image-preview":"max-image-preview:large","max-video-preview":"max-video-preview:-1"},"canonical":"https:\/\/woodinout.net\/da\/product\/indgraveret-hammer-med-navn-trae-numre-waldorf-trae-saet\/","og_locale":"da_DK","og_type":"article","og_title":"Tr\u00e6 hammer leget\u00f8j med dej &amp; numre - Woodinout \u00a9","og_description":"Tr\u00e6 hammer leget\u00f8j med indgraveret navn & bittesm\u00e5 tal p\u00e5 stjerner er uden tvivl vores bestseller, n\u00e5r vi taler om dreng leget\u00f8j.","og_url":"https:\/\/woodinout.net\/da\/product\/indgraveret-hammer-med-navn-trae-numre-waldorf-trae-saet\/","og_site_name":"Woodinout \u00a9","article_modified_time":"2022-04-22T09:28:54+00:00","og_image":[{"width":853,"height":1280,"url":"https:\/\/woodinout.net\/wp-content\/uploads\/2020\/06\/Engraved-hammer-with-name-wood-numbers-Waldorf-wood-set-1.jpg","type":"image\/jpeg"}],"twitter_card":"summary_large_image","twitter_misc":{"Estimeret l\u00e6setid":"1 minut"},"schema":{"@context":"https:\/\/schema.org","@graph":[{"@type":"WebPage","@id":"https:\/\/woodinout.net\/da\/product\/indgraveret-hammer-med-navn-trae-numre-waldorf-trae-saet\/","url":"https:\/\/woodinout.net\/da\/product\/indgraveret-hammer-med-navn-trae-numre-waldorf-trae-saet\/","name":"Tr\u00e6 hammer leget\u00f8j med dej &amp; numre - Woodinout \u00a9","isPartOf":{"@id":"https:\/\/woodinout.net\/da\/#website"},"datePublished":"2020-06-30T20:00:01+00:00","dateModified":"2022-04-22T09:28:54+00:00","description":"Tr\u00e6 hammer leget\u00f8j med indgraveret navn & bittesm\u00e5 tal p\u00e5 stjerner er uden tvivl vores bestseller, n\u00e5r vi taler om dreng leget\u00f8j.","breadcrumb":{"@id":"https:\/\/woodinout.net\/da\/product\/indgraveret-hammer-med-navn-trae-numre-waldorf-trae-saet\/#breadcrumb"},"inLanguage":"da-DK","potentialAction":[{"@type":"ReadAction","target":["https:\/\/woodinout.net\/da\/product\/indgraveret-hammer-med-navn-trae-numre-waldorf-trae-saet\/"]}]},{"@type":"BreadcrumbList","@id":"https:\/\/woodinout.net\/da\/product\/indgraveret-hammer-med-navn-trae-numre-waldorf-trae-saet\/#breadcrumb","itemListElement":[{"@type":"ListItem","position":1,"name":"Home","item":"https:\/\/woodinout.net\/da\/"},{"@type":"ListItem","position":2,"name":"Shop","item":"https:\/\/woodinout.net\/shop\/"},{"@type":"ListItem","position":3,"name":"Tr\u00e6 hammer leget\u00f8j med dej &amp; numre"}]},{"@type":"WebSite","@id":"https:\/\/woodinout.net\/da\/#website","url":"https:\/\/woodinout.net\/da\/","name":"Woodinout \u00a9","description":"Wooden Montessori toys, gifts, home and events decor details","potentialAction":[{"@type":"SearchAction","target":{"@type":"EntryPoint","urlTemplate":"https:\/\/woodinout.net\/da\/?s={search_term_string}"},"query-input":"required name=search_term_string"}],"inLanguage":"da-DK"}]}},"_links":{"self":[{"href":"https:\/\/woodinout.net\/da\/wp-json\/wp\/v2\/product\/21532"}],"collection":[{"href":"https:\/\/woodinout.net\/da\/wp-json\/wp\/v2\/product"}],"about":[{"href":"https:\/\/woodinout.net\/da\/wp-json\/wp\/v2\/types\/product"}],"wp:featuredmedia":[{"embeddable":true,"href":"https:\/\/woodinout.net\/da\/wp-json\/wp\/v2\/media\/18301"}],"wp:attachment":[{"href":"https:\/\/woodinout.net\/da\/wp-json\/wp\/v2\/media?parent=21532"}],"wp:term":[{"taxonomy":"product_cat","embeddable":true,"href":"https:\/\/woodinout.net\/da\/wp-json\/wp\/v2\/product_cat?post=21532"},{"taxonomy":"product_tag","embeddable":true,"href":"https:\/\/woodinout.net\/da\/wp-json\/wp\/v2\/product_tag?post=21532"}],"curies":[{"name":"wp","href":"https:\/\/api.w.org\/{rel}","templated":true}]}}