{"id":21529,"date":"2021-03-21T21:24:18","date_gmt":"2021-03-21T19:24:18","guid":{"rendered":"https:\/\/woodinout.net\/product\/navn-puslespil-taburet\/"},"modified":"2021-03-21T21:24:18","modified_gmt":"2021-03-21T19:24:18","slug":"navn-puslespil-taburet","status":"publish","type":"product","link":"https:\/\/woodinout.net\/da\/product\/navn-puslespil-taburet\/","title":{"rendered":"Navn puslespil taburet"},"content":{"rendered":"<p>B\u00f8rn kan lide at have deres eget navn taburet. Det bliver meget mere unikt med navnet tilf\u00f8jet. Derfor skabte vi en personlig tr\u00e6stol med navnet puslespil p\u00e5 den. S\u00e5dan aff\u00f8ring er sjov og nyttig. V\u00e6lg dette navn puslespil taburet som et lille barn f\u00f8dselsdagsgave.<\/p>\n<p>HAR DETTE PUSLESPIL TABURET FOR SM\u00c5B\u00d8RN:<\/p>\n<p>Dit barn forbedrer \u00f8jenh\u00e5ndkoordinationen;<br \/>\nDit lille barn vil l\u00e6re at stave hans \/ hendes navn hurtigere;<br \/>\nDit barn vil starte separate breve tidligere;<br \/>\nBarnet vil nyde at spille og l\u00e6re p\u00e5 samme tid;<\/p>\n<p>MERE PERSONLIGE ELEMENTER FINDE <a href=\"https:\/\/woodinout.net\/product-tag\/kids-presents\/\">HER.<\/a><\/p>\n<p>DIMENSIONER<\/p>\n<p>Taburet:<br \/>\nH\u00f8jde &#8211; ~ 8,7 inches, med h\u00e5ndtag ~ 10 inches<br \/>\nL\u00e6ngde &#8211; afh\u00e6nger af antallet af bogstaver<br \/>\nTykkelse &#8211; ~0,3 tommer<br \/>\nDybde af lommen: ~ 0,12 inches<\/p>\n<p>Bogstaver:<br \/>\nH\u00f8jde &#8211; ~ 2,7 inches (Hvis puslespillet ikke passer til 55 cm, vil alle bogstaver blive reduceret proportionalt)<br \/>\nTykkelse &#8211; ~0,25 tommer<br \/>\nBredden afh\u00e6nger af bogstavets form<\/p>\n<p>FARVER OG MATERIALE<\/p>\n<p>Forskellige farver afh\u00e6nger af navnets l\u00e6ngde.<br \/>\nHvis du har specifikke \u00f8nske om farver, bedes du efterlade en note. Tag et kig p\u00e5 farvekortet. Ellers vil vi bruge farver som i billedet.<br \/>\nBem\u00e6rk, at farverne kan variere p\u00e5 grund af indstillinger for computersk\u00e6rm og belysning.<br \/>\nBirkekrydsning i \u00d8sters\u00f8en, milj\u00f8venlig &#8211; ikke giftig &#8211; vandbaseret akrylmaling.<\/p>\n<p>For flere ideer, f\u00f8lg os p\u00e5 <a href=\"https:\/\/www.instagram.com\/woodinout\/\">INSTAGRAM<\/a> &amp; <a href=\"https:\/\/www.facebook.com\/Woodinout.net\">FACEBOOK<\/a><\/p>\n","protected":false},"excerpt":{"rendered":"<p>B\u00f8rn kan lide at have deres eget navn taburet. Det bliver meget mere unikt med navnet tilf\u00f8jet. Derfor skabte vi en personlig tr\u00e6stol med navnet puslespil p\u00e5 den. S\u00e5dan aff\u00f8ring er sjov og nyttig. V\u00e6lg dette navn puslespil taburet som et lille barn f\u00f8dselsdagsgave. HAR DETTE PUSLESPIL TABURET FOR SM\u00c5B\u00d8RN: Dit barn forbedrer \u00f8jenh\u00e5ndkoordinationen; Dit [&hellip;]<\/p>\n","protected":false},"featured_media":20277,"template":"","meta":{"_monsterinsights_skip_tracking":false,"_monsterinsights_sitenote_active":false,"_monsterinsights_sitenote_note":"","_monsterinsights_sitenote_category":0},"product_cat":[1448,1443,1431],"product_tag":[1674,1534,1488,1483,1537,1439,1535,1479,1472,1531,1452,1460,1527,1529,1499,2184],"yoast_head":"<!-- This site is optimized with the Yoast SEO plugin v22.1 - https:\/\/yoast.com\/wordpress\/plugins\/seo\/ -->\n<title>Navn puslespil taburet - Woodinout \u00a9 Montessori leget\u00f8j butik<\/title>\n<meta name=\"description\" content=\"Perfekt b\u00f8rn gave - Montessori inspireret Custom navn puslespil taburet. H\u00e5ndlavet, milj\u00f8venlig, sikker til baby og sm\u00e5b\u00f8rn. Lavet af massivt tr\u00e6.\" \/>\n<meta name=\"robots\" content=\"index, follow, max-snippet:-1, max-image-preview:large, max-video-preview:-1\" \/>\n<link rel=\"canonical\" href=\"https:\/\/woodinout.net\/da\/product\/navn-puslespil-taburet\/\" \/>\n<meta property=\"og:locale\" content=\"da_DK\" \/>\n<meta property=\"og:type\" content=\"article\" \/>\n<meta property=\"og:title\" content=\"Navn puslespil taburet - Woodinout \u00a9 Montessori leget\u00f8j butik\" \/>\n<meta property=\"og:description\" content=\"Perfekt b\u00f8rn gave - Montessori inspireret Custom navn puslespil taburet. H\u00e5ndlavet, milj\u00f8venlig, sikker til baby og sm\u00e5b\u00f8rn. Lavet af massivt tr\u00e6.\" \/>\n<meta property=\"og:url\" content=\"https:\/\/woodinout.net\/da\/product\/navn-puslespil-taburet\/\" \/>\n<meta property=\"og:site_name\" content=\"Woodinout \u00a9\" \/>\n<meta property=\"og:image\" content=\"https:\/\/woodinout.net\/wp-content\/uploads\/2021\/03\/Name_puzzle_stool_2.jpg\" \/>\n\t<meta property=\"og:image:width\" content=\"1706\" \/>\n\t<meta property=\"og:image:height\" content=\"2560\" \/>\n\t<meta property=\"og:image:type\" content=\"image\/jpeg\" \/>\n<meta name=\"twitter:card\" content=\"summary_large_image\" \/>\n<meta name=\"twitter:label1\" content=\"Estimeret l\u00e6setid\" \/>\n\t<meta name=\"twitter:data1\" content=\"1 minut\" \/>\n<script type=\"application\/ld+json\" class=\"yoast-schema-graph\">{\"@context\":\"https:\/\/schema.org\",\"@graph\":[{\"@type\":\"WebPage\",\"@id\":\"https:\/\/woodinout.net\/da\/product\/navn-puslespil-taburet\/\",\"url\":\"https:\/\/woodinout.net\/da\/product\/navn-puslespil-taburet\/\",\"name\":\"Navn puslespil taburet - Woodinout \u00a9 Montessori leget\u00f8j butik\",\"isPartOf\":{\"@id\":\"https:\/\/woodinout.net\/da\/#website\"},\"datePublished\":\"2021-03-21T19:24:18+00:00\",\"dateModified\":\"2021-03-21T19:24:18+00:00\",\"description\":\"Perfekt b\u00f8rn gave - Montessori inspireret Custom navn puslespil taburet. H\u00e5ndlavet, milj\u00f8venlig, sikker til baby og sm\u00e5b\u00f8rn. Lavet af massivt tr\u00e6.\",\"breadcrumb\":{\"@id\":\"https:\/\/woodinout.net\/da\/product\/navn-puslespil-taburet\/#breadcrumb\"},\"inLanguage\":\"da-DK\",\"potentialAction\":[{\"@type\":\"ReadAction\",\"target\":[\"https:\/\/woodinout.net\/da\/product\/navn-puslespil-taburet\/\"]}]},{\"@type\":\"BreadcrumbList\",\"@id\":\"https:\/\/woodinout.net\/da\/product\/navn-puslespil-taburet\/#breadcrumb\",\"itemListElement\":[{\"@type\":\"ListItem\",\"position\":1,\"name\":\"Home\",\"item\":\"https:\/\/woodinout.net\/da\/\"},{\"@type\":\"ListItem\",\"position\":2,\"name\":\"Shop\",\"item\":\"https:\/\/woodinout.net\/shop\/\"},{\"@type\":\"ListItem\",\"position\":3,\"name\":\"Navn puslespil taburet\"}]},{\"@type\":\"WebSite\",\"@id\":\"https:\/\/woodinout.net\/da\/#website\",\"url\":\"https:\/\/woodinout.net\/da\/\",\"name\":\"Woodinout \u00a9\",\"description\":\"Wooden Montessori toys, gifts, home and events decor details\",\"potentialAction\":[{\"@type\":\"SearchAction\",\"target\":{\"@type\":\"EntryPoint\",\"urlTemplate\":\"https:\/\/woodinout.net\/da\/?s={search_term_string}\"},\"query-input\":\"required name=search_term_string\"}],\"inLanguage\":\"da-DK\"}]}<\/script>\n<!-- \/ Yoast SEO plugin. -->","yoast_head_json":{"title":"Navn puslespil taburet - Woodinout \u00a9 Montessori leget\u00f8j butik","description":"Perfekt b\u00f8rn gave - Montessori inspireret Custom navn puslespil taburet. H\u00e5ndlavet, milj\u00f8venlig, sikker til baby og sm\u00e5b\u00f8rn. Lavet af massivt tr\u00e6.","robots":{"index":"index","follow":"follow","max-snippet":"max-snippet:-1","max-image-preview":"max-image-preview:large","max-video-preview":"max-video-preview:-1"},"canonical":"https:\/\/woodinout.net\/da\/product\/navn-puslespil-taburet\/","og_locale":"da_DK","og_type":"article","og_title":"Navn puslespil taburet - Woodinout \u00a9 Montessori leget\u00f8j butik","og_description":"Perfekt b\u00f8rn gave - Montessori inspireret Custom navn puslespil taburet. H\u00e5ndlavet, milj\u00f8venlig, sikker til baby og sm\u00e5b\u00f8rn. Lavet af massivt tr\u00e6.","og_url":"https:\/\/woodinout.net\/da\/product\/navn-puslespil-taburet\/","og_site_name":"Woodinout \u00a9","og_image":[{"width":1706,"height":2560,"url":"https:\/\/woodinout.net\/wp-content\/uploads\/2021\/03\/Name_puzzle_stool_2.jpg","type":"image\/jpeg"}],"twitter_card":"summary_large_image","twitter_misc":{"Estimeret l\u00e6setid":"1 minut"},"schema":{"@context":"https:\/\/schema.org","@graph":[{"@type":"WebPage","@id":"https:\/\/woodinout.net\/da\/product\/navn-puslespil-taburet\/","url":"https:\/\/woodinout.net\/da\/product\/navn-puslespil-taburet\/","name":"Navn puslespil taburet - Woodinout \u00a9 Montessori leget\u00f8j butik","isPartOf":{"@id":"https:\/\/woodinout.net\/da\/#website"},"datePublished":"2021-03-21T19:24:18+00:00","dateModified":"2021-03-21T19:24:18+00:00","description":"Perfekt b\u00f8rn gave - Montessori inspireret Custom navn puslespil taburet. H\u00e5ndlavet, milj\u00f8venlig, sikker til baby og sm\u00e5b\u00f8rn. Lavet af massivt tr\u00e6.","breadcrumb":{"@id":"https:\/\/woodinout.net\/da\/product\/navn-puslespil-taburet\/#breadcrumb"},"inLanguage":"da-DK","potentialAction":[{"@type":"ReadAction","target":["https:\/\/woodinout.net\/da\/product\/navn-puslespil-taburet\/"]}]},{"@type":"BreadcrumbList","@id":"https:\/\/woodinout.net\/da\/product\/navn-puslespil-taburet\/#breadcrumb","itemListElement":[{"@type":"ListItem","position":1,"name":"Home","item":"https:\/\/woodinout.net\/da\/"},{"@type":"ListItem","position":2,"name":"Shop","item":"https:\/\/woodinout.net\/shop\/"},{"@type":"ListItem","position":3,"name":"Navn puslespil taburet"}]},{"@type":"WebSite","@id":"https:\/\/woodinout.net\/da\/#website","url":"https:\/\/woodinout.net\/da\/","name":"Woodinout \u00a9","description":"Wooden Montessori toys, gifts, home and events decor details","potentialAction":[{"@type":"SearchAction","target":{"@type":"EntryPoint","urlTemplate":"https:\/\/woodinout.net\/da\/?s={search_term_string}"},"query-input":"required name=search_term_string"}],"inLanguage":"da-DK"}]}},"_links":{"self":[{"href":"https:\/\/woodinout.net\/da\/wp-json\/wp\/v2\/product\/21529"}],"collection":[{"href":"https:\/\/woodinout.net\/da\/wp-json\/wp\/v2\/product"}],"about":[{"href":"https:\/\/woodinout.net\/da\/wp-json\/wp\/v2\/types\/product"}],"wp:featuredmedia":[{"embeddable":true,"href":"https:\/\/woodinout.net\/da\/wp-json\/wp\/v2\/media\/20277"}],"wp:attachment":[{"href":"https:\/\/woodinout.net\/da\/wp-json\/wp\/v2\/media?parent=21529"}],"wp:term":[{"taxonomy":"product_cat","embeddable":true,"href":"https:\/\/woodinout.net\/da\/wp-json\/wp\/v2\/product_cat?post=21529"},{"taxonomy":"product_tag","embeddable":true,"href":"https:\/\/woodinout.net\/da\/wp-json\/wp\/v2\/product_tag?post=21529"}],"curies":[{"name":"wp","href":"https:\/\/api.w.org\/{rel}","templated":true}]}}