{"id":21522,"date":"2021-03-21T15:13:55","date_gmt":"2021-03-21T13:13:55","guid":{"rendered":"https:\/\/woodinout.net\/product\/geoboard-med-kortholder\/"},"modified":"2022-04-19T16:37:57","modified_gmt":"2022-04-19T13:37:57","slug":"geoboard-med-kort-holder","status":"publish","type":"product","link":"https:\/\/woodinout.net\/da\/product\/geoboard-med-kort-holder\/","title":{"rendered":"Geoboard med kortholder"},"content":{"rendered":"<p>Tr\u00e6 firkantet geoboard med kortholder er en af unikke Montessori inspireret leget\u00f8j. Pl\u00f8kker er adskilt i denne, derfor kan du tilf\u00f8je dem p\u00e5 peg bord, som du vil, og s\u00e5 meget som du \u00f8nsker. Kortholderen er universel, skal du blot udskrive og s\u00e6tte dine egne billeder der. H\u00e5ndlavet af massivt tr\u00e6 er dette geoboard b\u00e6redygtigt, naturligt og milj\u00f8venligt leget\u00f8j sikkert for b\u00f8rn i alle aldre. Brug det enten som b\u00f8rn f\u00f8rskole geometri learning board. Eller et af dine legeterapileget\u00f8j til beroligende oplevelse. Simpelthen som p\u00e6dagogisk og udviklingsm\u00e6ssigt hver dag legeredskab.<\/p>\n<p>Forbedre kreativitet og fantasi &#8211; b\u00f8rn kan bruge timer p\u00e5 denne gratis leg.<br \/>\nUdvikle finmotorik (\u00f8jenh\u00e5nd koordinering).<br \/>\nL\u00e6r geometri og probleml\u00f8sning med opgavekort inkluderet.<\/p>\n<p>Main Kit indeholder af:<br \/>\nTr\u00e6 pind bord<br \/>\n50 stk. Pl\u00f8kker<br \/>\n3 stk. af 59in ledning (150cm)<br \/>\nEkstra kort:<br \/>\n20 stk. Figurkort<\/p>\n<p>Du kan ogs\u00e5 f\u00f8je til din indk\u00f8bskurv:<br \/>\n<a href=\"https:\/\/woodinout.net\/product\/pegs-for-geoboard\/\">Yderligere pl\u00f8kker<\/a><br \/>\n<a href=\"https:\/\/woodinout.net\/product\/colorful-rubber-bands\/\">Elastikker<\/a><\/p>\n<p>DIMENSIONER<br \/>\nH\u00f8jde: 27 cm<br \/>\nL\u00e6ngde: 25 cm<br \/>\nTykkelse: 1,7 cm<\/p>\n<p>FARVER OG MATERIALE<br \/>\nFarve: naturligt tr\u00e6 eller brun olieret.<br \/>\nLeget\u00f8jet er lavet af naturligt massivt tr\u00e6 og krydsfiner.<br \/>\nBem\u00e6rk, at farverne kan variere p\u00e5 grund af indstillinger for computersk\u00e6rm og lettelse.<\/p>\n<p>Find flere tr\u00e6id\u00e9er p\u00e5 vores <a href=\"https:\/\/www.pinterest.com\/Woodinoutnet\/_created\/\">PINTEREST.<\/a><\/p>\n","protected":false},"excerpt":{"rendered":"<p>Tr\u00e6 firkantet geoboard med kortholder er en af unikke Montessori inspireret leget\u00f8j. Pl\u00f8kker er adskilt i denne, derfor kan du tilf\u00f8je dem p\u00e5 peg bord, som du vil, og s\u00e5 meget som du \u00f8nsker. Kortholderen er universel, skal du blot udskrive og s\u00e6tte dine egne billeder der. H\u00e5ndlavet af massivt tr\u00e6 er dette geoboard b\u00e6redygtigt, [&hellip;]<\/p>\n","protected":false},"featured_media":20029,"template":"","meta":{"_monsterinsights_skip_tracking":false,"_monsterinsights_sitenote_active":false,"_monsterinsights_sitenote_note":"","_monsterinsights_sitenote_category":0},"product_cat":[1463,1431],"product_tag":[1488,1483,1515,1510,1522,1439,1479,1472,1452,1460],"yoast_head":"<!-- This site is optimized with the Yoast SEO plugin v22.1 - https:\/\/yoast.com\/wordpress\/plugins\/seo\/ -->\n<title>Geoboard med kortholder - Woodinout \u00a9 Montessori leget\u00f8j<\/title>\n<meta name=\"description\" content=\"Naturligt tr\u00e6leget\u00f8j er bedst til fantasifuld og kreativ leg. Montessori inspireret Geoboard er netop det! B\u00f8rn l\u00e6rer p\u00e5 en sjov m\u00e5de.\" \/>\n<meta name=\"robots\" content=\"index, follow, max-snippet:-1, max-image-preview:large, max-video-preview:-1\" \/>\n<link rel=\"canonical\" href=\"https:\/\/woodinout.net\/da\/product\/geoboard-med-kort-holder\/\" \/>\n<meta property=\"og:locale\" content=\"da_DK\" \/>\n<meta property=\"og:type\" content=\"article\" \/>\n<meta property=\"og:title\" content=\"Geoboard med kortholder - Woodinout \u00a9 Montessori leget\u00f8j\" \/>\n<meta property=\"og:description\" content=\"Naturligt tr\u00e6leget\u00f8j er bedst til fantasifuld og kreativ leg. Montessori inspireret Geoboard er netop det! B\u00f8rn l\u00e6rer p\u00e5 en sjov m\u00e5de.\" \/>\n<meta property=\"og:url\" content=\"https:\/\/woodinout.net\/da\/product\/geoboard-med-kort-holder\/\" \/>\n<meta property=\"og:site_name\" content=\"Woodinout \u00a9\" \/>\n<meta property=\"article:modified_time\" content=\"2022-04-19T13:37:57+00:00\" \/>\n<meta property=\"og:image\" content=\"https:\/\/woodinout.net\/wp-content\/uploads\/2021\/03\/Pegs_board_with_cards_holder_3.jpg\" \/>\n\t<meta property=\"og:image:width\" content=\"1706\" \/>\n\t<meta property=\"og:image:height\" content=\"2560\" \/>\n\t<meta property=\"og:image:type\" content=\"image\/jpeg\" \/>\n<meta name=\"twitter:card\" content=\"summary_large_image\" \/>\n<meta name=\"twitter:label1\" content=\"Estimeret l\u00e6setid\" \/>\n\t<meta name=\"twitter:data1\" content=\"1 minut\" \/>\n<script type=\"application\/ld+json\" class=\"yoast-schema-graph\">{\"@context\":\"https:\/\/schema.org\",\"@graph\":[{\"@type\":\"WebPage\",\"@id\":\"https:\/\/woodinout.net\/da\/product\/geoboard-med-kort-holder\/\",\"url\":\"https:\/\/woodinout.net\/da\/product\/geoboard-med-kort-holder\/\",\"name\":\"Geoboard med kortholder - Woodinout \u00a9 Montessori leget\u00f8j\",\"isPartOf\":{\"@id\":\"https:\/\/woodinout.net\/da\/#website\"},\"datePublished\":\"2021-03-21T13:13:55+00:00\",\"dateModified\":\"2022-04-19T13:37:57+00:00\",\"description\":\"Naturligt tr\u00e6leget\u00f8j er bedst til fantasifuld og kreativ leg. Montessori inspireret Geoboard er netop det! B\u00f8rn l\u00e6rer p\u00e5 en sjov m\u00e5de.\",\"breadcrumb\":{\"@id\":\"https:\/\/woodinout.net\/da\/product\/geoboard-med-kort-holder\/#breadcrumb\"},\"inLanguage\":\"da-DK\",\"potentialAction\":[{\"@type\":\"ReadAction\",\"target\":[\"https:\/\/woodinout.net\/da\/product\/geoboard-med-kort-holder\/\"]}]},{\"@type\":\"BreadcrumbList\",\"@id\":\"https:\/\/woodinout.net\/da\/product\/geoboard-med-kort-holder\/#breadcrumb\",\"itemListElement\":[{\"@type\":\"ListItem\",\"position\":1,\"name\":\"Home\",\"item\":\"https:\/\/woodinout.net\/da\/\"},{\"@type\":\"ListItem\",\"position\":2,\"name\":\"Shop\",\"item\":\"https:\/\/woodinout.net\/shop\/\"},{\"@type\":\"ListItem\",\"position\":3,\"name\":\"Geoboard med kortholder\"}]},{\"@type\":\"WebSite\",\"@id\":\"https:\/\/woodinout.net\/da\/#website\",\"url\":\"https:\/\/woodinout.net\/da\/\",\"name\":\"Woodinout \u00a9\",\"description\":\"Wooden Montessori toys, gifts, home and events decor details\",\"potentialAction\":[{\"@type\":\"SearchAction\",\"target\":{\"@type\":\"EntryPoint\",\"urlTemplate\":\"https:\/\/woodinout.net\/da\/?s={search_term_string}\"},\"query-input\":\"required name=search_term_string\"}],\"inLanguage\":\"da-DK\"}]}<\/script>\n<!-- \/ Yoast SEO plugin. -->","yoast_head_json":{"title":"Geoboard med kortholder - Woodinout \u00a9 Montessori leget\u00f8j","description":"Naturligt tr\u00e6leget\u00f8j er bedst til fantasifuld og kreativ leg. Montessori inspireret Geoboard er netop det! B\u00f8rn l\u00e6rer p\u00e5 en sjov m\u00e5de.","robots":{"index":"index","follow":"follow","max-snippet":"max-snippet:-1","max-image-preview":"max-image-preview:large","max-video-preview":"max-video-preview:-1"},"canonical":"https:\/\/woodinout.net\/da\/product\/geoboard-med-kort-holder\/","og_locale":"da_DK","og_type":"article","og_title":"Geoboard med kortholder - Woodinout \u00a9 Montessori leget\u00f8j","og_description":"Naturligt tr\u00e6leget\u00f8j er bedst til fantasifuld og kreativ leg. Montessori inspireret Geoboard er netop det! B\u00f8rn l\u00e6rer p\u00e5 en sjov m\u00e5de.","og_url":"https:\/\/woodinout.net\/da\/product\/geoboard-med-kort-holder\/","og_site_name":"Woodinout \u00a9","article_modified_time":"2022-04-19T13:37:57+00:00","og_image":[{"width":1706,"height":2560,"url":"https:\/\/woodinout.net\/wp-content\/uploads\/2021\/03\/Pegs_board_with_cards_holder_3.jpg","type":"image\/jpeg"}],"twitter_card":"summary_large_image","twitter_misc":{"Estimeret l\u00e6setid":"1 minut"},"schema":{"@context":"https:\/\/schema.org","@graph":[{"@type":"WebPage","@id":"https:\/\/woodinout.net\/da\/product\/geoboard-med-kort-holder\/","url":"https:\/\/woodinout.net\/da\/product\/geoboard-med-kort-holder\/","name":"Geoboard med kortholder - Woodinout \u00a9 Montessori leget\u00f8j","isPartOf":{"@id":"https:\/\/woodinout.net\/da\/#website"},"datePublished":"2021-03-21T13:13:55+00:00","dateModified":"2022-04-19T13:37:57+00:00","description":"Naturligt tr\u00e6leget\u00f8j er bedst til fantasifuld og kreativ leg. Montessori inspireret Geoboard er netop det! B\u00f8rn l\u00e6rer p\u00e5 en sjov m\u00e5de.","breadcrumb":{"@id":"https:\/\/woodinout.net\/da\/product\/geoboard-med-kort-holder\/#breadcrumb"},"inLanguage":"da-DK","potentialAction":[{"@type":"ReadAction","target":["https:\/\/woodinout.net\/da\/product\/geoboard-med-kort-holder\/"]}]},{"@type":"BreadcrumbList","@id":"https:\/\/woodinout.net\/da\/product\/geoboard-med-kort-holder\/#breadcrumb","itemListElement":[{"@type":"ListItem","position":1,"name":"Home","item":"https:\/\/woodinout.net\/da\/"},{"@type":"ListItem","position":2,"name":"Shop","item":"https:\/\/woodinout.net\/shop\/"},{"@type":"ListItem","position":3,"name":"Geoboard med kortholder"}]},{"@type":"WebSite","@id":"https:\/\/woodinout.net\/da\/#website","url":"https:\/\/woodinout.net\/da\/","name":"Woodinout \u00a9","description":"Wooden Montessori toys, gifts, home and events decor details","potentialAction":[{"@type":"SearchAction","target":{"@type":"EntryPoint","urlTemplate":"https:\/\/woodinout.net\/da\/?s={search_term_string}"},"query-input":"required name=search_term_string"}],"inLanguage":"da-DK"}]}},"_links":{"self":[{"href":"https:\/\/woodinout.net\/da\/wp-json\/wp\/v2\/product\/21522"}],"collection":[{"href":"https:\/\/woodinout.net\/da\/wp-json\/wp\/v2\/product"}],"about":[{"href":"https:\/\/woodinout.net\/da\/wp-json\/wp\/v2\/types\/product"}],"wp:featuredmedia":[{"embeddable":true,"href":"https:\/\/woodinout.net\/da\/wp-json\/wp\/v2\/media\/20029"}],"wp:attachment":[{"href":"https:\/\/woodinout.net\/da\/wp-json\/wp\/v2\/media?parent=21522"}],"wp:term":[{"taxonomy":"product_cat","embeddable":true,"href":"https:\/\/woodinout.net\/da\/wp-json\/wp\/v2\/product_cat?post=21522"},{"taxonomy":"product_tag","embeddable":true,"href":"https:\/\/woodinout.net\/da\/wp-json\/wp\/v2\/product_tag?post=21522"}],"curies":[{"name":"wp","href":"https:\/\/api.w.org\/{rel}","templated":true}]}}