{"id":21520,"date":"2021-03-21T21:32:28","date_gmt":"2021-03-21T19:32:28","guid":{"rendered":"https:\/\/woodinout.net\/product\/kort-staar\/"},"modified":"2022-04-19T16:20:35","modified_gmt":"2022-04-19T13:20:35","slug":"kort-stand","status":"publish","type":"product","link":"https:\/\/woodinout.net\/da\/product\/kort-stand\/","title":{"rendered":"Kort st\u00e5r"},"content":{"rendered":"<p>Kort i massivt tr\u00e6 st\u00e5r. Denne krydsfiner kort display indehaveren er skabt som supplement til Montessori t\u00e6lle, numre og andre l\u00e6ring leget\u00f8j af Woodinout. Du kan bruge det med forskellige vores h\u00e5ndlavede eller andre l\u00e6ringsressourcer, du ejer. Placer tal, bogstaver, farver, geoboard skema kort eller andre, du kunne t\u00e6nke p\u00e5!<\/p>\n<p>DIMENSIONER<br \/>\nH\u00f8jde: ~4 cm<br \/>\nL\u00e6ngde: ~12,5 cm<br \/>\nTykkelse: ~1,7 cm<\/p>\n<p>FARVER OG MATERIALE<br \/>\nFarve: naturtr\u00e6<br \/>\nLeget\u00f8jet er lavet af naturligt massivt tr\u00e6.<br \/>\nBem\u00e6rk, at farverne kan variere p\u00e5 grund af indstillinger for computersk\u00e6rm og lettelse.<\/p>\n","protected":false},"excerpt":{"rendered":"<p>Kort i massivt tr\u00e6 st\u00e5r. Denne krydsfiner kort display indehaveren er skabt som supplement til Montessori t\u00e6lle, numre og andre l\u00e6ring leget\u00f8j af Woodinout. Du kan bruge det med forskellige vores h\u00e5ndlavede eller andre l\u00e6ringsressourcer, du ejer. Placer tal, bogstaver, farver, geoboard skema kort eller andre, du kunne t\u00e6nke p\u00e5! DIMENSIONER H\u00f8jde: ~4 cm L\u00e6ngde: [&hellip;]<\/p>\n","protected":false},"featured_media":20293,"template":"","meta":{"_monsterinsights_skip_tracking":false,"_monsterinsights_sitenote_active":false,"_monsterinsights_sitenote_note":"","_monsterinsights_sitenote_category":0},"product_cat":[1463,1651,1431,1647],"product_tag":[1488,1483,1479,1452,1460],"yoast_head":"<!-- This site is optimized with the Yoast SEO plugin v22.1 - https:\/\/yoast.com\/wordpress\/plugins\/seo\/ -->\n<title>Kort st\u00e5r - Woodinout \u00a9 Montessori leget\u00f8j SHOP<\/title>\n<meta name=\"description\" content=\"Perfekt ud over din Montessori homeschool - kortholder stand. Naturlig, milj\u00f8venlig og stilfuld for minimal livsstil.\" \/>\n<meta name=\"robots\" content=\"index, follow, max-snippet:-1, max-image-preview:large, max-video-preview:-1\" \/>\n<link rel=\"canonical\" href=\"https:\/\/woodinout.net\/da\/product\/kort-stand\/\" \/>\n<meta property=\"og:locale\" content=\"da_DK\" \/>\n<meta property=\"og:type\" content=\"article\" \/>\n<meta property=\"og:title\" content=\"Kort st\u00e5r - Woodinout \u00a9 Montessori leget\u00f8j SHOP\" \/>\n<meta property=\"og:description\" content=\"Perfekt ud over din Montessori homeschool - kortholder stand. Naturlig, milj\u00f8venlig og stilfuld for minimal livsstil.\" \/>\n<meta property=\"og:url\" content=\"https:\/\/woodinout.net\/da\/product\/kort-stand\/\" \/>\n<meta property=\"og:site_name\" content=\"Woodinout \u00a9\" \/>\n<meta property=\"article:modified_time\" content=\"2022-04-19T13:20:35+00:00\" \/>\n<meta property=\"og:image\" content=\"https:\/\/woodinout.net\/wp-content\/uploads\/2021\/03\/Cards_stand.jpg\" \/>\n\t<meta property=\"og:image:width\" content=\"1706\" \/>\n\t<meta property=\"og:image:height\" content=\"2560\" \/>\n\t<meta property=\"og:image:type\" content=\"image\/jpeg\" \/>\n<meta name=\"twitter:card\" content=\"summary_large_image\" \/>\n<script type=\"application\/ld+json\" class=\"yoast-schema-graph\">{\"@context\":\"https:\/\/schema.org\",\"@graph\":[{\"@type\":\"WebPage\",\"@id\":\"https:\/\/woodinout.net\/da\/product\/kort-stand\/\",\"url\":\"https:\/\/woodinout.net\/da\/product\/kort-stand\/\",\"name\":\"Kort st\u00e5r - Woodinout \u00a9 Montessori leget\u00f8j SHOP\",\"isPartOf\":{\"@id\":\"https:\/\/woodinout.net\/da\/#website\"},\"datePublished\":\"2021-03-21T19:32:28+00:00\",\"dateModified\":\"2022-04-19T13:20:35+00:00\",\"description\":\"Perfekt ud over din Montessori homeschool - kortholder stand. Naturlig, milj\u00f8venlig og stilfuld for minimal livsstil.\",\"breadcrumb\":{\"@id\":\"https:\/\/woodinout.net\/da\/product\/kort-stand\/#breadcrumb\"},\"inLanguage\":\"da-DK\",\"potentialAction\":[{\"@type\":\"ReadAction\",\"target\":[\"https:\/\/woodinout.net\/da\/product\/kort-stand\/\"]}]},{\"@type\":\"BreadcrumbList\",\"@id\":\"https:\/\/woodinout.net\/da\/product\/kort-stand\/#breadcrumb\",\"itemListElement\":[{\"@type\":\"ListItem\",\"position\":1,\"name\":\"Home\",\"item\":\"https:\/\/woodinout.net\/da\/\"},{\"@type\":\"ListItem\",\"position\":2,\"name\":\"Shop\",\"item\":\"https:\/\/woodinout.net\/shop\/\"},{\"@type\":\"ListItem\",\"position\":3,\"name\":\"Kort st\u00e5r\"}]},{\"@type\":\"WebSite\",\"@id\":\"https:\/\/woodinout.net\/da\/#website\",\"url\":\"https:\/\/woodinout.net\/da\/\",\"name\":\"Woodinout \u00a9\",\"description\":\"Wooden Montessori toys, gifts, home and events decor details\",\"potentialAction\":[{\"@type\":\"SearchAction\",\"target\":{\"@type\":\"EntryPoint\",\"urlTemplate\":\"https:\/\/woodinout.net\/da\/?s={search_term_string}\"},\"query-input\":\"required name=search_term_string\"}],\"inLanguage\":\"da-DK\"}]}<\/script>\n<!-- \/ Yoast SEO plugin. -->","yoast_head_json":{"title":"Kort st\u00e5r - Woodinout \u00a9 Montessori leget\u00f8j SHOP","description":"Perfekt ud over din Montessori homeschool - kortholder stand. Naturlig, milj\u00f8venlig og stilfuld for minimal livsstil.","robots":{"index":"index","follow":"follow","max-snippet":"max-snippet:-1","max-image-preview":"max-image-preview:large","max-video-preview":"max-video-preview:-1"},"canonical":"https:\/\/woodinout.net\/da\/product\/kort-stand\/","og_locale":"da_DK","og_type":"article","og_title":"Kort st\u00e5r - Woodinout \u00a9 Montessori leget\u00f8j SHOP","og_description":"Perfekt ud over din Montessori homeschool - kortholder stand. Naturlig, milj\u00f8venlig og stilfuld for minimal livsstil.","og_url":"https:\/\/woodinout.net\/da\/product\/kort-stand\/","og_site_name":"Woodinout \u00a9","article_modified_time":"2022-04-19T13:20:35+00:00","og_image":[{"width":1706,"height":2560,"url":"https:\/\/woodinout.net\/wp-content\/uploads\/2021\/03\/Cards_stand.jpg","type":"image\/jpeg"}],"twitter_card":"summary_large_image","schema":{"@context":"https:\/\/schema.org","@graph":[{"@type":"WebPage","@id":"https:\/\/woodinout.net\/da\/product\/kort-stand\/","url":"https:\/\/woodinout.net\/da\/product\/kort-stand\/","name":"Kort st\u00e5r - Woodinout \u00a9 Montessori leget\u00f8j SHOP","isPartOf":{"@id":"https:\/\/woodinout.net\/da\/#website"},"datePublished":"2021-03-21T19:32:28+00:00","dateModified":"2022-04-19T13:20:35+00:00","description":"Perfekt ud over din Montessori homeschool - kortholder stand. Naturlig, milj\u00f8venlig og stilfuld for minimal livsstil.","breadcrumb":{"@id":"https:\/\/woodinout.net\/da\/product\/kort-stand\/#breadcrumb"},"inLanguage":"da-DK","potentialAction":[{"@type":"ReadAction","target":["https:\/\/woodinout.net\/da\/product\/kort-stand\/"]}]},{"@type":"BreadcrumbList","@id":"https:\/\/woodinout.net\/da\/product\/kort-stand\/#breadcrumb","itemListElement":[{"@type":"ListItem","position":1,"name":"Home","item":"https:\/\/woodinout.net\/da\/"},{"@type":"ListItem","position":2,"name":"Shop","item":"https:\/\/woodinout.net\/shop\/"},{"@type":"ListItem","position":3,"name":"Kort st\u00e5r"}]},{"@type":"WebSite","@id":"https:\/\/woodinout.net\/da\/#website","url":"https:\/\/woodinout.net\/da\/","name":"Woodinout \u00a9","description":"Wooden Montessori toys, gifts, home and events decor details","potentialAction":[{"@type":"SearchAction","target":{"@type":"EntryPoint","urlTemplate":"https:\/\/woodinout.net\/da\/?s={search_term_string}"},"query-input":"required name=search_term_string"}],"inLanguage":"da-DK"}]}},"_links":{"self":[{"href":"https:\/\/woodinout.net\/da\/wp-json\/wp\/v2\/product\/21520"}],"collection":[{"href":"https:\/\/woodinout.net\/da\/wp-json\/wp\/v2\/product"}],"about":[{"href":"https:\/\/woodinout.net\/da\/wp-json\/wp\/v2\/types\/product"}],"wp:featuredmedia":[{"embeddable":true,"href":"https:\/\/woodinout.net\/da\/wp-json\/wp\/v2\/media\/20293"}],"wp:attachment":[{"href":"https:\/\/woodinout.net\/da\/wp-json\/wp\/v2\/media?parent=21520"}],"wp:term":[{"taxonomy":"product_cat","embeddable":true,"href":"https:\/\/woodinout.net\/da\/wp-json\/wp\/v2\/product_cat?post=21520"},{"taxonomy":"product_tag","embeddable":true,"href":"https:\/\/woodinout.net\/da\/wp-json\/wp\/v2\/product_tag?post=21520"}],"curies":[{"name":"wp","href":"https:\/\/api.w.org\/{rel}","templated":true}]}}