{"id":21518,"date":"2021-03-19T18:00:22","date_gmt":"2021-03-19T16:00:22","guid":{"rendered":"https:\/\/woodinout.net\/product\/25-taellebraet\/"},"modified":"2022-03-13T21:14:47","modified_gmt":"2022-03-13T19:14:47","slug":"25-taellebraet","status":"publish","type":"product","link":"https:\/\/woodinout.net\/da\/product\/25-taellebraet\/","title":{"rendered":"25 t\u00e6llebr\u00e6t"},"content":{"rendered":"<p>Tr\u00e6 femogtyve ramme &#8211; Montessori toddler 25 t\u00e6lle aktivitet er blandt vores foretrukne matematik manipulerende, og vi kan varmt anbefale det til pre k l\u00e6ring numre og t\u00e6lle! Ud over at styrke finmotorik, har vores kunder b\u00f8rn nydt farve sortering samt t\u00e6lle og springe t\u00e6lle praksis p\u00e5 denne tr\u00e6 Montessori 25 ramme. B\u00e6redygtige, alsidige og naturlige Montessori t\u00e6llematerialer p\u00e5 Woodinout butik.<\/p>\n<p>Indstillinger:<br \/>\nNaturlig Tr\u00e6 femogtyve ramme<br \/>\nBrun olieret femogtyve ramme<br \/>\nNaturlig Tr\u00e6 femogtyve ramme med numre indgraveret 1-25<\/p>\n<p>DIMENSIONER<br \/>\nH\u00f8jde: 13 cm<br \/>\nL\u00e6ngde: 13 cm<br \/>\nTykkelse: 1,7 cm<\/p>\n<p>FARVER OG MATERIALE<br \/>\nFarve: naturlig og brun olieret.<br \/>\nLeget\u00f8jet er lavet af naturligt massivt tr\u00e6.<br \/>\nBem\u00e6rk, at farverne kan variere p\u00e5 grund af indstillinger for computersk\u00e6rm og lettelse.<\/p>\n<p>Tilf\u00f8j bolde:<\/p>\n<p>Farvet: https:\/\/woodinout.net\/product\/colored-wooden-balls\/<\/p>\n<p>Naturligt: https:\/\/woodinout.net\/product\/natural-wooden-balls\/<\/p>\n<p>&nbsp;<\/p>\n","protected":false},"excerpt":{"rendered":"<p>Tr\u00e6 femogtyve ramme &#8211; Montessori toddler 25 t\u00e6lle aktivitet er blandt vores foretrukne matematik manipulerende, og vi kan varmt anbefale det til pre k l\u00e6ring numre og t\u00e6lle! Ud over at styrke finmotorik, har vores kunder b\u00f8rn nydt farve sortering samt t\u00e6lle og springe t\u00e6lle praksis p\u00e5 denne tr\u00e6 Montessori 25 ramme. B\u00e6redygtige, alsidige og [&hellip;]<\/p>\n","protected":false},"featured_media":19557,"template":"","meta":{"_monsterinsights_skip_tracking":false,"_monsterinsights_sitenote_active":false,"_monsterinsights_sitenote_note":"","_monsterinsights_sitenote_category":0},"product_cat":[1431,1647],"product_tag":[1488,1483,1439,1479,1672,1667,1498,1472,1675,1452,1460,1861],"yoast_head":"<!-- This site is optimized with the Yoast SEO plugin v22.1 - https:\/\/yoast.com\/wordpress\/plugins\/seo\/ -->\n<title>25 t\u00e6llebr\u00e6t - Woodinout \u00a9 Montessori matematik leget\u00f8j<\/title>\n<meta name=\"description\" content=\"L\u00e6ring er nu sjovt og nemt - Naturligt tr\u00e6 Matematik leget\u00f8j til v\u00e6rdifuld familie tid. 25 t\u00e6llebr\u00e6t til sortering og opt\u00e6lling. Verdensomsp\u00e6ndende forsendelse.\" \/>\n<meta name=\"robots\" content=\"index, follow, max-snippet:-1, max-image-preview:large, max-video-preview:-1\" \/>\n<link rel=\"canonical\" href=\"https:\/\/woodinout.net\/da\/product\/25-taellebraet\/\" \/>\n<meta property=\"og:locale\" content=\"da_DK\" \/>\n<meta property=\"og:type\" content=\"article\" \/>\n<meta property=\"og:title\" content=\"25 t\u00e6llebr\u00e6t - Woodinout \u00a9 Montessori matematik leget\u00f8j\" \/>\n<meta property=\"og:description\" content=\"L\u00e6ring er nu sjovt og nemt - Naturligt tr\u00e6 Matematik leget\u00f8j til v\u00e6rdifuld familie tid. 25 t\u00e6llebr\u00e6t til sortering og opt\u00e6lling. Verdensomsp\u00e6ndende forsendelse.\" \/>\n<meta property=\"og:url\" content=\"https:\/\/woodinout.net\/da\/product\/25-taellebraet\/\" \/>\n<meta property=\"og:site_name\" content=\"Woodinout \u00a9\" \/>\n<meta property=\"article:modified_time\" content=\"2022-03-13T19:14:47+00:00\" \/>\n<meta property=\"og:image\" content=\"https:\/\/woodinout.net\/wp-content\/uploads\/2021\/03\/4_x_25_counting_board_2.jpg\" \/>\n\t<meta property=\"og:image:width\" content=\"1706\" \/>\n\t<meta property=\"og:image:height\" content=\"2560\" \/>\n\t<meta property=\"og:image:type\" content=\"image\/jpeg\" \/>\n<meta name=\"twitter:card\" content=\"summary_large_image\" \/>\n<meta name=\"twitter:label1\" content=\"Estimeret l\u00e6setid\" \/>\n\t<meta name=\"twitter:data1\" content=\"1 minut\" \/>\n<script type=\"application\/ld+json\" class=\"yoast-schema-graph\">{\"@context\":\"https:\/\/schema.org\",\"@graph\":[{\"@type\":\"WebPage\",\"@id\":\"https:\/\/woodinout.net\/da\/product\/25-taellebraet\/\",\"url\":\"https:\/\/woodinout.net\/da\/product\/25-taellebraet\/\",\"name\":\"25 t\u00e6llebr\u00e6t - Woodinout \u00a9 Montessori matematik leget\u00f8j\",\"isPartOf\":{\"@id\":\"https:\/\/woodinout.net\/da\/#website\"},\"datePublished\":\"2021-03-19T16:00:22+00:00\",\"dateModified\":\"2022-03-13T19:14:47+00:00\",\"description\":\"L\u00e6ring er nu sjovt og nemt - Naturligt tr\u00e6 Matematik leget\u00f8j til v\u00e6rdifuld familie tid. 25 t\u00e6llebr\u00e6t til sortering og opt\u00e6lling. Verdensomsp\u00e6ndende forsendelse.\",\"breadcrumb\":{\"@id\":\"https:\/\/woodinout.net\/da\/product\/25-taellebraet\/#breadcrumb\"},\"inLanguage\":\"da-DK\",\"potentialAction\":[{\"@type\":\"ReadAction\",\"target\":[\"https:\/\/woodinout.net\/da\/product\/25-taellebraet\/\"]}]},{\"@type\":\"BreadcrumbList\",\"@id\":\"https:\/\/woodinout.net\/da\/product\/25-taellebraet\/#breadcrumb\",\"itemListElement\":[{\"@type\":\"ListItem\",\"position\":1,\"name\":\"Home\",\"item\":\"https:\/\/woodinout.net\/da\/\"},{\"@type\":\"ListItem\",\"position\":2,\"name\":\"Shop\",\"item\":\"https:\/\/woodinout.net\/shop\/\"},{\"@type\":\"ListItem\",\"position\":3,\"name\":\"25 t\u00e6llebr\u00e6t\"}]},{\"@type\":\"WebSite\",\"@id\":\"https:\/\/woodinout.net\/da\/#website\",\"url\":\"https:\/\/woodinout.net\/da\/\",\"name\":\"Woodinout \u00a9\",\"description\":\"Wooden Montessori toys, gifts, home and events decor details\",\"potentialAction\":[{\"@type\":\"SearchAction\",\"target\":{\"@type\":\"EntryPoint\",\"urlTemplate\":\"https:\/\/woodinout.net\/da\/?s={search_term_string}\"},\"query-input\":\"required name=search_term_string\"}],\"inLanguage\":\"da-DK\"}]}<\/script>\n<!-- \/ Yoast SEO plugin. -->","yoast_head_json":{"title":"25 t\u00e6llebr\u00e6t - Woodinout \u00a9 Montessori matematik leget\u00f8j","description":"L\u00e6ring er nu sjovt og nemt - Naturligt tr\u00e6 Matematik leget\u00f8j til v\u00e6rdifuld familie tid. 25 t\u00e6llebr\u00e6t til sortering og opt\u00e6lling. Verdensomsp\u00e6ndende forsendelse.","robots":{"index":"index","follow":"follow","max-snippet":"max-snippet:-1","max-image-preview":"max-image-preview:large","max-video-preview":"max-video-preview:-1"},"canonical":"https:\/\/woodinout.net\/da\/product\/25-taellebraet\/","og_locale":"da_DK","og_type":"article","og_title":"25 t\u00e6llebr\u00e6t - Woodinout \u00a9 Montessori matematik leget\u00f8j","og_description":"L\u00e6ring er nu sjovt og nemt - Naturligt tr\u00e6 Matematik leget\u00f8j til v\u00e6rdifuld familie tid. 25 t\u00e6llebr\u00e6t til sortering og opt\u00e6lling. Verdensomsp\u00e6ndende forsendelse.","og_url":"https:\/\/woodinout.net\/da\/product\/25-taellebraet\/","og_site_name":"Woodinout \u00a9","article_modified_time":"2022-03-13T19:14:47+00:00","og_image":[{"width":1706,"height":2560,"url":"https:\/\/woodinout.net\/wp-content\/uploads\/2021\/03\/4_x_25_counting_board_2.jpg","type":"image\/jpeg"}],"twitter_card":"summary_large_image","twitter_misc":{"Estimeret l\u00e6setid":"1 minut"},"schema":{"@context":"https:\/\/schema.org","@graph":[{"@type":"WebPage","@id":"https:\/\/woodinout.net\/da\/product\/25-taellebraet\/","url":"https:\/\/woodinout.net\/da\/product\/25-taellebraet\/","name":"25 t\u00e6llebr\u00e6t - Woodinout \u00a9 Montessori matematik leget\u00f8j","isPartOf":{"@id":"https:\/\/woodinout.net\/da\/#website"},"datePublished":"2021-03-19T16:00:22+00:00","dateModified":"2022-03-13T19:14:47+00:00","description":"L\u00e6ring er nu sjovt og nemt - Naturligt tr\u00e6 Matematik leget\u00f8j til v\u00e6rdifuld familie tid. 25 t\u00e6llebr\u00e6t til sortering og opt\u00e6lling. Verdensomsp\u00e6ndende forsendelse.","breadcrumb":{"@id":"https:\/\/woodinout.net\/da\/product\/25-taellebraet\/#breadcrumb"},"inLanguage":"da-DK","potentialAction":[{"@type":"ReadAction","target":["https:\/\/woodinout.net\/da\/product\/25-taellebraet\/"]}]},{"@type":"BreadcrumbList","@id":"https:\/\/woodinout.net\/da\/product\/25-taellebraet\/#breadcrumb","itemListElement":[{"@type":"ListItem","position":1,"name":"Home","item":"https:\/\/woodinout.net\/da\/"},{"@type":"ListItem","position":2,"name":"Shop","item":"https:\/\/woodinout.net\/shop\/"},{"@type":"ListItem","position":3,"name":"25 t\u00e6llebr\u00e6t"}]},{"@type":"WebSite","@id":"https:\/\/woodinout.net\/da\/#website","url":"https:\/\/woodinout.net\/da\/","name":"Woodinout \u00a9","description":"Wooden Montessori toys, gifts, home and events decor details","potentialAction":[{"@type":"SearchAction","target":{"@type":"EntryPoint","urlTemplate":"https:\/\/woodinout.net\/da\/?s={search_term_string}"},"query-input":"required name=search_term_string"}],"inLanguage":"da-DK"}]}},"_links":{"self":[{"href":"https:\/\/woodinout.net\/da\/wp-json\/wp\/v2\/product\/21518"}],"collection":[{"href":"https:\/\/woodinout.net\/da\/wp-json\/wp\/v2\/product"}],"about":[{"href":"https:\/\/woodinout.net\/da\/wp-json\/wp\/v2\/types\/product"}],"wp:featuredmedia":[{"embeddable":true,"href":"https:\/\/woodinout.net\/da\/wp-json\/wp\/v2\/media\/19557"}],"wp:attachment":[{"href":"https:\/\/woodinout.net\/da\/wp-json\/wp\/v2\/media?parent=21518"}],"wp:term":[{"taxonomy":"product_cat","embeddable":true,"href":"https:\/\/woodinout.net\/da\/wp-json\/wp\/v2\/product_cat?post=21518"},{"taxonomy":"product_tag","embeddable":true,"href":"https:\/\/woodinout.net\/da\/wp-json\/wp\/v2\/product_tag?post=21518"}],"curies":[{"name":"wp","href":"https:\/\/api.w.org\/{rel}","templated":true}]}}