{"id":21517,"date":"2020-06-30T23:36:25","date_gmt":"2020-06-30T20:36:25","guid":{"rendered":"https:\/\/woodinout.net\/product\/smaa-traekugler\/"},"modified":"2022-04-28T11:14:31","modified_gmt":"2022-04-28T08:14:31","slug":"natur-trae-bolde","status":"publish","type":"product","link":"https:\/\/woodinout.net\/da\/product\/natur-trae-bolde\/","title":{"rendered":"Sm\u00e5 tr\u00e6kugler"},"content":{"rendered":"<p>H\u00e5ndlavede, milj\u00f8venlige, naturlige sm\u00e5 tr\u00e6kugler &#8211; dette er et supplement til vores Waldorf &amp;Montessori-inspirerede leget\u00f8j. Tr\u00e6perler ser ikke kun stilfulde ud, men har mange form\u00e5l: At l\u00e6re tal og t\u00e6lle med perler er SJOVT og nemt. Kunne en simpel tr\u00e6 bolde v\u00e6re p\u00e6dagogisk leget\u00f8j? L\u00e6ring spil? JA og b\u00f8rn vil ikke engang bem\u00e6rke, at de spiller og l\u00e6rer. Spil, r\u00f8r, sortere, t\u00e6lle &#8211; naturlige tr\u00e6 Montessori leget\u00f8j er her for at holde dig besk\u00e6ftiget i et stykke tid. V\u00e6r fri til at bruge boldene separat eller kombinere dem med vores milj\u00f8venlige <a href=\"http:\/\/woodinout.net\/product-tag\/math-manipulatives\/\">matematiske manipulatives.<\/a><\/p>\n<p>Vi skaber vores p\u00e6dagogiske spil &amp;leget\u00f8j med k\u00e6rlighed og lidenskab. Vi holder lige s\u00e5 meget af dem som for vores kunder, v\u00e6re velkommen til at sende os en besked. Bliv en del af vores familie og realisere din egen milj\u00f8venlige dr\u00f8m.<\/p>\n<div style=\"width: 1080px;\" class=\"wp-video\"><!--[if lt IE 9]><script>document.createElement('video');<\/script><![endif]-->\n<video class=\"wp-video-shortcode\" id=\"video-21517-1\" width=\"1080\" height=\"810\" preload=\"metadata\" controls=\"controls\"><source type=\"video\/mp4\" src=\"http:\/\/woodinout.net\/wp-content\/uploads\/2020\/06\/MEDINIS_8.mp4?_=1\" \/><a href=\"http:\/\/woodinout.net\/wp-content\/uploads\/2020\/06\/MEDINIS_8.mp4\">http:\/\/woodinout.net\/wp-content\/uploads\/2020\/06\/MEDINIS_8.mp4<\/a><\/video><\/div>\n<h3>DIMENSIONER:<\/h3>\n<ul>\n<li>0,05 tommer dia<\/li>\n<\/ul>\n<h3>FARVER OG MATERIALE:<\/h3>\n<ul>\n<li>Farve: naturlig, brun<\/li>\n<li>Leget\u00f8jet er lavet af naturligt TR\u00c6.<\/li>\n<\/ul>\n<p>Bem\u00e6rk, at farverne kan variere p\u00e5 grund af indstillinger for computersk\u00e6rm og lettelse.<\/p>\n<p>\u00a9 Woodinout. Alle rettigheder forbeholdes.<\/p>\n","protected":false},"excerpt":{"rendered":"<p>H\u00e5ndlavede, milj\u00f8venlige, naturlige sm\u00e5 tr\u00e6kugler &#8211; dette er et supplement til vores Waldorf &amp;Montessori-inspirerede leget\u00f8j. Tr\u00e6perler ser ikke kun stilfulde ud, men har mange form\u00e5l: At l\u00e6re tal og t\u00e6lle med perler er SJOVT og nemt. Kunne en simpel tr\u00e6 bolde v\u00e6re p\u00e6dagogisk leget\u00f8j? L\u00e6ring spil? JA og b\u00f8rn vil ikke engang bem\u00e6rke, at de [&hellip;]<\/p>\n","protected":false},"featured_media":18381,"template":"","meta":{"_monsterinsights_skip_tracking":false,"_monsterinsights_sitenote_active":false,"_monsterinsights_sitenote_note":"","_monsterinsights_sitenote_category":0},"product_cat":[1651,1431,1647],"product_tag":[1488,1483,1439,1479,1498,1472,1452,1460,2187,2188],"yoast_head":"<!-- This site is optimized with the Yoast SEO plugin v22.1 - https:\/\/yoast.com\/wordpress\/plugins\/seo\/ -->\n<title>Sm\u00e5 tr\u00e6kugler - Woodinout \u00a9 Montessori leget\u00f8j<\/title>\n<meta name=\"description\" content=\"H\u00e5ndlavede, milj\u00f8venlige, naturlige sm\u00e5 tr\u00e6kugler - dette er et supplement til vores Waldorf &amp;Montessori-inspirerede leget\u00f8j. T\u00e6l, sorter, r\u00f8r - Spil!\" \/>\n<meta name=\"robots\" content=\"index, follow, max-snippet:-1, max-image-preview:large, max-video-preview:-1\" \/>\n<link rel=\"canonical\" href=\"https:\/\/woodinout.net\/da\/product\/natur-trae-bolde\/\" \/>\n<meta property=\"og:locale\" content=\"da_DK\" \/>\n<meta property=\"og:type\" content=\"article\" \/>\n<meta property=\"og:title\" content=\"Sm\u00e5 tr\u00e6kugler - Woodinout \u00a9 Montessori leget\u00f8j\" \/>\n<meta property=\"og:description\" content=\"H\u00e5ndlavede, milj\u00f8venlige, naturlige sm\u00e5 tr\u00e6kugler - dette er et supplement til vores Waldorf &amp;Montessori-inspirerede leget\u00f8j. T\u00e6l, sorter, r\u00f8r - Spil!\" \/>\n<meta property=\"og:url\" content=\"https:\/\/woodinout.net\/da\/product\/natur-trae-bolde\/\" \/>\n<meta property=\"og:site_name\" content=\"Woodinout \u00a9\" \/>\n<meta property=\"article:modified_time\" content=\"2022-04-28T08:14:31+00:00\" \/>\n<meta property=\"og:image\" content=\"https:\/\/woodinout.net\/wp-content\/uploads\/2020\/06\/Natural-Wooden-beads.jpg\" \/>\n\t<meta property=\"og:image:width\" content=\"853\" \/>\n\t<meta property=\"og:image:height\" content=\"1280\" \/>\n\t<meta property=\"og:image:type\" content=\"image\/jpeg\" \/>\n<meta name=\"twitter:card\" content=\"summary_large_image\" \/>\n<meta name=\"twitter:label1\" content=\"Estimeret l\u00e6setid\" \/>\n\t<meta name=\"twitter:data1\" content=\"1 minut\" \/>\n<script type=\"application\/ld+json\" class=\"yoast-schema-graph\">{\"@context\":\"https:\/\/schema.org\",\"@graph\":[{\"@type\":\"WebPage\",\"@id\":\"https:\/\/woodinout.net\/da\/product\/natur-trae-bolde\/\",\"url\":\"https:\/\/woodinout.net\/da\/product\/natur-trae-bolde\/\",\"name\":\"Sm\u00e5 tr\u00e6kugler - Woodinout \u00a9 Montessori leget\u00f8j\",\"isPartOf\":{\"@id\":\"https:\/\/woodinout.net\/da\/#website\"},\"datePublished\":\"2020-06-30T20:36:25+00:00\",\"dateModified\":\"2022-04-28T08:14:31+00:00\",\"description\":\"H\u00e5ndlavede, milj\u00f8venlige, naturlige sm\u00e5 tr\u00e6kugler - dette er et supplement til vores Waldorf &Montessori-inspirerede leget\u00f8j. T\u00e6l, sorter, r\u00f8r - Spil!\",\"breadcrumb\":{\"@id\":\"https:\/\/woodinout.net\/da\/product\/natur-trae-bolde\/#breadcrumb\"},\"inLanguage\":\"da-DK\",\"potentialAction\":[{\"@type\":\"ReadAction\",\"target\":[\"https:\/\/woodinout.net\/da\/product\/natur-trae-bolde\/\"]}]},{\"@type\":\"BreadcrumbList\",\"@id\":\"https:\/\/woodinout.net\/da\/product\/natur-trae-bolde\/#breadcrumb\",\"itemListElement\":[{\"@type\":\"ListItem\",\"position\":1,\"name\":\"Home\",\"item\":\"https:\/\/woodinout.net\/da\/\"},{\"@type\":\"ListItem\",\"position\":2,\"name\":\"Shop\",\"item\":\"https:\/\/woodinout.net\/shop\/\"},{\"@type\":\"ListItem\",\"position\":3,\"name\":\"Sm\u00e5 tr\u00e6kugler\"}]},{\"@type\":\"WebSite\",\"@id\":\"https:\/\/woodinout.net\/da\/#website\",\"url\":\"https:\/\/woodinout.net\/da\/\",\"name\":\"Woodinout \u00a9\",\"description\":\"Wooden Montessori toys, gifts, home and events decor details\",\"potentialAction\":[{\"@type\":\"SearchAction\",\"target\":{\"@type\":\"EntryPoint\",\"urlTemplate\":\"https:\/\/woodinout.net\/da\/?s={search_term_string}\"},\"query-input\":\"required name=search_term_string\"}],\"inLanguage\":\"da-DK\"}]}<\/script>\n<!-- \/ Yoast SEO plugin. -->","yoast_head_json":{"title":"Sm\u00e5 tr\u00e6kugler - Woodinout \u00a9 Montessori leget\u00f8j","description":"H\u00e5ndlavede, milj\u00f8venlige, naturlige sm\u00e5 tr\u00e6kugler - dette er et supplement til vores Waldorf &Montessori-inspirerede leget\u00f8j. T\u00e6l, sorter, r\u00f8r - Spil!","robots":{"index":"index","follow":"follow","max-snippet":"max-snippet:-1","max-image-preview":"max-image-preview:large","max-video-preview":"max-video-preview:-1"},"canonical":"https:\/\/woodinout.net\/da\/product\/natur-trae-bolde\/","og_locale":"da_DK","og_type":"article","og_title":"Sm\u00e5 tr\u00e6kugler - Woodinout \u00a9 Montessori leget\u00f8j","og_description":"H\u00e5ndlavede, milj\u00f8venlige, naturlige sm\u00e5 tr\u00e6kugler - dette er et supplement til vores Waldorf &Montessori-inspirerede leget\u00f8j. T\u00e6l, sorter, r\u00f8r - Spil!","og_url":"https:\/\/woodinout.net\/da\/product\/natur-trae-bolde\/","og_site_name":"Woodinout \u00a9","article_modified_time":"2022-04-28T08:14:31+00:00","og_image":[{"width":853,"height":1280,"url":"https:\/\/woodinout.net\/wp-content\/uploads\/2020\/06\/Natural-Wooden-beads.jpg","type":"image\/jpeg"}],"twitter_card":"summary_large_image","twitter_misc":{"Estimeret l\u00e6setid":"1 minut"},"schema":{"@context":"https:\/\/schema.org","@graph":[{"@type":"WebPage","@id":"https:\/\/woodinout.net\/da\/product\/natur-trae-bolde\/","url":"https:\/\/woodinout.net\/da\/product\/natur-trae-bolde\/","name":"Sm\u00e5 tr\u00e6kugler - Woodinout \u00a9 Montessori leget\u00f8j","isPartOf":{"@id":"https:\/\/woodinout.net\/da\/#website"},"datePublished":"2020-06-30T20:36:25+00:00","dateModified":"2022-04-28T08:14:31+00:00","description":"H\u00e5ndlavede, milj\u00f8venlige, naturlige sm\u00e5 tr\u00e6kugler - dette er et supplement til vores Waldorf &Montessori-inspirerede leget\u00f8j. T\u00e6l, sorter, r\u00f8r - Spil!","breadcrumb":{"@id":"https:\/\/woodinout.net\/da\/product\/natur-trae-bolde\/#breadcrumb"},"inLanguage":"da-DK","potentialAction":[{"@type":"ReadAction","target":["https:\/\/woodinout.net\/da\/product\/natur-trae-bolde\/"]}]},{"@type":"BreadcrumbList","@id":"https:\/\/woodinout.net\/da\/product\/natur-trae-bolde\/#breadcrumb","itemListElement":[{"@type":"ListItem","position":1,"name":"Home","item":"https:\/\/woodinout.net\/da\/"},{"@type":"ListItem","position":2,"name":"Shop","item":"https:\/\/woodinout.net\/shop\/"},{"@type":"ListItem","position":3,"name":"Sm\u00e5 tr\u00e6kugler"}]},{"@type":"WebSite","@id":"https:\/\/woodinout.net\/da\/#website","url":"https:\/\/woodinout.net\/da\/","name":"Woodinout \u00a9","description":"Wooden Montessori toys, gifts, home and events decor details","potentialAction":[{"@type":"SearchAction","target":{"@type":"EntryPoint","urlTemplate":"https:\/\/woodinout.net\/da\/?s={search_term_string}"},"query-input":"required name=search_term_string"}],"inLanguage":"da-DK"}]}},"_links":{"self":[{"href":"https:\/\/woodinout.net\/da\/wp-json\/wp\/v2\/product\/21517"}],"collection":[{"href":"https:\/\/woodinout.net\/da\/wp-json\/wp\/v2\/product"}],"about":[{"href":"https:\/\/woodinout.net\/da\/wp-json\/wp\/v2\/types\/product"}],"wp:featuredmedia":[{"embeddable":true,"href":"https:\/\/woodinout.net\/da\/wp-json\/wp\/v2\/media\/18381"}],"wp:attachment":[{"href":"https:\/\/woodinout.net\/da\/wp-json\/wp\/v2\/media?parent=21517"}],"wp:term":[{"taxonomy":"product_cat","embeddable":true,"href":"https:\/\/woodinout.net\/da\/wp-json\/wp\/v2\/product_cat?post=21517"},{"taxonomy":"product_tag","embeddable":true,"href":"https:\/\/woodinout.net\/da\/wp-json\/wp\/v2\/product_tag?post=21517"}],"curies":[{"name":"wp","href":"https:\/\/api.w.org\/{rel}","templated":true}]}}