{"id":21512,"date":"2020-06-29T23:08:33","date_gmt":"2020-06-29T20:08:33","guid":{"rendered":"https:\/\/woodinout.net\/product\/ti-frame-montessori-matematik-materiale\/"},"modified":"2022-04-28T11:10:32","modified_gmt":"2022-04-28T08:10:32","slug":"ti-frame-montessori-numre-og-taelle-legetoj","status":"publish","type":"product","link":"https:\/\/woodinout.net\/da\/product\/ti-frame-montessori-numre-og-taelle-legetoj\/","title":{"rendered":"Ti Frame &#8211; Montessori matematik materiale"},"content":{"rendered":"<p>Ti ramme &#8211; h\u00e5ndlavet af massivt tr\u00e6, sikkert og milj\u00f8venligt Montessori matematikmateriale.<\/p>\n<p>Vores Montessori numre og t\u00e6lle leget\u00f8j er skabt af HAND, malet med sikker ikke giftig maling. TEN t\u00e6lle tr\u00e6 bakke med bittesm\u00e5 tal er her for at g\u00f8re hverdagens l\u00e6ring LET. Tr\u00e6leget\u00f8j til drenge og piger er en naturlig m\u00e5de at uddannelse p\u00e5. Vi bekymrer os ikke kun om naturen, men ogs\u00e5 huske p\u00e5 at skabe milj\u00f8venlige tr\u00e6 l\u00e6ring leget\u00f8j til vores og dine b\u00f8rn.<\/p>\n<p>S\u00e6ttet indeholder:<br \/>\nT\u00e6ller 10 ti ramme<br \/>\n12 tr\u00e6 t\u00e6lle bolde<\/p>\n<p>Du kan v\u00e6lge mellem 3 INDSTILLINGER:<br \/>\nA: Bord + 12 tr\u00e6kugler<br \/>\nB: Board + 10 stk. naturlige m\u00f8nter med sm\u00e5 tal fra 1 til 10<br \/>\nC: Board + 12 tr\u00e6kugler + 10 stk. naturlige m\u00f8nter med tal fra 1 til 10<\/p>\n<p>BOARD DIMENSIONER<br \/>\nL\u00e6ngde: ~5 tommer<br \/>\nH\u00f8jde: ~2,4 tommer<br \/>\nTykkelse: ~0,6 tommer<\/p>\n<p>FARVER OG MATERIALE<br \/>\nFarve: naturlig eller brun olieret.<br \/>\nBoard er lavet af naturligt massivt tr\u00e6.<br \/>\nBem\u00e6rk, at farverne kan variere p\u00e5 grund af indstillinger for computersk\u00e6rm og lettelse.<\/p>\n<div style=\"width: 1080px;\" class=\"wp-video\"><!--[if lt IE 9]><script>document.createElement('video');<\/script><![endif]-->\n<video class=\"wp-video-shortcode\" id=\"video-21512-1\" width=\"1080\" height=\"810\" preload=\"metadata\" controls=\"controls\"><source type=\"video\/mp4\" src=\"http:\/\/woodinout.net\/wp-content\/uploads\/2020\/06\/MEDINIS_14.mp4?_=1\" \/><a href=\"http:\/\/woodinout.net\/wp-content\/uploads\/2020\/06\/MEDINIS_14.mp4\">http:\/\/woodinout.net\/wp-content\/uploads\/2020\/06\/MEDINIS_14.mp4<\/a><\/video><\/div>\n","protected":false},"excerpt":{"rendered":"<p>Ti ramme &#8211; h\u00e5ndlavet af massivt tr\u00e6, sikkert og milj\u00f8venligt Montessori matematikmateriale. Vores Montessori numre og t\u00e6lle leget\u00f8j er skabt af HAND, malet med sikker ikke giftig maling. TEN t\u00e6lle tr\u00e6 bakke med bittesm\u00e5 tal er her for at g\u00f8re hverdagens l\u00e6ring LET. Tr\u00e6leget\u00f8j til drenge og piger er en naturlig m\u00e5de at uddannelse p\u00e5. [&hellip;]<\/p>\n","protected":false},"featured_media":18229,"template":"","meta":{"_monsterinsights_skip_tracking":false,"_monsterinsights_sitenote_active":false,"_monsterinsights_sitenote_note":"","_monsterinsights_sitenote_category":0},"product_cat":[1431,1647],"product_tag":[1488,1483,1439,1479,1672,1667,1498,1472,1675,1452,1460,2182,2183],"yoast_head":"<!-- This site is optimized with the Yoast SEO plugin v22.1 - https:\/\/yoast.com\/wordpress\/plugins\/seo\/ -->\n<title>Ti Frame - Montessori matematik materiale - Woodinout \u00a9<\/title>\n<meta name=\"description\" content=\"Ti ramme, h\u00e5ndlavet af massivt tr\u00e6, er et svar p\u00e5 sjov matematik l\u00e6ring. Montessori matematik materiale skabt som leget\u00f8j til sjov b\u00f8rn uddannelse.\" \/>\n<meta name=\"robots\" content=\"index, follow, max-snippet:-1, max-image-preview:large, max-video-preview:-1\" \/>\n<link rel=\"canonical\" href=\"https:\/\/woodinout.net\/da\/product\/ti-frame-montessori-numre-og-taelle-legetoj\/\" \/>\n<meta property=\"og:locale\" content=\"da_DK\" \/>\n<meta property=\"og:type\" content=\"article\" \/>\n<meta property=\"og:title\" content=\"Ti Frame - Montessori matematik materiale - Woodinout \u00a9\" \/>\n<meta property=\"og:description\" content=\"Ti ramme, h\u00e5ndlavet af massivt tr\u00e6, er et svar p\u00e5 sjov matematik l\u00e6ring. Montessori matematik materiale skabt som leget\u00f8j til sjov b\u00f8rn uddannelse.\" \/>\n<meta property=\"og:url\" content=\"https:\/\/woodinout.net\/da\/product\/ti-frame-montessori-numre-og-taelle-legetoj\/\" \/>\n<meta property=\"og:site_name\" content=\"Woodinout \u00a9\" \/>\n<meta property=\"article:modified_time\" content=\"2022-04-28T08:10:32+00:00\" \/>\n<meta property=\"og:image\" content=\"https:\/\/woodinout.net\/wp-content\/uploads\/2020\/06\/Ten-Frame-5.jpg\" \/>\n\t<meta property=\"og:image:width\" content=\"853\" \/>\n\t<meta property=\"og:image:height\" content=\"1280\" \/>\n\t<meta property=\"og:image:type\" content=\"image\/jpeg\" \/>\n<meta name=\"twitter:card\" content=\"summary_large_image\" \/>\n<meta name=\"twitter:label1\" content=\"Estimeret l\u00e6setid\" \/>\n\t<meta name=\"twitter:data1\" content=\"1 minut\" \/>\n<script type=\"application\/ld+json\" class=\"yoast-schema-graph\">{\"@context\":\"https:\/\/schema.org\",\"@graph\":[{\"@type\":\"WebPage\",\"@id\":\"https:\/\/woodinout.net\/da\/product\/ti-frame-montessori-numre-og-taelle-legetoj\/\",\"url\":\"https:\/\/woodinout.net\/da\/product\/ti-frame-montessori-numre-og-taelle-legetoj\/\",\"name\":\"Ti Frame - Montessori matematik materiale - Woodinout \u00a9\",\"isPartOf\":{\"@id\":\"https:\/\/woodinout.net\/da\/#website\"},\"datePublished\":\"2020-06-29T20:08:33+00:00\",\"dateModified\":\"2022-04-28T08:10:32+00:00\",\"description\":\"Ti ramme, h\u00e5ndlavet af massivt tr\u00e6, er et svar p\u00e5 sjov matematik l\u00e6ring. Montessori matematik materiale skabt som leget\u00f8j til sjov b\u00f8rn uddannelse.\",\"breadcrumb\":{\"@id\":\"https:\/\/woodinout.net\/da\/product\/ti-frame-montessori-numre-og-taelle-legetoj\/#breadcrumb\"},\"inLanguage\":\"da-DK\",\"potentialAction\":[{\"@type\":\"ReadAction\",\"target\":[\"https:\/\/woodinout.net\/da\/product\/ti-frame-montessori-numre-og-taelle-legetoj\/\"]}]},{\"@type\":\"BreadcrumbList\",\"@id\":\"https:\/\/woodinout.net\/da\/product\/ti-frame-montessori-numre-og-taelle-legetoj\/#breadcrumb\",\"itemListElement\":[{\"@type\":\"ListItem\",\"position\":1,\"name\":\"Home\",\"item\":\"https:\/\/woodinout.net\/da\/\"},{\"@type\":\"ListItem\",\"position\":2,\"name\":\"Shop\",\"item\":\"https:\/\/woodinout.net\/shop\/\"},{\"@type\":\"ListItem\",\"position\":3,\"name\":\"Ti Frame &#8211; Montessori matematik materiale\"}]},{\"@type\":\"WebSite\",\"@id\":\"https:\/\/woodinout.net\/da\/#website\",\"url\":\"https:\/\/woodinout.net\/da\/\",\"name\":\"Woodinout \u00a9\",\"description\":\"Wooden Montessori toys, gifts, home and events decor details\",\"potentialAction\":[{\"@type\":\"SearchAction\",\"target\":{\"@type\":\"EntryPoint\",\"urlTemplate\":\"https:\/\/woodinout.net\/da\/?s={search_term_string}\"},\"query-input\":\"required name=search_term_string\"}],\"inLanguage\":\"da-DK\"}]}<\/script>\n<!-- \/ Yoast SEO plugin. -->","yoast_head_json":{"title":"Ti Frame - Montessori matematik materiale - Woodinout \u00a9","description":"Ti ramme, h\u00e5ndlavet af massivt tr\u00e6, er et svar p\u00e5 sjov matematik l\u00e6ring. Montessori matematik materiale skabt som leget\u00f8j til sjov b\u00f8rn uddannelse.","robots":{"index":"index","follow":"follow","max-snippet":"max-snippet:-1","max-image-preview":"max-image-preview:large","max-video-preview":"max-video-preview:-1"},"canonical":"https:\/\/woodinout.net\/da\/product\/ti-frame-montessori-numre-og-taelle-legetoj\/","og_locale":"da_DK","og_type":"article","og_title":"Ti Frame - Montessori matematik materiale - Woodinout \u00a9","og_description":"Ti ramme, h\u00e5ndlavet af massivt tr\u00e6, er et svar p\u00e5 sjov matematik l\u00e6ring. Montessori matematik materiale skabt som leget\u00f8j til sjov b\u00f8rn uddannelse.","og_url":"https:\/\/woodinout.net\/da\/product\/ti-frame-montessori-numre-og-taelle-legetoj\/","og_site_name":"Woodinout \u00a9","article_modified_time":"2022-04-28T08:10:32+00:00","og_image":[{"width":853,"height":1280,"url":"https:\/\/woodinout.net\/wp-content\/uploads\/2020\/06\/Ten-Frame-5.jpg","type":"image\/jpeg"}],"twitter_card":"summary_large_image","twitter_misc":{"Estimeret l\u00e6setid":"1 minut"},"schema":{"@context":"https:\/\/schema.org","@graph":[{"@type":"WebPage","@id":"https:\/\/woodinout.net\/da\/product\/ti-frame-montessori-numre-og-taelle-legetoj\/","url":"https:\/\/woodinout.net\/da\/product\/ti-frame-montessori-numre-og-taelle-legetoj\/","name":"Ti Frame - Montessori matematik materiale - Woodinout \u00a9","isPartOf":{"@id":"https:\/\/woodinout.net\/da\/#website"},"datePublished":"2020-06-29T20:08:33+00:00","dateModified":"2022-04-28T08:10:32+00:00","description":"Ti ramme, h\u00e5ndlavet af massivt tr\u00e6, er et svar p\u00e5 sjov matematik l\u00e6ring. Montessori matematik materiale skabt som leget\u00f8j til sjov b\u00f8rn uddannelse.","breadcrumb":{"@id":"https:\/\/woodinout.net\/da\/product\/ti-frame-montessori-numre-og-taelle-legetoj\/#breadcrumb"},"inLanguage":"da-DK","potentialAction":[{"@type":"ReadAction","target":["https:\/\/woodinout.net\/da\/product\/ti-frame-montessori-numre-og-taelle-legetoj\/"]}]},{"@type":"BreadcrumbList","@id":"https:\/\/woodinout.net\/da\/product\/ti-frame-montessori-numre-og-taelle-legetoj\/#breadcrumb","itemListElement":[{"@type":"ListItem","position":1,"name":"Home","item":"https:\/\/woodinout.net\/da\/"},{"@type":"ListItem","position":2,"name":"Shop","item":"https:\/\/woodinout.net\/shop\/"},{"@type":"ListItem","position":3,"name":"Ti Frame &#8211; Montessori matematik materiale"}]},{"@type":"WebSite","@id":"https:\/\/woodinout.net\/da\/#website","url":"https:\/\/woodinout.net\/da\/","name":"Woodinout \u00a9","description":"Wooden Montessori toys, gifts, home and events decor details","potentialAction":[{"@type":"SearchAction","target":{"@type":"EntryPoint","urlTemplate":"https:\/\/woodinout.net\/da\/?s={search_term_string}"},"query-input":"required name=search_term_string"}],"inLanguage":"da-DK"}]}},"_links":{"self":[{"href":"https:\/\/woodinout.net\/da\/wp-json\/wp\/v2\/product\/21512"}],"collection":[{"href":"https:\/\/woodinout.net\/da\/wp-json\/wp\/v2\/product"}],"about":[{"href":"https:\/\/woodinout.net\/da\/wp-json\/wp\/v2\/types\/product"}],"wp:featuredmedia":[{"embeddable":true,"href":"https:\/\/woodinout.net\/da\/wp-json\/wp\/v2\/media\/18229"}],"wp:attachment":[{"href":"https:\/\/woodinout.net\/da\/wp-json\/wp\/v2\/media?parent=21512"}],"wp:term":[{"taxonomy":"product_cat","embeddable":true,"href":"https:\/\/woodinout.net\/da\/wp-json\/wp\/v2\/product_cat?post=21512"},{"taxonomy":"product_tag","embeddable":true,"href":"https:\/\/woodinout.net\/da\/wp-json\/wp\/v2\/product_tag?post=21512"}],"curies":[{"name":"wp","href":"https:\/\/api.w.org\/{rel}","templated":true}]}}