{"id":21511,"date":"2021-03-19T19:22:40","date_gmt":"2021-03-19T17:22:40","guid":{"rendered":"https:\/\/woodinout.net\/product\/trae-ring-stabler\/"},"modified":"2022-04-22T12:21:50","modified_gmt":"2022-04-22T09:21:50","slug":"trae-ring-stabler","status":"publish","type":"product","link":"https:\/\/woodinout.net\/da\/product\/trae-ring-stabler\/","title":{"rendered":"Tr\u00e6 ring stabler"},"content":{"rendered":"<p>Traditionel Montessori tr\u00e6 ring stabler er den bedste milj\u00f8venlige, naturlige og sikre leget\u00f8j til tidlig baby udvikling. Vores h\u00e5ndlavede stabling leget\u00f8j er b\u00e6redygtige, kun lavet af naturlige materialer (massivt tr\u00e6). Derfor er de sikre for baby og stilfuld minimal look. Vi holder af baby til at spille og udvikle sig i et sikkert, naturligt milj\u00f8, det er derfor, vi skabte denne flotte tr\u00e6 ring stabler.<\/p>\n<p>Mere baby leget\u00f8j <a href=\"https:\/\/woodinout.net\/product-category\/wooden-toys\/baby-toys\/\">HER.<\/a><\/p>\n<p>DIMENSIONER<br \/>\nH\u00f8jde: ~30 cm<br \/>\nL\u00e6ngde: ~15 cm<br \/>\nTykkelse: ~1,7 cm<\/p>\n<p>FARVER OG MATERIALE<br \/>\nFarve: naturligt tr\u00e6 og brunt tr\u00e6<br \/>\nLeget\u00f8jet er lavet af naturligt massivt tr\u00e6.<br \/>\nBem\u00e6rk, at farverne kan variere p\u00e5 grund af indstillinger for computersk\u00e6rm og lettelse.<\/p>\n<p>For flere ideer, f\u00f8lg os p\u00e5 <a href=\"https:\/\/www.instagram.com\/woodinout\/\">INSTAGRAM<\/a> &amp; <a href=\"https:\/\/www.facebook.com\/Woodinout.net\">FACEBOOK<\/a><\/p>\n","protected":false},"excerpt":{"rendered":"<p>Traditionel Montessori tr\u00e6 ring stabler er den bedste milj\u00f8venlige, naturlige og sikre leget\u00f8j til tidlig baby udvikling. Vores h\u00e5ndlavede stabling leget\u00f8j er b\u00e6redygtige, kun lavet af naturlige materialer (massivt tr\u00e6). Derfor er de sikre for baby og stilfuld minimal look. Vi holder af baby til at spille og udvikle sig i et sikkert, naturligt milj\u00f8, [&hellip;]<\/p>\n","protected":false},"featured_media":19757,"template":"","meta":{"_monsterinsights_skip_tracking":false,"_monsterinsights_sitenote_active":false,"_monsterinsights_sitenote_note":"","_monsterinsights_sitenote_category":0},"product_cat":[1448,1651,1431],"product_tag":[1488,1483,1537,1439,1535,1479,1472,1452,1460],"yoast_head":"<!-- This site is optimized with the Yoast SEO plugin v22.1 - https:\/\/yoast.com\/wordpress\/plugins\/seo\/ -->\n<title>Tr\u00e6 ring stabler - Woodinout \u00a9 Montessori leget\u00f8j<\/title>\n<meta name=\"description\" content=\"Naturligt tr\u00e6udviklingsleget\u00f8j til v\u00e6rdifuld familietid. Baby er ved at l\u00e6re p\u00e5 en sund m\u00e5de med denne ring stabler. Verdensomsp\u00e6ndende forsendelse.\" \/>\n<meta name=\"robots\" content=\"index, follow, max-snippet:-1, max-image-preview:large, max-video-preview:-1\" \/>\n<link rel=\"canonical\" href=\"https:\/\/woodinout.net\/da\/product\/trae-ring-stabler\/\" \/>\n<meta property=\"og:locale\" content=\"da_DK\" \/>\n<meta property=\"og:type\" content=\"article\" \/>\n<meta property=\"og:title\" content=\"Tr\u00e6 ring stabler - Woodinout \u00a9 Montessori leget\u00f8j\" \/>\n<meta property=\"og:description\" content=\"Naturligt tr\u00e6udviklingsleget\u00f8j til v\u00e6rdifuld familietid. Baby er ved at l\u00e6re p\u00e5 en sund m\u00e5de med denne ring stabler. Verdensomsp\u00e6ndende forsendelse.\" \/>\n<meta property=\"og:url\" content=\"https:\/\/woodinout.net\/da\/product\/trae-ring-stabler\/\" \/>\n<meta property=\"og:site_name\" content=\"Woodinout \u00a9\" \/>\n<meta property=\"article:modified_time\" content=\"2022-04-22T09:21:50+00:00\" \/>\n<meta property=\"og:image\" content=\"https:\/\/woodinout.net\/wp-content\/uploads\/2021\/03\/Wooden_ring_stacker_1.jpg\" \/>\n\t<meta property=\"og:image:width\" content=\"1706\" \/>\n\t<meta property=\"og:image:height\" content=\"2560\" \/>\n\t<meta property=\"og:image:type\" content=\"image\/jpeg\" \/>\n<meta name=\"twitter:card\" content=\"summary_large_image\" \/>\n<meta name=\"twitter:label1\" content=\"Estimeret l\u00e6setid\" \/>\n\t<meta name=\"twitter:data1\" content=\"1 minut\" \/>\n<script type=\"application\/ld+json\" class=\"yoast-schema-graph\">{\"@context\":\"https:\/\/schema.org\",\"@graph\":[{\"@type\":\"WebPage\",\"@id\":\"https:\/\/woodinout.net\/da\/product\/trae-ring-stabler\/\",\"url\":\"https:\/\/woodinout.net\/da\/product\/trae-ring-stabler\/\",\"name\":\"Tr\u00e6 ring stabler - Woodinout \u00a9 Montessori leget\u00f8j\",\"isPartOf\":{\"@id\":\"https:\/\/woodinout.net\/da\/#website\"},\"datePublished\":\"2021-03-19T17:22:40+00:00\",\"dateModified\":\"2022-04-22T09:21:50+00:00\",\"description\":\"Naturligt tr\u00e6udviklingsleget\u00f8j til v\u00e6rdifuld familietid. Baby er ved at l\u00e6re p\u00e5 en sund m\u00e5de med denne ring stabler. Verdensomsp\u00e6ndende forsendelse.\",\"breadcrumb\":{\"@id\":\"https:\/\/woodinout.net\/da\/product\/trae-ring-stabler\/#breadcrumb\"},\"inLanguage\":\"da-DK\",\"potentialAction\":[{\"@type\":\"ReadAction\",\"target\":[\"https:\/\/woodinout.net\/da\/product\/trae-ring-stabler\/\"]}]},{\"@type\":\"BreadcrumbList\",\"@id\":\"https:\/\/woodinout.net\/da\/product\/trae-ring-stabler\/#breadcrumb\",\"itemListElement\":[{\"@type\":\"ListItem\",\"position\":1,\"name\":\"Home\",\"item\":\"https:\/\/woodinout.net\/da\/\"},{\"@type\":\"ListItem\",\"position\":2,\"name\":\"Shop\",\"item\":\"https:\/\/woodinout.net\/shop\/\"},{\"@type\":\"ListItem\",\"position\":3,\"name\":\"Tr\u00e6 ring stabler\"}]},{\"@type\":\"WebSite\",\"@id\":\"https:\/\/woodinout.net\/da\/#website\",\"url\":\"https:\/\/woodinout.net\/da\/\",\"name\":\"Woodinout \u00a9\",\"description\":\"Wooden Montessori toys, gifts, home and events decor details\",\"potentialAction\":[{\"@type\":\"SearchAction\",\"target\":{\"@type\":\"EntryPoint\",\"urlTemplate\":\"https:\/\/woodinout.net\/da\/?s={search_term_string}\"},\"query-input\":\"required name=search_term_string\"}],\"inLanguage\":\"da-DK\"}]}<\/script>\n<!-- \/ Yoast SEO plugin. -->","yoast_head_json":{"title":"Tr\u00e6 ring stabler - Woodinout \u00a9 Montessori leget\u00f8j","description":"Naturligt tr\u00e6udviklingsleget\u00f8j til v\u00e6rdifuld familietid. Baby er ved at l\u00e6re p\u00e5 en sund m\u00e5de med denne ring stabler. Verdensomsp\u00e6ndende forsendelse.","robots":{"index":"index","follow":"follow","max-snippet":"max-snippet:-1","max-image-preview":"max-image-preview:large","max-video-preview":"max-video-preview:-1"},"canonical":"https:\/\/woodinout.net\/da\/product\/trae-ring-stabler\/","og_locale":"da_DK","og_type":"article","og_title":"Tr\u00e6 ring stabler - Woodinout \u00a9 Montessori leget\u00f8j","og_description":"Naturligt tr\u00e6udviklingsleget\u00f8j til v\u00e6rdifuld familietid. Baby er ved at l\u00e6re p\u00e5 en sund m\u00e5de med denne ring stabler. Verdensomsp\u00e6ndende forsendelse.","og_url":"https:\/\/woodinout.net\/da\/product\/trae-ring-stabler\/","og_site_name":"Woodinout \u00a9","article_modified_time":"2022-04-22T09:21:50+00:00","og_image":[{"width":1706,"height":2560,"url":"https:\/\/woodinout.net\/wp-content\/uploads\/2021\/03\/Wooden_ring_stacker_1.jpg","type":"image\/jpeg"}],"twitter_card":"summary_large_image","twitter_misc":{"Estimeret l\u00e6setid":"1 minut"},"schema":{"@context":"https:\/\/schema.org","@graph":[{"@type":"WebPage","@id":"https:\/\/woodinout.net\/da\/product\/trae-ring-stabler\/","url":"https:\/\/woodinout.net\/da\/product\/trae-ring-stabler\/","name":"Tr\u00e6 ring stabler - Woodinout \u00a9 Montessori leget\u00f8j","isPartOf":{"@id":"https:\/\/woodinout.net\/da\/#website"},"datePublished":"2021-03-19T17:22:40+00:00","dateModified":"2022-04-22T09:21:50+00:00","description":"Naturligt tr\u00e6udviklingsleget\u00f8j til v\u00e6rdifuld familietid. Baby er ved at l\u00e6re p\u00e5 en sund m\u00e5de med denne ring stabler. Verdensomsp\u00e6ndende forsendelse.","breadcrumb":{"@id":"https:\/\/woodinout.net\/da\/product\/trae-ring-stabler\/#breadcrumb"},"inLanguage":"da-DK","potentialAction":[{"@type":"ReadAction","target":["https:\/\/woodinout.net\/da\/product\/trae-ring-stabler\/"]}]},{"@type":"BreadcrumbList","@id":"https:\/\/woodinout.net\/da\/product\/trae-ring-stabler\/#breadcrumb","itemListElement":[{"@type":"ListItem","position":1,"name":"Home","item":"https:\/\/woodinout.net\/da\/"},{"@type":"ListItem","position":2,"name":"Shop","item":"https:\/\/woodinout.net\/shop\/"},{"@type":"ListItem","position":3,"name":"Tr\u00e6 ring stabler"}]},{"@type":"WebSite","@id":"https:\/\/woodinout.net\/da\/#website","url":"https:\/\/woodinout.net\/da\/","name":"Woodinout \u00a9","description":"Wooden Montessori toys, gifts, home and events decor details","potentialAction":[{"@type":"SearchAction","target":{"@type":"EntryPoint","urlTemplate":"https:\/\/woodinout.net\/da\/?s={search_term_string}"},"query-input":"required name=search_term_string"}],"inLanguage":"da-DK"}]}},"_links":{"self":[{"href":"https:\/\/woodinout.net\/da\/wp-json\/wp\/v2\/product\/21511"}],"collection":[{"href":"https:\/\/woodinout.net\/da\/wp-json\/wp\/v2\/product"}],"about":[{"href":"https:\/\/woodinout.net\/da\/wp-json\/wp\/v2\/types\/product"}],"wp:featuredmedia":[{"embeddable":true,"href":"https:\/\/woodinout.net\/da\/wp-json\/wp\/v2\/media\/19757"}],"wp:attachment":[{"href":"https:\/\/woodinout.net\/da\/wp-json\/wp\/v2\/media?parent=21511"}],"wp:term":[{"taxonomy":"product_cat","embeddable":true,"href":"https:\/\/woodinout.net\/da\/wp-json\/wp\/v2\/product_cat?post=21511"},{"taxonomy":"product_tag","embeddable":true,"href":"https:\/\/woodinout.net\/da\/wp-json\/wp\/v2\/product_tag?post=21511"}],"curies":[{"name":"wp","href":"https:\/\/api.w.org\/{rel}","templated":true}]}}