{"id":21509,"date":"2020-06-30T23:05:16","date_gmt":"2020-06-30T20:05:16","guid":{"rendered":"https:\/\/woodinout.net\/product\/fraktioner-der-laerer-legetoej\/"},"modified":"2022-04-22T12:27:30","modified_gmt":"2022-04-22T09:27:30","slug":"montessori-math-fraktioner-learning-legetoj","status":"publish","type":"product","link":"https:\/\/woodinout.net\/da\/product\/montessori-math-fraktioner-learning-legetoj\/","title":{"rendered":"Fraktioner, der l\u00e6rer leget\u00f8j"},"content":{"rendered":"<h1>Fraktioner, der l\u00e6rer leget\u00f8j<\/h1>\n<p>er en af vores Tr\u00e6 Montessori matematik leget\u00f8j. Dette er, hvad vi g\u00f8r bedst. Absolut stilfuld og korrekt h\u00e5ndlavet med materialer af bedste kvalitet. Tr\u00e6 l\u00e6ring matematik spil for b\u00f8rn er helt sikkert bedst Preschool matematik gaver til b\u00f8rn, tro mig for\u00e6ldre vil takke dig. Simpelthen som at tr\u00e6 fraktioner l\u00e6ring leget\u00f8j bliver vinkel planar + fraktioner, tal og t\u00e6lle v\u00e6rkt\u00f8j til NEM, SJOV &amp;V\u00c6RDIFULDt spil.<\/p>\n<p>S\u00e6ttet indeholder:<br \/>\nTr\u00e6br\u00e6t<br \/>\n32 Fraktion stykker: 12 af 1\/12, 8 af 1\/8, 6 af 1\/6, 4 af 1\/4, 2 af 1\/2. (Krydsfiner 0,12 tykkelse)<\/p>\n<p>DIMENSIONER<\/p>\n<p>Hovedbestyrelse<br \/>\nDiameter: ~6 tommer<br \/>\nTykkelse: ~0,6 tommer<\/p>\n<p>FARVER OG MATERIALE<br \/>\nFarve: m\u00f8rkebrun og naturlig olieret.<br \/>\nLeget\u00f8jet er lavet af naturligt massivt tr\u00e6 og krydsfiner.<br \/>\nBem\u00e6rk, at farverne kan variere p\u00e5 grund af indstillinger for computersk\u00e6rm og lettelse.<\/p>\n","protected":false},"excerpt":{"rendered":"<p>Fraktioner, der l\u00e6rer leget\u00f8j er en af vores Tr\u00e6 Montessori matematik leget\u00f8j. Dette er, hvad vi g\u00f8r bedst. Absolut stilfuld og korrekt h\u00e5ndlavet med materialer af bedste kvalitet. Tr\u00e6 l\u00e6ring matematik spil for b\u00f8rn er helt sikkert bedst Preschool matematik gaver til b\u00f8rn, tro mig for\u00e6ldre vil takke dig. Simpelthen som at tr\u00e6 fraktioner l\u00e6ring [&hellip;]<\/p>\n","protected":false},"featured_media":18325,"template":"","meta":{"_monsterinsights_skip_tracking":false,"_monsterinsights_sitenote_active":false,"_monsterinsights_sitenote_note":"","_monsterinsights_sitenote_category":0},"product_cat":[1431,1647],"product_tag":[2179,2180,1488,1483,1439,1479,1672,1667,1498,1472,1452,1460],"yoast_head":"<!-- This site is optimized with the Yoast SEO plugin v22.1 - https:\/\/yoast.com\/wordpress\/plugins\/seo\/ -->\n<title>Fraktioner, der l\u00e6rer leget\u00f8j - Woodinout \u00a9 Montessori leget\u00f8j<\/title>\n<meta name=\"description\" content=\"Tr\u00e6fraktioner l\u00e6ring leget\u00f8j bliver vinkel planar + br\u00f8ker, tal og t\u00e6lle v\u00e6rkt\u00f8j til NEM, SJOV &amp;V\u00c6RDIFULDt spil.\" \/>\n<meta name=\"robots\" content=\"index, follow, max-snippet:-1, max-image-preview:large, max-video-preview:-1\" \/>\n<link rel=\"canonical\" href=\"https:\/\/woodinout.net\/da\/product\/montessori-math-fraktioner-learning-legetoj\/\" \/>\n<meta property=\"og:locale\" content=\"da_DK\" \/>\n<meta property=\"og:type\" content=\"article\" \/>\n<meta property=\"og:title\" content=\"Fraktioner, der l\u00e6rer leget\u00f8j - Woodinout \u00a9 Montessori leget\u00f8j\" \/>\n<meta property=\"og:description\" content=\"Tr\u00e6fraktioner l\u00e6ring leget\u00f8j bliver vinkel planar + br\u00f8ker, tal og t\u00e6lle v\u00e6rkt\u00f8j til NEM, SJOV &amp;V\u00c6RDIFULDt spil.\" \/>\n<meta property=\"og:url\" content=\"https:\/\/woodinout.net\/da\/product\/montessori-math-fraktioner-learning-legetoj\/\" \/>\n<meta property=\"og:site_name\" content=\"Woodinout \u00a9\" \/>\n<meta property=\"article:modified_time\" content=\"2022-04-22T09:27:30+00:00\" \/>\n<meta property=\"og:image\" content=\"https:\/\/woodinout.net\/wp-content\/uploads\/2020\/06\/Montessori-math-fractions-learning-toys-1.jpg\" \/>\n\t<meta property=\"og:image:width\" content=\"853\" \/>\n\t<meta property=\"og:image:height\" content=\"1280\" \/>\n\t<meta property=\"og:image:type\" content=\"image\/jpeg\" \/>\n<meta name=\"twitter:card\" content=\"summary_large_image\" \/>\n<meta name=\"twitter:label1\" content=\"Estimeret l\u00e6setid\" \/>\n\t<meta name=\"twitter:data1\" content=\"1 minut\" \/>\n<script type=\"application\/ld+json\" class=\"yoast-schema-graph\">{\"@context\":\"https:\/\/schema.org\",\"@graph\":[{\"@type\":\"WebPage\",\"@id\":\"https:\/\/woodinout.net\/da\/product\/montessori-math-fraktioner-learning-legetoj\/\",\"url\":\"https:\/\/woodinout.net\/da\/product\/montessori-math-fraktioner-learning-legetoj\/\",\"name\":\"Fraktioner, der l\u00e6rer leget\u00f8j - Woodinout \u00a9 Montessori leget\u00f8j\",\"isPartOf\":{\"@id\":\"https:\/\/woodinout.net\/da\/#website\"},\"datePublished\":\"2020-06-30T20:05:16+00:00\",\"dateModified\":\"2022-04-22T09:27:30+00:00\",\"description\":\"Tr\u00e6fraktioner l\u00e6ring leget\u00f8j bliver vinkel planar + br\u00f8ker, tal og t\u00e6lle v\u00e6rkt\u00f8j til NEM, SJOV &V\u00c6RDIFULDt spil.\",\"breadcrumb\":{\"@id\":\"https:\/\/woodinout.net\/da\/product\/montessori-math-fraktioner-learning-legetoj\/#breadcrumb\"},\"inLanguage\":\"da-DK\",\"potentialAction\":[{\"@type\":\"ReadAction\",\"target\":[\"https:\/\/woodinout.net\/da\/product\/montessori-math-fraktioner-learning-legetoj\/\"]}]},{\"@type\":\"BreadcrumbList\",\"@id\":\"https:\/\/woodinout.net\/da\/product\/montessori-math-fraktioner-learning-legetoj\/#breadcrumb\",\"itemListElement\":[{\"@type\":\"ListItem\",\"position\":1,\"name\":\"Home\",\"item\":\"https:\/\/woodinout.net\/da\/\"},{\"@type\":\"ListItem\",\"position\":2,\"name\":\"Shop\",\"item\":\"https:\/\/woodinout.net\/shop\/\"},{\"@type\":\"ListItem\",\"position\":3,\"name\":\"Fraktioner, der l\u00e6rer leget\u00f8j\"}]},{\"@type\":\"WebSite\",\"@id\":\"https:\/\/woodinout.net\/da\/#website\",\"url\":\"https:\/\/woodinout.net\/da\/\",\"name\":\"Woodinout \u00a9\",\"description\":\"Wooden Montessori toys, gifts, home and events decor details\",\"potentialAction\":[{\"@type\":\"SearchAction\",\"target\":{\"@type\":\"EntryPoint\",\"urlTemplate\":\"https:\/\/woodinout.net\/da\/?s={search_term_string}\"},\"query-input\":\"required name=search_term_string\"}],\"inLanguage\":\"da-DK\"}]}<\/script>\n<!-- \/ Yoast SEO plugin. -->","yoast_head_json":{"title":"Fraktioner, der l\u00e6rer leget\u00f8j - Woodinout \u00a9 Montessori leget\u00f8j","description":"Tr\u00e6fraktioner l\u00e6ring leget\u00f8j bliver vinkel planar + br\u00f8ker, tal og t\u00e6lle v\u00e6rkt\u00f8j til NEM, SJOV &V\u00c6RDIFULDt spil.","robots":{"index":"index","follow":"follow","max-snippet":"max-snippet:-1","max-image-preview":"max-image-preview:large","max-video-preview":"max-video-preview:-1"},"canonical":"https:\/\/woodinout.net\/da\/product\/montessori-math-fraktioner-learning-legetoj\/","og_locale":"da_DK","og_type":"article","og_title":"Fraktioner, der l\u00e6rer leget\u00f8j - Woodinout \u00a9 Montessori leget\u00f8j","og_description":"Tr\u00e6fraktioner l\u00e6ring leget\u00f8j bliver vinkel planar + br\u00f8ker, tal og t\u00e6lle v\u00e6rkt\u00f8j til NEM, SJOV &V\u00c6RDIFULDt spil.","og_url":"https:\/\/woodinout.net\/da\/product\/montessori-math-fraktioner-learning-legetoj\/","og_site_name":"Woodinout \u00a9","article_modified_time":"2022-04-22T09:27:30+00:00","og_image":[{"width":853,"height":1280,"url":"https:\/\/woodinout.net\/wp-content\/uploads\/2020\/06\/Montessori-math-fractions-learning-toys-1.jpg","type":"image\/jpeg"}],"twitter_card":"summary_large_image","twitter_misc":{"Estimeret l\u00e6setid":"1 minut"},"schema":{"@context":"https:\/\/schema.org","@graph":[{"@type":"WebPage","@id":"https:\/\/woodinout.net\/da\/product\/montessori-math-fraktioner-learning-legetoj\/","url":"https:\/\/woodinout.net\/da\/product\/montessori-math-fraktioner-learning-legetoj\/","name":"Fraktioner, der l\u00e6rer leget\u00f8j - Woodinout \u00a9 Montessori leget\u00f8j","isPartOf":{"@id":"https:\/\/woodinout.net\/da\/#website"},"datePublished":"2020-06-30T20:05:16+00:00","dateModified":"2022-04-22T09:27:30+00:00","description":"Tr\u00e6fraktioner l\u00e6ring leget\u00f8j bliver vinkel planar + br\u00f8ker, tal og t\u00e6lle v\u00e6rkt\u00f8j til NEM, SJOV &V\u00c6RDIFULDt spil.","breadcrumb":{"@id":"https:\/\/woodinout.net\/da\/product\/montessori-math-fraktioner-learning-legetoj\/#breadcrumb"},"inLanguage":"da-DK","potentialAction":[{"@type":"ReadAction","target":["https:\/\/woodinout.net\/da\/product\/montessori-math-fraktioner-learning-legetoj\/"]}]},{"@type":"BreadcrumbList","@id":"https:\/\/woodinout.net\/da\/product\/montessori-math-fraktioner-learning-legetoj\/#breadcrumb","itemListElement":[{"@type":"ListItem","position":1,"name":"Home","item":"https:\/\/woodinout.net\/da\/"},{"@type":"ListItem","position":2,"name":"Shop","item":"https:\/\/woodinout.net\/shop\/"},{"@type":"ListItem","position":3,"name":"Fraktioner, der l\u00e6rer leget\u00f8j"}]},{"@type":"WebSite","@id":"https:\/\/woodinout.net\/da\/#website","url":"https:\/\/woodinout.net\/da\/","name":"Woodinout \u00a9","description":"Wooden Montessori toys, gifts, home and events decor details","potentialAction":[{"@type":"SearchAction","target":{"@type":"EntryPoint","urlTemplate":"https:\/\/woodinout.net\/da\/?s={search_term_string}"},"query-input":"required name=search_term_string"}],"inLanguage":"da-DK"}]}},"_links":{"self":[{"href":"https:\/\/woodinout.net\/da\/wp-json\/wp\/v2\/product\/21509"}],"collection":[{"href":"https:\/\/woodinout.net\/da\/wp-json\/wp\/v2\/product"}],"about":[{"href":"https:\/\/woodinout.net\/da\/wp-json\/wp\/v2\/types\/product"}],"wp:featuredmedia":[{"embeddable":true,"href":"https:\/\/woodinout.net\/da\/wp-json\/wp\/v2\/media\/18325"}],"wp:attachment":[{"href":"https:\/\/woodinout.net\/da\/wp-json\/wp\/v2\/media?parent=21509"}],"wp:term":[{"taxonomy":"product_cat","embeddable":true,"href":"https:\/\/woodinout.net\/da\/wp-json\/wp\/v2\/product_cat?post=21509"},{"taxonomy":"product_tag","embeddable":true,"href":"https:\/\/woodinout.net\/da\/wp-json\/wp\/v2\/product_tag?post=21509"}],"curies":[{"name":"wp","href":"https:\/\/api.w.org\/{rel}","templated":true}]}}