{"id":21498,"date":"2021-03-21T14:02:13","date_gmt":"2021-03-21T12:02:13","guid":{"rendered":"https:\/\/woodinout.net\/product\/snoerebraet\/"},"modified":"2022-04-25T08:50:34","modified_gmt":"2022-04-25T05:50:34","slug":"snorebraet","status":"publish","type":"product","link":"https:\/\/woodinout.net\/da\/product\/snorebraet\/","title":{"rendered":"Sn\u00f8rebr\u00e6t"},"content":{"rendered":"<p>Tr\u00e6 sn\u00f8rebr\u00e6t leget\u00f8j er b\u00f8rn gave id\u00e9, det er v\u00e6rdifuldt, godt v\u00e6rdsat af for\u00e6ldre og stilfuld! Bliv seri\u00f8st kreativ med Montessori inspireret leget\u00f8j. De er velkendte over hele verden af en grund, dette tr\u00e6 gevind leget\u00f8j er ingen undtagelse.<\/p>\n<p>Kid vil forbedre \u00f8jet h\u00e5nd koordinering;<\/p>\n<p>Kid vil udvikle finmotorik; Flere finmotoriske f\u00e6rdighedsaktiviteter <a href=\"https:\/\/woodinout.net\/product-tag\/fine-motor-skills-activities\/\">her.<\/a><\/p>\n<p>Lacing board leget\u00f8j er bedste sm\u00e5b\u00f8rnsgave til kreative legeelskere. H\u00e5ndlavede p\u00e6dagogiske leget\u00f8j er s\u00e5 flot, passer til enhver stil indretning i pige eller dreng legerum. Wooden Learning leget\u00f8j &#8211; det er hvad vi er bedst til Woodinout, f\u00e5 dette udviklende leget\u00f8j NU og slutte sig til familien af glade kunder!<\/p>\n<p>S\u00e6ttet indeholder:<br \/>\nTr\u00e6br\u00e6t<br \/>\n3 stk. af 1 meter ledning<\/p>\n<p>DIMENSIONER<br \/>\nH\u00f8jde: ~22 cm<br \/>\nL\u00e6ngde: ~32 cm<br \/>\nTykkelse: ~1,7 cm<\/p>\n<p>FARVER OG MATERIALE<br \/>\nFarve: naturtr\u00e6<br \/>\nLeget\u00f8j er lavet af naturligt massivt h\u00e5rdttr\u00e6; Bomuld\/polyester ledning.<br \/>\nBem\u00e6rk, at farverne kan variere p\u00e5 grund af indstillinger for computersk\u00e6rm og lettelse.<\/p>\n<p>For flere ideer, f\u00f8lg os p\u00e5 <a href=\"https:\/\/www.instagram.com\/woodinout\/\">INSTAGRAM<\/a> &amp; <a href=\"https:\/\/www.facebook.com\/Woodinout.net\">FACEBOOK<\/a><\/p>\n","protected":false},"excerpt":{"rendered":"<p>Tr\u00e6 sn\u00f8rebr\u00e6t leget\u00f8j er b\u00f8rn gave id\u00e9, det er v\u00e6rdifuldt, godt v\u00e6rdsat af for\u00e6ldre og stilfuld! Bliv seri\u00f8st kreativ med Montessori inspireret leget\u00f8j. De er velkendte over hele verden af en grund, dette tr\u00e6 gevind leget\u00f8j er ingen undtagelse. Kid vil forbedre \u00f8jet h\u00e5nd koordinering; Kid vil udvikle finmotorik; Flere finmotoriske f\u00e6rdighedsaktiviteter her. Lacing board [&hellip;]<\/p>\n","protected":false},"featured_media":19821,"template":"","meta":{"_monsterinsights_skip_tracking":false,"_monsterinsights_sitenote_active":false,"_monsterinsights_sitenote_note":"","_monsterinsights_sitenote_category":0},"product_cat":[1696,1431],"product_tag":[1674,1488,1483,1697,1650,1439,1479,1472,1660,1452,1460],"yoast_head":"<!-- This site is optimized with the Yoast SEO plugin v22.1 - https:\/\/yoast.com\/wordpress\/plugins\/seo\/ -->\n<title>Sn\u00f8rebr\u00e6t - Woodinout \u00a9 Montessori leget\u00f8j<\/title>\n<meta name=\"description\" content=\"Sn\u00f8rebr\u00e6t leget\u00f8j - Perfekt til finmotorik aktiviteter. Imrove kreativitet og fantasi. Lavet af naturligt h\u00e5rdttr\u00e6.\" \/>\n<meta name=\"robots\" content=\"index, follow, max-snippet:-1, max-image-preview:large, max-video-preview:-1\" \/>\n<link rel=\"canonical\" href=\"https:\/\/woodinout.net\/da\/product\/snorebraet\/\" \/>\n<meta property=\"og:locale\" content=\"da_DK\" \/>\n<meta property=\"og:type\" content=\"article\" \/>\n<meta property=\"og:title\" content=\"Sn\u00f8rebr\u00e6t - Woodinout \u00a9 Montessori leget\u00f8j\" \/>\n<meta property=\"og:description\" content=\"Sn\u00f8rebr\u00e6t leget\u00f8j - Perfekt til finmotorik aktiviteter. Imrove kreativitet og fantasi. Lavet af naturligt h\u00e5rdttr\u00e6.\" \/>\n<meta property=\"og:url\" content=\"https:\/\/woodinout.net\/da\/product\/snorebraet\/\" \/>\n<meta property=\"og:site_name\" content=\"Woodinout \u00a9\" \/>\n<meta property=\"article:modified_time\" content=\"2022-04-25T05:50:34+00:00\" \/>\n<meta property=\"og:image\" content=\"https:\/\/woodinout.net\/wp-content\/uploads\/2021\/03\/Lacing_board_4.jpg\" \/>\n\t<meta property=\"og:image:width\" content=\"1706\" \/>\n\t<meta property=\"og:image:height\" content=\"2560\" \/>\n\t<meta property=\"og:image:type\" content=\"image\/jpeg\" \/>\n<meta name=\"twitter:card\" content=\"summary_large_image\" \/>\n<meta name=\"twitter:label1\" content=\"Estimeret l\u00e6setid\" \/>\n\t<meta name=\"twitter:data1\" content=\"1 minut\" \/>\n<script type=\"application\/ld+json\" class=\"yoast-schema-graph\">{\"@context\":\"https:\/\/schema.org\",\"@graph\":[{\"@type\":\"WebPage\",\"@id\":\"https:\/\/woodinout.net\/da\/product\/snorebraet\/\",\"url\":\"https:\/\/woodinout.net\/da\/product\/snorebraet\/\",\"name\":\"Sn\u00f8rebr\u00e6t - Woodinout \u00a9 Montessori leget\u00f8j\",\"isPartOf\":{\"@id\":\"https:\/\/woodinout.net\/da\/#website\"},\"datePublished\":\"2021-03-21T12:02:13+00:00\",\"dateModified\":\"2022-04-25T05:50:34+00:00\",\"description\":\"Sn\u00f8rebr\u00e6t leget\u00f8j - Perfekt til finmotorik aktiviteter. Imrove kreativitet og fantasi. Lavet af naturligt h\u00e5rdttr\u00e6.\",\"breadcrumb\":{\"@id\":\"https:\/\/woodinout.net\/da\/product\/snorebraet\/#breadcrumb\"},\"inLanguage\":\"da-DK\",\"potentialAction\":[{\"@type\":\"ReadAction\",\"target\":[\"https:\/\/woodinout.net\/da\/product\/snorebraet\/\"]}]},{\"@type\":\"BreadcrumbList\",\"@id\":\"https:\/\/woodinout.net\/da\/product\/snorebraet\/#breadcrumb\",\"itemListElement\":[{\"@type\":\"ListItem\",\"position\":1,\"name\":\"Home\",\"item\":\"https:\/\/woodinout.net\/da\/\"},{\"@type\":\"ListItem\",\"position\":2,\"name\":\"Shop\",\"item\":\"https:\/\/woodinout.net\/shop\/\"},{\"@type\":\"ListItem\",\"position\":3,\"name\":\"Sn\u00f8rebr\u00e6t\"}]},{\"@type\":\"WebSite\",\"@id\":\"https:\/\/woodinout.net\/da\/#website\",\"url\":\"https:\/\/woodinout.net\/da\/\",\"name\":\"Woodinout \u00a9\",\"description\":\"Wooden Montessori toys, gifts, home and events decor details\",\"potentialAction\":[{\"@type\":\"SearchAction\",\"target\":{\"@type\":\"EntryPoint\",\"urlTemplate\":\"https:\/\/woodinout.net\/da\/?s={search_term_string}\"},\"query-input\":\"required name=search_term_string\"}],\"inLanguage\":\"da-DK\"}]}<\/script>\n<!-- \/ Yoast SEO plugin. -->","yoast_head_json":{"title":"Sn\u00f8rebr\u00e6t - Woodinout \u00a9 Montessori leget\u00f8j","description":"Sn\u00f8rebr\u00e6t leget\u00f8j - Perfekt til finmotorik aktiviteter. Imrove kreativitet og fantasi. Lavet af naturligt h\u00e5rdttr\u00e6.","robots":{"index":"index","follow":"follow","max-snippet":"max-snippet:-1","max-image-preview":"max-image-preview:large","max-video-preview":"max-video-preview:-1"},"canonical":"https:\/\/woodinout.net\/da\/product\/snorebraet\/","og_locale":"da_DK","og_type":"article","og_title":"Sn\u00f8rebr\u00e6t - Woodinout \u00a9 Montessori leget\u00f8j","og_description":"Sn\u00f8rebr\u00e6t leget\u00f8j - Perfekt til finmotorik aktiviteter. Imrove kreativitet og fantasi. Lavet af naturligt h\u00e5rdttr\u00e6.","og_url":"https:\/\/woodinout.net\/da\/product\/snorebraet\/","og_site_name":"Woodinout \u00a9","article_modified_time":"2022-04-25T05:50:34+00:00","og_image":[{"width":1706,"height":2560,"url":"https:\/\/woodinout.net\/wp-content\/uploads\/2021\/03\/Lacing_board_4.jpg","type":"image\/jpeg"}],"twitter_card":"summary_large_image","twitter_misc":{"Estimeret l\u00e6setid":"1 minut"},"schema":{"@context":"https:\/\/schema.org","@graph":[{"@type":"WebPage","@id":"https:\/\/woodinout.net\/da\/product\/snorebraet\/","url":"https:\/\/woodinout.net\/da\/product\/snorebraet\/","name":"Sn\u00f8rebr\u00e6t - Woodinout \u00a9 Montessori leget\u00f8j","isPartOf":{"@id":"https:\/\/woodinout.net\/da\/#website"},"datePublished":"2021-03-21T12:02:13+00:00","dateModified":"2022-04-25T05:50:34+00:00","description":"Sn\u00f8rebr\u00e6t leget\u00f8j - Perfekt til finmotorik aktiviteter. Imrove kreativitet og fantasi. Lavet af naturligt h\u00e5rdttr\u00e6.","breadcrumb":{"@id":"https:\/\/woodinout.net\/da\/product\/snorebraet\/#breadcrumb"},"inLanguage":"da-DK","potentialAction":[{"@type":"ReadAction","target":["https:\/\/woodinout.net\/da\/product\/snorebraet\/"]}]},{"@type":"BreadcrumbList","@id":"https:\/\/woodinout.net\/da\/product\/snorebraet\/#breadcrumb","itemListElement":[{"@type":"ListItem","position":1,"name":"Home","item":"https:\/\/woodinout.net\/da\/"},{"@type":"ListItem","position":2,"name":"Shop","item":"https:\/\/woodinout.net\/shop\/"},{"@type":"ListItem","position":3,"name":"Sn\u00f8rebr\u00e6t"}]},{"@type":"WebSite","@id":"https:\/\/woodinout.net\/da\/#website","url":"https:\/\/woodinout.net\/da\/","name":"Woodinout \u00a9","description":"Wooden Montessori toys, gifts, home and events decor details","potentialAction":[{"@type":"SearchAction","target":{"@type":"EntryPoint","urlTemplate":"https:\/\/woodinout.net\/da\/?s={search_term_string}"},"query-input":"required name=search_term_string"}],"inLanguage":"da-DK"}]}},"_links":{"self":[{"href":"https:\/\/woodinout.net\/da\/wp-json\/wp\/v2\/product\/21498"}],"collection":[{"href":"https:\/\/woodinout.net\/da\/wp-json\/wp\/v2\/product"}],"about":[{"href":"https:\/\/woodinout.net\/da\/wp-json\/wp\/v2\/types\/product"}],"wp:featuredmedia":[{"embeddable":true,"href":"https:\/\/woodinout.net\/da\/wp-json\/wp\/v2\/media\/19821"}],"wp:attachment":[{"href":"https:\/\/woodinout.net\/da\/wp-json\/wp\/v2\/media?parent=21498"}],"wp:term":[{"taxonomy":"product_cat","embeddable":true,"href":"https:\/\/woodinout.net\/da\/wp-json\/wp\/v2\/product_cat?post=21498"},{"taxonomy":"product_tag","embeddable":true,"href":"https:\/\/woodinout.net\/da\/wp-json\/wp\/v2\/product_tag?post=21498"}],"curies":[{"name":"wp","href":"https:\/\/api.w.org\/{rel}","templated":true}]}}