{"id":21497,"date":"2020-06-30T23:23:12","date_gmt":"2020-06-30T20:23:12","guid":{"rendered":"https:\/\/woodinout.net\/product\/traeobjekt-taelle-kort\/"},"modified":"2022-04-22T12:26:55","modified_gmt":"2022-04-22T09:26:55","slug":"trae-taelle-objekt-blokke","status":"publish","type":"product","link":"https:\/\/woodinout.net\/da\/product\/trae-taelle-objekt-blokke\/","title":{"rendered":"Tr\u00e6objekt t\u00e6lle kort"},"content":{"rendered":"<h1>Tr\u00e6objekt t\u00e6lle kort<\/h1>\n<p>er en sjov og nem m\u00e5de at undervise i matematik, tal og opt\u00e6lling. Objekt bel\u00f8b billeder p\u00e5 Montessori inspirerede tr\u00e6blokke hj\u00e6lpe visualisere tal og t\u00e6lle. En marieh\u00f8ne. Tre bolde .. TI&#8230;??? Objektt\u00e6llingskort hj\u00e6lper ogs\u00e5 med at udvikle dine sm\u00e5b\u00f8rns ordforr\u00e5d p\u00e5 den mest interessante m\u00e5de. At t\u00e6lle med 10 forskellige billeder er meget mere sp\u00e6ndende. Kompatibel med vores l\u00e6ringsspil, som vi foretr\u00e6kker at bruge som  <a href=\"http:\/\/woodinout.net\/product-tag\/math-manipulatives\/\">matematiske manipulative s\u00e5som<\/a> ti ramme 2&#215;5 eller 3&#215;5.<\/p>\n<p>En af de mest v\u00e6rdifulde b\u00f8rn matematik gaver, du kan f\u00e5 &#8211; vores tr\u00e6 p\u00e6dagogiske leget\u00f8j er lavet med k\u00e6rlighed og lidenskab. H\u00c5NDLAVET af materialer af bedste kvalitet er vores tr\u00e6leget\u00f8j sikkert at r\u00f8re ved, lege, f\u00f8le, endda smag!<\/p>\n<p>S\u00e6ttet indeholder:<br \/>\n10 stk. Krydsfinerkort med forskellige antal symboler<\/p>\n<p>DIMENSIONER<\/p>\n<p>H\u00f8jde: ~1,8 tommer<br \/>\nL\u00e6ngde: ~1,8 tommer<br \/>\nTykkelse: ~0,12 tommer<\/p>\n<p>FARVER OG MATERIALE<br \/>\nFarve: naturlig.<br \/>\nLeget\u00f8jet er lavet af krydsfiner.<br \/>\nBem\u00e6rk, at farverne kan variere p\u00e5 grund af indstillinger for computersk\u00e6rm og lettelse.<\/p>\n<div style=\"width: 1080px;\" class=\"wp-video\"><!--[if lt IE 9]><script>document.createElement('video');<\/script><![endif]-->\n<video class=\"wp-video-shortcode\" id=\"video-21497-1\" width=\"1080\" height=\"810\" preload=\"metadata\" controls=\"controls\"><source type=\"video\/mp4\" src=\"http:\/\/woodinout.net\/wp-content\/uploads\/2020\/06\/MEDINIS_5.mp4?_=1\" \/><a href=\"http:\/\/woodinout.net\/wp-content\/uploads\/2020\/06\/MEDINIS_5.mp4\">http:\/\/woodinout.net\/wp-content\/uploads\/2020\/06\/MEDINIS_5.mp4<\/a><\/video><\/div>\n","protected":false},"excerpt":{"rendered":"<p>Tr\u00e6objekt t\u00e6lle kort er en sjov og nem m\u00e5de at undervise i matematik, tal og opt\u00e6lling. Objekt bel\u00f8b billeder p\u00e5 Montessori inspirerede tr\u00e6blokke hj\u00e6lpe visualisere tal og t\u00e6lle. En marieh\u00f8ne. Tre bolde .. TI&#8230;??? Objektt\u00e6llingskort hj\u00e6lper ogs\u00e5 med at udvikle dine sm\u00e5b\u00f8rns ordforr\u00e5d p\u00e5 den mest interessante m\u00e5de. At t\u00e6lle med 10 forskellige billeder er [&hellip;]<\/p>\n","protected":false},"featured_media":18349,"template":"","meta":{"_monsterinsights_skip_tracking":false,"_monsterinsights_sitenote_active":false,"_monsterinsights_sitenote_note":"","_monsterinsights_sitenote_category":0},"product_cat":[1431,1647],"product_tag":[1488,1483,1439,1479,1498,1472,1452,1460,1504,2147],"yoast_head":"<!-- This site is optimized with the Yoast SEO plugin v22.1 - https:\/\/yoast.com\/wordpress\/plugins\/seo\/ -->\n<title>Tr\u00e6objekt t\u00e6lle kort - Woodinout \u00a9 Montessori leget\u00f8j<\/title>\n<meta name=\"description\" content=\"L\u00e6r b\u00f8rn matematik, tal og t\u00e6lle p\u00e5 en sjov m\u00e5de. Ogs\u00e5 udvikle sm\u00e5b\u00f8rn ordforr\u00e5d og lege med stilfulde h\u00e5ndlavede tr\u00e6blokke.\" \/>\n<meta name=\"robots\" content=\"index, follow, max-snippet:-1, max-image-preview:large, max-video-preview:-1\" \/>\n<link rel=\"canonical\" href=\"https:\/\/woodinout.net\/da\/product\/trae-taelle-objekt-blokke\/\" \/>\n<meta property=\"og:locale\" content=\"da_DK\" \/>\n<meta property=\"og:type\" content=\"article\" \/>\n<meta property=\"og:title\" content=\"Tr\u00e6objekt t\u00e6lle kort - Woodinout \u00a9 Montessori leget\u00f8j\" \/>\n<meta property=\"og:description\" content=\"L\u00e6r b\u00f8rn matematik, tal og t\u00e6lle p\u00e5 en sjov m\u00e5de. Ogs\u00e5 udvikle sm\u00e5b\u00f8rn ordforr\u00e5d og lege med stilfulde h\u00e5ndlavede tr\u00e6blokke.\" \/>\n<meta property=\"og:url\" content=\"https:\/\/woodinout.net\/da\/product\/trae-taelle-objekt-blokke\/\" \/>\n<meta property=\"og:site_name\" content=\"Woodinout \u00a9\" \/>\n<meta property=\"article:modified_time\" content=\"2022-04-22T09:26:55+00:00\" \/>\n<meta property=\"og:image\" content=\"https:\/\/woodinout.net\/wp-content\/uploads\/2020\/06\/Montessori-math-gifts-Numbers-and-Counting-1.jpg\" \/>\n\t<meta property=\"og:image:width\" content=\"853\" \/>\n\t<meta property=\"og:image:height\" content=\"1280\" \/>\n\t<meta property=\"og:image:type\" content=\"image\/jpeg\" \/>\n<meta name=\"twitter:card\" content=\"summary_large_image\" \/>\n<meta name=\"twitter:label1\" content=\"Estimeret l\u00e6setid\" \/>\n\t<meta name=\"twitter:data1\" content=\"1 minut\" \/>\n<script type=\"application\/ld+json\" class=\"yoast-schema-graph\">{\"@context\":\"https:\/\/schema.org\",\"@graph\":[{\"@type\":\"WebPage\",\"@id\":\"https:\/\/woodinout.net\/da\/product\/trae-taelle-objekt-blokke\/\",\"url\":\"https:\/\/woodinout.net\/da\/product\/trae-taelle-objekt-blokke\/\",\"name\":\"Tr\u00e6objekt t\u00e6lle kort - Woodinout \u00a9 Montessori leget\u00f8j\",\"isPartOf\":{\"@id\":\"https:\/\/woodinout.net\/da\/#website\"},\"datePublished\":\"2020-06-30T20:23:12+00:00\",\"dateModified\":\"2022-04-22T09:26:55+00:00\",\"description\":\"L\u00e6r b\u00f8rn matematik, tal og t\u00e6lle p\u00e5 en sjov m\u00e5de. Ogs\u00e5 udvikle sm\u00e5b\u00f8rn ordforr\u00e5d og lege med stilfulde h\u00e5ndlavede tr\u00e6blokke.\",\"breadcrumb\":{\"@id\":\"https:\/\/woodinout.net\/da\/product\/trae-taelle-objekt-blokke\/#breadcrumb\"},\"inLanguage\":\"da-DK\",\"potentialAction\":[{\"@type\":\"ReadAction\",\"target\":[\"https:\/\/woodinout.net\/da\/product\/trae-taelle-objekt-blokke\/\"]}]},{\"@type\":\"BreadcrumbList\",\"@id\":\"https:\/\/woodinout.net\/da\/product\/trae-taelle-objekt-blokke\/#breadcrumb\",\"itemListElement\":[{\"@type\":\"ListItem\",\"position\":1,\"name\":\"Home\",\"item\":\"https:\/\/woodinout.net\/da\/\"},{\"@type\":\"ListItem\",\"position\":2,\"name\":\"Shop\",\"item\":\"https:\/\/woodinout.net\/shop\/\"},{\"@type\":\"ListItem\",\"position\":3,\"name\":\"Tr\u00e6objekt t\u00e6lle kort\"}]},{\"@type\":\"WebSite\",\"@id\":\"https:\/\/woodinout.net\/da\/#website\",\"url\":\"https:\/\/woodinout.net\/da\/\",\"name\":\"Woodinout \u00a9\",\"description\":\"Wooden Montessori toys, gifts, home and events decor details\",\"potentialAction\":[{\"@type\":\"SearchAction\",\"target\":{\"@type\":\"EntryPoint\",\"urlTemplate\":\"https:\/\/woodinout.net\/da\/?s={search_term_string}\"},\"query-input\":\"required name=search_term_string\"}],\"inLanguage\":\"da-DK\"}]}<\/script>\n<!-- \/ Yoast SEO plugin. -->","yoast_head_json":{"title":"Tr\u00e6objekt t\u00e6lle kort - Woodinout \u00a9 Montessori leget\u00f8j","description":"L\u00e6r b\u00f8rn matematik, tal og t\u00e6lle p\u00e5 en sjov m\u00e5de. Ogs\u00e5 udvikle sm\u00e5b\u00f8rn ordforr\u00e5d og lege med stilfulde h\u00e5ndlavede tr\u00e6blokke.","robots":{"index":"index","follow":"follow","max-snippet":"max-snippet:-1","max-image-preview":"max-image-preview:large","max-video-preview":"max-video-preview:-1"},"canonical":"https:\/\/woodinout.net\/da\/product\/trae-taelle-objekt-blokke\/","og_locale":"da_DK","og_type":"article","og_title":"Tr\u00e6objekt t\u00e6lle kort - Woodinout \u00a9 Montessori leget\u00f8j","og_description":"L\u00e6r b\u00f8rn matematik, tal og t\u00e6lle p\u00e5 en sjov m\u00e5de. Ogs\u00e5 udvikle sm\u00e5b\u00f8rn ordforr\u00e5d og lege med stilfulde h\u00e5ndlavede tr\u00e6blokke.","og_url":"https:\/\/woodinout.net\/da\/product\/trae-taelle-objekt-blokke\/","og_site_name":"Woodinout \u00a9","article_modified_time":"2022-04-22T09:26:55+00:00","og_image":[{"width":853,"height":1280,"url":"https:\/\/woodinout.net\/wp-content\/uploads\/2020\/06\/Montessori-math-gifts-Numbers-and-Counting-1.jpg","type":"image\/jpeg"}],"twitter_card":"summary_large_image","twitter_misc":{"Estimeret l\u00e6setid":"1 minut"},"schema":{"@context":"https:\/\/schema.org","@graph":[{"@type":"WebPage","@id":"https:\/\/woodinout.net\/da\/product\/trae-taelle-objekt-blokke\/","url":"https:\/\/woodinout.net\/da\/product\/trae-taelle-objekt-blokke\/","name":"Tr\u00e6objekt t\u00e6lle kort - Woodinout \u00a9 Montessori leget\u00f8j","isPartOf":{"@id":"https:\/\/woodinout.net\/da\/#website"},"datePublished":"2020-06-30T20:23:12+00:00","dateModified":"2022-04-22T09:26:55+00:00","description":"L\u00e6r b\u00f8rn matematik, tal og t\u00e6lle p\u00e5 en sjov m\u00e5de. Ogs\u00e5 udvikle sm\u00e5b\u00f8rn ordforr\u00e5d og lege med stilfulde h\u00e5ndlavede tr\u00e6blokke.","breadcrumb":{"@id":"https:\/\/woodinout.net\/da\/product\/trae-taelle-objekt-blokke\/#breadcrumb"},"inLanguage":"da-DK","potentialAction":[{"@type":"ReadAction","target":["https:\/\/woodinout.net\/da\/product\/trae-taelle-objekt-blokke\/"]}]},{"@type":"BreadcrumbList","@id":"https:\/\/woodinout.net\/da\/product\/trae-taelle-objekt-blokke\/#breadcrumb","itemListElement":[{"@type":"ListItem","position":1,"name":"Home","item":"https:\/\/woodinout.net\/da\/"},{"@type":"ListItem","position":2,"name":"Shop","item":"https:\/\/woodinout.net\/shop\/"},{"@type":"ListItem","position":3,"name":"Tr\u00e6objekt t\u00e6lle kort"}]},{"@type":"WebSite","@id":"https:\/\/woodinout.net\/da\/#website","url":"https:\/\/woodinout.net\/da\/","name":"Woodinout \u00a9","description":"Wooden Montessori toys, gifts, home and events decor details","potentialAction":[{"@type":"SearchAction","target":{"@type":"EntryPoint","urlTemplate":"https:\/\/woodinout.net\/da\/?s={search_term_string}"},"query-input":"required name=search_term_string"}],"inLanguage":"da-DK"}]}},"_links":{"self":[{"href":"https:\/\/woodinout.net\/da\/wp-json\/wp\/v2\/product\/21497"}],"collection":[{"href":"https:\/\/woodinout.net\/da\/wp-json\/wp\/v2\/product"}],"about":[{"href":"https:\/\/woodinout.net\/da\/wp-json\/wp\/v2\/types\/product"}],"wp:featuredmedia":[{"embeddable":true,"href":"https:\/\/woodinout.net\/da\/wp-json\/wp\/v2\/media\/18349"}],"wp:attachment":[{"href":"https:\/\/woodinout.net\/da\/wp-json\/wp\/v2\/media?parent=21497"}],"wp:term":[{"taxonomy":"product_cat","embeddable":true,"href":"https:\/\/woodinout.net\/da\/wp-json\/wp\/v2\/product_cat?post=21497"},{"taxonomy":"product_tag","embeddable":true,"href":"https:\/\/woodinout.net\/da\/wp-json\/wp\/v2\/product_tag?post=21497"}],"curies":[{"name":"wp","href":"https:\/\/api.w.org\/{rel}","templated":true}]}}