{"id":21495,"date":"2021-03-19T11:57:02","date_gmt":"2021-03-19T09:57:02","guid":{"rendered":"https:\/\/woodinout.net\/product\/bakke-med-farver-der-laerer-farver\/"},"modified":"2022-04-28T10:59:15","modified_gmt":"2022-04-28T07:59:15","slug":"blande-farver-bakke","status":"publish","type":"product","link":"https:\/\/woodinout.net\/da\/product\/blande-farver-bakke\/","title":{"rendered":"Bakke med farver, der l\u00e6rer farver"},"content":{"rendered":"<p>Denne tr\u00e6 l\u00e6ring farver bakke er en unik Montessori f\u00f8rskole materiale. Sortering, opt\u00e6lling, fort\u00e6lle farver eller bruge det som en af sensoriske leget\u00f8j. Enkel, men med mange muligheder &#8211; brug det til Montessori opt\u00e6lling og farvesortering. Fyld tr\u00e6sandbakken med forskellige materialer for at skabe et af de mest popul\u00e6re beroligende sanseleget\u00f8j. Naturlig, inspireret af milj\u00f8venlige Waldorf leget\u00f8j dette er en perfekt Montessori klassev\u00e6relset eller Autisme l\u00e6ringsmateriale. V\u00e6lg med eller uden farvesorteringskort.<\/p>\n<p>A: Kit indeholder af:<br \/>\nTr\u00e6bakke<\/p>\n<p>B: Kit indeholder af:<br \/>\nTr\u00e6bakke<br \/>\n11psc. krydsfiner farve sorteringskort (1.9&#215;1.9in)<\/p>\n<p>Find flere kort at tilf\u00f8je <a href=\"https:\/\/woodinout.net\/?s=cards&amp;post_type=product\">HER.<\/a><\/p>\n<p>DIMENSIONER af bakke<br \/>\nL\u00e6ngde: ~20 cm<br \/>\nH\u00f8jde: ~11 cm<br \/>\nTykkelse: ~1,7 cm<\/p>\n<p>FARVER OG MATERIALE<br \/>\nFarve: naturlig og brun olieret.<br \/>\nLeget\u00f8jet er lavet af naturligt massivt tr\u00e6 og krydsfiner.<br \/>\nBem\u00e6rk, at farverne kan variere p\u00e5 grund af indstillinger for computersk\u00e6rm og lettelse.<\/p>\n<p>For flere ideer, f\u00f8lg os p\u00e5 <a href=\"https:\/\/www.instagram.com\/woodinout\/\">INSTAGRAM<\/a> &amp; <a href=\"https:\/\/www.facebook.com\/Woodinout.net\">FACEBOOK<\/a><\/p>\n<p>&nbsp;<\/p>\n","protected":false},"excerpt":{"rendered":"<p>Denne tr\u00e6 l\u00e6ring farver bakke er en unik Montessori f\u00f8rskole materiale. Sortering, opt\u00e6lling, fort\u00e6lle farver eller bruge det som en af sensoriske leget\u00f8j. Enkel, men med mange muligheder &#8211; brug det til Montessori opt\u00e6lling og farvesortering. Fyld tr\u00e6sandbakken med forskellige materialer for at skabe et af de mest popul\u00e6re beroligende sanseleget\u00f8j. Naturlig, inspireret af milj\u00f8venlige [&hellip;]<\/p>\n","protected":false},"featured_media":19349,"template":"","meta":{"_monsterinsights_skip_tracking":false,"_monsterinsights_sitenote_active":false,"_monsterinsights_sitenote_note":"","_monsterinsights_sitenote_category":0},"product_cat":[1651,1431,1647],"product_tag":[1488,1483,1439,2175,1479,1672,1667,1498,1472,1675,1452,1460,1858,1861],"yoast_head":"<!-- This site is optimized with the Yoast SEO plugin v22.1 - https:\/\/yoast.com\/wordpress\/plugins\/seo\/ -->\n<title>Bakke med farver, der l\u00e6rer farver - Woodinout \u00a9 Montessori leget\u00f8j<\/title>\n<meta name=\"description\" content=\"L\u00e6ring er nu sjovt og nemt - Naturligt tr\u00e6 Matematik leget\u00f8j til v\u00e6rdifuld familie tid. 10 sortering og opt\u00e6lling plader - mere L\u00e6r &amp; Spil m\u00e5der.\" \/>\n<meta name=\"robots\" content=\"index, follow, max-snippet:-1, max-image-preview:large, max-video-preview:-1\" \/>\n<link rel=\"canonical\" href=\"https:\/\/woodinout.net\/da\/product\/blande-farver-bakke\/\" \/>\n<meta property=\"og:locale\" content=\"da_DK\" \/>\n<meta property=\"og:type\" content=\"article\" \/>\n<meta property=\"og:title\" content=\"Bakke med farver, der l\u00e6rer farver - Woodinout \u00a9 Montessori leget\u00f8j\" \/>\n<meta property=\"og:description\" content=\"L\u00e6ring er nu sjovt og nemt - Naturligt tr\u00e6 Matematik leget\u00f8j til v\u00e6rdifuld familie tid. 10 sortering og opt\u00e6lling plader - mere L\u00e6r &amp; Spil m\u00e5der.\" \/>\n<meta property=\"og:url\" content=\"https:\/\/woodinout.net\/da\/product\/blande-farver-bakke\/\" \/>\n<meta property=\"og:site_name\" content=\"Woodinout \u00a9\" \/>\n<meta property=\"article:modified_time\" content=\"2022-04-28T07:59:15+00:00\" \/>\n<meta property=\"og:image\" content=\"https:\/\/woodinout.net\/wp-content\/uploads\/2021\/03\/Mixing_colors_tray_1.jpg\" \/>\n\t<meta property=\"og:image:width\" content=\"1706\" \/>\n\t<meta property=\"og:image:height\" content=\"2560\" \/>\n\t<meta property=\"og:image:type\" content=\"image\/jpeg\" \/>\n<meta name=\"twitter:card\" content=\"summary_large_image\" \/>\n<meta name=\"twitter:label1\" content=\"Estimeret l\u00e6setid\" \/>\n\t<meta name=\"twitter:data1\" content=\"1 minut\" \/>\n<script type=\"application\/ld+json\" class=\"yoast-schema-graph\">{\"@context\":\"https:\/\/schema.org\",\"@graph\":[{\"@type\":\"WebPage\",\"@id\":\"https:\/\/woodinout.net\/da\/product\/blande-farver-bakke\/\",\"url\":\"https:\/\/woodinout.net\/da\/product\/blande-farver-bakke\/\",\"name\":\"Bakke med farver, der l\u00e6rer farver - Woodinout \u00a9 Montessori leget\u00f8j\",\"isPartOf\":{\"@id\":\"https:\/\/woodinout.net\/da\/#website\"},\"datePublished\":\"2021-03-19T09:57:02+00:00\",\"dateModified\":\"2022-04-28T07:59:15+00:00\",\"description\":\"L\u00e6ring er nu sjovt og nemt - Naturligt tr\u00e6 Matematik leget\u00f8j til v\u00e6rdifuld familie tid. 10 sortering og opt\u00e6lling plader - mere L\u00e6r & Spil m\u00e5der.\",\"breadcrumb\":{\"@id\":\"https:\/\/woodinout.net\/da\/product\/blande-farver-bakke\/#breadcrumb\"},\"inLanguage\":\"da-DK\",\"potentialAction\":[{\"@type\":\"ReadAction\",\"target\":[\"https:\/\/woodinout.net\/da\/product\/blande-farver-bakke\/\"]}]},{\"@type\":\"BreadcrumbList\",\"@id\":\"https:\/\/woodinout.net\/da\/product\/blande-farver-bakke\/#breadcrumb\",\"itemListElement\":[{\"@type\":\"ListItem\",\"position\":1,\"name\":\"Home\",\"item\":\"https:\/\/woodinout.net\/da\/\"},{\"@type\":\"ListItem\",\"position\":2,\"name\":\"Shop\",\"item\":\"https:\/\/woodinout.net\/shop\/\"},{\"@type\":\"ListItem\",\"position\":3,\"name\":\"Bakke med farver, der l\u00e6rer farver\"}]},{\"@type\":\"WebSite\",\"@id\":\"https:\/\/woodinout.net\/da\/#website\",\"url\":\"https:\/\/woodinout.net\/da\/\",\"name\":\"Woodinout \u00a9\",\"description\":\"Wooden Montessori toys, gifts, home and events decor details\",\"potentialAction\":[{\"@type\":\"SearchAction\",\"target\":{\"@type\":\"EntryPoint\",\"urlTemplate\":\"https:\/\/woodinout.net\/da\/?s={search_term_string}\"},\"query-input\":\"required name=search_term_string\"}],\"inLanguage\":\"da-DK\"}]}<\/script>\n<!-- \/ Yoast SEO plugin. -->","yoast_head_json":{"title":"Bakke med farver, der l\u00e6rer farver - Woodinout \u00a9 Montessori leget\u00f8j","description":"L\u00e6ring er nu sjovt og nemt - Naturligt tr\u00e6 Matematik leget\u00f8j til v\u00e6rdifuld familie tid. 10 sortering og opt\u00e6lling plader - mere L\u00e6r & Spil m\u00e5der.","robots":{"index":"index","follow":"follow","max-snippet":"max-snippet:-1","max-image-preview":"max-image-preview:large","max-video-preview":"max-video-preview:-1"},"canonical":"https:\/\/woodinout.net\/da\/product\/blande-farver-bakke\/","og_locale":"da_DK","og_type":"article","og_title":"Bakke med farver, der l\u00e6rer farver - Woodinout \u00a9 Montessori leget\u00f8j","og_description":"L\u00e6ring er nu sjovt og nemt - Naturligt tr\u00e6 Matematik leget\u00f8j til v\u00e6rdifuld familie tid. 10 sortering og opt\u00e6lling plader - mere L\u00e6r & Spil m\u00e5der.","og_url":"https:\/\/woodinout.net\/da\/product\/blande-farver-bakke\/","og_site_name":"Woodinout \u00a9","article_modified_time":"2022-04-28T07:59:15+00:00","og_image":[{"width":1706,"height":2560,"url":"https:\/\/woodinout.net\/wp-content\/uploads\/2021\/03\/Mixing_colors_tray_1.jpg","type":"image\/jpeg"}],"twitter_card":"summary_large_image","twitter_misc":{"Estimeret l\u00e6setid":"1 minut"},"schema":{"@context":"https:\/\/schema.org","@graph":[{"@type":"WebPage","@id":"https:\/\/woodinout.net\/da\/product\/blande-farver-bakke\/","url":"https:\/\/woodinout.net\/da\/product\/blande-farver-bakke\/","name":"Bakke med farver, der l\u00e6rer farver - Woodinout \u00a9 Montessori leget\u00f8j","isPartOf":{"@id":"https:\/\/woodinout.net\/da\/#website"},"datePublished":"2021-03-19T09:57:02+00:00","dateModified":"2022-04-28T07:59:15+00:00","description":"L\u00e6ring er nu sjovt og nemt - Naturligt tr\u00e6 Matematik leget\u00f8j til v\u00e6rdifuld familie tid. 10 sortering og opt\u00e6lling plader - mere L\u00e6r & Spil m\u00e5der.","breadcrumb":{"@id":"https:\/\/woodinout.net\/da\/product\/blande-farver-bakke\/#breadcrumb"},"inLanguage":"da-DK","potentialAction":[{"@type":"ReadAction","target":["https:\/\/woodinout.net\/da\/product\/blande-farver-bakke\/"]}]},{"@type":"BreadcrumbList","@id":"https:\/\/woodinout.net\/da\/product\/blande-farver-bakke\/#breadcrumb","itemListElement":[{"@type":"ListItem","position":1,"name":"Home","item":"https:\/\/woodinout.net\/da\/"},{"@type":"ListItem","position":2,"name":"Shop","item":"https:\/\/woodinout.net\/shop\/"},{"@type":"ListItem","position":3,"name":"Bakke med farver, der l\u00e6rer farver"}]},{"@type":"WebSite","@id":"https:\/\/woodinout.net\/da\/#website","url":"https:\/\/woodinout.net\/da\/","name":"Woodinout \u00a9","description":"Wooden Montessori toys, gifts, home and events decor details","potentialAction":[{"@type":"SearchAction","target":{"@type":"EntryPoint","urlTemplate":"https:\/\/woodinout.net\/da\/?s={search_term_string}"},"query-input":"required name=search_term_string"}],"inLanguage":"da-DK"}]}},"_links":{"self":[{"href":"https:\/\/woodinout.net\/da\/wp-json\/wp\/v2\/product\/21495"}],"collection":[{"href":"https:\/\/woodinout.net\/da\/wp-json\/wp\/v2\/product"}],"about":[{"href":"https:\/\/woodinout.net\/da\/wp-json\/wp\/v2\/types\/product"}],"wp:featuredmedia":[{"embeddable":true,"href":"https:\/\/woodinout.net\/da\/wp-json\/wp\/v2\/media\/19349"}],"wp:attachment":[{"href":"https:\/\/woodinout.net\/da\/wp-json\/wp\/v2\/media?parent=21495"}],"wp:term":[{"taxonomy":"product_cat","embeddable":true,"href":"https:\/\/woodinout.net\/da\/wp-json\/wp\/v2\/product_cat?post=21495"},{"taxonomy":"product_tag","embeddable":true,"href":"https:\/\/woodinout.net\/da\/wp-json\/wp\/v2\/product_tag?post=21495"}],"curies":[{"name":"wp","href":"https:\/\/api.w.org\/{rel}","templated":true}]}}