{"id":21494,"date":"2021-03-14T22:09:04","date_gmt":"2021-03-14T20:09:04","guid":{"rendered":"https:\/\/woodinout.net\/product\/foelelser-cirkel\/"},"modified":"2022-04-28T11:47:17","modified_gmt":"2022-04-28T08:47:17","slug":"folelser-cirkel","status":"publish","type":"product","link":"https:\/\/woodinout.net\/da\/product\/folelser-cirkel\/","title":{"rendered":"F\u00f8lelser cirkel"},"content":{"rendered":"<p>B\u00f8rn f\u00f8lelser diagram h\u00e5ndlavet af tr\u00e6 &#8211; skabt til dem, der bekymrer sig og forst\u00e5r, hvordan b\u00f8rn Mental sundhed er vigtigt i dag. Du skal blot tage f\u00f8lelser-f\u00f8lelser hjulet og lad barnet indstille pilen til sin f\u00f8lelse. Det er nemt, da hjulet er visuelt. Diskuter og g\u00e5 videre til den n\u00e6ste eller finde det modsatte eller vise det p\u00e5 dit ansigt eller tegne det &#8230; Mulighederne er uendelige. Vores Montessori leget\u00f8j er b\u00e6redygtigt, lavet af naturlige materialer &#8211; sikkert for b\u00f8rn i alle aldre.<\/p>\n<p>DIMENSIONER<br \/>\nDiameter: ~17,5 cm<br \/>\nTykkelse: ~1,5 cm<\/p>\n<p>FARVER OG MATERIALE<br \/>\nFarve: naturlig og brun olieret.<br \/>\nLeget\u00f8jet er lavet af naturligt massivt tr\u00e6.<br \/>\nBem\u00e6rk, at farverne kan variere p\u00e5 grund af indstillinger for computersk\u00e6rm og lettelse.<\/p>\n<p>For flere ideer, f\u00f8lg os p\u00e5 <a href=\"https:\/\/www.instagram.com\/woodinout\/\">INSTAGRAM<\/a> &amp; <a href=\"https:\/\/www.facebook.com\/Woodinout.net\">FACEBOOK<\/a><\/p>\n","protected":false},"excerpt":{"rendered":"<p>B\u00f8rn f\u00f8lelser diagram h\u00e5ndlavet af tr\u00e6 &#8211; skabt til dem, der bekymrer sig og forst\u00e5r, hvordan b\u00f8rn Mental sundhed er vigtigt i dag. Du skal blot tage f\u00f8lelser-f\u00f8lelser hjulet og lad barnet indstille pilen til sin f\u00f8lelse. Det er nemt, da hjulet er visuelt. Diskuter og g\u00e5 videre til den n\u00e6ste eller finde det modsatte [&hellip;]<\/p>\n","protected":false},"featured_media":18973,"template":"","meta":{"_monsterinsights_skip_tracking":false,"_monsterinsights_sitenote_active":false,"_monsterinsights_sitenote_note":"","_monsterinsights_sitenote_category":0},"product_cat":[1431,1435],"product_tag":[1488,2157,1483,2172,1439,1479,1472,1452,1460],"yoast_head":"<!-- This site is optimized with the Yoast SEO plugin v22.1 - https:\/\/yoast.com\/wordpress\/plugins\/seo\/ -->\n<title>F\u00f8lelser cirkel - Woodinout \u00a9 Montessori l\u00e6ring leget\u00f8j<\/title>\n<meta name=\"description\" content=\"L\u00e6r at fort\u00e6lle f\u00f8lelser for b\u00f8rn med dette super seje tr\u00e6 f\u00f8lelse ur. Naturlige materialer, h\u00e5ndlavede og uddannelsesm\u00e6ssige. Verdensomsp\u00e6ndende forsendelse.\" \/>\n<meta name=\"robots\" content=\"index, follow, max-snippet:-1, max-image-preview:large, max-video-preview:-1\" \/>\n<link rel=\"canonical\" href=\"https:\/\/woodinout.net\/da\/product\/folelser-cirkel\/\" \/>\n<meta property=\"og:locale\" content=\"da_DK\" \/>\n<meta property=\"og:type\" content=\"article\" \/>\n<meta property=\"og:title\" content=\"F\u00f8lelser cirkel - Woodinout \u00a9 Montessori l\u00e6ring leget\u00f8j\" \/>\n<meta property=\"og:description\" content=\"L\u00e6r at fort\u00e6lle f\u00f8lelser for b\u00f8rn med dette super seje tr\u00e6 f\u00f8lelse ur. Naturlige materialer, h\u00e5ndlavede og uddannelsesm\u00e6ssige. Verdensomsp\u00e6ndende forsendelse.\" \/>\n<meta property=\"og:url\" content=\"https:\/\/woodinout.net\/da\/product\/folelser-cirkel\/\" \/>\n<meta property=\"og:site_name\" content=\"Woodinout \u00a9\" \/>\n<meta property=\"article:modified_time\" content=\"2022-04-28T08:47:17+00:00\" \/>\n<meta property=\"og:image\" content=\"https:\/\/woodinout.net\/wp-content\/uploads\/2021\/03\/Emotions_circle_2.jpg\" \/>\n\t<meta property=\"og:image:width\" content=\"1706\" \/>\n\t<meta property=\"og:image:height\" content=\"2560\" \/>\n\t<meta property=\"og:image:type\" content=\"image\/jpeg\" \/>\n<meta name=\"twitter:card\" content=\"summary_large_image\" \/>\n<meta name=\"twitter:label1\" content=\"Estimeret l\u00e6setid\" \/>\n\t<meta name=\"twitter:data1\" content=\"1 minut\" \/>\n<script type=\"application\/ld+json\" class=\"yoast-schema-graph\">{\"@context\":\"https:\/\/schema.org\",\"@graph\":[{\"@type\":\"WebPage\",\"@id\":\"https:\/\/woodinout.net\/da\/product\/folelser-cirkel\/\",\"url\":\"https:\/\/woodinout.net\/da\/product\/folelser-cirkel\/\",\"name\":\"F\u00f8lelser cirkel - Woodinout \u00a9 Montessori l\u00e6ring leget\u00f8j\",\"isPartOf\":{\"@id\":\"https:\/\/woodinout.net\/da\/#website\"},\"datePublished\":\"2021-03-14T20:09:04+00:00\",\"dateModified\":\"2022-04-28T08:47:17+00:00\",\"description\":\"L\u00e6r at fort\u00e6lle f\u00f8lelser for b\u00f8rn med dette super seje tr\u00e6 f\u00f8lelse ur. Naturlige materialer, h\u00e5ndlavede og uddannelsesm\u00e6ssige. Verdensomsp\u00e6ndende forsendelse.\",\"breadcrumb\":{\"@id\":\"https:\/\/woodinout.net\/da\/product\/folelser-cirkel\/#breadcrumb\"},\"inLanguage\":\"da-DK\",\"potentialAction\":[{\"@type\":\"ReadAction\",\"target\":[\"https:\/\/woodinout.net\/da\/product\/folelser-cirkel\/\"]}]},{\"@type\":\"BreadcrumbList\",\"@id\":\"https:\/\/woodinout.net\/da\/product\/folelser-cirkel\/#breadcrumb\",\"itemListElement\":[{\"@type\":\"ListItem\",\"position\":1,\"name\":\"Home\",\"item\":\"https:\/\/woodinout.net\/da\/\"},{\"@type\":\"ListItem\",\"position\":2,\"name\":\"Shop\",\"item\":\"https:\/\/woodinout.net\/shop\/\"},{\"@type\":\"ListItem\",\"position\":3,\"name\":\"F\u00f8lelser cirkel\"}]},{\"@type\":\"WebSite\",\"@id\":\"https:\/\/woodinout.net\/da\/#website\",\"url\":\"https:\/\/woodinout.net\/da\/\",\"name\":\"Woodinout \u00a9\",\"description\":\"Wooden Montessori toys, gifts, home and events decor details\",\"potentialAction\":[{\"@type\":\"SearchAction\",\"target\":{\"@type\":\"EntryPoint\",\"urlTemplate\":\"https:\/\/woodinout.net\/da\/?s={search_term_string}\"},\"query-input\":\"required name=search_term_string\"}],\"inLanguage\":\"da-DK\"}]}<\/script>\n<!-- \/ Yoast SEO plugin. -->","yoast_head_json":{"title":"F\u00f8lelser cirkel - Woodinout \u00a9 Montessori l\u00e6ring leget\u00f8j","description":"L\u00e6r at fort\u00e6lle f\u00f8lelser for b\u00f8rn med dette super seje tr\u00e6 f\u00f8lelse ur. Naturlige materialer, h\u00e5ndlavede og uddannelsesm\u00e6ssige. Verdensomsp\u00e6ndende forsendelse.","robots":{"index":"index","follow":"follow","max-snippet":"max-snippet:-1","max-image-preview":"max-image-preview:large","max-video-preview":"max-video-preview:-1"},"canonical":"https:\/\/woodinout.net\/da\/product\/folelser-cirkel\/","og_locale":"da_DK","og_type":"article","og_title":"F\u00f8lelser cirkel - Woodinout \u00a9 Montessori l\u00e6ring leget\u00f8j","og_description":"L\u00e6r at fort\u00e6lle f\u00f8lelser for b\u00f8rn med dette super seje tr\u00e6 f\u00f8lelse ur. Naturlige materialer, h\u00e5ndlavede og uddannelsesm\u00e6ssige. Verdensomsp\u00e6ndende forsendelse.","og_url":"https:\/\/woodinout.net\/da\/product\/folelser-cirkel\/","og_site_name":"Woodinout \u00a9","article_modified_time":"2022-04-28T08:47:17+00:00","og_image":[{"width":1706,"height":2560,"url":"https:\/\/woodinout.net\/wp-content\/uploads\/2021\/03\/Emotions_circle_2.jpg","type":"image\/jpeg"}],"twitter_card":"summary_large_image","twitter_misc":{"Estimeret l\u00e6setid":"1 minut"},"schema":{"@context":"https:\/\/schema.org","@graph":[{"@type":"WebPage","@id":"https:\/\/woodinout.net\/da\/product\/folelser-cirkel\/","url":"https:\/\/woodinout.net\/da\/product\/folelser-cirkel\/","name":"F\u00f8lelser cirkel - Woodinout \u00a9 Montessori l\u00e6ring leget\u00f8j","isPartOf":{"@id":"https:\/\/woodinout.net\/da\/#website"},"datePublished":"2021-03-14T20:09:04+00:00","dateModified":"2022-04-28T08:47:17+00:00","description":"L\u00e6r at fort\u00e6lle f\u00f8lelser for b\u00f8rn med dette super seje tr\u00e6 f\u00f8lelse ur. Naturlige materialer, h\u00e5ndlavede og uddannelsesm\u00e6ssige. Verdensomsp\u00e6ndende forsendelse.","breadcrumb":{"@id":"https:\/\/woodinout.net\/da\/product\/folelser-cirkel\/#breadcrumb"},"inLanguage":"da-DK","potentialAction":[{"@type":"ReadAction","target":["https:\/\/woodinout.net\/da\/product\/folelser-cirkel\/"]}]},{"@type":"BreadcrumbList","@id":"https:\/\/woodinout.net\/da\/product\/folelser-cirkel\/#breadcrumb","itemListElement":[{"@type":"ListItem","position":1,"name":"Home","item":"https:\/\/woodinout.net\/da\/"},{"@type":"ListItem","position":2,"name":"Shop","item":"https:\/\/woodinout.net\/shop\/"},{"@type":"ListItem","position":3,"name":"F\u00f8lelser cirkel"}]},{"@type":"WebSite","@id":"https:\/\/woodinout.net\/da\/#website","url":"https:\/\/woodinout.net\/da\/","name":"Woodinout \u00a9","description":"Wooden Montessori toys, gifts, home and events decor details","potentialAction":[{"@type":"SearchAction","target":{"@type":"EntryPoint","urlTemplate":"https:\/\/woodinout.net\/da\/?s={search_term_string}"},"query-input":"required name=search_term_string"}],"inLanguage":"da-DK"}]}},"_links":{"self":[{"href":"https:\/\/woodinout.net\/da\/wp-json\/wp\/v2\/product\/21494"}],"collection":[{"href":"https:\/\/woodinout.net\/da\/wp-json\/wp\/v2\/product"}],"about":[{"href":"https:\/\/woodinout.net\/da\/wp-json\/wp\/v2\/types\/product"}],"wp:featuredmedia":[{"embeddable":true,"href":"https:\/\/woodinout.net\/da\/wp-json\/wp\/v2\/media\/18973"}],"wp:attachment":[{"href":"https:\/\/woodinout.net\/da\/wp-json\/wp\/v2\/media?parent=21494"}],"wp:term":[{"taxonomy":"product_cat","embeddable":true,"href":"https:\/\/woodinout.net\/da\/wp-json\/wp\/v2\/product_cat?post=21494"},{"taxonomy":"product_tag","embeddable":true,"href":"https:\/\/woodinout.net\/da\/wp-json\/wp\/v2\/product_tag?post=21494"}],"curies":[{"name":"wp","href":"https:\/\/api.w.org\/{rel}","templated":true}]}}