{"id":21483,"date":"2021-03-21T18:54:26","date_gmt":"2021-03-21T16:54:26","guid":{"rendered":"https:\/\/woodinout.net\/product\/cirkel-geoboard\/"},"modified":"2022-04-19T16:37:48","modified_gmt":"2022-04-19T13:37:48","slug":"cirkel-geoboard","status":"publish","type":"product","link":"https:\/\/woodinout.net\/da\/product\/cirkel-geoboard\/","title":{"rendered":"Cirkel geoboard"},"content":{"rendered":"<p>Tr\u00e6 cirkel geoboard er en af unikke Montessori inspireret leget\u00f8j. Pl\u00f8kker er adskilt i denne, derfor kan du tilf\u00f8je dem p\u00e5 peg bord, som du vil, og s\u00e5 meget som du \u00f8nsker. H\u00e5ndlavet af massivt tr\u00e6 er denne cirkel geoboard b\u00e6redygtig, naturlig og milj\u00f8venlig leget\u00f8j sikker for b\u00f8rn i alle aldre. Brug det enten som b\u00f8rn f\u00f8rskole geometri learning board. Eller et af dine legeterapileget\u00f8j til beroligende oplevelse. Simpelthen som p\u00e6dagogisk og udviklingsm\u00e6ssigt hver dag legeredskab.<\/p>\n<p>Forbedre kreativitet og fantasi &#8211; b\u00f8rn kan bruge timer p\u00e5 denne gratis leg.<br \/>\nUdvikle finmotorik (\u00f8jenh\u00e5nd koordinering).<br \/>\nL\u00e6r geometri og probleml\u00f8sning med opgavekort inkluderet.<\/p>\n<p>Main Kit indeholder af:<br \/>\nGeoboard af tr\u00e6<br \/>\n25 stk. Pl\u00f8kker<br \/>\n3 stk. af 59in ledning (150cm)<br \/>\nEkstra kort:<br \/>\n20 stk. Figurkort<\/p>\n<p>Du kan ogs\u00e5 f\u00f8je til din indk\u00f8bskurv:<br \/>\n<a href=\"https:\/\/woodinout.net\/product\/pegs-for-geoboard\/\">Yderligere pl\u00f8kker<\/a><br \/>\n<a href=\"https:\/\/woodinout.net\/product\/colorful-rubber-bands\/\">Elastikker<\/a><\/p>\n<p>DIMENSIONER<br \/>\nH\u00f8jde: 22 cm<br \/>\nL\u00e6ngde: 20 cm<br \/>\nTykkelse: 1,7 cm<\/p>\n<p>FARVER OG MATERIALE<br \/>\nFarve: naturligt tr\u00e6 eller brun olieret.<br \/>\nLeget\u00f8jet er lavet af naturligt massivt tr\u00e6 og krydsfiner.<br \/>\nBem\u00e6rk, at farverne kan variere p\u00e5 grund af indstillinger for computersk\u00e6rm og lettelse.<\/p>\n<p>Find flere tr\u00e6id\u00e9er p\u00e5 vores <a href=\"https:\/\/www.pinterest.com\/Woodinoutnet\/_created\/\">PINTEREST.<\/a><\/p>\n","protected":false},"excerpt":{"rendered":"<p>Tr\u00e6 cirkel geoboard er en af unikke Montessori inspireret leget\u00f8j. Pl\u00f8kker er adskilt i denne, derfor kan du tilf\u00f8je dem p\u00e5 peg bord, som du vil, og s\u00e5 meget som du \u00f8nsker. H\u00e5ndlavet af massivt tr\u00e6 er denne cirkel geoboard b\u00e6redygtig, naturlig og milj\u00f8venlig leget\u00f8j sikker for b\u00f8rn i alle aldre. Brug det enten som [&hellip;]<\/p>\n","protected":false},"featured_media":20341,"template":"","meta":{"_monsterinsights_skip_tracking":false,"_monsterinsights_sitenote_active":false,"_monsterinsights_sitenote_note":"","_monsterinsights_sitenote_category":0},"product_cat":[1463,1431],"product_tag":[1488,1483,1515,1510,1522,1439,1479,1472,1452,1460],"yoast_head":"<!-- This site is optimized with the Yoast SEO plugin v22.1 - https:\/\/yoast.com\/wordpress\/plugins\/seo\/ -->\n<title>Cirkel geoboard - Woodinout \u00a9 Montessori leget\u00f8j butik<\/title>\n<meta name=\"description\" content=\"Naturligt tr\u00e6leget\u00f8j er bedst til fantasifuld og kreativ leg. Montessori inspireret Geoboard er netop det! Tilpasning til r\u00e5dighed.\" \/>\n<meta name=\"robots\" content=\"index, follow, max-snippet:-1, max-image-preview:large, max-video-preview:-1\" \/>\n<link rel=\"canonical\" href=\"https:\/\/woodinout.net\/da\/product\/cirkel-geoboard\/\" \/>\n<meta property=\"og:locale\" content=\"da_DK\" \/>\n<meta property=\"og:type\" content=\"article\" \/>\n<meta property=\"og:title\" content=\"Cirkel geoboard - Woodinout \u00a9 Montessori leget\u00f8j butik\" \/>\n<meta property=\"og:description\" content=\"Naturligt tr\u00e6leget\u00f8j er bedst til fantasifuld og kreativ leg. Montessori inspireret Geoboard er netop det! Tilpasning til r\u00e5dighed.\" \/>\n<meta property=\"og:url\" content=\"https:\/\/woodinout.net\/da\/product\/cirkel-geoboard\/\" \/>\n<meta property=\"og:site_name\" content=\"Woodinout \u00a9\" \/>\n<meta property=\"article:modified_time\" content=\"2022-04-19T13:37:48+00:00\" \/>\n<meta property=\"og:image\" content=\"https:\/\/woodinout.net\/wp-content\/uploads\/2021\/03\/Round-peg-board.jpg\" \/>\n\t<meta property=\"og:image:width\" content=\"1140\" \/>\n\t<meta property=\"og:image:height\" content=\"1710\" \/>\n\t<meta property=\"og:image:type\" content=\"image\/jpeg\" \/>\n<meta name=\"twitter:card\" content=\"summary_large_image\" \/>\n<meta name=\"twitter:label1\" content=\"Estimeret l\u00e6setid\" \/>\n\t<meta name=\"twitter:data1\" content=\"1 minut\" \/>\n<script type=\"application\/ld+json\" class=\"yoast-schema-graph\">{\"@context\":\"https:\/\/schema.org\",\"@graph\":[{\"@type\":\"WebPage\",\"@id\":\"https:\/\/woodinout.net\/da\/product\/cirkel-geoboard\/\",\"url\":\"https:\/\/woodinout.net\/da\/product\/cirkel-geoboard\/\",\"name\":\"Cirkel geoboard - Woodinout \u00a9 Montessori leget\u00f8j butik\",\"isPartOf\":{\"@id\":\"https:\/\/woodinout.net\/da\/#website\"},\"datePublished\":\"2021-03-21T16:54:26+00:00\",\"dateModified\":\"2022-04-19T13:37:48+00:00\",\"description\":\"Naturligt tr\u00e6leget\u00f8j er bedst til fantasifuld og kreativ leg. Montessori inspireret Geoboard er netop det! Tilpasning til r\u00e5dighed.\",\"breadcrumb\":{\"@id\":\"https:\/\/woodinout.net\/da\/product\/cirkel-geoboard\/#breadcrumb\"},\"inLanguage\":\"da-DK\",\"potentialAction\":[{\"@type\":\"ReadAction\",\"target\":[\"https:\/\/woodinout.net\/da\/product\/cirkel-geoboard\/\"]}]},{\"@type\":\"BreadcrumbList\",\"@id\":\"https:\/\/woodinout.net\/da\/product\/cirkel-geoboard\/#breadcrumb\",\"itemListElement\":[{\"@type\":\"ListItem\",\"position\":1,\"name\":\"Home\",\"item\":\"https:\/\/woodinout.net\/da\/\"},{\"@type\":\"ListItem\",\"position\":2,\"name\":\"Shop\",\"item\":\"https:\/\/woodinout.net\/shop\/\"},{\"@type\":\"ListItem\",\"position\":3,\"name\":\"Cirkel geoboard\"}]},{\"@type\":\"WebSite\",\"@id\":\"https:\/\/woodinout.net\/da\/#website\",\"url\":\"https:\/\/woodinout.net\/da\/\",\"name\":\"Woodinout \u00a9\",\"description\":\"Wooden Montessori toys, gifts, home and events decor details\",\"potentialAction\":[{\"@type\":\"SearchAction\",\"target\":{\"@type\":\"EntryPoint\",\"urlTemplate\":\"https:\/\/woodinout.net\/da\/?s={search_term_string}\"},\"query-input\":\"required name=search_term_string\"}],\"inLanguage\":\"da-DK\"}]}<\/script>\n<!-- \/ Yoast SEO plugin. -->","yoast_head_json":{"title":"Cirkel geoboard - Woodinout \u00a9 Montessori leget\u00f8j butik","description":"Naturligt tr\u00e6leget\u00f8j er bedst til fantasifuld og kreativ leg. Montessori inspireret Geoboard er netop det! Tilpasning til r\u00e5dighed.","robots":{"index":"index","follow":"follow","max-snippet":"max-snippet:-1","max-image-preview":"max-image-preview:large","max-video-preview":"max-video-preview:-1"},"canonical":"https:\/\/woodinout.net\/da\/product\/cirkel-geoboard\/","og_locale":"da_DK","og_type":"article","og_title":"Cirkel geoboard - Woodinout \u00a9 Montessori leget\u00f8j butik","og_description":"Naturligt tr\u00e6leget\u00f8j er bedst til fantasifuld og kreativ leg. Montessori inspireret Geoboard er netop det! Tilpasning til r\u00e5dighed.","og_url":"https:\/\/woodinout.net\/da\/product\/cirkel-geoboard\/","og_site_name":"Woodinout \u00a9","article_modified_time":"2022-04-19T13:37:48+00:00","og_image":[{"width":1140,"height":1710,"url":"https:\/\/woodinout.net\/wp-content\/uploads\/2021\/03\/Round-peg-board.jpg","type":"image\/jpeg"}],"twitter_card":"summary_large_image","twitter_misc":{"Estimeret l\u00e6setid":"1 minut"},"schema":{"@context":"https:\/\/schema.org","@graph":[{"@type":"WebPage","@id":"https:\/\/woodinout.net\/da\/product\/cirkel-geoboard\/","url":"https:\/\/woodinout.net\/da\/product\/cirkel-geoboard\/","name":"Cirkel geoboard - Woodinout \u00a9 Montessori leget\u00f8j butik","isPartOf":{"@id":"https:\/\/woodinout.net\/da\/#website"},"datePublished":"2021-03-21T16:54:26+00:00","dateModified":"2022-04-19T13:37:48+00:00","description":"Naturligt tr\u00e6leget\u00f8j er bedst til fantasifuld og kreativ leg. Montessori inspireret Geoboard er netop det! Tilpasning til r\u00e5dighed.","breadcrumb":{"@id":"https:\/\/woodinout.net\/da\/product\/cirkel-geoboard\/#breadcrumb"},"inLanguage":"da-DK","potentialAction":[{"@type":"ReadAction","target":["https:\/\/woodinout.net\/da\/product\/cirkel-geoboard\/"]}]},{"@type":"BreadcrumbList","@id":"https:\/\/woodinout.net\/da\/product\/cirkel-geoboard\/#breadcrumb","itemListElement":[{"@type":"ListItem","position":1,"name":"Home","item":"https:\/\/woodinout.net\/da\/"},{"@type":"ListItem","position":2,"name":"Shop","item":"https:\/\/woodinout.net\/shop\/"},{"@type":"ListItem","position":3,"name":"Cirkel geoboard"}]},{"@type":"WebSite","@id":"https:\/\/woodinout.net\/da\/#website","url":"https:\/\/woodinout.net\/da\/","name":"Woodinout \u00a9","description":"Wooden Montessori toys, gifts, home and events decor details","potentialAction":[{"@type":"SearchAction","target":{"@type":"EntryPoint","urlTemplate":"https:\/\/woodinout.net\/da\/?s={search_term_string}"},"query-input":"required name=search_term_string"}],"inLanguage":"da-DK"}]}},"_links":{"self":[{"href":"https:\/\/woodinout.net\/da\/wp-json\/wp\/v2\/product\/21483"}],"collection":[{"href":"https:\/\/woodinout.net\/da\/wp-json\/wp\/v2\/product"}],"about":[{"href":"https:\/\/woodinout.net\/da\/wp-json\/wp\/v2\/types\/product"}],"wp:featuredmedia":[{"embeddable":true,"href":"https:\/\/woodinout.net\/da\/wp-json\/wp\/v2\/media\/20341"}],"wp:attachment":[{"href":"https:\/\/woodinout.net\/da\/wp-json\/wp\/v2\/media?parent=21483"}],"wp:term":[{"taxonomy":"product_cat","embeddable":true,"href":"https:\/\/woodinout.net\/da\/wp-json\/wp\/v2\/product_cat?post=21483"},{"taxonomy":"product_tag","embeddable":true,"href":"https:\/\/woodinout.net\/da\/wp-json\/wp\/v2\/product_tag?post=21483"}],"curies":[{"name":"wp","href":"https:\/\/api.w.org\/{rel}","templated":true}]}}