{"id":21479,"date":"2020-06-23T23:17:51","date_gmt":"2020-06-23T20:17:51","guid":{"rendered":"https:\/\/woodinout.net\/product\/big-trae-scrabble-bord-5x5\/"},"modified":"2022-04-28T09:56:24","modified_gmt":"2022-04-28T06:56:24","slug":"trae-breve-braetspil-scrabble-fliser-5x5","status":"publish","type":"product","link":"https:\/\/woodinout.net\/da\/product\/trae-breve-braetspil-scrabble-fliser-5x5\/","title":{"rendered":"Big Tr\u00e6 scrabble bord 5&#215;5"},"content":{"rendered":"<p>Vi pr\u00e6senterer dig en personlig gave tr\u00e6 breve br\u00e6tspil. Dette alfabet puslespil er perfekt familie gave til v\u00e6rdifuld familie tid sammen. Scrabble spil er mest popul\u00e6re ord l\u00e6ring spil i verden. V\u00e6r kreativ p\u00e5 scrabble bord og deltag alfabet blokke i tr\u00e6 ord. Tr\u00e6 bogstaver abc tr\u00e6 blok vil tage dig til en verden af ord, lad os g\u00e5 sammen nu! Deltag i familien af glade kunder p\u00e5 Woodinout!<\/p>\n<p>S\u00e6ttet indeholder:<br \/>\nScrabble bord<\/p>\n<p>BOARD DIMENSIONER<br \/>\nL\u00e6ngde: ~12 tommer<br \/>\nH\u00f8jde: ~12 tommer<br \/>\nTykkelse: ~0,6 tommer<\/p>\n<p>FARVER OG MATERIALE<br \/>\nFarve: naturlig eller brun olieret.<br \/>\nBoard er lavet af naturligt massivt tr\u00e6.<br \/>\nBem\u00e6rk, at farverne kan variere p\u00e5 grund af indstillinger for computersk\u00e6rm og lettelse.<\/p>\n<div style=\"width: 1080px;\" class=\"wp-video\"><!--[if lt IE 9]><script>document.createElement('video');<\/script><![endif]-->\n<video class=\"wp-video-shortcode\" id=\"video-21479-1\" width=\"1080\" height=\"810\" preload=\"metadata\" controls=\"controls\"><source type=\"video\/mp4\" src=\"http:\/\/woodinout.net\/wp-content\/uploads\/2020\/06\/MEDINIS_18.mp4?_=1\" \/><a href=\"http:\/\/woodinout.net\/wp-content\/uploads\/2020\/06\/MEDINIS_18.mp4\">http:\/\/woodinout.net\/wp-content\/uploads\/2020\/06\/MEDINIS_18.mp4<\/a><\/video><\/div>\n","protected":false},"excerpt":{"rendered":"<p>Vi pr\u00e6senterer dig en personlig gave tr\u00e6 breve br\u00e6tspil. Dette alfabet puslespil er perfekt familie gave til v\u00e6rdifuld familie tid sammen. Scrabble spil er mest popul\u00e6re ord l\u00e6ring spil i verden. V\u00e6r kreativ p\u00e5 scrabble bord og deltag alfabet blokke i tr\u00e6 ord. Tr\u00e6 bogstaver abc tr\u00e6 blok vil tage dig til en verden af [&hellip;]<\/p>\n","protected":false},"featured_media":18053,"template":"","meta":{"_monsterinsights_skip_tracking":false,"_monsterinsights_sitenote_active":false,"_monsterinsights_sitenote_note":"","_monsterinsights_sitenote_category":0},"product_cat":[1577,1431,1647],"product_tag":[1488,1483,2171,1439,1479,1472,1452,1460,2170,1527,1529],"yoast_head":"<!-- This site is optimized with the Yoast SEO plugin v22.1 - https:\/\/yoast.com\/wordpress\/plugins\/seo\/ -->\n<title>Big Tr\u00e6 scrabble bord 5x5 - Woodinout \u00a9 Stavespil<\/title>\n<meta name=\"description\" content=\"Junior scrabble bord stavning spil - for v\u00e6rdifuld familie tid med dine b\u00f8rn. H\u00e5ndlavet og milj\u00f8venligt l\u00e6ringsleget\u00f8j af Woodinout.\" \/>\n<meta name=\"robots\" content=\"index, follow, max-snippet:-1, max-image-preview:large, max-video-preview:-1\" \/>\n<link rel=\"canonical\" href=\"https:\/\/woodinout.net\/da\/product\/trae-breve-braetspil-scrabble-fliser-5x5\/\" \/>\n<meta property=\"og:locale\" content=\"da_DK\" \/>\n<meta property=\"og:type\" content=\"article\" \/>\n<meta property=\"og:title\" content=\"Big Tr\u00e6 scrabble bord 5x5 - Woodinout \u00a9 Stavespil\" \/>\n<meta property=\"og:description\" content=\"Junior scrabble bord stavning spil - for v\u00e6rdifuld familie tid med dine b\u00f8rn. H\u00e5ndlavet og milj\u00f8venligt l\u00e6ringsleget\u00f8j af Woodinout.\" \/>\n<meta property=\"og:url\" content=\"https:\/\/woodinout.net\/da\/product\/trae-breve-braetspil-scrabble-fliser-5x5\/\" \/>\n<meta property=\"og:site_name\" content=\"Woodinout \u00a9\" \/>\n<meta property=\"article:modified_time\" content=\"2022-04-28T06:56:24+00:00\" \/>\n<meta property=\"og:image\" content=\"https:\/\/woodinout.net\/wp-content\/uploads\/2020\/06\/Scrabble-tiles-5x5-1.jpg\" \/>\n\t<meta property=\"og:image:width\" content=\"853\" \/>\n\t<meta property=\"og:image:height\" content=\"1280\" \/>\n\t<meta property=\"og:image:type\" content=\"image\/jpeg\" \/>\n<meta name=\"twitter:card\" content=\"summary_large_image\" \/>\n<meta name=\"twitter:label1\" content=\"Estimeret l\u00e6setid\" \/>\n\t<meta name=\"twitter:data1\" content=\"1 minut\" \/>\n<script type=\"application\/ld+json\" class=\"yoast-schema-graph\">{\"@context\":\"https:\/\/schema.org\",\"@graph\":[{\"@type\":\"WebPage\",\"@id\":\"https:\/\/woodinout.net\/da\/product\/trae-breve-braetspil-scrabble-fliser-5x5\/\",\"url\":\"https:\/\/woodinout.net\/da\/product\/trae-breve-braetspil-scrabble-fliser-5x5\/\",\"name\":\"Big Tr\u00e6 scrabble bord 5x5 - Woodinout \u00a9 Stavespil\",\"isPartOf\":{\"@id\":\"https:\/\/woodinout.net\/da\/#website\"},\"datePublished\":\"2020-06-23T20:17:51+00:00\",\"dateModified\":\"2022-04-28T06:56:24+00:00\",\"description\":\"Junior scrabble bord stavning spil - for v\u00e6rdifuld familie tid med dine b\u00f8rn. H\u00e5ndlavet og milj\u00f8venligt l\u00e6ringsleget\u00f8j af Woodinout.\",\"breadcrumb\":{\"@id\":\"https:\/\/woodinout.net\/da\/product\/trae-breve-braetspil-scrabble-fliser-5x5\/#breadcrumb\"},\"inLanguage\":\"da-DK\",\"potentialAction\":[{\"@type\":\"ReadAction\",\"target\":[\"https:\/\/woodinout.net\/da\/product\/trae-breve-braetspil-scrabble-fliser-5x5\/\"]}]},{\"@type\":\"BreadcrumbList\",\"@id\":\"https:\/\/woodinout.net\/da\/product\/trae-breve-braetspil-scrabble-fliser-5x5\/#breadcrumb\",\"itemListElement\":[{\"@type\":\"ListItem\",\"position\":1,\"name\":\"Home\",\"item\":\"https:\/\/woodinout.net\/da\/\"},{\"@type\":\"ListItem\",\"position\":2,\"name\":\"Shop\",\"item\":\"https:\/\/woodinout.net\/shop\/\"},{\"@type\":\"ListItem\",\"position\":3,\"name\":\"Big Tr\u00e6 scrabble bord 5&#215;5\"}]},{\"@type\":\"WebSite\",\"@id\":\"https:\/\/woodinout.net\/da\/#website\",\"url\":\"https:\/\/woodinout.net\/da\/\",\"name\":\"Woodinout \u00a9\",\"description\":\"Wooden Montessori toys, gifts, home and events decor details\",\"potentialAction\":[{\"@type\":\"SearchAction\",\"target\":{\"@type\":\"EntryPoint\",\"urlTemplate\":\"https:\/\/woodinout.net\/da\/?s={search_term_string}\"},\"query-input\":\"required name=search_term_string\"}],\"inLanguage\":\"da-DK\"}]}<\/script>\n<!-- \/ Yoast SEO plugin. -->","yoast_head_json":{"title":"Big Tr\u00e6 scrabble bord 5x5 - Woodinout \u00a9 Stavespil","description":"Junior scrabble bord stavning spil - for v\u00e6rdifuld familie tid med dine b\u00f8rn. H\u00e5ndlavet og milj\u00f8venligt l\u00e6ringsleget\u00f8j af Woodinout.","robots":{"index":"index","follow":"follow","max-snippet":"max-snippet:-1","max-image-preview":"max-image-preview:large","max-video-preview":"max-video-preview:-1"},"canonical":"https:\/\/woodinout.net\/da\/product\/trae-breve-braetspil-scrabble-fliser-5x5\/","og_locale":"da_DK","og_type":"article","og_title":"Big Tr\u00e6 scrabble bord 5x5 - Woodinout \u00a9 Stavespil","og_description":"Junior scrabble bord stavning spil - for v\u00e6rdifuld familie tid med dine b\u00f8rn. H\u00e5ndlavet og milj\u00f8venligt l\u00e6ringsleget\u00f8j af Woodinout.","og_url":"https:\/\/woodinout.net\/da\/product\/trae-breve-braetspil-scrabble-fliser-5x5\/","og_site_name":"Woodinout \u00a9","article_modified_time":"2022-04-28T06:56:24+00:00","og_image":[{"width":853,"height":1280,"url":"https:\/\/woodinout.net\/wp-content\/uploads\/2020\/06\/Scrabble-tiles-5x5-1.jpg","type":"image\/jpeg"}],"twitter_card":"summary_large_image","twitter_misc":{"Estimeret l\u00e6setid":"1 minut"},"schema":{"@context":"https:\/\/schema.org","@graph":[{"@type":"WebPage","@id":"https:\/\/woodinout.net\/da\/product\/trae-breve-braetspil-scrabble-fliser-5x5\/","url":"https:\/\/woodinout.net\/da\/product\/trae-breve-braetspil-scrabble-fliser-5x5\/","name":"Big Tr\u00e6 scrabble bord 5x5 - Woodinout \u00a9 Stavespil","isPartOf":{"@id":"https:\/\/woodinout.net\/da\/#website"},"datePublished":"2020-06-23T20:17:51+00:00","dateModified":"2022-04-28T06:56:24+00:00","description":"Junior scrabble bord stavning spil - for v\u00e6rdifuld familie tid med dine b\u00f8rn. H\u00e5ndlavet og milj\u00f8venligt l\u00e6ringsleget\u00f8j af Woodinout.","breadcrumb":{"@id":"https:\/\/woodinout.net\/da\/product\/trae-breve-braetspil-scrabble-fliser-5x5\/#breadcrumb"},"inLanguage":"da-DK","potentialAction":[{"@type":"ReadAction","target":["https:\/\/woodinout.net\/da\/product\/trae-breve-braetspil-scrabble-fliser-5x5\/"]}]},{"@type":"BreadcrumbList","@id":"https:\/\/woodinout.net\/da\/product\/trae-breve-braetspil-scrabble-fliser-5x5\/#breadcrumb","itemListElement":[{"@type":"ListItem","position":1,"name":"Home","item":"https:\/\/woodinout.net\/da\/"},{"@type":"ListItem","position":2,"name":"Shop","item":"https:\/\/woodinout.net\/shop\/"},{"@type":"ListItem","position":3,"name":"Big Tr\u00e6 scrabble bord 5&#215;5"}]},{"@type":"WebSite","@id":"https:\/\/woodinout.net\/da\/#website","url":"https:\/\/woodinout.net\/da\/","name":"Woodinout \u00a9","description":"Wooden Montessori toys, gifts, home and events decor details","potentialAction":[{"@type":"SearchAction","target":{"@type":"EntryPoint","urlTemplate":"https:\/\/woodinout.net\/da\/?s={search_term_string}"},"query-input":"required name=search_term_string"}],"inLanguage":"da-DK"}]}},"_links":{"self":[{"href":"https:\/\/woodinout.net\/da\/wp-json\/wp\/v2\/product\/21479"}],"collection":[{"href":"https:\/\/woodinout.net\/da\/wp-json\/wp\/v2\/product"}],"about":[{"href":"https:\/\/woodinout.net\/da\/wp-json\/wp\/v2\/types\/product"}],"wp:featuredmedia":[{"embeddable":true,"href":"https:\/\/woodinout.net\/da\/wp-json\/wp\/v2\/media\/18053"}],"wp:attachment":[{"href":"https:\/\/woodinout.net\/da\/wp-json\/wp\/v2\/media?parent=21479"}],"wp:term":[{"taxonomy":"product_cat","embeddable":true,"href":"https:\/\/woodinout.net\/da\/wp-json\/wp\/v2\/product_cat?post=21479"},{"taxonomy":"product_tag","embeddable":true,"href":"https:\/\/woodinout.net\/da\/wp-json\/wp\/v2\/product_tag?post=21479"}],"curies":[{"name":"wp","href":"https:\/\/api.w.org\/{rel}","templated":true}]}}