{"id":21478,"date":"2020-06-29T23:14:46","date_gmt":"2020-06-29T20:14:46","guid":{"rendered":"https:\/\/woodinout.net\/product\/montessori-sandbakke\/"},"modified":"2022-04-28T09:46:08","modified_gmt":"2022-04-28T06:46:08","slug":"unikt-sandbakke-by-montessori-waldorf-legetoj","status":"publish","type":"product","link":"https:\/\/woodinout.net\/da\/product\/unikt-sandbakke-by-montessori-waldorf-legetoj\/","title":{"rendered":"Montessori sandbakke"},"content":{"rendered":"<p>Original og unik Montessori sandbakke har mange form\u00e5l:<\/p>\n<p>1. S\u00e6t sand i det &#8211; tilf\u00f8j tr\u00e6 bogstaver p\u00e5 forh\u00e5nd og finger spor alfabet Montessori metode.<br \/>\n2. Fyld forskellige sten perler boks, tilf\u00f8je tr\u00e6 numre kort p\u00e5 forh\u00e5nd &#8211; du kan sortere sten eller l\u00e6gge dem i former for tal.<br \/>\n3. Brugte det som perle bakke med t\u00e6lle perler. Tilf\u00f8j 10 sm\u00e5 fingre kort p\u00e5 forh\u00e5nd og lad b\u00f8rnene til at v\u00e6lge, hvor mange perler tilf\u00f8je i bakken.<\/p>\n<p>Inspireret af Montessori baby gaver er godt v\u00e6rdsat af for\u00e6ldre, hvis du \u00f8nsker det, kan vi tilf\u00f8je PERSONALISERING \ud83d\ude42 Alle vores tr\u00e6leget\u00f8j er h\u00e5ndlavede og milj\u00f8venlige til sikker leg og l\u00e6ring.<\/p>\n<p>S\u00e6ttet indeholder:<br \/>\n1 stk. bakke<\/p>\n<p>Du kan v\u00e6lge mellem 5 INDSTILLINGER:<br \/>\nA: Kun bakke<br \/>\nB: 26 stk. tr\u00e6 krydsfiner bogstaver kort, dimension: ~ 1,8 x 1,8 inches, tykkelse ~ 0,12 inches<br \/>\nC: 2&#215;26 stk. tr\u00e6 krydsfiner bogstaver kort, dimension: ~ 1,8 x 1,8 inches, tykkelse ~ 0,12 inches<br \/>\nD: 23 stk.: tr\u00e6 krydsfiner numre 1-20 og 3 symboler (+-=) kort, dimension: ~ 1,8 x 1,8 inches, tykkelse ~ 0,12 inches<br \/>\nE: 10 stk. krydsfiner kort med fingre numre billeder, dimension: ~ 1,8 x 1,8 inches, tykkelse ~ 0,12 inches<\/p>\n<p>HVIS DU HAR BRUG FOR ANDRE TYPER ELLER EKSTRA KORT, KAN DU K\u00d8BE DET HER:<br \/>\n<a href=\"https:\/\/woodinout.net\/product\/wooden-letters-alphabet-blocks\/\">26 stk. tr\u00e6 krydsfiner bogstaver kort, dimension: ~ 1,8 x 1,8 inches, tykkelse ~ 0,12 inches<\/a><br \/>\n<a href=\"https:\/\/woodinout.net\/product\/wooden-number-blocks\/\">23 stk.: tr\u00e6 krydsfiner numre 1-20 og 3 symboler (+-=) kort, dimension: ~ 1,8 x 1,8 inches, tykkelse ~ 0,12inches<\/a><br \/>\n<a href=\"https:\/\/woodinout.net\/product\/wooden-finger-counting-blocks\/\">10 stk. krydsfiner kort med fingre numre billeder, dimension: ~ 1,8 x 1,8 inches, tykkelse ~ 0,12 inches<\/a><br \/>\n<a href=\"https:\/\/woodinout.net\/product\/wooden-counting-object-blocks\/\">10 stk. krydsfiner kort med forskellige antal billeder, dimension: ~ 1,8 x 1,8 inches, tykkelse ~ 0,12 inches<\/a><\/p>\n<p>BR\u00c6DDER DIMENSIONER<br \/>\n6 x 10 tommer<br \/>\nTykkelse: ~0,6 tommer<\/p>\n<p>FARVER OG MATERIALE<br \/>\nBOARD Farve: naturlig eller brun olieret. Kort\/blokerer kun naturlig farve.<br \/>\nBoard er lavet af naturligt massivt tr\u00e6.<br \/>\nBem\u00e6rk, at farverne kan variere p\u00e5 grund af indstillinger for computersk\u00e6rm og lettelse.<\/p>\n<p>For flere ideer, f\u00f8lg os p\u00e5 <a href=\"https:\/\/www.instagram.com\/woodinout\/\">INSTAGRAM<\/a> &amp; <a href=\"https:\/\/www.facebook.com\/Woodinout.net\">FACEBOOK<\/a><\/p>\n","protected":false},"excerpt":{"rendered":"<p>Original og unik Montessori sandbakke har mange form\u00e5l: 1. S\u00e6t sand i det &#8211; tilf\u00f8j tr\u00e6 bogstaver p\u00e5 forh\u00e5nd og finger spor alfabet Montessori metode. 2. Fyld forskellige sten perler boks, tilf\u00f8je tr\u00e6 numre kort p\u00e5 forh\u00e5nd &#8211; du kan sortere sten eller l\u00e6gge dem i former for tal. 3. Brugte det som perle bakke [&hellip;]<\/p>\n","protected":false},"featured_media":18245,"template":"","meta":{"_monsterinsights_skip_tracking":false,"_monsterinsights_sitenote_active":false,"_monsterinsights_sitenote_note":"","_monsterinsights_sitenote_category":0},"product_cat":[1448,1463,1431],"product_tag":[1488,1483,1537,1650,1439,1535,1479,1472,2169,1660,1452,1460],"yoast_head":"<!-- This site is optimized with the Yoast SEO plugin v22.1 - https:\/\/yoast.com\/wordpress\/plugins\/seo\/ -->\n<title>Montessori sandbakke - Woodinout \u00a9 Learning leget\u00f8j butik<\/title>\n<meta name=\"description\" content=\"Montessori sandbakke har mange form\u00e5l - l\u00e6re, spille, l\u00e6gge objekter, spore bogstaver eller tal og mange flere aktiviteter med en Montessori leget\u00f8j.\" \/>\n<meta name=\"robots\" content=\"index, follow, max-snippet:-1, max-image-preview:large, max-video-preview:-1\" \/>\n<link rel=\"canonical\" href=\"https:\/\/woodinout.net\/da\/product\/unikt-sandbakke-by-montessori-waldorf-legetoj\/\" \/>\n<meta property=\"og:locale\" content=\"da_DK\" \/>\n<meta property=\"og:type\" content=\"article\" \/>\n<meta property=\"og:title\" content=\"Montessori sandbakke - Woodinout \u00a9 Learning leget\u00f8j butik\" \/>\n<meta property=\"og:description\" content=\"Montessori sandbakke har mange form\u00e5l - l\u00e6re, spille, l\u00e6gge objekter, spore bogstaver eller tal og mange flere aktiviteter med en Montessori leget\u00f8j.\" \/>\n<meta property=\"og:url\" content=\"https:\/\/woodinout.net\/da\/product\/unikt-sandbakke-by-montessori-waldorf-legetoj\/\" \/>\n<meta property=\"og:site_name\" content=\"Woodinout \u00a9\" \/>\n<meta property=\"article:modified_time\" content=\"2022-04-28T06:46:08+00:00\" \/>\n<meta property=\"og:image\" content=\"https:\/\/woodinout.net\/wp-content\/uploads\/2020\/06\/Unique-sand-tray-by-Montessori-Waldorf-toys-2.jpg\" \/>\n\t<meta property=\"og:image:width\" content=\"853\" \/>\n\t<meta property=\"og:image:height\" content=\"1280\" \/>\n\t<meta property=\"og:image:type\" content=\"image\/jpeg\" \/>\n<meta name=\"twitter:card\" content=\"summary_large_image\" \/>\n<meta name=\"twitter:label1\" content=\"Estimeret l\u00e6setid\" \/>\n\t<meta name=\"twitter:data1\" content=\"2 minutter\" \/>\n<script type=\"application\/ld+json\" class=\"yoast-schema-graph\">{\"@context\":\"https:\/\/schema.org\",\"@graph\":[{\"@type\":\"WebPage\",\"@id\":\"https:\/\/woodinout.net\/da\/product\/unikt-sandbakke-by-montessori-waldorf-legetoj\/\",\"url\":\"https:\/\/woodinout.net\/da\/product\/unikt-sandbakke-by-montessori-waldorf-legetoj\/\",\"name\":\"Montessori sandbakke - Woodinout \u00a9 Learning leget\u00f8j butik\",\"isPartOf\":{\"@id\":\"https:\/\/woodinout.net\/da\/#website\"},\"datePublished\":\"2020-06-29T20:14:46+00:00\",\"dateModified\":\"2022-04-28T06:46:08+00:00\",\"description\":\"Montessori sandbakke har mange form\u00e5l - l\u00e6re, spille, l\u00e6gge objekter, spore bogstaver eller tal og mange flere aktiviteter med en Montessori leget\u00f8j.\",\"breadcrumb\":{\"@id\":\"https:\/\/woodinout.net\/da\/product\/unikt-sandbakke-by-montessori-waldorf-legetoj\/#breadcrumb\"},\"inLanguage\":\"da-DK\",\"potentialAction\":[{\"@type\":\"ReadAction\",\"target\":[\"https:\/\/woodinout.net\/da\/product\/unikt-sandbakke-by-montessori-waldorf-legetoj\/\"]}]},{\"@type\":\"BreadcrumbList\",\"@id\":\"https:\/\/woodinout.net\/da\/product\/unikt-sandbakke-by-montessori-waldorf-legetoj\/#breadcrumb\",\"itemListElement\":[{\"@type\":\"ListItem\",\"position\":1,\"name\":\"Home\",\"item\":\"https:\/\/woodinout.net\/da\/\"},{\"@type\":\"ListItem\",\"position\":2,\"name\":\"Shop\",\"item\":\"https:\/\/woodinout.net\/shop\/\"},{\"@type\":\"ListItem\",\"position\":3,\"name\":\"Montessori sandbakke\"}]},{\"@type\":\"WebSite\",\"@id\":\"https:\/\/woodinout.net\/da\/#website\",\"url\":\"https:\/\/woodinout.net\/da\/\",\"name\":\"Woodinout \u00a9\",\"description\":\"Wooden Montessori toys, gifts, home and events decor details\",\"potentialAction\":[{\"@type\":\"SearchAction\",\"target\":{\"@type\":\"EntryPoint\",\"urlTemplate\":\"https:\/\/woodinout.net\/da\/?s={search_term_string}\"},\"query-input\":\"required name=search_term_string\"}],\"inLanguage\":\"da-DK\"}]}<\/script>\n<!-- \/ Yoast SEO plugin. -->","yoast_head_json":{"title":"Montessori sandbakke - Woodinout \u00a9 Learning leget\u00f8j butik","description":"Montessori sandbakke har mange form\u00e5l - l\u00e6re, spille, l\u00e6gge objekter, spore bogstaver eller tal og mange flere aktiviteter med en Montessori leget\u00f8j.","robots":{"index":"index","follow":"follow","max-snippet":"max-snippet:-1","max-image-preview":"max-image-preview:large","max-video-preview":"max-video-preview:-1"},"canonical":"https:\/\/woodinout.net\/da\/product\/unikt-sandbakke-by-montessori-waldorf-legetoj\/","og_locale":"da_DK","og_type":"article","og_title":"Montessori sandbakke - Woodinout \u00a9 Learning leget\u00f8j butik","og_description":"Montessori sandbakke har mange form\u00e5l - l\u00e6re, spille, l\u00e6gge objekter, spore bogstaver eller tal og mange flere aktiviteter med en Montessori leget\u00f8j.","og_url":"https:\/\/woodinout.net\/da\/product\/unikt-sandbakke-by-montessori-waldorf-legetoj\/","og_site_name":"Woodinout \u00a9","article_modified_time":"2022-04-28T06:46:08+00:00","og_image":[{"width":853,"height":1280,"url":"https:\/\/woodinout.net\/wp-content\/uploads\/2020\/06\/Unique-sand-tray-by-Montessori-Waldorf-toys-2.jpg","type":"image\/jpeg"}],"twitter_card":"summary_large_image","twitter_misc":{"Estimeret l\u00e6setid":"2 minutter"},"schema":{"@context":"https:\/\/schema.org","@graph":[{"@type":"WebPage","@id":"https:\/\/woodinout.net\/da\/product\/unikt-sandbakke-by-montessori-waldorf-legetoj\/","url":"https:\/\/woodinout.net\/da\/product\/unikt-sandbakke-by-montessori-waldorf-legetoj\/","name":"Montessori sandbakke - Woodinout \u00a9 Learning leget\u00f8j butik","isPartOf":{"@id":"https:\/\/woodinout.net\/da\/#website"},"datePublished":"2020-06-29T20:14:46+00:00","dateModified":"2022-04-28T06:46:08+00:00","description":"Montessori sandbakke har mange form\u00e5l - l\u00e6re, spille, l\u00e6gge objekter, spore bogstaver eller tal og mange flere aktiviteter med en Montessori leget\u00f8j.","breadcrumb":{"@id":"https:\/\/woodinout.net\/da\/product\/unikt-sandbakke-by-montessori-waldorf-legetoj\/#breadcrumb"},"inLanguage":"da-DK","potentialAction":[{"@type":"ReadAction","target":["https:\/\/woodinout.net\/da\/product\/unikt-sandbakke-by-montessori-waldorf-legetoj\/"]}]},{"@type":"BreadcrumbList","@id":"https:\/\/woodinout.net\/da\/product\/unikt-sandbakke-by-montessori-waldorf-legetoj\/#breadcrumb","itemListElement":[{"@type":"ListItem","position":1,"name":"Home","item":"https:\/\/woodinout.net\/da\/"},{"@type":"ListItem","position":2,"name":"Shop","item":"https:\/\/woodinout.net\/shop\/"},{"@type":"ListItem","position":3,"name":"Montessori sandbakke"}]},{"@type":"WebSite","@id":"https:\/\/woodinout.net\/da\/#website","url":"https:\/\/woodinout.net\/da\/","name":"Woodinout \u00a9","description":"Wooden Montessori toys, gifts, home and events decor details","potentialAction":[{"@type":"SearchAction","target":{"@type":"EntryPoint","urlTemplate":"https:\/\/woodinout.net\/da\/?s={search_term_string}"},"query-input":"required name=search_term_string"}],"inLanguage":"da-DK"}]}},"_links":{"self":[{"href":"https:\/\/woodinout.net\/da\/wp-json\/wp\/v2\/product\/21478"}],"collection":[{"href":"https:\/\/woodinout.net\/da\/wp-json\/wp\/v2\/product"}],"about":[{"href":"https:\/\/woodinout.net\/da\/wp-json\/wp\/v2\/types\/product"}],"wp:featuredmedia":[{"embeddable":true,"href":"https:\/\/woodinout.net\/da\/wp-json\/wp\/v2\/media\/18245"}],"wp:attachment":[{"href":"https:\/\/woodinout.net\/da\/wp-json\/wp\/v2\/media?parent=21478"}],"wp:term":[{"taxonomy":"product_cat","embeddable":true,"href":"https:\/\/woodinout.net\/da\/wp-json\/wp\/v2\/product_cat?post=21478"},{"taxonomy":"product_tag","embeddable":true,"href":"https:\/\/woodinout.net\/da\/wp-json\/wp\/v2\/product_tag?post=21478"}],"curies":[{"name":"wp","href":"https:\/\/api.w.org\/{rel}","templated":true}]}}