{"id":21477,"date":"2020-06-30T23:26:21","date_gmt":"2020-06-30T20:26:21","guid":{"rendered":"https:\/\/woodinout.net\/product\/traeploekker-til-montessori-legetoej\/"},"modified":"2022-03-13T21:15:01","modified_gmt":"2022-03-13T19:15:01","slug":"trae-plugs-pegboard-pinde","status":"publish","type":"product","link":"https:\/\/woodinout.net\/da\/product\/trae-plugs-pegboard-pinde\/","title":{"rendered":"Tr\u00e6pl\u00f8kker til Montessori leget\u00f8j"},"content":{"rendered":"<p>Naturlige tr\u00e6pl\u00f8kker elsket af b\u00f8rn. Tr\u00e6propper eller blot tr\u00e6pl\u00f8kker er et af de mest popul\u00e6re Montessori-leget\u00f8j. Brug den i <a href=\"http:\/\/woodinout.net\/product\/unique-sand-tray-by-montessori-waldorf-toys\/\">sandbakke<\/a>, Spil dej, tr\u00e6 eller stenperler &#8211; B\u00f8rn vil helt sikkert finde ud af, hvor de skal tilsluttes, bare lad deres fantasi vokse! VORES P\u00e6dagogiske sanseleget\u00f8j er H\u00c5NDLAVET, milj\u00f8venligt og sikkert at lege med. Spil pl\u00f8kker s\u00e5 simpelt de ser s\u00e5 v\u00e6rdifulde de er! T\u00e6l dem, s\u00e6t dem, sorter dem, farve dem! V\u00e6r kreativ og bevar dig naturlig med tr\u00e6leget\u00f8j.<\/p>\n<p>Kit &#8211; 10 tr\u00e6 pegboard pl\u00f8kker<\/p>\n<p>DIMENSIONER<\/p>\n<p>Sm\u00e5 stifter l\u00e6ngde 0,35 inches<br \/>\nStore stifter l\u00e6ngde 1,2 inches<\/p>\n<p>FARVER OG MATERIALE<br \/>\nFarve: naturlig<br \/>\nLeget\u00f8jet er lavet af naturligt TR\u00c6.<br \/>\nBem\u00e6rk, at farverne kan variere p\u00e5 grund af indstillinger for computersk\u00e6rm og lettelse.<\/p>\n","protected":false},"excerpt":{"rendered":"<p>Naturlige tr\u00e6pl\u00f8kker elsket af b\u00f8rn. Tr\u00e6propper eller blot tr\u00e6pl\u00f8kker er et af de mest popul\u00e6re Montessori-leget\u00f8j. Brug den i sandbakke, Spil dej, tr\u00e6 eller stenperler &#8211; B\u00f8rn vil helt sikkert finde ud af, hvor de skal tilsluttes, bare lad deres fantasi vokse! VORES P\u00e6dagogiske sanseleget\u00f8j er H\u00c5NDLAVET, milj\u00f8venligt og sikkert at lege med. Spil pl\u00f8kker [&hellip;]<\/p>\n","protected":false},"featured_media":18365,"template":"","meta":{"_monsterinsights_skip_tracking":false,"_monsterinsights_sitenote_active":false,"_monsterinsights_sitenote_note":"","_monsterinsights_sitenote_category":0},"product_cat":[1431,1647],"product_tag":[1488,1483,1439,1479,1472,2156,1452,1460,2152,2151],"yoast_head":"<!-- This site is optimized with the Yoast SEO plugin v22.1 - https:\/\/yoast.com\/wordpress\/plugins\/seo\/ -->\n<title>Tr\u00e6pl\u00f8kker til Montessori leget\u00f8j - Woodinout \u00a9 Tr\u00e6leget\u00f8j<\/title>\n<meta name=\"description\" content=\"Tr\u00e6pl\u00f8kker s\u00e5 enkle som v\u00e6rdifulde de er! T\u00e6l dem, s\u00e6t dem, sorter dem, farve dem! V\u00e6r kreativ og bevar dig naturlig med tr\u00e6leget\u00f8j.\" \/>\n<meta name=\"robots\" content=\"index, follow, max-snippet:-1, max-image-preview:large, max-video-preview:-1\" \/>\n<link rel=\"canonical\" href=\"https:\/\/woodinout.net\/da\/product\/trae-plugs-pegboard-pinde\/\" \/>\n<meta property=\"og:locale\" content=\"da_DK\" \/>\n<meta property=\"og:type\" content=\"article\" \/>\n<meta property=\"og:title\" content=\"Tr\u00e6pl\u00f8kker til Montessori leget\u00f8j - Woodinout \u00a9 Tr\u00e6leget\u00f8j\" \/>\n<meta property=\"og:description\" content=\"Tr\u00e6pl\u00f8kker s\u00e5 enkle som v\u00e6rdifulde de er! T\u00e6l dem, s\u00e6t dem, sorter dem, farve dem! V\u00e6r kreativ og bevar dig naturlig med tr\u00e6leget\u00f8j.\" \/>\n<meta property=\"og:url\" content=\"https:\/\/woodinout.net\/da\/product\/trae-plugs-pegboard-pinde\/\" \/>\n<meta property=\"og:site_name\" content=\"Woodinout \u00a9\" \/>\n<meta property=\"article:modified_time\" content=\"2022-03-13T19:15:01+00:00\" \/>\n<meta property=\"og:image\" content=\"https:\/\/woodinout.net\/wp-content\/uploads\/2020\/06\/Pegboard-pegs-1.jpg\" \/>\n\t<meta property=\"og:image:width\" content=\"853\" \/>\n\t<meta property=\"og:image:height\" content=\"1280\" \/>\n\t<meta property=\"og:image:type\" content=\"image\/jpeg\" \/>\n<meta name=\"twitter:card\" content=\"summary_large_image\" \/>\n<meta name=\"twitter:label1\" content=\"Estimeret l\u00e6setid\" \/>\n\t<meta name=\"twitter:data1\" content=\"1 minut\" \/>\n<script type=\"application\/ld+json\" class=\"yoast-schema-graph\">{\"@context\":\"https:\/\/schema.org\",\"@graph\":[{\"@type\":\"WebPage\",\"@id\":\"https:\/\/woodinout.net\/da\/product\/trae-plugs-pegboard-pinde\/\",\"url\":\"https:\/\/woodinout.net\/da\/product\/trae-plugs-pegboard-pinde\/\",\"name\":\"Tr\u00e6pl\u00f8kker til Montessori leget\u00f8j - Woodinout \u00a9 Tr\u00e6leget\u00f8j\",\"isPartOf\":{\"@id\":\"https:\/\/woodinout.net\/da\/#website\"},\"datePublished\":\"2020-06-30T20:26:21+00:00\",\"dateModified\":\"2022-03-13T19:15:01+00:00\",\"description\":\"Tr\u00e6pl\u00f8kker s\u00e5 enkle som v\u00e6rdifulde de er! T\u00e6l dem, s\u00e6t dem, sorter dem, farve dem! V\u00e6r kreativ og bevar dig naturlig med tr\u00e6leget\u00f8j.\",\"breadcrumb\":{\"@id\":\"https:\/\/woodinout.net\/da\/product\/trae-plugs-pegboard-pinde\/#breadcrumb\"},\"inLanguage\":\"da-DK\",\"potentialAction\":[{\"@type\":\"ReadAction\",\"target\":[\"https:\/\/woodinout.net\/da\/product\/trae-plugs-pegboard-pinde\/\"]}]},{\"@type\":\"BreadcrumbList\",\"@id\":\"https:\/\/woodinout.net\/da\/product\/trae-plugs-pegboard-pinde\/#breadcrumb\",\"itemListElement\":[{\"@type\":\"ListItem\",\"position\":1,\"name\":\"Home\",\"item\":\"https:\/\/woodinout.net\/da\/\"},{\"@type\":\"ListItem\",\"position\":2,\"name\":\"Shop\",\"item\":\"https:\/\/woodinout.net\/shop\/\"},{\"@type\":\"ListItem\",\"position\":3,\"name\":\"Tr\u00e6pl\u00f8kker til Montessori leget\u00f8j\"}]},{\"@type\":\"WebSite\",\"@id\":\"https:\/\/woodinout.net\/da\/#website\",\"url\":\"https:\/\/woodinout.net\/da\/\",\"name\":\"Woodinout \u00a9\",\"description\":\"Wooden Montessori toys, gifts, home and events decor details\",\"potentialAction\":[{\"@type\":\"SearchAction\",\"target\":{\"@type\":\"EntryPoint\",\"urlTemplate\":\"https:\/\/woodinout.net\/da\/?s={search_term_string}\"},\"query-input\":\"required name=search_term_string\"}],\"inLanguage\":\"da-DK\"}]}<\/script>\n<!-- \/ Yoast SEO plugin. -->","yoast_head_json":{"title":"Tr\u00e6pl\u00f8kker til Montessori leget\u00f8j - Woodinout \u00a9 Tr\u00e6leget\u00f8j","description":"Tr\u00e6pl\u00f8kker s\u00e5 enkle som v\u00e6rdifulde de er! T\u00e6l dem, s\u00e6t dem, sorter dem, farve dem! V\u00e6r kreativ og bevar dig naturlig med tr\u00e6leget\u00f8j.","robots":{"index":"index","follow":"follow","max-snippet":"max-snippet:-1","max-image-preview":"max-image-preview:large","max-video-preview":"max-video-preview:-1"},"canonical":"https:\/\/woodinout.net\/da\/product\/trae-plugs-pegboard-pinde\/","og_locale":"da_DK","og_type":"article","og_title":"Tr\u00e6pl\u00f8kker til Montessori leget\u00f8j - Woodinout \u00a9 Tr\u00e6leget\u00f8j","og_description":"Tr\u00e6pl\u00f8kker s\u00e5 enkle som v\u00e6rdifulde de er! T\u00e6l dem, s\u00e6t dem, sorter dem, farve dem! V\u00e6r kreativ og bevar dig naturlig med tr\u00e6leget\u00f8j.","og_url":"https:\/\/woodinout.net\/da\/product\/trae-plugs-pegboard-pinde\/","og_site_name":"Woodinout \u00a9","article_modified_time":"2022-03-13T19:15:01+00:00","og_image":[{"width":853,"height":1280,"url":"https:\/\/woodinout.net\/wp-content\/uploads\/2020\/06\/Pegboard-pegs-1.jpg","type":"image\/jpeg"}],"twitter_card":"summary_large_image","twitter_misc":{"Estimeret l\u00e6setid":"1 minut"},"schema":{"@context":"https:\/\/schema.org","@graph":[{"@type":"WebPage","@id":"https:\/\/woodinout.net\/da\/product\/trae-plugs-pegboard-pinde\/","url":"https:\/\/woodinout.net\/da\/product\/trae-plugs-pegboard-pinde\/","name":"Tr\u00e6pl\u00f8kker til Montessori leget\u00f8j - Woodinout \u00a9 Tr\u00e6leget\u00f8j","isPartOf":{"@id":"https:\/\/woodinout.net\/da\/#website"},"datePublished":"2020-06-30T20:26:21+00:00","dateModified":"2022-03-13T19:15:01+00:00","description":"Tr\u00e6pl\u00f8kker s\u00e5 enkle som v\u00e6rdifulde de er! T\u00e6l dem, s\u00e6t dem, sorter dem, farve dem! V\u00e6r kreativ og bevar dig naturlig med tr\u00e6leget\u00f8j.","breadcrumb":{"@id":"https:\/\/woodinout.net\/da\/product\/trae-plugs-pegboard-pinde\/#breadcrumb"},"inLanguage":"da-DK","potentialAction":[{"@type":"ReadAction","target":["https:\/\/woodinout.net\/da\/product\/trae-plugs-pegboard-pinde\/"]}]},{"@type":"BreadcrumbList","@id":"https:\/\/woodinout.net\/da\/product\/trae-plugs-pegboard-pinde\/#breadcrumb","itemListElement":[{"@type":"ListItem","position":1,"name":"Home","item":"https:\/\/woodinout.net\/da\/"},{"@type":"ListItem","position":2,"name":"Shop","item":"https:\/\/woodinout.net\/shop\/"},{"@type":"ListItem","position":3,"name":"Tr\u00e6pl\u00f8kker til Montessori leget\u00f8j"}]},{"@type":"WebSite","@id":"https:\/\/woodinout.net\/da\/#website","url":"https:\/\/woodinout.net\/da\/","name":"Woodinout \u00a9","description":"Wooden Montessori toys, gifts, home and events decor details","potentialAction":[{"@type":"SearchAction","target":{"@type":"EntryPoint","urlTemplate":"https:\/\/woodinout.net\/da\/?s={search_term_string}"},"query-input":"required name=search_term_string"}],"inLanguage":"da-DK"}]}},"_links":{"self":[{"href":"https:\/\/woodinout.net\/da\/wp-json\/wp\/v2\/product\/21477"}],"collection":[{"href":"https:\/\/woodinout.net\/da\/wp-json\/wp\/v2\/product"}],"about":[{"href":"https:\/\/woodinout.net\/da\/wp-json\/wp\/v2\/types\/product"}],"wp:featuredmedia":[{"embeddable":true,"href":"https:\/\/woodinout.net\/da\/wp-json\/wp\/v2\/media\/18365"}],"wp:attachment":[{"href":"https:\/\/woodinout.net\/da\/wp-json\/wp\/v2\/media?parent=21477"}],"wp:term":[{"taxonomy":"product_cat","embeddable":true,"href":"https:\/\/woodinout.net\/da\/wp-json\/wp\/v2\/product_cat?post=21477"},{"taxonomy":"product_tag","embeddable":true,"href":"https:\/\/woodinout.net\/da\/wp-json\/wp\/v2\/product_tag?post=21477"}],"curies":[{"name":"wp","href":"https:\/\/api.w.org\/{rel}","templated":true}]}}