{"id":21473,"date":"2021-03-19T13:01:30","date_gmt":"2021-03-19T11:01:30","guid":{"rendered":"https:\/\/woodinout.net\/product\/balance-regnbue-vejr-spil\/"},"modified":"2022-04-22T12:22:08","modified_gmt":"2022-04-22T09:22:08","slug":"balance-regnbue-vejr-spil","status":"publish","type":"product","link":"https:\/\/woodinout.net\/da\/product\/balance-regnbue-vejr-spil\/","title":{"rendered":"Balance regnbue &#8211; vejr spil"},"content":{"rendered":"<p>Balance, stak, have det sjovt! Dette balancerende vejr leget\u00f8j er h\u00e5ndlavet af massivt tr\u00e6. Kun naturlige materialer, der anvendes &#8211; sikkert for babyer og sm\u00e5b\u00f8rn. Vi prioriterer trygge og naturlige rammer for b\u00f8rn at l\u00e6re og udvikle. Denne tr\u00e6 Montessori stabler er ingen undtagelse &#8211; l\u00e6re, skabe, tilbringe kvalitetstid med din baby eller lille barn &#8211; simpelthen Have det sjovt med det. Medtag at l\u00e6re ordene om vejret, som sol -&gt; solrigt.<\/p>\n<p>Find mere <a href=\"https:\/\/woodinout.net\/product-category\/wooden-toys\/science-nature-toys\/\">SCIENCE &amp;NATURE<\/a> leget\u00f8j.<\/p>\n<p>DIMENSIONER<br \/>\n&#x1f308;Vigtigste Regnbue:<br \/>\nH\u00f8jde: ~15 cm<br \/>\nL\u00e6ngde: ~35 cm<br \/>\nTykkelse: ~1,7 cm<br \/>\n&#x26c8;&#xfe0f;Vejrblokke:<br \/>\nH\u00f8jde: ~2,3-2,9 tommer (6-7,5 cm)<br \/>\nL\u00e6ngde: ~2,3-2,9 tommer (6-7,5 cm)<br \/>\nTykkelse: ~1,7 cm<\/p>\n<p>FARVER OG MATERIALE<br \/>\nFarve: naturtr\u00e6<br \/>\nLeget\u00f8jet er lavet af naturligt massivt tr\u00e6.<br \/>\nBem\u00e6rk, at farverne kan variere p\u00e5 grund af indstillinger for computersk\u00e6rm og lettelse.<\/p>\n<p>For flere ideer, f\u00f8lg os p\u00e5 <a href=\"https:\/\/www.instagram.com\/woodinout\/\">INSTAGRAM<\/a> &amp; <a href=\"https:\/\/www.facebook.com\/Woodinout.net\">FACEBOOK<\/a><\/p>\n<p>&nbsp;<\/p>\n","protected":false},"excerpt":{"rendered":"<p>Balance, stak, have det sjovt! Dette balancerende vejr leget\u00f8j er h\u00e5ndlavet af massivt tr\u00e6. Kun naturlige materialer, der anvendes &#8211; sikkert for babyer og sm\u00e5b\u00f8rn. Vi prioriterer trygge og naturlige rammer for b\u00f8rn at l\u00e6re og udvikle. Denne tr\u00e6 Montessori stabler er ingen undtagelse &#8211; l\u00e6re, skabe, tilbringe kvalitetstid med din baby eller lille barn [&hellip;]<\/p>\n","protected":false},"featured_media":19421,"template":"","meta":{"_monsterinsights_skip_tracking":false,"_monsterinsights_sitenote_active":false,"_monsterinsights_sitenote_note":"","_monsterinsights_sitenote_category":0},"product_cat":[1448,1651,1431,1435],"product_tag":[1488,1483,1537,1439,1479,1472,1452,1460],"yoast_head":"<!-- This site is optimized with the Yoast SEO plugin v22.1 - https:\/\/yoast.com\/wordpress\/plugins\/seo\/ -->\n<title>Balance regnbue - vejr spil - Woodinout \u00a9 Montessori leget\u00f8j<\/title>\n<meta name=\"description\" content=\"Vi prioriterer trygge og naturlige rammer for b\u00f8rn at l\u00e6re og udvikle. Dette er ingen undtagelse- l\u00e6re, skabe, tilbringe kvalitetstid sammen.\" \/>\n<meta name=\"robots\" content=\"index, follow, max-snippet:-1, max-image-preview:large, max-video-preview:-1\" \/>\n<link rel=\"canonical\" href=\"https:\/\/woodinout.net\/da\/product\/balance-regnbue-vejr-spil\/\" \/>\n<meta property=\"og:locale\" content=\"da_DK\" \/>\n<meta property=\"og:type\" content=\"article\" \/>\n<meta property=\"og:title\" content=\"Balance regnbue - vejr spil - Woodinout \u00a9 Montessori leget\u00f8j\" \/>\n<meta property=\"og:description\" content=\"Vi prioriterer trygge og naturlige rammer for b\u00f8rn at l\u00e6re og udvikle. Dette er ingen undtagelse- l\u00e6re, skabe, tilbringe kvalitetstid sammen.\" \/>\n<meta property=\"og:url\" content=\"https:\/\/woodinout.net\/da\/product\/balance-regnbue-vejr-spil\/\" \/>\n<meta property=\"og:site_name\" content=\"Woodinout \u00a9\" \/>\n<meta property=\"article:modified_time\" content=\"2022-04-22T09:22:08+00:00\" \/>\n<meta property=\"og:image\" content=\"https:\/\/woodinout.net\/wp-content\/uploads\/2021\/03\/Balance_rainbow-weather_game_3.jpg\" \/>\n\t<meta property=\"og:image:width\" content=\"1706\" \/>\n\t<meta property=\"og:image:height\" content=\"2560\" \/>\n\t<meta property=\"og:image:type\" content=\"image\/jpeg\" \/>\n<meta name=\"twitter:card\" content=\"summary_large_image\" \/>\n<meta name=\"twitter:label1\" content=\"Estimeret l\u00e6setid\" \/>\n\t<meta name=\"twitter:data1\" content=\"1 minut\" \/>\n<script type=\"application\/ld+json\" class=\"yoast-schema-graph\">{\"@context\":\"https:\/\/schema.org\",\"@graph\":[{\"@type\":\"WebPage\",\"@id\":\"https:\/\/woodinout.net\/da\/product\/balance-regnbue-vejr-spil\/\",\"url\":\"https:\/\/woodinout.net\/da\/product\/balance-regnbue-vejr-spil\/\",\"name\":\"Balance regnbue - vejr spil - Woodinout \u00a9 Montessori leget\u00f8j\",\"isPartOf\":{\"@id\":\"https:\/\/woodinout.net\/da\/#website\"},\"datePublished\":\"2021-03-19T11:01:30+00:00\",\"dateModified\":\"2022-04-22T09:22:08+00:00\",\"description\":\"Vi prioriterer trygge og naturlige rammer for b\u00f8rn at l\u00e6re og udvikle. Dette er ingen undtagelse- l\u00e6re, skabe, tilbringe kvalitetstid sammen.\",\"breadcrumb\":{\"@id\":\"https:\/\/woodinout.net\/da\/product\/balance-regnbue-vejr-spil\/#breadcrumb\"},\"inLanguage\":\"da-DK\",\"potentialAction\":[{\"@type\":\"ReadAction\",\"target\":[\"https:\/\/woodinout.net\/da\/product\/balance-regnbue-vejr-spil\/\"]}]},{\"@type\":\"BreadcrumbList\",\"@id\":\"https:\/\/woodinout.net\/da\/product\/balance-regnbue-vejr-spil\/#breadcrumb\",\"itemListElement\":[{\"@type\":\"ListItem\",\"position\":1,\"name\":\"Home\",\"item\":\"https:\/\/woodinout.net\/da\/\"},{\"@type\":\"ListItem\",\"position\":2,\"name\":\"Shop\",\"item\":\"https:\/\/woodinout.net\/shop\/\"},{\"@type\":\"ListItem\",\"position\":3,\"name\":\"Balance regnbue &#8211; vejr spil\"}]},{\"@type\":\"WebSite\",\"@id\":\"https:\/\/woodinout.net\/da\/#website\",\"url\":\"https:\/\/woodinout.net\/da\/\",\"name\":\"Woodinout \u00a9\",\"description\":\"Wooden Montessori toys, gifts, home and events decor details\",\"potentialAction\":[{\"@type\":\"SearchAction\",\"target\":{\"@type\":\"EntryPoint\",\"urlTemplate\":\"https:\/\/woodinout.net\/da\/?s={search_term_string}\"},\"query-input\":\"required name=search_term_string\"}],\"inLanguage\":\"da-DK\"}]}<\/script>\n<!-- \/ Yoast SEO plugin. -->","yoast_head_json":{"title":"Balance regnbue - vejr spil - Woodinout \u00a9 Montessori leget\u00f8j","description":"Vi prioriterer trygge og naturlige rammer for b\u00f8rn at l\u00e6re og udvikle. Dette er ingen undtagelse- l\u00e6re, skabe, tilbringe kvalitetstid sammen.","robots":{"index":"index","follow":"follow","max-snippet":"max-snippet:-1","max-image-preview":"max-image-preview:large","max-video-preview":"max-video-preview:-1"},"canonical":"https:\/\/woodinout.net\/da\/product\/balance-regnbue-vejr-spil\/","og_locale":"da_DK","og_type":"article","og_title":"Balance regnbue - vejr spil - Woodinout \u00a9 Montessori leget\u00f8j","og_description":"Vi prioriterer trygge og naturlige rammer for b\u00f8rn at l\u00e6re og udvikle. Dette er ingen undtagelse- l\u00e6re, skabe, tilbringe kvalitetstid sammen.","og_url":"https:\/\/woodinout.net\/da\/product\/balance-regnbue-vejr-spil\/","og_site_name":"Woodinout \u00a9","article_modified_time":"2022-04-22T09:22:08+00:00","og_image":[{"width":1706,"height":2560,"url":"https:\/\/woodinout.net\/wp-content\/uploads\/2021\/03\/Balance_rainbow-weather_game_3.jpg","type":"image\/jpeg"}],"twitter_card":"summary_large_image","twitter_misc":{"Estimeret l\u00e6setid":"1 minut"},"schema":{"@context":"https:\/\/schema.org","@graph":[{"@type":"WebPage","@id":"https:\/\/woodinout.net\/da\/product\/balance-regnbue-vejr-spil\/","url":"https:\/\/woodinout.net\/da\/product\/balance-regnbue-vejr-spil\/","name":"Balance regnbue - vejr spil - Woodinout \u00a9 Montessori leget\u00f8j","isPartOf":{"@id":"https:\/\/woodinout.net\/da\/#website"},"datePublished":"2021-03-19T11:01:30+00:00","dateModified":"2022-04-22T09:22:08+00:00","description":"Vi prioriterer trygge og naturlige rammer for b\u00f8rn at l\u00e6re og udvikle. Dette er ingen undtagelse- l\u00e6re, skabe, tilbringe kvalitetstid sammen.","breadcrumb":{"@id":"https:\/\/woodinout.net\/da\/product\/balance-regnbue-vejr-spil\/#breadcrumb"},"inLanguage":"da-DK","potentialAction":[{"@type":"ReadAction","target":["https:\/\/woodinout.net\/da\/product\/balance-regnbue-vejr-spil\/"]}]},{"@type":"BreadcrumbList","@id":"https:\/\/woodinout.net\/da\/product\/balance-regnbue-vejr-spil\/#breadcrumb","itemListElement":[{"@type":"ListItem","position":1,"name":"Home","item":"https:\/\/woodinout.net\/da\/"},{"@type":"ListItem","position":2,"name":"Shop","item":"https:\/\/woodinout.net\/shop\/"},{"@type":"ListItem","position":3,"name":"Balance regnbue &#8211; vejr spil"}]},{"@type":"WebSite","@id":"https:\/\/woodinout.net\/da\/#website","url":"https:\/\/woodinout.net\/da\/","name":"Woodinout \u00a9","description":"Wooden Montessori toys, gifts, home and events decor details","potentialAction":[{"@type":"SearchAction","target":{"@type":"EntryPoint","urlTemplate":"https:\/\/woodinout.net\/da\/?s={search_term_string}"},"query-input":"required name=search_term_string"}],"inLanguage":"da-DK"}]}},"_links":{"self":[{"href":"https:\/\/woodinout.net\/da\/wp-json\/wp\/v2\/product\/21473"}],"collection":[{"href":"https:\/\/woodinout.net\/da\/wp-json\/wp\/v2\/product"}],"about":[{"href":"https:\/\/woodinout.net\/da\/wp-json\/wp\/v2\/types\/product"}],"wp:featuredmedia":[{"embeddable":true,"href":"https:\/\/woodinout.net\/da\/wp-json\/wp\/v2\/media\/19421"}],"wp:attachment":[{"href":"https:\/\/woodinout.net\/da\/wp-json\/wp\/v2\/media?parent=21473"}],"wp:term":[{"taxonomy":"product_cat","embeddable":true,"href":"https:\/\/woodinout.net\/da\/wp-json\/wp\/v2\/product_cat?post=21473"},{"taxonomy":"product_tag","embeddable":true,"href":"https:\/\/woodinout.net\/da\/wp-json\/wp\/v2\/product_tag?post=21473"}],"curies":[{"name":"wp","href":"https:\/\/api.w.org\/{rel}","templated":true}]}}