{"id":21471,"date":"2021-03-21T19:15:28","date_gmt":"2021-03-21T17:15:28","guid":{"rendered":"https:\/\/woodinout.net\/product\/figurkort\/"},"modified":"2022-04-19T16:37:02","modified_gmt":"2022-04-19T13:37:02","slug":"figurer-kort","status":"publish","type":"product","link":"https:\/\/woodinout.net\/da\/product\/figurer-kort\/","title":{"rendered":"Figurkort"},"content":{"rendered":"<p>Geoboard ordninger krydsfiner kort &#8211; ud over peg bord til b\u00f8rn. Alle vores tr\u00e6 Montessori leget\u00f8j er skabt til at udvikle kreativitet med naturlige tr\u00e6leget\u00f8j. F\u00f8rskoleundervisning gennem leg er svaret p\u00e5 nutidens uddannelse. Montessori peg bord former kort handler om! Brug den sammen med din eller en af vores unikke geoboards.<\/p>\n<p>DIMENSIONER<br \/>\nH\u00f8jde: ~4.8cm<br \/>\nL\u00e6ngde: ~4.8cm<\/p>\n<p>FARVER OG MATERIALE<br \/>\nFarve: naturtr\u00e6<br \/>\nLeget\u00f8jet er lavet af naturligt tr\u00e6 krydsfiner.<br \/>\nBem\u00e6rk, at farverne kan variere p\u00e5 grund af indstillinger for computersk\u00e6rm og lettelse.<\/p>\n","protected":false},"excerpt":{"rendered":"<p>Geoboard ordninger krydsfiner kort &#8211; ud over peg bord til b\u00f8rn. Alle vores tr\u00e6 Montessori leget\u00f8j er skabt til at udvikle kreativitet med naturlige tr\u00e6leget\u00f8j. F\u00f8rskoleundervisning gennem leg er svaret p\u00e5 nutidens uddannelse. Montessori peg bord former kort handler om! Brug den sammen med din eller en af vores unikke geoboards. DIMENSIONER H\u00f8jde: ~4.8cm L\u00e6ngde: [&hellip;]<\/p>\n","protected":false},"featured_media":20133,"template":"","meta":{"_monsterinsights_skip_tracking":false,"_monsterinsights_sitenote_active":false,"_monsterinsights_sitenote_note":"","_monsterinsights_sitenote_category":0},"product_cat":[1463,1431],"product_tag":[1488,1483,1515,1510,1522,1439,1479,1498,1472,1452,1460,1504,2147],"yoast_head":"<!-- This site is optimized with the Yoast SEO plugin v22.1 - https:\/\/yoast.com\/wordpress\/plugins\/seo\/ -->\n<title>Figurkort - Woodinout \u00a9 Montessori leget\u00f8j SHOP<\/title>\n<meta name=\"description\" content=\"L\u00e6r b\u00f8rn geometri, probleml\u00f8sning &amp;udvikle finmotorik p\u00e5 en sjov m\u00e5de. Leg med stilfulde h\u00e5ndlavede, naturlige tr\u00e6blokke.\" \/>\n<meta name=\"robots\" content=\"index, follow, max-snippet:-1, max-image-preview:large, max-video-preview:-1\" \/>\n<link rel=\"canonical\" href=\"https:\/\/woodinout.net\/da\/product\/figurer-kort\/\" \/>\n<meta property=\"og:locale\" content=\"da_DK\" \/>\n<meta property=\"og:type\" content=\"article\" \/>\n<meta property=\"og:title\" content=\"Figurkort - Woodinout \u00a9 Montessori leget\u00f8j SHOP\" \/>\n<meta property=\"og:description\" content=\"L\u00e6r b\u00f8rn geometri, probleml\u00f8sning &amp;udvikle finmotorik p\u00e5 en sjov m\u00e5de. Leg med stilfulde h\u00e5ndlavede, naturlige tr\u00e6blokke.\" \/>\n<meta property=\"og:url\" content=\"https:\/\/woodinout.net\/da\/product\/figurer-kort\/\" \/>\n<meta property=\"og:site_name\" content=\"Woodinout \u00a9\" \/>\n<meta property=\"article:modified_time\" content=\"2022-04-19T13:37:02+00:00\" \/>\n<meta property=\"og:image\" content=\"https:\/\/woodinout.net\/wp-content\/uploads\/2021\/03\/Shapes_cards_3.jpg\" \/>\n\t<meta property=\"og:image:width\" content=\"1706\" \/>\n\t<meta property=\"og:image:height\" content=\"2560\" \/>\n\t<meta property=\"og:image:type\" content=\"image\/jpeg\" \/>\n<meta name=\"twitter:card\" content=\"summary_large_image\" \/>\n<script type=\"application\/ld+json\" class=\"yoast-schema-graph\">{\"@context\":\"https:\/\/schema.org\",\"@graph\":[{\"@type\":\"WebPage\",\"@id\":\"https:\/\/woodinout.net\/da\/product\/figurer-kort\/\",\"url\":\"https:\/\/woodinout.net\/da\/product\/figurer-kort\/\",\"name\":\"Figurkort - Woodinout \u00a9 Montessori leget\u00f8j SHOP\",\"isPartOf\":{\"@id\":\"https:\/\/woodinout.net\/da\/#website\"},\"datePublished\":\"2021-03-21T17:15:28+00:00\",\"dateModified\":\"2022-04-19T13:37:02+00:00\",\"description\":\"L\u00e6r b\u00f8rn geometri, probleml\u00f8sning &udvikle finmotorik p\u00e5 en sjov m\u00e5de. Leg med stilfulde h\u00e5ndlavede, naturlige tr\u00e6blokke.\",\"breadcrumb\":{\"@id\":\"https:\/\/woodinout.net\/da\/product\/figurer-kort\/#breadcrumb\"},\"inLanguage\":\"da-DK\",\"potentialAction\":[{\"@type\":\"ReadAction\",\"target\":[\"https:\/\/woodinout.net\/da\/product\/figurer-kort\/\"]}]},{\"@type\":\"BreadcrumbList\",\"@id\":\"https:\/\/woodinout.net\/da\/product\/figurer-kort\/#breadcrumb\",\"itemListElement\":[{\"@type\":\"ListItem\",\"position\":1,\"name\":\"Home\",\"item\":\"https:\/\/woodinout.net\/da\/\"},{\"@type\":\"ListItem\",\"position\":2,\"name\":\"Shop\",\"item\":\"https:\/\/woodinout.net\/shop\/\"},{\"@type\":\"ListItem\",\"position\":3,\"name\":\"Figurkort\"}]},{\"@type\":\"WebSite\",\"@id\":\"https:\/\/woodinout.net\/da\/#website\",\"url\":\"https:\/\/woodinout.net\/da\/\",\"name\":\"Woodinout \u00a9\",\"description\":\"Wooden Montessori toys, gifts, home and events decor details\",\"potentialAction\":[{\"@type\":\"SearchAction\",\"target\":{\"@type\":\"EntryPoint\",\"urlTemplate\":\"https:\/\/woodinout.net\/da\/?s={search_term_string}\"},\"query-input\":\"required name=search_term_string\"}],\"inLanguage\":\"da-DK\"}]}<\/script>\n<!-- \/ Yoast SEO plugin. -->","yoast_head_json":{"title":"Figurkort - Woodinout \u00a9 Montessori leget\u00f8j SHOP","description":"L\u00e6r b\u00f8rn geometri, probleml\u00f8sning &udvikle finmotorik p\u00e5 en sjov m\u00e5de. Leg med stilfulde h\u00e5ndlavede, naturlige tr\u00e6blokke.","robots":{"index":"index","follow":"follow","max-snippet":"max-snippet:-1","max-image-preview":"max-image-preview:large","max-video-preview":"max-video-preview:-1"},"canonical":"https:\/\/woodinout.net\/da\/product\/figurer-kort\/","og_locale":"da_DK","og_type":"article","og_title":"Figurkort - Woodinout \u00a9 Montessori leget\u00f8j SHOP","og_description":"L\u00e6r b\u00f8rn geometri, probleml\u00f8sning &udvikle finmotorik p\u00e5 en sjov m\u00e5de. Leg med stilfulde h\u00e5ndlavede, naturlige tr\u00e6blokke.","og_url":"https:\/\/woodinout.net\/da\/product\/figurer-kort\/","og_site_name":"Woodinout \u00a9","article_modified_time":"2022-04-19T13:37:02+00:00","og_image":[{"width":1706,"height":2560,"url":"https:\/\/woodinout.net\/wp-content\/uploads\/2021\/03\/Shapes_cards_3.jpg","type":"image\/jpeg"}],"twitter_card":"summary_large_image","schema":{"@context":"https:\/\/schema.org","@graph":[{"@type":"WebPage","@id":"https:\/\/woodinout.net\/da\/product\/figurer-kort\/","url":"https:\/\/woodinout.net\/da\/product\/figurer-kort\/","name":"Figurkort - Woodinout \u00a9 Montessori leget\u00f8j SHOP","isPartOf":{"@id":"https:\/\/woodinout.net\/da\/#website"},"datePublished":"2021-03-21T17:15:28+00:00","dateModified":"2022-04-19T13:37:02+00:00","description":"L\u00e6r b\u00f8rn geometri, probleml\u00f8sning &udvikle finmotorik p\u00e5 en sjov m\u00e5de. Leg med stilfulde h\u00e5ndlavede, naturlige tr\u00e6blokke.","breadcrumb":{"@id":"https:\/\/woodinout.net\/da\/product\/figurer-kort\/#breadcrumb"},"inLanguage":"da-DK","potentialAction":[{"@type":"ReadAction","target":["https:\/\/woodinout.net\/da\/product\/figurer-kort\/"]}]},{"@type":"BreadcrumbList","@id":"https:\/\/woodinout.net\/da\/product\/figurer-kort\/#breadcrumb","itemListElement":[{"@type":"ListItem","position":1,"name":"Home","item":"https:\/\/woodinout.net\/da\/"},{"@type":"ListItem","position":2,"name":"Shop","item":"https:\/\/woodinout.net\/shop\/"},{"@type":"ListItem","position":3,"name":"Figurkort"}]},{"@type":"WebSite","@id":"https:\/\/woodinout.net\/da\/#website","url":"https:\/\/woodinout.net\/da\/","name":"Woodinout \u00a9","description":"Wooden Montessori toys, gifts, home and events decor details","potentialAction":[{"@type":"SearchAction","target":{"@type":"EntryPoint","urlTemplate":"https:\/\/woodinout.net\/da\/?s={search_term_string}"},"query-input":"required name=search_term_string"}],"inLanguage":"da-DK"}]}},"_links":{"self":[{"href":"https:\/\/woodinout.net\/da\/wp-json\/wp\/v2\/product\/21471"}],"collection":[{"href":"https:\/\/woodinout.net\/da\/wp-json\/wp\/v2\/product"}],"about":[{"href":"https:\/\/woodinout.net\/da\/wp-json\/wp\/v2\/types\/product"}],"wp:featuredmedia":[{"embeddable":true,"href":"https:\/\/woodinout.net\/da\/wp-json\/wp\/v2\/media\/20133"}],"wp:attachment":[{"href":"https:\/\/woodinout.net\/da\/wp-json\/wp\/v2\/media?parent=21471"}],"wp:term":[{"taxonomy":"product_cat","embeddable":true,"href":"https:\/\/woodinout.net\/da\/wp-json\/wp\/v2\/product_cat?post=21471"},{"taxonomy":"product_tag","embeddable":true,"href":"https:\/\/woodinout.net\/da\/wp-json\/wp\/v2\/product_tag?post=21471"}],"curies":[{"name":"wp","href":"https:\/\/api.w.org\/{rel}","templated":true}]}}