{"id":21470,"date":"2021-03-22T13:30:16","date_gmt":"2021-03-22T11:30:16","guid":{"rendered":"https:\/\/woodinout.net\/product\/ploekker-til-geoboard\/"},"modified":"2022-04-19T16:11:02","modified_gmt":"2022-04-19T13:11:02","slug":"pegs-for-geoboard","status":"publish","type":"product","link":"https:\/\/woodinout.net\/da\/product\/pegs-for-geoboard\/","title":{"rendered":"Pl\u00f8kker til geoboard"},"content":{"rendered":"<p>Sm\u00e5 tr\u00e6pl\u00f8kker som supplement til tr\u00e6 geoboard til b\u00f8rn. Dette kunne v\u00e6re en perfekt f\u00e6rdighed leget\u00f8j til udviklingsm\u00e6ssige og kreative leg enten for b\u00f8rn og voksne. Tr\u00e6pl\u00f8kker bruges for det meste i Montessori peg bord, men kunne ogs\u00e5 bruges kreativt i mange Montessori eller Waldorf inspirerede aktiviteter s\u00e5som opt\u00e6lling, sortering eller sensorisk.<\/p>\n<p>DIMENSIONER<br \/>\nH\u00f8jde: 4 cm<br \/>\nTykkelse: 0,23 tommer (0.6cm)<\/p>\n<p>FARVER OG MATERIALE<br \/>\nFarve: naturligt tr\u00e6.<br \/>\nLeget\u00f8jet er lavet af naturligt massivt tr\u00e6.<br \/>\nBem\u00e6rk, at farverne kan variere p\u00e5 grund af indstillinger for computersk\u00e6rm og lettelse.<\/p>\n","protected":false},"excerpt":{"rendered":"<p>Sm\u00e5 tr\u00e6pl\u00f8kker som supplement til tr\u00e6 geoboard til b\u00f8rn. Dette kunne v\u00e6re en perfekt f\u00e6rdighed leget\u00f8j til udviklingsm\u00e6ssige og kreative leg enten for b\u00f8rn og voksne. Tr\u00e6pl\u00f8kker bruges for det meste i Montessori peg bord, men kunne ogs\u00e5 bruges kreativt i mange Montessori eller Waldorf inspirerede aktiviteter s\u00e5som opt\u00e6lling, sortering eller sensorisk. DIMENSIONER H\u00f8jde: 4 [&hellip;]<\/p>\n","protected":false},"featured_media":20349,"template":"","meta":{"_monsterinsights_skip_tracking":false,"_monsterinsights_sitenote_active":false,"_monsterinsights_sitenote_note":"","_monsterinsights_sitenote_category":0},"product_cat":[1463,1431],"product_tag":[1488,1483,1515,1510,1522,1439,1479,1498,1472,1452,1460,1504],"yoast_head":"<!-- This site is optimized with the Yoast SEO plugin v22.1 - https:\/\/yoast.com\/wordpress\/plugins\/seo\/ -->\n<title>Pl\u00f8kker til geoboard - Woodinout \u00a9 Montessori leget\u00f8j SHOP<\/title>\n<meta name=\"description\" content=\"L\u00e6r b\u00f8rn matematik, tal og sortering p\u00e5 en sjov m\u00e5de. Ogs\u00e5 udvikle sm\u00e5b\u00f8rn finmotorik og lege med stilfulde h\u00e5ndlavede tr\u00e6pl\u00f8kker.\" \/>\n<meta name=\"robots\" content=\"index, follow, max-snippet:-1, max-image-preview:large, max-video-preview:-1\" \/>\n<link rel=\"canonical\" href=\"https:\/\/woodinout.net\/da\/product\/pegs-for-geoboard\/\" \/>\n<meta property=\"og:locale\" content=\"da_DK\" \/>\n<meta property=\"og:type\" content=\"article\" \/>\n<meta property=\"og:title\" content=\"Pl\u00f8kker til geoboard - Woodinout \u00a9 Montessori leget\u00f8j SHOP\" \/>\n<meta property=\"og:description\" content=\"L\u00e6r b\u00f8rn matematik, tal og sortering p\u00e5 en sjov m\u00e5de. Ogs\u00e5 udvikle sm\u00e5b\u00f8rn finmotorik og lege med stilfulde h\u00e5ndlavede tr\u00e6pl\u00f8kker.\" \/>\n<meta property=\"og:url\" content=\"https:\/\/woodinout.net\/da\/product\/pegs-for-geoboard\/\" \/>\n<meta property=\"og:site_name\" content=\"Woodinout \u00a9\" \/>\n<meta property=\"article:modified_time\" content=\"2022-04-19T13:11:02+00:00\" \/>\n<meta property=\"og:image\" content=\"https:\/\/woodinout.net\/wp-content\/uploads\/2021\/03\/Small-wooden-Pegs.jpg\" \/>\n\t<meta property=\"og:image:width\" content=\"1140\" \/>\n\t<meta property=\"og:image:height\" content=\"1002\" \/>\n\t<meta property=\"og:image:type\" content=\"image\/jpeg\" \/>\n<meta name=\"twitter:card\" content=\"summary_large_image\" \/>\n<meta name=\"twitter:label1\" content=\"Estimeret l\u00e6setid\" \/>\n\t<meta name=\"twitter:data1\" content=\"1 minut\" \/>\n<script type=\"application\/ld+json\" class=\"yoast-schema-graph\">{\"@context\":\"https:\/\/schema.org\",\"@graph\":[{\"@type\":\"WebPage\",\"@id\":\"https:\/\/woodinout.net\/da\/product\/pegs-for-geoboard\/\",\"url\":\"https:\/\/woodinout.net\/da\/product\/pegs-for-geoboard\/\",\"name\":\"Pl\u00f8kker til geoboard - Woodinout \u00a9 Montessori leget\u00f8j SHOP\",\"isPartOf\":{\"@id\":\"https:\/\/woodinout.net\/da\/#website\"},\"datePublished\":\"2021-03-22T11:30:16+00:00\",\"dateModified\":\"2022-04-19T13:11:02+00:00\",\"description\":\"L\u00e6r b\u00f8rn matematik, tal og sortering p\u00e5 en sjov m\u00e5de. Ogs\u00e5 udvikle sm\u00e5b\u00f8rn finmotorik og lege med stilfulde h\u00e5ndlavede tr\u00e6pl\u00f8kker.\",\"breadcrumb\":{\"@id\":\"https:\/\/woodinout.net\/da\/product\/pegs-for-geoboard\/#breadcrumb\"},\"inLanguage\":\"da-DK\",\"potentialAction\":[{\"@type\":\"ReadAction\",\"target\":[\"https:\/\/woodinout.net\/da\/product\/pegs-for-geoboard\/\"]}]},{\"@type\":\"BreadcrumbList\",\"@id\":\"https:\/\/woodinout.net\/da\/product\/pegs-for-geoboard\/#breadcrumb\",\"itemListElement\":[{\"@type\":\"ListItem\",\"position\":1,\"name\":\"Home\",\"item\":\"https:\/\/woodinout.net\/da\/\"},{\"@type\":\"ListItem\",\"position\":2,\"name\":\"Shop\",\"item\":\"https:\/\/woodinout.net\/shop\/\"},{\"@type\":\"ListItem\",\"position\":3,\"name\":\"Pl\u00f8kker til geoboard\"}]},{\"@type\":\"WebSite\",\"@id\":\"https:\/\/woodinout.net\/da\/#website\",\"url\":\"https:\/\/woodinout.net\/da\/\",\"name\":\"Woodinout \u00a9\",\"description\":\"Wooden Montessori toys, gifts, home and events decor details\",\"potentialAction\":[{\"@type\":\"SearchAction\",\"target\":{\"@type\":\"EntryPoint\",\"urlTemplate\":\"https:\/\/woodinout.net\/da\/?s={search_term_string}\"},\"query-input\":\"required name=search_term_string\"}],\"inLanguage\":\"da-DK\"}]}<\/script>\n<!-- \/ Yoast SEO plugin. -->","yoast_head_json":{"title":"Pl\u00f8kker til geoboard - Woodinout \u00a9 Montessori leget\u00f8j SHOP","description":"L\u00e6r b\u00f8rn matematik, tal og sortering p\u00e5 en sjov m\u00e5de. Ogs\u00e5 udvikle sm\u00e5b\u00f8rn finmotorik og lege med stilfulde h\u00e5ndlavede tr\u00e6pl\u00f8kker.","robots":{"index":"index","follow":"follow","max-snippet":"max-snippet:-1","max-image-preview":"max-image-preview:large","max-video-preview":"max-video-preview:-1"},"canonical":"https:\/\/woodinout.net\/da\/product\/pegs-for-geoboard\/","og_locale":"da_DK","og_type":"article","og_title":"Pl\u00f8kker til geoboard - Woodinout \u00a9 Montessori leget\u00f8j SHOP","og_description":"L\u00e6r b\u00f8rn matematik, tal og sortering p\u00e5 en sjov m\u00e5de. Ogs\u00e5 udvikle sm\u00e5b\u00f8rn finmotorik og lege med stilfulde h\u00e5ndlavede tr\u00e6pl\u00f8kker.","og_url":"https:\/\/woodinout.net\/da\/product\/pegs-for-geoboard\/","og_site_name":"Woodinout \u00a9","article_modified_time":"2022-04-19T13:11:02+00:00","og_image":[{"width":1140,"height":1002,"url":"https:\/\/woodinout.net\/wp-content\/uploads\/2021\/03\/Small-wooden-Pegs.jpg","type":"image\/jpeg"}],"twitter_card":"summary_large_image","twitter_misc":{"Estimeret l\u00e6setid":"1 minut"},"schema":{"@context":"https:\/\/schema.org","@graph":[{"@type":"WebPage","@id":"https:\/\/woodinout.net\/da\/product\/pegs-for-geoboard\/","url":"https:\/\/woodinout.net\/da\/product\/pegs-for-geoboard\/","name":"Pl\u00f8kker til geoboard - Woodinout \u00a9 Montessori leget\u00f8j SHOP","isPartOf":{"@id":"https:\/\/woodinout.net\/da\/#website"},"datePublished":"2021-03-22T11:30:16+00:00","dateModified":"2022-04-19T13:11:02+00:00","description":"L\u00e6r b\u00f8rn matematik, tal og sortering p\u00e5 en sjov m\u00e5de. Ogs\u00e5 udvikle sm\u00e5b\u00f8rn finmotorik og lege med stilfulde h\u00e5ndlavede tr\u00e6pl\u00f8kker.","breadcrumb":{"@id":"https:\/\/woodinout.net\/da\/product\/pegs-for-geoboard\/#breadcrumb"},"inLanguage":"da-DK","potentialAction":[{"@type":"ReadAction","target":["https:\/\/woodinout.net\/da\/product\/pegs-for-geoboard\/"]}]},{"@type":"BreadcrumbList","@id":"https:\/\/woodinout.net\/da\/product\/pegs-for-geoboard\/#breadcrumb","itemListElement":[{"@type":"ListItem","position":1,"name":"Home","item":"https:\/\/woodinout.net\/da\/"},{"@type":"ListItem","position":2,"name":"Shop","item":"https:\/\/woodinout.net\/shop\/"},{"@type":"ListItem","position":3,"name":"Pl\u00f8kker til geoboard"}]},{"@type":"WebSite","@id":"https:\/\/woodinout.net\/da\/#website","url":"https:\/\/woodinout.net\/da\/","name":"Woodinout \u00a9","description":"Wooden Montessori toys, gifts, home and events decor details","potentialAction":[{"@type":"SearchAction","target":{"@type":"EntryPoint","urlTemplate":"https:\/\/woodinout.net\/da\/?s={search_term_string}"},"query-input":"required name=search_term_string"}],"inLanguage":"da-DK"}]}},"_links":{"self":[{"href":"https:\/\/woodinout.net\/da\/wp-json\/wp\/v2\/product\/21470"}],"collection":[{"href":"https:\/\/woodinout.net\/da\/wp-json\/wp\/v2\/product"}],"about":[{"href":"https:\/\/woodinout.net\/da\/wp-json\/wp\/v2\/types\/product"}],"wp:featuredmedia":[{"embeddable":true,"href":"https:\/\/woodinout.net\/da\/wp-json\/wp\/v2\/media\/20349"}],"wp:attachment":[{"href":"https:\/\/woodinout.net\/da\/wp-json\/wp\/v2\/media?parent=21470"}],"wp:term":[{"taxonomy":"product_cat","embeddable":true,"href":"https:\/\/woodinout.net\/da\/wp-json\/wp\/v2\/product_cat?post=21470"},{"taxonomy":"product_tag","embeddable":true,"href":"https:\/\/woodinout.net\/da\/wp-json\/wp\/v2\/product_tag?post=21470"}],"curies":[{"name":"wp","href":"https:\/\/api.w.org\/{rel}","templated":true}]}}