{"id":20908,"date":"2020-06-20T22:50:21","date_gmt":"2020-06-20T19:50:21","guid":{"rendered":"https:\/\/woodinout.net\/product\/trae-numre-puslespil\/"},"modified":"2022-04-28T11:30:08","modified_gmt":"2022-04-28T08:30:08","slug":"trae-puslespil-for-tal-og-optaelling","status":"publish","type":"product","link":"https:\/\/woodinout.net\/da\/product\/trae-puslespil-for-tal-og-optaelling\/","title":{"rendered":"Tr\u00e6 numre puslespil"},"content":{"rendered":"<p>Tr\u00e6 numre puslespil skabt til b\u00f8rn at l\u00e6re p\u00e5 en sjov m\u00e5de. Vores Montessori-inspirerede matematikpuslespil er en anden m\u00e5de at l\u00e6re tal og t\u00e6lle p\u00e5. Tr\u00e6 numre er fantastisk gave til b\u00f8rn. Vi vil gravere din \u00f8nskede besked p\u00e5 bagsiden, hvis du \u00f8nsker at g\u00f8re det personlig gave. Dette tr\u00e6 puslespil er ogs\u00e5 en god tilf\u00f8jelse til tidlig baby matematik materialer &#8211; f\u00f8r er bedre. \u00d8nsker at g\u00f8re for\u00e6ldre glade, l\u00e6re leget\u00f8j som b\u00f8rn gaver er, hvad de virkelig s\u00e6tter pris p\u00e5. P\u00e6dagogisk leget\u00f8j er svaret p\u00e5 nyttige og v\u00e6rdifulde tidsforbrug.<\/p>\n<p>Find flere Montessori-inspirerede babygaver <a href=\"https:\/\/woodinout.net\/product-category\/wooden-toys\/baby-toys\/\">HER.<\/a><\/p>\n<p>S\u00e6ttet indeholder:<br \/>\nTal puslespil bord<br \/>\nTal fra 0 til 9<\/p>\n<p>DIMENSIONER<br \/>\nBr\u00e6t<br \/>\nH\u00f8jde: ~6 tommer<br \/>\nL\u00e6ngde: ~10 tommer<br \/>\nBoard tykkelse: ~ 0,6 inches<\/p>\n<p>Spillernumre<br \/>\nH\u00f8jde: ~2,7 tommer<br \/>\nTykkelse: ~0,6 tommer<\/p>\n<p>FARVER OG MATERIALE<br \/>\nFarve: m\u00f8rkebrun eller naturlig olieret.<br \/>\nLeget\u00f8j er lavet af naturligt massivt tr\u00e6 og milj\u00f8venlig maling \/ olier.<br \/>\nBem\u00e6rk, at farverne kan variere p\u00e5 grund af indstillinger for computersk\u00e6rm og lettelse.<\/p>\n<p>For flere ideer, f\u00f8lg os p\u00e5 <a href=\"https:\/\/www.instagram.com\/woodinout\/\">INSTAGRAM<\/a> &amp; <a href=\"https:\/\/www.facebook.com\/Woodinout.net\">FACEBOOK<\/a><\/p>\n","protected":false},"excerpt":{"rendered":"<p>Tr\u00e6 numre puslespil skabt til b\u00f8rn at l\u00e6re p\u00e5 en sjov m\u00e5de. Vores Montessori-inspirerede matematikpuslespil er en anden m\u00e5de at l\u00e6re tal og t\u00e6lle p\u00e5. Tr\u00e6 numre er fantastisk gave til b\u00f8rn. Vi vil gravere din \u00f8nskede besked p\u00e5 bagsiden, hvis du \u00f8nsker at g\u00f8re det personlig gave. Dette tr\u00e6 puslespil er ogs\u00e5 en god [&hellip;]<\/p>\n","protected":false},"featured_media":17069,"template":"","meta":{"_monsterinsights_skip_tracking":false,"_monsterinsights_sitenote_active":false,"_monsterinsights_sitenote_note":"","_monsterinsights_sitenote_category":0},"product_cat":[1443,1431],"product_tag":[1488,1483,1650,1439,1479,1672,1667,1498,1472,1675,1660,1452,1460],"yoast_head":"<!-- This site is optimized with the Yoast SEO plugin v22.1 - https:\/\/yoast.com\/wordpress\/plugins\/seo\/ -->\n<title>Tr\u00e6 numre puslespil - Woodinout \u00a9 Montessori matematik materialer<\/title>\n<meta name=\"description\" content=\"L\u00e6r tal og t\u00e6lle p\u00e5 en sjov m\u00e5de med denne naturlige tr\u00e6 numre puslespil. Montessori matematik materiale til v\u00e6rdifuld familie tid.\" \/>\n<meta name=\"robots\" content=\"index, follow, max-snippet:-1, max-image-preview:large, max-video-preview:-1\" \/>\n<link rel=\"canonical\" href=\"https:\/\/woodinout.net\/da\/product\/trae-puslespil-for-tal-og-optaelling\/\" \/>\n<meta property=\"og:locale\" content=\"da_DK\" \/>\n<meta property=\"og:type\" content=\"article\" \/>\n<meta property=\"og:title\" content=\"Tr\u00e6 numre puslespil - Woodinout \u00a9 Montessori matematik materialer\" \/>\n<meta property=\"og:description\" content=\"L\u00e6r tal og t\u00e6lle p\u00e5 en sjov m\u00e5de med denne naturlige tr\u00e6 numre puslespil. Montessori matematik materiale til v\u00e6rdifuld familie tid.\" \/>\n<meta property=\"og:url\" content=\"https:\/\/woodinout.net\/da\/product\/trae-puslespil-for-tal-og-optaelling\/\" \/>\n<meta property=\"og:site_name\" content=\"Woodinout \u00a9\" \/>\n<meta property=\"article:modified_time\" content=\"2022-04-28T08:30:08+00:00\" \/>\n<meta property=\"og:image\" content=\"https:\/\/woodinout.net\/wp-content\/uploads\/2020\/06\/Wooden-puzzle-for-numbers-and-counting-3.jpg\" \/>\n\t<meta property=\"og:image:width\" content=\"853\" \/>\n\t<meta property=\"og:image:height\" content=\"1280\" \/>\n\t<meta property=\"og:image:type\" content=\"image\/jpeg\" \/>\n<meta name=\"twitter:card\" content=\"summary_large_image\" \/>\n<meta name=\"twitter:label1\" content=\"Estimeret l\u00e6setid\" \/>\n\t<meta name=\"twitter:data1\" content=\"1 minut\" \/>\n<script type=\"application\/ld+json\" class=\"yoast-schema-graph\">{\"@context\":\"https:\/\/schema.org\",\"@graph\":[{\"@type\":\"WebPage\",\"@id\":\"https:\/\/woodinout.net\/da\/product\/trae-puslespil-for-tal-og-optaelling\/\",\"url\":\"https:\/\/woodinout.net\/da\/product\/trae-puslespil-for-tal-og-optaelling\/\",\"name\":\"Tr\u00e6 numre puslespil - Woodinout \u00a9 Montessori matematik materialer\",\"isPartOf\":{\"@id\":\"https:\/\/woodinout.net\/da\/#website\"},\"datePublished\":\"2020-06-20T19:50:21+00:00\",\"dateModified\":\"2022-04-28T08:30:08+00:00\",\"description\":\"L\u00e6r tal og t\u00e6lle p\u00e5 en sjov m\u00e5de med denne naturlige tr\u00e6 numre puslespil. Montessori matematik materiale til v\u00e6rdifuld familie tid.\",\"breadcrumb\":{\"@id\":\"https:\/\/woodinout.net\/da\/product\/trae-puslespil-for-tal-og-optaelling\/#breadcrumb\"},\"inLanguage\":\"da-DK\",\"potentialAction\":[{\"@type\":\"ReadAction\",\"target\":[\"https:\/\/woodinout.net\/da\/product\/trae-puslespil-for-tal-og-optaelling\/\"]}]},{\"@type\":\"BreadcrumbList\",\"@id\":\"https:\/\/woodinout.net\/da\/product\/trae-puslespil-for-tal-og-optaelling\/#breadcrumb\",\"itemListElement\":[{\"@type\":\"ListItem\",\"position\":1,\"name\":\"Home\",\"item\":\"https:\/\/woodinout.net\/da\/\"},{\"@type\":\"ListItem\",\"position\":2,\"name\":\"Shop\",\"item\":\"https:\/\/woodinout.net\/shop\/\"},{\"@type\":\"ListItem\",\"position\":3,\"name\":\"Tr\u00e6 numre puslespil\"}]},{\"@type\":\"WebSite\",\"@id\":\"https:\/\/woodinout.net\/da\/#website\",\"url\":\"https:\/\/woodinout.net\/da\/\",\"name\":\"Woodinout \u00a9\",\"description\":\"Wooden Montessori toys, gifts, home and events decor details\",\"potentialAction\":[{\"@type\":\"SearchAction\",\"target\":{\"@type\":\"EntryPoint\",\"urlTemplate\":\"https:\/\/woodinout.net\/da\/?s={search_term_string}\"},\"query-input\":\"required name=search_term_string\"}],\"inLanguage\":\"da-DK\"}]}<\/script>\n<!-- \/ Yoast SEO plugin. -->","yoast_head_json":{"title":"Tr\u00e6 numre puslespil - Woodinout \u00a9 Montessori matematik materialer","description":"L\u00e6r tal og t\u00e6lle p\u00e5 en sjov m\u00e5de med denne naturlige tr\u00e6 numre puslespil. Montessori matematik materiale til v\u00e6rdifuld familie tid.","robots":{"index":"index","follow":"follow","max-snippet":"max-snippet:-1","max-image-preview":"max-image-preview:large","max-video-preview":"max-video-preview:-1"},"canonical":"https:\/\/woodinout.net\/da\/product\/trae-puslespil-for-tal-og-optaelling\/","og_locale":"da_DK","og_type":"article","og_title":"Tr\u00e6 numre puslespil - Woodinout \u00a9 Montessori matematik materialer","og_description":"L\u00e6r tal og t\u00e6lle p\u00e5 en sjov m\u00e5de med denne naturlige tr\u00e6 numre puslespil. Montessori matematik materiale til v\u00e6rdifuld familie tid.","og_url":"https:\/\/woodinout.net\/da\/product\/trae-puslespil-for-tal-og-optaelling\/","og_site_name":"Woodinout \u00a9","article_modified_time":"2022-04-28T08:30:08+00:00","og_image":[{"width":853,"height":1280,"url":"https:\/\/woodinout.net\/wp-content\/uploads\/2020\/06\/Wooden-puzzle-for-numbers-and-counting-3.jpg","type":"image\/jpeg"}],"twitter_card":"summary_large_image","twitter_misc":{"Estimeret l\u00e6setid":"1 minut"},"schema":{"@context":"https:\/\/schema.org","@graph":[{"@type":"WebPage","@id":"https:\/\/woodinout.net\/da\/product\/trae-puslespil-for-tal-og-optaelling\/","url":"https:\/\/woodinout.net\/da\/product\/trae-puslespil-for-tal-og-optaelling\/","name":"Tr\u00e6 numre puslespil - Woodinout \u00a9 Montessori matematik materialer","isPartOf":{"@id":"https:\/\/woodinout.net\/da\/#website"},"datePublished":"2020-06-20T19:50:21+00:00","dateModified":"2022-04-28T08:30:08+00:00","description":"L\u00e6r tal og t\u00e6lle p\u00e5 en sjov m\u00e5de med denne naturlige tr\u00e6 numre puslespil. Montessori matematik materiale til v\u00e6rdifuld familie tid.","breadcrumb":{"@id":"https:\/\/woodinout.net\/da\/product\/trae-puslespil-for-tal-og-optaelling\/#breadcrumb"},"inLanguage":"da-DK","potentialAction":[{"@type":"ReadAction","target":["https:\/\/woodinout.net\/da\/product\/trae-puslespil-for-tal-og-optaelling\/"]}]},{"@type":"BreadcrumbList","@id":"https:\/\/woodinout.net\/da\/product\/trae-puslespil-for-tal-og-optaelling\/#breadcrumb","itemListElement":[{"@type":"ListItem","position":1,"name":"Home","item":"https:\/\/woodinout.net\/da\/"},{"@type":"ListItem","position":2,"name":"Shop","item":"https:\/\/woodinout.net\/shop\/"},{"@type":"ListItem","position":3,"name":"Tr\u00e6 numre puslespil"}]},{"@type":"WebSite","@id":"https:\/\/woodinout.net\/da\/#website","url":"https:\/\/woodinout.net\/da\/","name":"Woodinout \u00a9","description":"Wooden Montessori toys, gifts, home and events decor details","potentialAction":[{"@type":"SearchAction","target":{"@type":"EntryPoint","urlTemplate":"https:\/\/woodinout.net\/da\/?s={search_term_string}"},"query-input":"required name=search_term_string"}],"inLanguage":"da-DK"}]}},"_links":{"self":[{"href":"https:\/\/woodinout.net\/da\/wp-json\/wp\/v2\/product\/20908"}],"collection":[{"href":"https:\/\/woodinout.net\/da\/wp-json\/wp\/v2\/product"}],"about":[{"href":"https:\/\/woodinout.net\/da\/wp-json\/wp\/v2\/types\/product"}],"wp:featuredmedia":[{"embeddable":true,"href":"https:\/\/woodinout.net\/da\/wp-json\/wp\/v2\/media\/17069"}],"wp:attachment":[{"href":"https:\/\/woodinout.net\/da\/wp-json\/wp\/v2\/media?parent=20908"}],"wp:term":[{"taxonomy":"product_cat","embeddable":true,"href":"https:\/\/woodinout.net\/da\/wp-json\/wp\/v2\/product_cat?post=20908"},{"taxonomy":"product_tag","embeddable":true,"href":"https:\/\/woodinout.net\/da\/wp-json\/wp\/v2\/product_tag?post=20908"}],"curies":[{"name":"wp","href":"https:\/\/api.w.org\/{rel}","templated":true}]}}