{"id":20865,"date":"2020-06-20T22:55:58","date_gmt":"2020-06-20T19:55:58","guid":{"rendered":"https:\/\/woodinout.net\/product\/traenumre\/"},"modified":"2022-04-22T12:35:27","modified_gmt":"2022-04-22T09:35:27","slug":"trae-numre-og-taelle-laering-legetoj","status":"publish","type":"product","link":"https:\/\/woodinout.net\/da\/product\/trae-numre-og-taelle-laering-legetoj\/","title":{"rendered":"Tr\u00e6numre"},"content":{"rendered":"<p>Sm\u00e5 tr\u00e6numre som at l\u00e6re leget\u00f8j er det, vi er bedst til. Vil du g\u00f8re for\u00e6ldre glade? At l\u00e6re leget\u00f8j som tr\u00e6numre er fantastiske gaver til b\u00f8rn og v\u00e6rdsat af for\u00e6ldre. Vores Waldorf toddler leget\u00f8j er en sjov m\u00e5de at l\u00e6re tal og t\u00e6lle. Disse tr\u00e6numre er svaret p\u00e5 nyttige og v\u00e6rdifulde baby gave. Montessori baby leget\u00f8j er ogs\u00e5 kendt for langvarig brug, efter toddler \u00e5r kunne det blive stilfuld Montessori matematik klassev\u00e6relse indretning i b\u00f8rnehaven.<br \/>\nFind mere tr\u00e6leget\u00f8j i vores butik: etsy.com\/shop\/woodinout<\/p>\n<p>S\u00e6ttet indeholder:<br \/>\nTal fra 1 til 10<\/p>\n<p>Vil forbedre motoriske f\u00e6rdigheder<\/p>\n<p>DIMENSIONER<\/p>\n<p>Spillernumre<br \/>\nH\u00f8jde: ~2,7 tommer<br \/>\nTykkelse: ~0,6 tommer<\/p>\n<p>FARVER OG MATERIALE<br \/>\nFarve: m\u00f8rkebrun eller naturlig olieret.<br \/>\nLeget\u00f8j er lavet af naturligt massivt tr\u00e6 og milj\u00f8venlig maling \/ olier.<br \/>\nBem\u00e6rk, at farverne kan variere p\u00e5 grund af indstillinger for computersk\u00e6rm og lettelse.<\/p>\n","protected":false},"excerpt":{"rendered":"<p>Sm\u00e5 tr\u00e6numre som at l\u00e6re leget\u00f8j er det, vi er bedst til. Vil du g\u00f8re for\u00e6ldre glade? At l\u00e6re leget\u00f8j som tr\u00e6numre er fantastiske gaver til b\u00f8rn og v\u00e6rdsat af for\u00e6ldre. Vores Waldorf toddler leget\u00f8j er en sjov m\u00e5de at l\u00e6re tal og t\u00e6lle. Disse tr\u00e6numre er svaret p\u00e5 nyttige og v\u00e6rdifulde baby gave. Montessori [&hellip;]<\/p>\n","protected":false},"featured_media":17101,"template":"","meta":{"_monsterinsights_skip_tracking":false,"_monsterinsights_sitenote_active":false,"_monsterinsights_sitenote_note":"","_monsterinsights_sitenote_category":0},"product_cat":[1431,1647],"product_tag":[1488,1483,1650,1439,1479,1672,1667,1472,1675,1660,1452,1460,1677],"yoast_head":"<!-- This site is optimized with the Yoast SEO plugin v22.1 - https:\/\/yoast.com\/wordpress\/plugins\/seo\/ -->\n<title>Tr\u00e6numre - Woodinout \u00a9 tr\u00e6 Montessori leget\u00f8j<\/title>\n<meta name=\"description\" content=\"Sm\u00e5 tr\u00e6numre - bedste Montessori matematikmateriale til sm\u00e5b\u00f8rn og f\u00f8rskoleb\u00f8rn. V\u00e6rdifuld familietidsgaranti.\" \/>\n<meta name=\"robots\" content=\"index, follow, max-snippet:-1, max-image-preview:large, max-video-preview:-1\" \/>\n<link rel=\"canonical\" href=\"https:\/\/woodinout.net\/da\/product\/trae-numre-og-taelle-laering-legetoj\/\" \/>\n<meta property=\"og:locale\" content=\"da_DK\" \/>\n<meta property=\"og:type\" content=\"article\" \/>\n<meta property=\"og:title\" content=\"Tr\u00e6numre - Woodinout \u00a9 tr\u00e6 Montessori leget\u00f8j\" \/>\n<meta property=\"og:description\" content=\"Sm\u00e5 tr\u00e6numre - bedste Montessori matematikmateriale til sm\u00e5b\u00f8rn og f\u00f8rskoleb\u00f8rn. V\u00e6rdifuld familietidsgaranti.\" \/>\n<meta property=\"og:url\" content=\"https:\/\/woodinout.net\/da\/product\/trae-numre-og-taelle-laering-legetoj\/\" \/>\n<meta property=\"og:site_name\" content=\"Woodinout \u00a9\" \/>\n<meta property=\"article:modified_time\" content=\"2022-04-22T09:35:27+00:00\" \/>\n<meta property=\"og:image\" content=\"https:\/\/woodinout.net\/wp-content\/uploads\/2020\/06\/Wood-numbers-and-counting-learning-toys-1.jpg\" \/>\n\t<meta property=\"og:image:width\" content=\"853\" \/>\n\t<meta property=\"og:image:height\" content=\"1280\" \/>\n\t<meta property=\"og:image:type\" content=\"image\/jpeg\" \/>\n<meta name=\"twitter:card\" content=\"summary_large_image\" \/>\n<meta name=\"twitter:label1\" content=\"Estimeret l\u00e6setid\" \/>\n\t<meta name=\"twitter:data1\" content=\"1 minut\" \/>\n<script type=\"application\/ld+json\" class=\"yoast-schema-graph\">{\"@context\":\"https:\/\/schema.org\",\"@graph\":[{\"@type\":\"WebPage\",\"@id\":\"https:\/\/woodinout.net\/da\/product\/trae-numre-og-taelle-laering-legetoj\/\",\"url\":\"https:\/\/woodinout.net\/da\/product\/trae-numre-og-taelle-laering-legetoj\/\",\"name\":\"Tr\u00e6numre - Woodinout \u00a9 tr\u00e6 Montessori leget\u00f8j\",\"isPartOf\":{\"@id\":\"https:\/\/woodinout.net\/da\/#website\"},\"datePublished\":\"2020-06-20T19:55:58+00:00\",\"dateModified\":\"2022-04-22T09:35:27+00:00\",\"description\":\"Sm\u00e5 tr\u00e6numre - bedste Montessori matematikmateriale til sm\u00e5b\u00f8rn og f\u00f8rskoleb\u00f8rn. V\u00e6rdifuld familietidsgaranti.\",\"breadcrumb\":{\"@id\":\"https:\/\/woodinout.net\/da\/product\/trae-numre-og-taelle-laering-legetoj\/#breadcrumb\"},\"inLanguage\":\"da-DK\",\"potentialAction\":[{\"@type\":\"ReadAction\",\"target\":[\"https:\/\/woodinout.net\/da\/product\/trae-numre-og-taelle-laering-legetoj\/\"]}]},{\"@type\":\"BreadcrumbList\",\"@id\":\"https:\/\/woodinout.net\/da\/product\/trae-numre-og-taelle-laering-legetoj\/#breadcrumb\",\"itemListElement\":[{\"@type\":\"ListItem\",\"position\":1,\"name\":\"Home\",\"item\":\"https:\/\/woodinout.net\/da\/\"},{\"@type\":\"ListItem\",\"position\":2,\"name\":\"Shop\",\"item\":\"https:\/\/woodinout.net\/shop\/\"},{\"@type\":\"ListItem\",\"position\":3,\"name\":\"Tr\u00e6numre\"}]},{\"@type\":\"WebSite\",\"@id\":\"https:\/\/woodinout.net\/da\/#website\",\"url\":\"https:\/\/woodinout.net\/da\/\",\"name\":\"Woodinout \u00a9\",\"description\":\"Wooden Montessori toys, gifts, home and events decor details\",\"potentialAction\":[{\"@type\":\"SearchAction\",\"target\":{\"@type\":\"EntryPoint\",\"urlTemplate\":\"https:\/\/woodinout.net\/da\/?s={search_term_string}\"},\"query-input\":\"required name=search_term_string\"}],\"inLanguage\":\"da-DK\"}]}<\/script>\n<!-- \/ Yoast SEO plugin. -->","yoast_head_json":{"title":"Tr\u00e6numre - Woodinout \u00a9 tr\u00e6 Montessori leget\u00f8j","description":"Sm\u00e5 tr\u00e6numre - bedste Montessori matematikmateriale til sm\u00e5b\u00f8rn og f\u00f8rskoleb\u00f8rn. V\u00e6rdifuld familietidsgaranti.","robots":{"index":"index","follow":"follow","max-snippet":"max-snippet:-1","max-image-preview":"max-image-preview:large","max-video-preview":"max-video-preview:-1"},"canonical":"https:\/\/woodinout.net\/da\/product\/trae-numre-og-taelle-laering-legetoj\/","og_locale":"da_DK","og_type":"article","og_title":"Tr\u00e6numre - Woodinout \u00a9 tr\u00e6 Montessori leget\u00f8j","og_description":"Sm\u00e5 tr\u00e6numre - bedste Montessori matematikmateriale til sm\u00e5b\u00f8rn og f\u00f8rskoleb\u00f8rn. V\u00e6rdifuld familietidsgaranti.","og_url":"https:\/\/woodinout.net\/da\/product\/trae-numre-og-taelle-laering-legetoj\/","og_site_name":"Woodinout \u00a9","article_modified_time":"2022-04-22T09:35:27+00:00","og_image":[{"width":853,"height":1280,"url":"https:\/\/woodinout.net\/wp-content\/uploads\/2020\/06\/Wood-numbers-and-counting-learning-toys-1.jpg","type":"image\/jpeg"}],"twitter_card":"summary_large_image","twitter_misc":{"Estimeret l\u00e6setid":"1 minut"},"schema":{"@context":"https:\/\/schema.org","@graph":[{"@type":"WebPage","@id":"https:\/\/woodinout.net\/da\/product\/trae-numre-og-taelle-laering-legetoj\/","url":"https:\/\/woodinout.net\/da\/product\/trae-numre-og-taelle-laering-legetoj\/","name":"Tr\u00e6numre - Woodinout \u00a9 tr\u00e6 Montessori leget\u00f8j","isPartOf":{"@id":"https:\/\/woodinout.net\/da\/#website"},"datePublished":"2020-06-20T19:55:58+00:00","dateModified":"2022-04-22T09:35:27+00:00","description":"Sm\u00e5 tr\u00e6numre - bedste Montessori matematikmateriale til sm\u00e5b\u00f8rn og f\u00f8rskoleb\u00f8rn. V\u00e6rdifuld familietidsgaranti.","breadcrumb":{"@id":"https:\/\/woodinout.net\/da\/product\/trae-numre-og-taelle-laering-legetoj\/#breadcrumb"},"inLanguage":"da-DK","potentialAction":[{"@type":"ReadAction","target":["https:\/\/woodinout.net\/da\/product\/trae-numre-og-taelle-laering-legetoj\/"]}]},{"@type":"BreadcrumbList","@id":"https:\/\/woodinout.net\/da\/product\/trae-numre-og-taelle-laering-legetoj\/#breadcrumb","itemListElement":[{"@type":"ListItem","position":1,"name":"Home","item":"https:\/\/woodinout.net\/da\/"},{"@type":"ListItem","position":2,"name":"Shop","item":"https:\/\/woodinout.net\/shop\/"},{"@type":"ListItem","position":3,"name":"Tr\u00e6numre"}]},{"@type":"WebSite","@id":"https:\/\/woodinout.net\/da\/#website","url":"https:\/\/woodinout.net\/da\/","name":"Woodinout \u00a9","description":"Wooden Montessori toys, gifts, home and events decor details","potentialAction":[{"@type":"SearchAction","target":{"@type":"EntryPoint","urlTemplate":"https:\/\/woodinout.net\/da\/?s={search_term_string}"},"query-input":"required name=search_term_string"}],"inLanguage":"da-DK"}]}},"_links":{"self":[{"href":"https:\/\/woodinout.net\/da\/wp-json\/wp\/v2\/product\/20865"}],"collection":[{"href":"https:\/\/woodinout.net\/da\/wp-json\/wp\/v2\/product"}],"about":[{"href":"https:\/\/woodinout.net\/da\/wp-json\/wp\/v2\/types\/product"}],"wp:featuredmedia":[{"embeddable":true,"href":"https:\/\/woodinout.net\/da\/wp-json\/wp\/v2\/media\/17101"}],"wp:attachment":[{"href":"https:\/\/woodinout.net\/da\/wp-json\/wp\/v2\/media?parent=20865"}],"wp:term":[{"taxonomy":"product_cat","embeddable":true,"href":"https:\/\/woodinout.net\/da\/wp-json\/wp\/v2\/product_cat?post=20865"},{"taxonomy":"product_tag","embeddable":true,"href":"https:\/\/woodinout.net\/da\/wp-json\/wp\/v2\/product_tag?post=20865"}],"curies":[{"name":"wp","href":"https:\/\/api.w.org\/{rel}","templated":true}]}}