{"id":20863,"date":"2020-06-20T22:14:57","date_gmt":"2020-06-20T19:14:57","guid":{"rendered":"https:\/\/woodinout.net\/product\/navneskilt-til-traesporingstavle\/"},"modified":"2022-04-28T09:33:23","modified_gmt":"2022-04-28T06:33:23","slug":"trae-tracing-board-name-tegn","status":"publish","type":"product","link":"https:\/\/woodinout.net\/da\/product\/trae-tracing-board-name-tegn\/","title":{"rendered":"Navneskilt til tr\u00e6sporingstavle"},"content":{"rendered":"<p>Tr\u00e6opsporing af dit navnebr\u00e6t er en unik personlig gave. Verdensomsp\u00e6ndende kendte Waldorf &amp;Montessori leget\u00f8j er nem og sjov m\u00e5de at l\u00e6re og uddanne b\u00f8rn i b\u00f8rnehaven. Dette tr\u00e6 navn tegn med id\u00e9 om sporing breve er en af s\u00f8de og sjove m\u00e5der at l\u00e6re at skrive dit navn. Tro mig, b\u00f8rn elsker det. Ikke flere hundrede navnesporingsark er n\u00f8dvendige!<br \/>\nP\u00e6dagogisk leget\u00f8j er stadig LEGET\u00d8J i \u00f8jnene p\u00e5 et barn. Vores h\u00e5ndlavede tr\u00e6leget\u00f8j er ikke kun lavet til at v\u00e6re sjovt m\u00e5de at l\u00e6re p\u00e5, men ogs\u00e5 meget flot. Derfor kan denne personlige gave v\u00e6re stilfuld b\u00f8rnev\u00e6relse indretning &#8211; h\u00e6ngende p\u00e5 v\u00e6ggen eller bruges som skrivebord navneplade &#8211; bruge din fantasi her.<\/p>\n<p>Derudover f\u00e5r alfabet brev sporing bord, kan du finde det p\u00e5 etsy.com\/shop\/woodinout<\/p>\n<p>S\u00e6ttet indeholder:<br \/>\nSporingskortet med navnet<br \/>\nTr\u00e6pen<\/p>\n<p>Vil forbedre motoriske f\u00e6rdigheder<br \/>\nVil fors\u00f8ge at stave hans \/ hendes navn. Selvf\u00f8lgelig, med din hj\u00e6lp<\/p>\n<p>DIMENSIONER<br \/>\nH\u00f8jde &#8211; ~5 tommer<br \/>\nBoard tykkelse: ~ 0,6 inches<br \/>\nL\u00e6ngde &#8211; afh\u00e6nger af antallet af bogstaver<\/p>\n<p>FARVER OG MATERIALE<br \/>\nBaggrund: m\u00f8rkebrun eller naturlig olieret.<br \/>\nLeget\u00f8j er lavet af naturligt massivt tr\u00e6 og milj\u00f8venlig maling \/ olier.<br \/>\nBem\u00e6rk, at farverne kan variere p\u00e5 grund af indstillinger for computersk\u00e6rm og lettelse.<\/p>\n","protected":false},"excerpt":{"rendered":"<p>Tr\u00e6opsporing af dit navnebr\u00e6t er en unik personlig gave. Verdensomsp\u00e6ndende kendte Waldorf &amp;Montessori leget\u00f8j er nem og sjov m\u00e5de at l\u00e6re og uddanne b\u00f8rn i b\u00f8rnehaven. Dette tr\u00e6 navn tegn med id\u00e9 om sporing breve er en af s\u00f8de og sjove m\u00e5der at l\u00e6re at skrive dit navn. Tro mig, b\u00f8rn elsker det. Ikke flere [&hellip;]<\/p>\n","protected":false},"featured_media":16909,"template":"","meta":{"_monsterinsights_skip_tracking":false,"_monsterinsights_sitenote_active":false,"_monsterinsights_sitenote_note":"","_monsterinsights_sitenote_category":0},"product_cat":[1577,1431],"product_tag":[1488,1483,1439,1629,1479,1472,1627,1452,1460,1625,1527,1529,1581],"yoast_head":"<!-- This site is optimized with the Yoast SEO plugin v22.1 - https:\/\/yoast.com\/wordpress\/plugins\/seo\/ -->\n<title>Navneskilt til tr\u00e6sporingstavle - Woodinout \u00a9 Learning leget\u00f8j<\/title>\n<meta name=\"description\" content=\"Personlig sporing af dit navnebr\u00e6t - ikke flere papirark - Brug dette tr\u00e6br\u00e6t s\u00e5 mange gange som du vil.\" \/>\n<meta name=\"robots\" content=\"index, follow, max-snippet:-1, max-image-preview:large, max-video-preview:-1\" \/>\n<link rel=\"canonical\" href=\"https:\/\/woodinout.net\/da\/product\/trae-tracing-board-name-tegn\/\" \/>\n<meta property=\"og:locale\" content=\"da_DK\" \/>\n<meta property=\"og:type\" content=\"article\" \/>\n<meta property=\"og:title\" content=\"Navneskilt til tr\u00e6sporingstavle - Woodinout \u00a9 Learning leget\u00f8j\" \/>\n<meta property=\"og:description\" content=\"Personlig sporing af dit navnebr\u00e6t - ikke flere papirark - Brug dette tr\u00e6br\u00e6t s\u00e5 mange gange som du vil.\" \/>\n<meta property=\"og:url\" content=\"https:\/\/woodinout.net\/da\/product\/trae-tracing-board-name-tegn\/\" \/>\n<meta property=\"og:site_name\" content=\"Woodinout \u00a9\" \/>\n<meta property=\"article:modified_time\" content=\"2022-04-28T06:33:23+00:00\" \/>\n<meta property=\"og:image\" content=\"https:\/\/woodinout.net\/wp-content\/uploads\/2020\/06\/Wooden-Tracing-board-name-sign-2.jpg\" \/>\n\t<meta property=\"og:image:width\" content=\"580\" \/>\n\t<meta property=\"og:image:height\" content=\"768\" \/>\n\t<meta property=\"og:image:type\" content=\"image\/jpeg\" \/>\n<meta name=\"twitter:card\" content=\"summary_large_image\" \/>\n<meta name=\"twitter:label1\" content=\"Estimeret l\u00e6setid\" \/>\n\t<meta name=\"twitter:data1\" content=\"1 minut\" \/>\n<script type=\"application\/ld+json\" class=\"yoast-schema-graph\">{\"@context\":\"https:\/\/schema.org\",\"@graph\":[{\"@type\":\"WebPage\",\"@id\":\"https:\/\/woodinout.net\/da\/product\/trae-tracing-board-name-tegn\/\",\"url\":\"https:\/\/woodinout.net\/da\/product\/trae-tracing-board-name-tegn\/\",\"name\":\"Navneskilt til tr\u00e6sporingstavle - Woodinout \u00a9 Learning leget\u00f8j\",\"isPartOf\":{\"@id\":\"https:\/\/woodinout.net\/da\/#website\"},\"datePublished\":\"2020-06-20T19:14:57+00:00\",\"dateModified\":\"2022-04-28T06:33:23+00:00\",\"description\":\"Personlig sporing af dit navnebr\u00e6t - ikke flere papirark - Brug dette tr\u00e6br\u00e6t s\u00e5 mange gange som du vil.\",\"breadcrumb\":{\"@id\":\"https:\/\/woodinout.net\/da\/product\/trae-tracing-board-name-tegn\/#breadcrumb\"},\"inLanguage\":\"da-DK\",\"potentialAction\":[{\"@type\":\"ReadAction\",\"target\":[\"https:\/\/woodinout.net\/da\/product\/trae-tracing-board-name-tegn\/\"]}]},{\"@type\":\"BreadcrumbList\",\"@id\":\"https:\/\/woodinout.net\/da\/product\/trae-tracing-board-name-tegn\/#breadcrumb\",\"itemListElement\":[{\"@type\":\"ListItem\",\"position\":1,\"name\":\"Home\",\"item\":\"https:\/\/woodinout.net\/da\/\"},{\"@type\":\"ListItem\",\"position\":2,\"name\":\"Shop\",\"item\":\"https:\/\/woodinout.net\/shop\/\"},{\"@type\":\"ListItem\",\"position\":3,\"name\":\"Navneskilt til tr\u00e6sporingstavle\"}]},{\"@type\":\"WebSite\",\"@id\":\"https:\/\/woodinout.net\/da\/#website\",\"url\":\"https:\/\/woodinout.net\/da\/\",\"name\":\"Woodinout \u00a9\",\"description\":\"Wooden Montessori toys, gifts, home and events decor details\",\"potentialAction\":[{\"@type\":\"SearchAction\",\"target\":{\"@type\":\"EntryPoint\",\"urlTemplate\":\"https:\/\/woodinout.net\/da\/?s={search_term_string}\"},\"query-input\":\"required name=search_term_string\"}],\"inLanguage\":\"da-DK\"}]}<\/script>\n<!-- \/ Yoast SEO plugin. -->","yoast_head_json":{"title":"Navneskilt til tr\u00e6sporingstavle - Woodinout \u00a9 Learning leget\u00f8j","description":"Personlig sporing af dit navnebr\u00e6t - ikke flere papirark - Brug dette tr\u00e6br\u00e6t s\u00e5 mange gange som du vil.","robots":{"index":"index","follow":"follow","max-snippet":"max-snippet:-1","max-image-preview":"max-image-preview:large","max-video-preview":"max-video-preview:-1"},"canonical":"https:\/\/woodinout.net\/da\/product\/trae-tracing-board-name-tegn\/","og_locale":"da_DK","og_type":"article","og_title":"Navneskilt til tr\u00e6sporingstavle - Woodinout \u00a9 Learning leget\u00f8j","og_description":"Personlig sporing af dit navnebr\u00e6t - ikke flere papirark - Brug dette tr\u00e6br\u00e6t s\u00e5 mange gange som du vil.","og_url":"https:\/\/woodinout.net\/da\/product\/trae-tracing-board-name-tegn\/","og_site_name":"Woodinout \u00a9","article_modified_time":"2022-04-28T06:33:23+00:00","og_image":[{"width":580,"height":768,"url":"https:\/\/woodinout.net\/wp-content\/uploads\/2020\/06\/Wooden-Tracing-board-name-sign-2.jpg","type":"image\/jpeg"}],"twitter_card":"summary_large_image","twitter_misc":{"Estimeret l\u00e6setid":"1 minut"},"schema":{"@context":"https:\/\/schema.org","@graph":[{"@type":"WebPage","@id":"https:\/\/woodinout.net\/da\/product\/trae-tracing-board-name-tegn\/","url":"https:\/\/woodinout.net\/da\/product\/trae-tracing-board-name-tegn\/","name":"Navneskilt til tr\u00e6sporingstavle - Woodinout \u00a9 Learning leget\u00f8j","isPartOf":{"@id":"https:\/\/woodinout.net\/da\/#website"},"datePublished":"2020-06-20T19:14:57+00:00","dateModified":"2022-04-28T06:33:23+00:00","description":"Personlig sporing af dit navnebr\u00e6t - ikke flere papirark - Brug dette tr\u00e6br\u00e6t s\u00e5 mange gange som du vil.","breadcrumb":{"@id":"https:\/\/woodinout.net\/da\/product\/trae-tracing-board-name-tegn\/#breadcrumb"},"inLanguage":"da-DK","potentialAction":[{"@type":"ReadAction","target":["https:\/\/woodinout.net\/da\/product\/trae-tracing-board-name-tegn\/"]}]},{"@type":"BreadcrumbList","@id":"https:\/\/woodinout.net\/da\/product\/trae-tracing-board-name-tegn\/#breadcrumb","itemListElement":[{"@type":"ListItem","position":1,"name":"Home","item":"https:\/\/woodinout.net\/da\/"},{"@type":"ListItem","position":2,"name":"Shop","item":"https:\/\/woodinout.net\/shop\/"},{"@type":"ListItem","position":3,"name":"Navneskilt til tr\u00e6sporingstavle"}]},{"@type":"WebSite","@id":"https:\/\/woodinout.net\/da\/#website","url":"https:\/\/woodinout.net\/da\/","name":"Woodinout \u00a9","description":"Wooden Montessori toys, gifts, home and events decor details","potentialAction":[{"@type":"SearchAction","target":{"@type":"EntryPoint","urlTemplate":"https:\/\/woodinout.net\/da\/?s={search_term_string}"},"query-input":"required name=search_term_string"}],"inLanguage":"da-DK"}]}},"_links":{"self":[{"href":"https:\/\/woodinout.net\/da\/wp-json\/wp\/v2\/product\/20863"}],"collection":[{"href":"https:\/\/woodinout.net\/da\/wp-json\/wp\/v2\/product"}],"about":[{"href":"https:\/\/woodinout.net\/da\/wp-json\/wp\/v2\/types\/product"}],"wp:featuredmedia":[{"embeddable":true,"href":"https:\/\/woodinout.net\/da\/wp-json\/wp\/v2\/media\/16909"}],"wp:attachment":[{"href":"https:\/\/woodinout.net\/da\/wp-json\/wp\/v2\/media?parent=20863"}],"wp:term":[{"taxonomy":"product_cat","embeddable":true,"href":"https:\/\/woodinout.net\/da\/wp-json\/wp\/v2\/product_cat?post=20863"},{"taxonomy":"product_tag","embeddable":true,"href":"https:\/\/woodinout.net\/da\/wp-json\/wp\/v2\/product_tag?post=20863"}],"curies":[{"name":"wp","href":"https:\/\/api.w.org\/{rel}","templated":true}]}}