{"id":20861,"date":"2020-06-20T22:59:35","date_gmt":"2020-06-20T19:59:35","guid":{"rendered":"https:\/\/woodinout.net\/product\/trae-form-sorterer-puslespil\/"},"modified":"2022-04-06T09:03:23","modified_gmt":"2022-04-06T06:03:23","slug":"trae-form-sortering","status":"publish","type":"product","link":"https:\/\/woodinout.net\/da\/product\/trae-form-sortering\/","title":{"rendered":"Tr\u00e6 form sorterer &#8211; puslespil"},"content":{"rendered":"<p>Tr\u00e6 form sorterer &#8211; v\u00e6rdifuld, godt v\u00e6rdsat af for\u00e6ldre og stilfuld Baby gave! Montessori baby leget\u00f8j er velkendt over hele verden, denne baby form sorterer er en af dem.<br \/>\nTr\u00e6 sortering leget\u00f8j er bedst baby udvikle gave til dine k\u00e6re sm\u00e5. Vi vil g\u00f8re dette tr\u00e6 puslespil en personlig gave med din \u00f8nskede tekst p\u00e5 bagsiden indgraveret. Tr\u00e6blokke er s\u00e5 flotte, passer til enhver stil b\u00f8rnehave indretning. Wooden Learning leget\u00f8j er, hvad vi er bedst til Woodinout, f\u00e5 denne tr\u00e6 form sorterer og slutte sig til familien af glade kunder!<\/p>\n<p>Vil forbedre finmotorik;<br \/>\nVil udvikle \u00f8jenh\u00e5ndkoordinering;<br \/>\nBaby vil l\u00e6re form navne;<\/p>\n<p>Find flere Montessori-inspirerede babygaver <a href=\"https:\/\/woodinout.net\/product-category\/wooden-toys\/baby-toys\/\">HER.<\/a><\/p>\n<p>S\u00e6ttet indeholder:<br \/>\nTr\u00e6 form sorterer bord<br \/>\n9 former\/tr\u00e6blokke<\/p>\n<p>DIMENSIONER<\/p>\n<p>Spillernumre<br \/>\nH\u00f8jde: ~6,7 tommer<br \/>\nL\u00e6ngde: ~7,9 tommer<br \/>\nTykkelse: ~0,6 tommer<\/p>\n<p>FARVER OG MATERIALE<br \/>\nFarve: m\u00f8rkebrun og naturlig olieret.<br \/>\nLeget\u00f8jet er lavet af naturligt massivt tr\u00e6.<br \/>\nBem\u00e6rk, at farverne kan variere p\u00e5 grund af indstillinger for computersk\u00e6rm og lettelse.<\/p>\n<p>For flere ideer, f\u00f8lg os p\u00e5 <a href=\"https:\/\/www.instagram.com\/woodinout\/\">INSTAGRAM<\/a> &amp; <a href=\"https:\/\/www.facebook.com\/Woodinout.net\">FACEBOOK<\/a><\/p>\n","protected":false},"excerpt":{"rendered":"<p>Tr\u00e6 form sorterer &#8211; v\u00e6rdifuld, godt v\u00e6rdsat af for\u00e6ldre og stilfuld Baby gave! Montessori baby leget\u00f8j er velkendt over hele verden, denne baby form sorterer er en af dem. Tr\u00e6 sortering leget\u00f8j er bedst baby udvikle gave til dine k\u00e6re sm\u00e5. Vi vil g\u00f8re dette tr\u00e6 puslespil en personlig gave med din \u00f8nskede tekst p\u00e5 [&hellip;]<\/p>\n","protected":false},"featured_media":17125,"template":"","meta":{"_monsterinsights_skip_tracking":false,"_monsterinsights_sitenote_active":false,"_monsterinsights_sitenote_note":"","_monsterinsights_sitenote_category":0},"product_cat":[1448,1443,1651,1431],"product_tag":[1674,1669,1488,1483,1655,1537,1439,1535,1479,1472,1452,1460,1663],"yoast_head":"<!-- This site is optimized with the Yoast SEO plugin v22.1 - https:\/\/yoast.com\/wordpress\/plugins\/seo\/ -->\n<title>Tr\u00e6 form sorterer - puslespil - Woodinout \u00a9 Montessori leget\u00f8j<\/title>\n<meta name=\"description\" content=\"Tidligt p\u00e6dagogisk leget\u00f8j til Baby Must be - Naturlig og h\u00e5ndlavet. Denne tr\u00e6 form sorterer - puslespil er netop det! Verdensomsp\u00e6ndende forsendelse.\" \/>\n<meta name=\"robots\" content=\"index, follow, max-snippet:-1, max-image-preview:large, max-video-preview:-1\" \/>\n<link rel=\"canonical\" href=\"https:\/\/woodinout.net\/da\/product\/trae-form-sortering\/\" \/>\n<meta property=\"og:locale\" content=\"da_DK\" \/>\n<meta property=\"og:type\" content=\"article\" \/>\n<meta property=\"og:title\" content=\"Tr\u00e6 form sorterer - puslespil - Woodinout \u00a9 Montessori leget\u00f8j\" \/>\n<meta property=\"og:description\" content=\"Tidligt p\u00e6dagogisk leget\u00f8j til Baby Must be - Naturlig og h\u00e5ndlavet. Denne tr\u00e6 form sorterer - puslespil er netop det! Verdensomsp\u00e6ndende forsendelse.\" \/>\n<meta property=\"og:url\" content=\"https:\/\/woodinout.net\/da\/product\/trae-form-sortering\/\" \/>\n<meta property=\"og:site_name\" content=\"Woodinout \u00a9\" \/>\n<meta property=\"article:modified_time\" content=\"2022-04-06T06:03:23+00:00\" \/>\n<meta property=\"og:image\" content=\"https:\/\/woodinout.net\/wp-content\/uploads\/2020\/06\/Wood-shape-sorter-1.jpg\" \/>\n\t<meta property=\"og:image:width\" content=\"853\" \/>\n\t<meta property=\"og:image:height\" content=\"1280\" \/>\n\t<meta property=\"og:image:type\" content=\"image\/jpeg\" \/>\n<meta name=\"twitter:card\" content=\"summary_large_image\" \/>\n<meta name=\"twitter:label1\" content=\"Estimeret l\u00e6setid\" \/>\n\t<meta name=\"twitter:data1\" content=\"1 minut\" \/>\n<script type=\"application\/ld+json\" class=\"yoast-schema-graph\">{\"@context\":\"https:\/\/schema.org\",\"@graph\":[{\"@type\":\"WebPage\",\"@id\":\"https:\/\/woodinout.net\/da\/product\/trae-form-sortering\/\",\"url\":\"https:\/\/woodinout.net\/da\/product\/trae-form-sortering\/\",\"name\":\"Tr\u00e6 form sorterer - puslespil - Woodinout \u00a9 Montessori leget\u00f8j\",\"isPartOf\":{\"@id\":\"https:\/\/woodinout.net\/da\/#website\"},\"datePublished\":\"2020-06-20T19:59:35+00:00\",\"dateModified\":\"2022-04-06T06:03:23+00:00\",\"description\":\"Tidligt p\u00e6dagogisk leget\u00f8j til Baby Must be - Naturlig og h\u00e5ndlavet. Denne tr\u00e6 form sorterer - puslespil er netop det! Verdensomsp\u00e6ndende forsendelse.\",\"breadcrumb\":{\"@id\":\"https:\/\/woodinout.net\/da\/product\/trae-form-sortering\/#breadcrumb\"},\"inLanguage\":\"da-DK\",\"potentialAction\":[{\"@type\":\"ReadAction\",\"target\":[\"https:\/\/woodinout.net\/da\/product\/trae-form-sortering\/\"]}]},{\"@type\":\"BreadcrumbList\",\"@id\":\"https:\/\/woodinout.net\/da\/product\/trae-form-sortering\/#breadcrumb\",\"itemListElement\":[{\"@type\":\"ListItem\",\"position\":1,\"name\":\"Home\",\"item\":\"https:\/\/woodinout.net\/da\/\"},{\"@type\":\"ListItem\",\"position\":2,\"name\":\"Shop\",\"item\":\"https:\/\/woodinout.net\/shop\/\"},{\"@type\":\"ListItem\",\"position\":3,\"name\":\"Tr\u00e6 form sorterer &#8211; puslespil\"}]},{\"@type\":\"WebSite\",\"@id\":\"https:\/\/woodinout.net\/da\/#website\",\"url\":\"https:\/\/woodinout.net\/da\/\",\"name\":\"Woodinout \u00a9\",\"description\":\"Wooden Montessori toys, gifts, home and events decor details\",\"potentialAction\":[{\"@type\":\"SearchAction\",\"target\":{\"@type\":\"EntryPoint\",\"urlTemplate\":\"https:\/\/woodinout.net\/da\/?s={search_term_string}\"},\"query-input\":\"required name=search_term_string\"}],\"inLanguage\":\"da-DK\"}]}<\/script>\n<!-- \/ Yoast SEO plugin. -->","yoast_head_json":{"title":"Tr\u00e6 form sorterer - puslespil - Woodinout \u00a9 Montessori leget\u00f8j","description":"Tidligt p\u00e6dagogisk leget\u00f8j til Baby Must be - Naturlig og h\u00e5ndlavet. Denne tr\u00e6 form sorterer - puslespil er netop det! Verdensomsp\u00e6ndende forsendelse.","robots":{"index":"index","follow":"follow","max-snippet":"max-snippet:-1","max-image-preview":"max-image-preview:large","max-video-preview":"max-video-preview:-1"},"canonical":"https:\/\/woodinout.net\/da\/product\/trae-form-sortering\/","og_locale":"da_DK","og_type":"article","og_title":"Tr\u00e6 form sorterer - puslespil - Woodinout \u00a9 Montessori leget\u00f8j","og_description":"Tidligt p\u00e6dagogisk leget\u00f8j til Baby Must be - Naturlig og h\u00e5ndlavet. Denne tr\u00e6 form sorterer - puslespil er netop det! Verdensomsp\u00e6ndende forsendelse.","og_url":"https:\/\/woodinout.net\/da\/product\/trae-form-sortering\/","og_site_name":"Woodinout \u00a9","article_modified_time":"2022-04-06T06:03:23+00:00","og_image":[{"width":853,"height":1280,"url":"https:\/\/woodinout.net\/wp-content\/uploads\/2020\/06\/Wood-shape-sorter-1.jpg","type":"image\/jpeg"}],"twitter_card":"summary_large_image","twitter_misc":{"Estimeret l\u00e6setid":"1 minut"},"schema":{"@context":"https:\/\/schema.org","@graph":[{"@type":"WebPage","@id":"https:\/\/woodinout.net\/da\/product\/trae-form-sortering\/","url":"https:\/\/woodinout.net\/da\/product\/trae-form-sortering\/","name":"Tr\u00e6 form sorterer - puslespil - Woodinout \u00a9 Montessori leget\u00f8j","isPartOf":{"@id":"https:\/\/woodinout.net\/da\/#website"},"datePublished":"2020-06-20T19:59:35+00:00","dateModified":"2022-04-06T06:03:23+00:00","description":"Tidligt p\u00e6dagogisk leget\u00f8j til Baby Must be - Naturlig og h\u00e5ndlavet. Denne tr\u00e6 form sorterer - puslespil er netop det! Verdensomsp\u00e6ndende forsendelse.","breadcrumb":{"@id":"https:\/\/woodinout.net\/da\/product\/trae-form-sortering\/#breadcrumb"},"inLanguage":"da-DK","potentialAction":[{"@type":"ReadAction","target":["https:\/\/woodinout.net\/da\/product\/trae-form-sortering\/"]}]},{"@type":"BreadcrumbList","@id":"https:\/\/woodinout.net\/da\/product\/trae-form-sortering\/#breadcrumb","itemListElement":[{"@type":"ListItem","position":1,"name":"Home","item":"https:\/\/woodinout.net\/da\/"},{"@type":"ListItem","position":2,"name":"Shop","item":"https:\/\/woodinout.net\/shop\/"},{"@type":"ListItem","position":3,"name":"Tr\u00e6 form sorterer &#8211; puslespil"}]},{"@type":"WebSite","@id":"https:\/\/woodinout.net\/da\/#website","url":"https:\/\/woodinout.net\/da\/","name":"Woodinout \u00a9","description":"Wooden Montessori toys, gifts, home and events decor details","potentialAction":[{"@type":"SearchAction","target":{"@type":"EntryPoint","urlTemplate":"https:\/\/woodinout.net\/da\/?s={search_term_string}"},"query-input":"required name=search_term_string"}],"inLanguage":"da-DK"}]}},"_links":{"self":[{"href":"https:\/\/woodinout.net\/da\/wp-json\/wp\/v2\/product\/20861"}],"collection":[{"href":"https:\/\/woodinout.net\/da\/wp-json\/wp\/v2\/product"}],"about":[{"href":"https:\/\/woodinout.net\/da\/wp-json\/wp\/v2\/types\/product"}],"wp:featuredmedia":[{"embeddable":true,"href":"https:\/\/woodinout.net\/da\/wp-json\/wp\/v2\/media\/17125"}],"wp:attachment":[{"href":"https:\/\/woodinout.net\/da\/wp-json\/wp\/v2\/media?parent=20861"}],"wp:term":[{"taxonomy":"product_cat","embeddable":true,"href":"https:\/\/woodinout.net\/da\/wp-json\/wp\/v2\/product_cat?post=20861"},{"taxonomy":"product_tag","embeddable":true,"href":"https:\/\/woodinout.net\/da\/wp-json\/wp\/v2\/product_tag?post=20861"}],"curies":[{"name":"wp","href":"https:\/\/api.w.org\/{rel}","templated":true}]}}