{"id":20855,"date":"2020-06-20T22:42:00","date_gmt":"2020-06-20T19:42:00","guid":{"rendered":"https:\/\/woodinout.net\/product\/traeopsporingsnumre-1-til-10-bord\/"},"modified":"2020-06-20T22:42:00","modified_gmt":"2020-06-20T19:42:00","slug":"trae-tracing-board-med-numre-og-optaelling","status":"publish","type":"product","link":"https:\/\/woodinout.net\/da\/product\/trae-tracing-board-med-numre-og-optaelling\/","title":{"rendered":"Tr\u00e6opsporingsnumre 1 til 10 bord"},"content":{"rendered":"<p>Tr\u00e6opsporing nummer 1 til 10 bord med tal og opt\u00e6lling. Vores uddannelsesinstitutioner er sjove m\u00e5de at l\u00e6re at skrive p\u00e5. Sporing tr\u00e6 numre er nemt og sjovt m\u00e5de at l\u00e6re at skrive dem. Inspireret af Montessori matematik materialer denne sporing skabelon er ogs\u00e5 perfekt til rejser &#8211; IKKE MERE klynker i bilen &#8211; l\u00e6ring p\u00e5 farten er interessant. \u00d8nsker at g\u00f8re for\u00e6ldre glade, uddannelsesm\u00e6ssige gaver til b\u00f8rn er, hvad de virkelig s\u00e6tter pris p\u00e5. G\u00f8r det personlig gave! &#8211; vi vil gravere din efters\u00f8gte besked p\u00e5 bagsiden. Waldorf leget\u00f8j er svaret p\u00e5 nyttige og v\u00e6rdifulde sm\u00e5b\u00f8rn gaver. Find mere f\u00f8rskoleleget\u00f8j lavet af tr\u00e6 i vores butik: etsy.com\/shop\/woodinout<\/p>\n<p>S\u00e6ttet indeholder:<br \/>\nNummersporingstavle<br \/>\nTr\u00e6pen<\/p>\n<p>Vil forbedre motoriske f\u00e6rdigheder<\/p>\n<p>DIMENSIONER<br \/>\nH\u00f8jde: ~6 tommer<br \/>\nL\u00e6ngde: ~10 tommer<br \/>\nBoard tykkelse: ~ 0,6 inches<\/p>\n<p>FARVER OG MATERIALE<br \/>\nBaggrund: m\u00f8rkebrun eller naturlig olieret.<br \/>\nLeget\u00f8j er lavet af naturligt massivt tr\u00e6 og milj\u00f8venlig maling \/ olier.<br \/>\nBem\u00e6rk, at farverne kan variere p\u00e5 grund af indstillinger for computersk\u00e6rm og lettelse.<\/p>\n","protected":false},"excerpt":{"rendered":"<p>Tr\u00e6opsporing nummer 1 til 10 bord med tal og opt\u00e6lling. Vores uddannelsesinstitutioner er sjove m\u00e5de at l\u00e6re at skrive p\u00e5. Sporing tr\u00e6 numre er nemt og sjovt m\u00e5de at l\u00e6re at skrive dem. Inspireret af Montessori matematik materialer denne sporing skabelon er ogs\u00e5 perfekt til rejser &#8211; IKKE MERE klynker i bilen &#8211; l\u00e6ring p\u00e5 [&hellip;]<\/p>\n","protected":false},"featured_media":16965,"template":"","meta":{"_monsterinsights_skip_tracking":false,"_monsterinsights_sitenote_active":false,"_monsterinsights_sitenote_note":"","_monsterinsights_sitenote_category":0},"product_cat":[1577,1431,1647],"product_tag":[1488,1483,1439,1479,1472,1452,1460,1670,1664,1581],"yoast_head":"<!-- This site is optimized with the Yoast SEO plugin v22.1 - https:\/\/yoast.com\/wordpress\/plugins\/seo\/ -->\n<title>Tr\u00e6opsporingsnumre 1 til 10 bord - Woodinout \u00a9<\/title>\n<meta name=\"description\" content=\"Sporingsnumrene 1 til 10 er nu let - sjov - stilfuld. Genanvendeligt tr\u00e6br\u00e6t med sporbare numre - H\u00e5ndlavet og milj\u00f8venlig.\" \/>\n<meta name=\"robots\" content=\"index, follow, max-snippet:-1, max-image-preview:large, max-video-preview:-1\" \/>\n<link rel=\"canonical\" href=\"https:\/\/woodinout.net\/da\/product\/trae-tracing-board-med-numre-og-optaelling\/\" \/>\n<meta property=\"og:locale\" content=\"da_DK\" \/>\n<meta property=\"og:type\" content=\"article\" \/>\n<meta property=\"og:title\" content=\"Tr\u00e6opsporingsnumre 1 til 10 bord - Woodinout \u00a9\" \/>\n<meta property=\"og:description\" content=\"Sporingsnumrene 1 til 10 er nu let - sjov - stilfuld. Genanvendeligt tr\u00e6br\u00e6t med sporbare numre - H\u00e5ndlavet og milj\u00f8venlig.\" \/>\n<meta property=\"og:url\" content=\"https:\/\/woodinout.net\/da\/product\/trae-tracing-board-med-numre-og-optaelling\/\" \/>\n<meta property=\"og:site_name\" content=\"Woodinout \u00a9\" \/>\n<meta property=\"og:image\" content=\"https:\/\/woodinout.net\/wp-content\/uploads\/2020\/06\/Wooden-Tracing-board-with-numbers-and-counting-2.jpg\" \/>\n\t<meta property=\"og:image:width\" content=\"853\" \/>\n\t<meta property=\"og:image:height\" content=\"1280\" \/>\n\t<meta property=\"og:image:type\" content=\"image\/jpeg\" \/>\n<meta name=\"twitter:card\" content=\"summary_large_image\" \/>\n<meta name=\"twitter:label1\" content=\"Estimeret l\u00e6setid\" \/>\n\t<meta name=\"twitter:data1\" content=\"1 minut\" \/>\n<script type=\"application\/ld+json\" class=\"yoast-schema-graph\">{\"@context\":\"https:\/\/schema.org\",\"@graph\":[{\"@type\":\"WebPage\",\"@id\":\"https:\/\/woodinout.net\/da\/product\/trae-tracing-board-med-numre-og-optaelling\/\",\"url\":\"https:\/\/woodinout.net\/da\/product\/trae-tracing-board-med-numre-og-optaelling\/\",\"name\":\"Tr\u00e6opsporingsnumre 1 til 10 bord - Woodinout \u00a9\",\"isPartOf\":{\"@id\":\"https:\/\/woodinout.net\/da\/#website\"},\"datePublished\":\"2020-06-20T19:42:00+00:00\",\"dateModified\":\"2020-06-20T19:42:00+00:00\",\"description\":\"Sporingsnumrene 1 til 10 er nu let - sjov - stilfuld. Genanvendeligt tr\u00e6br\u00e6t med sporbare numre - H\u00e5ndlavet og milj\u00f8venlig.\",\"breadcrumb\":{\"@id\":\"https:\/\/woodinout.net\/da\/product\/trae-tracing-board-med-numre-og-optaelling\/#breadcrumb\"},\"inLanguage\":\"da-DK\",\"potentialAction\":[{\"@type\":\"ReadAction\",\"target\":[\"https:\/\/woodinout.net\/da\/product\/trae-tracing-board-med-numre-og-optaelling\/\"]}]},{\"@type\":\"BreadcrumbList\",\"@id\":\"https:\/\/woodinout.net\/da\/product\/trae-tracing-board-med-numre-og-optaelling\/#breadcrumb\",\"itemListElement\":[{\"@type\":\"ListItem\",\"position\":1,\"name\":\"Home\",\"item\":\"https:\/\/woodinout.net\/da\/\"},{\"@type\":\"ListItem\",\"position\":2,\"name\":\"Shop\",\"item\":\"https:\/\/woodinout.net\/shop\/\"},{\"@type\":\"ListItem\",\"position\":3,\"name\":\"Tr\u00e6opsporingsnumre 1 til 10 bord\"}]},{\"@type\":\"WebSite\",\"@id\":\"https:\/\/woodinout.net\/da\/#website\",\"url\":\"https:\/\/woodinout.net\/da\/\",\"name\":\"Woodinout \u00a9\",\"description\":\"Wooden Montessori toys, gifts, home and events decor details\",\"potentialAction\":[{\"@type\":\"SearchAction\",\"target\":{\"@type\":\"EntryPoint\",\"urlTemplate\":\"https:\/\/woodinout.net\/da\/?s={search_term_string}\"},\"query-input\":\"required name=search_term_string\"}],\"inLanguage\":\"da-DK\"}]}<\/script>\n<!-- \/ Yoast SEO plugin. -->","yoast_head_json":{"title":"Tr\u00e6opsporingsnumre 1 til 10 bord - Woodinout \u00a9","description":"Sporingsnumrene 1 til 10 er nu let - sjov - stilfuld. Genanvendeligt tr\u00e6br\u00e6t med sporbare numre - H\u00e5ndlavet og milj\u00f8venlig.","robots":{"index":"index","follow":"follow","max-snippet":"max-snippet:-1","max-image-preview":"max-image-preview:large","max-video-preview":"max-video-preview:-1"},"canonical":"https:\/\/woodinout.net\/da\/product\/trae-tracing-board-med-numre-og-optaelling\/","og_locale":"da_DK","og_type":"article","og_title":"Tr\u00e6opsporingsnumre 1 til 10 bord - Woodinout \u00a9","og_description":"Sporingsnumrene 1 til 10 er nu let - sjov - stilfuld. Genanvendeligt tr\u00e6br\u00e6t med sporbare numre - H\u00e5ndlavet og milj\u00f8venlig.","og_url":"https:\/\/woodinout.net\/da\/product\/trae-tracing-board-med-numre-og-optaelling\/","og_site_name":"Woodinout \u00a9","og_image":[{"width":853,"height":1280,"url":"https:\/\/woodinout.net\/wp-content\/uploads\/2020\/06\/Wooden-Tracing-board-with-numbers-and-counting-2.jpg","type":"image\/jpeg"}],"twitter_card":"summary_large_image","twitter_misc":{"Estimeret l\u00e6setid":"1 minut"},"schema":{"@context":"https:\/\/schema.org","@graph":[{"@type":"WebPage","@id":"https:\/\/woodinout.net\/da\/product\/trae-tracing-board-med-numre-og-optaelling\/","url":"https:\/\/woodinout.net\/da\/product\/trae-tracing-board-med-numre-og-optaelling\/","name":"Tr\u00e6opsporingsnumre 1 til 10 bord - Woodinout \u00a9","isPartOf":{"@id":"https:\/\/woodinout.net\/da\/#website"},"datePublished":"2020-06-20T19:42:00+00:00","dateModified":"2020-06-20T19:42:00+00:00","description":"Sporingsnumrene 1 til 10 er nu let - sjov - stilfuld. Genanvendeligt tr\u00e6br\u00e6t med sporbare numre - H\u00e5ndlavet og milj\u00f8venlig.","breadcrumb":{"@id":"https:\/\/woodinout.net\/da\/product\/trae-tracing-board-med-numre-og-optaelling\/#breadcrumb"},"inLanguage":"da-DK","potentialAction":[{"@type":"ReadAction","target":["https:\/\/woodinout.net\/da\/product\/trae-tracing-board-med-numre-og-optaelling\/"]}]},{"@type":"BreadcrumbList","@id":"https:\/\/woodinout.net\/da\/product\/trae-tracing-board-med-numre-og-optaelling\/#breadcrumb","itemListElement":[{"@type":"ListItem","position":1,"name":"Home","item":"https:\/\/woodinout.net\/da\/"},{"@type":"ListItem","position":2,"name":"Shop","item":"https:\/\/woodinout.net\/shop\/"},{"@type":"ListItem","position":3,"name":"Tr\u00e6opsporingsnumre 1 til 10 bord"}]},{"@type":"WebSite","@id":"https:\/\/woodinout.net\/da\/#website","url":"https:\/\/woodinout.net\/da\/","name":"Woodinout \u00a9","description":"Wooden Montessori toys, gifts, home and events decor details","potentialAction":[{"@type":"SearchAction","target":{"@type":"EntryPoint","urlTemplate":"https:\/\/woodinout.net\/da\/?s={search_term_string}"},"query-input":"required name=search_term_string"}],"inLanguage":"da-DK"}]}},"_links":{"self":[{"href":"https:\/\/woodinout.net\/da\/wp-json\/wp\/v2\/product\/20855"}],"collection":[{"href":"https:\/\/woodinout.net\/da\/wp-json\/wp\/v2\/product"}],"about":[{"href":"https:\/\/woodinout.net\/da\/wp-json\/wp\/v2\/types\/product"}],"wp:featuredmedia":[{"embeddable":true,"href":"https:\/\/woodinout.net\/da\/wp-json\/wp\/v2\/media\/16965"}],"wp:attachment":[{"href":"https:\/\/woodinout.net\/da\/wp-json\/wp\/v2\/media?parent=20855"}],"wp:term":[{"taxonomy":"product_cat","embeddable":true,"href":"https:\/\/woodinout.net\/da\/wp-json\/wp\/v2\/product_cat?post=20855"},{"taxonomy":"product_tag","embeddable":true,"href":"https:\/\/woodinout.net\/da\/wp-json\/wp\/v2\/product_tag?post=20855"}],"curies":[{"name":"wp","href":"https:\/\/api.w.org\/{rel}","templated":true}]}}