{"id":20820,"date":"2020-06-20T23:04:00","date_gmt":"2020-06-20T20:04:00","guid":{"rendered":"https:\/\/woodinout.net\/product\/trae-dj-sporing-figurer-bord\/"},"modified":"2022-04-06T08:57:35","modified_gmt":"2022-04-06T05:57:35","slug":"traeopsporingsbraet","status":"publish","type":"product","link":"https:\/\/woodinout.net\/da\/product\/traeopsporingsbraet\/","title":{"rendered":"Tr\u00e6 DJ sporing figurer bord"},"content":{"rendered":"<p>Tr\u00e6 sporing bord. HVORFOR skal du v\u00e6lge dette?!<br \/>\n1. Vil forbedre \u00f8jet h\u00e5nd koordinering, udvikle finmotorik.<br \/>\n2. Sensorisk spil er en beroligende aktivitet.<br \/>\n3. Det er h\u00e5ndlavet og kunne v\u00e6re en personlig gave, vi vil gravere dit budskab p\u00e5 bagsiden.<br \/>\n4. Montessori og Waldorf inspireret l\u00e6ring leget\u00f8j er velkendte og v\u00e6rdsat over hele verden.<br \/>\n5. Tr\u00e6 m\u00f8nstre sporing skabelon g\u00f8r homeschool LET. Uddan dit barn, mens du spiller.<br \/>\n6. P\u00e6dagogisk leget\u00f8j er uden tvivl mest v\u00e6rdsatte b\u00f8rn gaver, hvis du \u00f8nsker at g\u00f8re deres for\u00e6ldre glade ogs\u00e5.<\/p>\n<p>Find mere sporingsleget\u00f8j <a href=\"https:\/\/woodinout.net\/product-tag\/wooden-tracing-boards\/\">HER.<\/a><\/p>\n<p>S\u00e6ttet indeholder:<br \/>\nOrnamenter sporing bord<br \/>\nTr\u00e6pen<\/p>\n<p>DIMENSIONER<br \/>\nH\u00f8jde: ~7,5 tommer<br \/>\nL\u00e6ngde: ~10 tommer<br \/>\nBoard tykkelse: ~ 0,6 inches<\/p>\n<p>FARVER OG MATERIALE<br \/>\nBaggrund: m\u00f8rkebrun eller naturlig olieret.<br \/>\nLeget\u00f8j er lavet af naturligt massivt tr\u00e6 og milj\u00f8venlig maling \/ olier.<br \/>\nBem\u00e6rk, at farverne kan variere p\u00e5 grund af indstillinger for computersk\u00e6rm og lettelse.<\/p>\n<p>For flere ideer, f\u00f8lg os p\u00e5 <a href=\"https:\/\/www.instagram.com\/woodinout\/\">INSTAGRAM<\/a> &amp; <a href=\"https:\/\/www.facebook.com\/Woodinout.net\">FACEBOOK<\/a><\/p>\n","protected":false},"excerpt":{"rendered":"<p>Tr\u00e6 sporing bord. HVORFOR skal du v\u00e6lge dette?! 1. Vil forbedre \u00f8jet h\u00e5nd koordinering, udvikle finmotorik. 2. Sensorisk spil er en beroligende aktivitet. 3. Det er h\u00e5ndlavet og kunne v\u00e6re en personlig gave, vi vil gravere dit budskab p\u00e5 bagsiden. 4. Montessori og Waldorf inspireret l\u00e6ring leget\u00f8j er velkendte og v\u00e6rdsat over hele verden. 5. [&hellip;]<\/p>\n","protected":false},"featured_media":17165,"template":"","meta":{"_monsterinsights_skip_tracking":false,"_monsterinsights_sitenote_active":false,"_monsterinsights_sitenote_note":"","_monsterinsights_sitenote_category":0},"product_cat":[1448,1463,1577,1431],"product_tag":[1488,1483,1590,1537,1439,1535,1479,1472,1452,1460,1585,1581],"yoast_head":"<!-- This site is optimized with the Yoast SEO plugin v22.1 - https:\/\/yoast.com\/wordpress\/plugins\/seo\/ -->\n<title>Tr\u00e6 DJ sporing figurer bord - Woodinout \u00a9 L\u00e6ring leget\u00f8j til sm\u00e5b\u00f8rn<\/title>\n<meta name=\"description\" content=\"Genanvendelige tr\u00e6 sporingsformer bord. L\u00e6r at skrive p\u00e5 en mere milj\u00f8venlig og stilfuld m\u00e5de! H\u00e5ndlavet og sikker for b\u00f8rn.\" \/>\n<meta name=\"robots\" content=\"index, follow, max-snippet:-1, max-image-preview:large, max-video-preview:-1\" \/>\n<link rel=\"canonical\" href=\"https:\/\/woodinout.net\/da\/product\/traeopsporingsbraet\/\" \/>\n<meta property=\"og:locale\" content=\"da_DK\" \/>\n<meta property=\"og:type\" content=\"article\" \/>\n<meta property=\"og:title\" content=\"Tr\u00e6 DJ sporing figurer bord - Woodinout \u00a9 L\u00e6ring leget\u00f8j til sm\u00e5b\u00f8rn\" \/>\n<meta property=\"og:description\" content=\"Genanvendelige tr\u00e6 sporingsformer bord. L\u00e6r at skrive p\u00e5 en mere milj\u00f8venlig og stilfuld m\u00e5de! H\u00e5ndlavet og sikker for b\u00f8rn.\" \/>\n<meta property=\"og:url\" content=\"https:\/\/woodinout.net\/da\/product\/traeopsporingsbraet\/\" \/>\n<meta property=\"og:site_name\" content=\"Woodinout \u00a9\" \/>\n<meta property=\"article:modified_time\" content=\"2022-04-06T05:57:35+00:00\" \/>\n<meta property=\"og:image\" content=\"https:\/\/woodinout.net\/wp-content\/uploads\/2020\/06\/Wooden-tracing-board-2.jpg\" \/>\n\t<meta property=\"og:image:width\" content=\"853\" \/>\n\t<meta property=\"og:image:height\" content=\"1280\" \/>\n\t<meta property=\"og:image:type\" content=\"image\/jpeg\" \/>\n<meta name=\"twitter:card\" content=\"summary_large_image\" \/>\n<meta name=\"twitter:label1\" content=\"Estimeret l\u00e6setid\" \/>\n\t<meta name=\"twitter:data1\" content=\"1 minut\" \/>\n<script type=\"application\/ld+json\" class=\"yoast-schema-graph\">{\"@context\":\"https:\/\/schema.org\",\"@graph\":[{\"@type\":\"WebPage\",\"@id\":\"https:\/\/woodinout.net\/da\/product\/traeopsporingsbraet\/\",\"url\":\"https:\/\/woodinout.net\/da\/product\/traeopsporingsbraet\/\",\"name\":\"Tr\u00e6 DJ sporing figurer bord - Woodinout \u00a9 L\u00e6ring leget\u00f8j til sm\u00e5b\u00f8rn\",\"isPartOf\":{\"@id\":\"https:\/\/woodinout.net\/da\/#website\"},\"datePublished\":\"2020-06-20T20:04:00+00:00\",\"dateModified\":\"2022-04-06T05:57:35+00:00\",\"description\":\"Genanvendelige tr\u00e6 sporingsformer bord. L\u00e6r at skrive p\u00e5 en mere milj\u00f8venlig og stilfuld m\u00e5de! H\u00e5ndlavet og sikker for b\u00f8rn.\",\"breadcrumb\":{\"@id\":\"https:\/\/woodinout.net\/da\/product\/traeopsporingsbraet\/#breadcrumb\"},\"inLanguage\":\"da-DK\",\"potentialAction\":[{\"@type\":\"ReadAction\",\"target\":[\"https:\/\/woodinout.net\/da\/product\/traeopsporingsbraet\/\"]}]},{\"@type\":\"BreadcrumbList\",\"@id\":\"https:\/\/woodinout.net\/da\/product\/traeopsporingsbraet\/#breadcrumb\",\"itemListElement\":[{\"@type\":\"ListItem\",\"position\":1,\"name\":\"Home\",\"item\":\"https:\/\/woodinout.net\/da\/\"},{\"@type\":\"ListItem\",\"position\":2,\"name\":\"Shop\",\"item\":\"https:\/\/woodinout.net\/shop\/\"},{\"@type\":\"ListItem\",\"position\":3,\"name\":\"Tr\u00e6 DJ sporing figurer bord\"}]},{\"@type\":\"WebSite\",\"@id\":\"https:\/\/woodinout.net\/da\/#website\",\"url\":\"https:\/\/woodinout.net\/da\/\",\"name\":\"Woodinout \u00a9\",\"description\":\"Wooden Montessori toys, gifts, home and events decor details\",\"potentialAction\":[{\"@type\":\"SearchAction\",\"target\":{\"@type\":\"EntryPoint\",\"urlTemplate\":\"https:\/\/woodinout.net\/da\/?s={search_term_string}\"},\"query-input\":\"required name=search_term_string\"}],\"inLanguage\":\"da-DK\"}]}<\/script>\n<!-- \/ Yoast SEO plugin. -->","yoast_head_json":{"title":"Tr\u00e6 DJ sporing figurer bord - Woodinout \u00a9 L\u00e6ring leget\u00f8j til sm\u00e5b\u00f8rn","description":"Genanvendelige tr\u00e6 sporingsformer bord. L\u00e6r at skrive p\u00e5 en mere milj\u00f8venlig og stilfuld m\u00e5de! H\u00e5ndlavet og sikker for b\u00f8rn.","robots":{"index":"index","follow":"follow","max-snippet":"max-snippet:-1","max-image-preview":"max-image-preview:large","max-video-preview":"max-video-preview:-1"},"canonical":"https:\/\/woodinout.net\/da\/product\/traeopsporingsbraet\/","og_locale":"da_DK","og_type":"article","og_title":"Tr\u00e6 DJ sporing figurer bord - Woodinout \u00a9 L\u00e6ring leget\u00f8j til sm\u00e5b\u00f8rn","og_description":"Genanvendelige tr\u00e6 sporingsformer bord. L\u00e6r at skrive p\u00e5 en mere milj\u00f8venlig og stilfuld m\u00e5de! H\u00e5ndlavet og sikker for b\u00f8rn.","og_url":"https:\/\/woodinout.net\/da\/product\/traeopsporingsbraet\/","og_site_name":"Woodinout \u00a9","article_modified_time":"2022-04-06T05:57:35+00:00","og_image":[{"width":853,"height":1280,"url":"https:\/\/woodinout.net\/wp-content\/uploads\/2020\/06\/Wooden-tracing-board-2.jpg","type":"image\/jpeg"}],"twitter_card":"summary_large_image","twitter_misc":{"Estimeret l\u00e6setid":"1 minut"},"schema":{"@context":"https:\/\/schema.org","@graph":[{"@type":"WebPage","@id":"https:\/\/woodinout.net\/da\/product\/traeopsporingsbraet\/","url":"https:\/\/woodinout.net\/da\/product\/traeopsporingsbraet\/","name":"Tr\u00e6 DJ sporing figurer bord - Woodinout \u00a9 L\u00e6ring leget\u00f8j til sm\u00e5b\u00f8rn","isPartOf":{"@id":"https:\/\/woodinout.net\/da\/#website"},"datePublished":"2020-06-20T20:04:00+00:00","dateModified":"2022-04-06T05:57:35+00:00","description":"Genanvendelige tr\u00e6 sporingsformer bord. L\u00e6r at skrive p\u00e5 en mere milj\u00f8venlig og stilfuld m\u00e5de! H\u00e5ndlavet og sikker for b\u00f8rn.","breadcrumb":{"@id":"https:\/\/woodinout.net\/da\/product\/traeopsporingsbraet\/#breadcrumb"},"inLanguage":"da-DK","potentialAction":[{"@type":"ReadAction","target":["https:\/\/woodinout.net\/da\/product\/traeopsporingsbraet\/"]}]},{"@type":"BreadcrumbList","@id":"https:\/\/woodinout.net\/da\/product\/traeopsporingsbraet\/#breadcrumb","itemListElement":[{"@type":"ListItem","position":1,"name":"Home","item":"https:\/\/woodinout.net\/da\/"},{"@type":"ListItem","position":2,"name":"Shop","item":"https:\/\/woodinout.net\/shop\/"},{"@type":"ListItem","position":3,"name":"Tr\u00e6 DJ sporing figurer bord"}]},{"@type":"WebSite","@id":"https:\/\/woodinout.net\/da\/#website","url":"https:\/\/woodinout.net\/da\/","name":"Woodinout \u00a9","description":"Wooden Montessori toys, gifts, home and events decor details","potentialAction":[{"@type":"SearchAction","target":{"@type":"EntryPoint","urlTemplate":"https:\/\/woodinout.net\/da\/?s={search_term_string}"},"query-input":"required name=search_term_string"}],"inLanguage":"da-DK"}]}},"_links":{"self":[{"href":"https:\/\/woodinout.net\/da\/wp-json\/wp\/v2\/product\/20820"}],"collection":[{"href":"https:\/\/woodinout.net\/da\/wp-json\/wp\/v2\/product"}],"about":[{"href":"https:\/\/woodinout.net\/da\/wp-json\/wp\/v2\/types\/product"}],"wp:featuredmedia":[{"embeddable":true,"href":"https:\/\/woodinout.net\/da\/wp-json\/wp\/v2\/media\/17165"}],"wp:attachment":[{"href":"https:\/\/woodinout.net\/da\/wp-json\/wp\/v2\/media?parent=20820"}],"wp:term":[{"taxonomy":"product_cat","embeddable":true,"href":"https:\/\/woodinout.net\/da\/wp-json\/wp\/v2\/product_cat?post=20820"},{"taxonomy":"product_tag","embeddable":true,"href":"https:\/\/woodinout.net\/da\/wp-json\/wp\/v2\/product_tag?post=20820"}],"curies":[{"name":"wp","href":"https:\/\/api.w.org\/{rel}","templated":true}]}}