{"id":20816,"date":"2020-06-20T22:45:52","date_gmt":"2020-06-20T19:45:52","guid":{"rendered":"https:\/\/woodinout.net\/product\/legetoej-til-trae-solsystem\/"},"modified":"2022-04-28T11:27:47","modified_gmt":"2022-04-28T08:27:47","slug":"trae-sol-system","status":"publish","type":"product","link":"https:\/\/woodinout.net\/da\/product\/trae-sol-system\/","title":{"rendered":"Leget\u00f8j til tr\u00e6 solsystem"},"content":{"rendered":"<p>Tr\u00e6 solsystem leget\u00f8j til b\u00f8rn er en v\u00e6rdifuld gave, godt v\u00e6rdsat af for\u00e6ldre og stilfuld! Montessori leget\u00f8j er velkendt over hele verden, denne tr\u00e6planeter model er en af dem.<br \/>\nSolsystem leget\u00f8j er bedste <a href=\"https:\/\/woodinout.net\/product-category\/wooden-toys\/science-nature-toys\/\">videnskab gaver<\/a> til universet elskere. Vi vil g\u00f8re dette tr\u00e6 solsystem en personlig gave med din \u00f8nskede tekst p\u00e5 bagsiden indgraveret. Tr\u00e6 planet model er s\u00e5dan flot, passer til enhver stil b\u00f8rn v\u00e6relse indretning. Tr\u00e6leget\u00f8j &#8211; L\u00e6ring leget\u00f8j &#8211; Montessori leget\u00f8j &#8211; det er hvad vi er bedst til Woodinout, f\u00e5 denne brugerdefinerede puslespil med solsystem og slutte sig til familien af glade kunder!<\/p>\n<p>S\u00e6ttet indeholder:<br \/>\nTr\u00e6 solsystem bord<br \/>\n11 former\/planeter<\/p>\n<p>Vil forbedre motoriske f\u00e6rdigheder<\/p>\n<p>DIMENSIONER<br \/>\nL\u00e6ngde: ~19,7 tommer<br \/>\nH\u00f8jde: ~4,3 tommer<br \/>\nTykkelse: ~0,6 tommer<\/p>\n<p>FARVER OG MATERIALE<br \/>\nFarve: naturlig olieret.<br \/>\nLeget\u00f8jet er lavet af naturligt massivt tr\u00e6 og krydsfiner.<br \/>\nBem\u00e6rk, at farverne kan variere p\u00e5 grund af indstillinger for computersk\u00e6rm og lettelse.<\/p>\n<p>For flere ideer, f\u00f8lg os p\u00e5 <a href=\"https:\/\/www.instagram.com\/woodinout\/\">INSTAGRAM<\/a> &amp; <a href=\"https:\/\/www.facebook.com\/Woodinout.net\">FACEBOOK<\/a><\/p>\n","protected":false},"excerpt":{"rendered":"<p>Tr\u00e6 solsystem leget\u00f8j til b\u00f8rn er en v\u00e6rdifuld gave, godt v\u00e6rdsat af for\u00e6ldre og stilfuld! Montessori leget\u00f8j er velkendt over hele verden, denne tr\u00e6planeter model er en af dem. Solsystem leget\u00f8j er bedste videnskab gaver til universet elskere. Vi vil g\u00f8re dette tr\u00e6 solsystem en personlig gave med din \u00f8nskede tekst p\u00e5 bagsiden indgraveret. Tr\u00e6 [&hellip;]<\/p>\n","protected":false},"featured_media":16989,"template":"","meta":{"_monsterinsights_skip_tracking":false,"_monsterinsights_sitenote_active":false,"_monsterinsights_sitenote_note":"","_monsterinsights_sitenote_category":0},"product_cat":[1431,1435],"product_tag":[1488,1483,1439,1545,1479,1472,1452,1460,1547,1546,1544,1517],"yoast_head":"<!-- This site is optimized with the Yoast SEO plugin v22.1 - https:\/\/yoast.com\/wordpress\/plugins\/seo\/ -->\n<title>Leget\u00f8j til tr\u00e6 solsystem - Woodinout \u00a9 Learning leget\u00f8j<\/title>\n<meta name=\"description\" content=\"L\u00e6r videnskab p\u00e5 stilfuld og naturlig m\u00e5de. Montessori inspireret Wood solsystem leget\u00f8j er den bedste uddannelsesm\u00e6ssige Kids gave. Tilpasning muligt!\" \/>\n<meta name=\"robots\" content=\"index, follow, max-snippet:-1, max-image-preview:large, max-video-preview:-1\" \/>\n<link rel=\"canonical\" href=\"https:\/\/woodinout.net\/da\/product\/trae-sol-system\/\" \/>\n<meta property=\"og:locale\" content=\"da_DK\" \/>\n<meta property=\"og:type\" content=\"article\" \/>\n<meta property=\"og:title\" content=\"Leget\u00f8j til tr\u00e6 solsystem - Woodinout \u00a9 Learning leget\u00f8j\" \/>\n<meta property=\"og:description\" content=\"L\u00e6r videnskab p\u00e5 stilfuld og naturlig m\u00e5de. Montessori inspireret Wood solsystem leget\u00f8j er den bedste uddannelsesm\u00e6ssige Kids gave. Tilpasning muligt!\" \/>\n<meta property=\"og:url\" content=\"https:\/\/woodinout.net\/da\/product\/trae-sol-system\/\" \/>\n<meta property=\"og:site_name\" content=\"Woodinout \u00a9\" \/>\n<meta property=\"article:modified_time\" content=\"2022-04-28T08:27:47+00:00\" \/>\n<meta property=\"og:image\" content=\"https:\/\/woodinout.net\/wp-content\/uploads\/2020\/06\/Wooden-solar-system-1.jpg\" \/>\n\t<meta property=\"og:image:width\" content=\"853\" \/>\n\t<meta property=\"og:image:height\" content=\"1280\" \/>\n\t<meta property=\"og:image:type\" content=\"image\/jpeg\" \/>\n<meta name=\"twitter:card\" content=\"summary_large_image\" \/>\n<meta name=\"twitter:label1\" content=\"Estimeret l\u00e6setid\" \/>\n\t<meta name=\"twitter:data1\" content=\"1 minut\" \/>\n<script type=\"application\/ld+json\" class=\"yoast-schema-graph\">{\"@context\":\"https:\/\/schema.org\",\"@graph\":[{\"@type\":\"WebPage\",\"@id\":\"https:\/\/woodinout.net\/da\/product\/trae-sol-system\/\",\"url\":\"https:\/\/woodinout.net\/da\/product\/trae-sol-system\/\",\"name\":\"Leget\u00f8j til tr\u00e6 solsystem - Woodinout \u00a9 Learning leget\u00f8j\",\"isPartOf\":{\"@id\":\"https:\/\/woodinout.net\/da\/#website\"},\"datePublished\":\"2020-06-20T19:45:52+00:00\",\"dateModified\":\"2022-04-28T08:27:47+00:00\",\"description\":\"L\u00e6r videnskab p\u00e5 stilfuld og naturlig m\u00e5de. Montessori inspireret Wood solsystem leget\u00f8j er den bedste uddannelsesm\u00e6ssige Kids gave. Tilpasning muligt!\",\"breadcrumb\":{\"@id\":\"https:\/\/woodinout.net\/da\/product\/trae-sol-system\/#breadcrumb\"},\"inLanguage\":\"da-DK\",\"potentialAction\":[{\"@type\":\"ReadAction\",\"target\":[\"https:\/\/woodinout.net\/da\/product\/trae-sol-system\/\"]}]},{\"@type\":\"BreadcrumbList\",\"@id\":\"https:\/\/woodinout.net\/da\/product\/trae-sol-system\/#breadcrumb\",\"itemListElement\":[{\"@type\":\"ListItem\",\"position\":1,\"name\":\"Home\",\"item\":\"https:\/\/woodinout.net\/da\/\"},{\"@type\":\"ListItem\",\"position\":2,\"name\":\"Shop\",\"item\":\"https:\/\/woodinout.net\/shop\/\"},{\"@type\":\"ListItem\",\"position\":3,\"name\":\"Leget\u00f8j til tr\u00e6 solsystem\"}]},{\"@type\":\"WebSite\",\"@id\":\"https:\/\/woodinout.net\/da\/#website\",\"url\":\"https:\/\/woodinout.net\/da\/\",\"name\":\"Woodinout \u00a9\",\"description\":\"Wooden Montessori toys, gifts, home and events decor details\",\"potentialAction\":[{\"@type\":\"SearchAction\",\"target\":{\"@type\":\"EntryPoint\",\"urlTemplate\":\"https:\/\/woodinout.net\/da\/?s={search_term_string}\"},\"query-input\":\"required name=search_term_string\"}],\"inLanguage\":\"da-DK\"}]}<\/script>\n<!-- \/ Yoast SEO plugin. -->","yoast_head_json":{"title":"Leget\u00f8j til tr\u00e6 solsystem - Woodinout \u00a9 Learning leget\u00f8j","description":"L\u00e6r videnskab p\u00e5 stilfuld og naturlig m\u00e5de. Montessori inspireret Wood solsystem leget\u00f8j er den bedste uddannelsesm\u00e6ssige Kids gave. Tilpasning muligt!","robots":{"index":"index","follow":"follow","max-snippet":"max-snippet:-1","max-image-preview":"max-image-preview:large","max-video-preview":"max-video-preview:-1"},"canonical":"https:\/\/woodinout.net\/da\/product\/trae-sol-system\/","og_locale":"da_DK","og_type":"article","og_title":"Leget\u00f8j til tr\u00e6 solsystem - Woodinout \u00a9 Learning leget\u00f8j","og_description":"L\u00e6r videnskab p\u00e5 stilfuld og naturlig m\u00e5de. Montessori inspireret Wood solsystem leget\u00f8j er den bedste uddannelsesm\u00e6ssige Kids gave. Tilpasning muligt!","og_url":"https:\/\/woodinout.net\/da\/product\/trae-sol-system\/","og_site_name":"Woodinout \u00a9","article_modified_time":"2022-04-28T08:27:47+00:00","og_image":[{"width":853,"height":1280,"url":"https:\/\/woodinout.net\/wp-content\/uploads\/2020\/06\/Wooden-solar-system-1.jpg","type":"image\/jpeg"}],"twitter_card":"summary_large_image","twitter_misc":{"Estimeret l\u00e6setid":"1 minut"},"schema":{"@context":"https:\/\/schema.org","@graph":[{"@type":"WebPage","@id":"https:\/\/woodinout.net\/da\/product\/trae-sol-system\/","url":"https:\/\/woodinout.net\/da\/product\/trae-sol-system\/","name":"Leget\u00f8j til tr\u00e6 solsystem - Woodinout \u00a9 Learning leget\u00f8j","isPartOf":{"@id":"https:\/\/woodinout.net\/da\/#website"},"datePublished":"2020-06-20T19:45:52+00:00","dateModified":"2022-04-28T08:27:47+00:00","description":"L\u00e6r videnskab p\u00e5 stilfuld og naturlig m\u00e5de. Montessori inspireret Wood solsystem leget\u00f8j er den bedste uddannelsesm\u00e6ssige Kids gave. Tilpasning muligt!","breadcrumb":{"@id":"https:\/\/woodinout.net\/da\/product\/trae-sol-system\/#breadcrumb"},"inLanguage":"da-DK","potentialAction":[{"@type":"ReadAction","target":["https:\/\/woodinout.net\/da\/product\/trae-sol-system\/"]}]},{"@type":"BreadcrumbList","@id":"https:\/\/woodinout.net\/da\/product\/trae-sol-system\/#breadcrumb","itemListElement":[{"@type":"ListItem","position":1,"name":"Home","item":"https:\/\/woodinout.net\/da\/"},{"@type":"ListItem","position":2,"name":"Shop","item":"https:\/\/woodinout.net\/shop\/"},{"@type":"ListItem","position":3,"name":"Leget\u00f8j til tr\u00e6 solsystem"}]},{"@type":"WebSite","@id":"https:\/\/woodinout.net\/da\/#website","url":"https:\/\/woodinout.net\/da\/","name":"Woodinout \u00a9","description":"Wooden Montessori toys, gifts, home and events decor details","potentialAction":[{"@type":"SearchAction","target":{"@type":"EntryPoint","urlTemplate":"https:\/\/woodinout.net\/da\/?s={search_term_string}"},"query-input":"required name=search_term_string"}],"inLanguage":"da-DK"}]}},"_links":{"self":[{"href":"https:\/\/woodinout.net\/da\/wp-json\/wp\/v2\/product\/20816"}],"collection":[{"href":"https:\/\/woodinout.net\/da\/wp-json\/wp\/v2\/product"}],"about":[{"href":"https:\/\/woodinout.net\/da\/wp-json\/wp\/v2\/types\/product"}],"wp:featuredmedia":[{"embeddable":true,"href":"https:\/\/woodinout.net\/da\/wp-json\/wp\/v2\/media\/16989"}],"wp:attachment":[{"href":"https:\/\/woodinout.net\/da\/wp-json\/wp\/v2\/media?parent=20816"}],"wp:term":[{"taxonomy":"product_cat","embeddable":true,"href":"https:\/\/woodinout.net\/da\/wp-json\/wp\/v2\/product_cat?post=20816"},{"taxonomy":"product_tag","embeddable":true,"href":"https:\/\/woodinout.net\/da\/wp-json\/wp\/v2\/product_tag?post=20816"}],"curies":[{"name":"wp","href":"https:\/\/api.w.org\/{rel}","templated":true}]}}